{"id":1282,"date":"2025-03-27T15:33:00","date_gmt":"2025-03-27T15:33:00","guid":{"rendered":"https:\/\/vakbit.com\/?page_id=1282"},"modified":"2025-12-23T22:00:01","modified_gmt":"2025-12-23T22:00:01","slug":"politika-zasebnosti","status":"publish","type":"page","link":"https:\/\/vakbit.com\/cs\/politika-zasebnosti\/","title":{"rendered":"Politika soukromosti"},"content":{"rendered":"<div data-elementor-type=\"wp-page\" data-elementor-id=\"1282\" class=\"elementor elementor-1282\" data-elementor-post-type=\"page\">\n\t\t\t\t\t\t<section class=\"elementor-section elementor-top-section elementor-element elementor-element-23cd4f0 elementor-section-boxed elementor-section-height-default elementor-section-height-default\" data-id=\"23cd4f0\" data-element_type=\"section\" id=\"about\" data-settings=\"{&quot;background_background&quot;:&quot;gradient&quot;}\">\n\t\t\t\t\t\t<div class=\"elementor-container elementor-column-gap-default\">\n\t\t\t\t\t<div class=\"elementor-column elementor-col-100 elementor-top-column elementor-element elementor-element-9f48ae0\" data-id=\"9f48ae0\" data-element_type=\"column\">\n\t\t\t<div class=\"elementor-widget-wrap elementor-element-populated\">\n\t\t\t\t\t\t<div class=\"elementor-element elementor-element-6d7bb30 elementor-widget elementor-widget-heading\" data-id=\"6d7bb30\" data-element_type=\"widget\" data-widget_type=\"heading.default\">\n\t\t\t\t<div class=\"elementor-widget-container\">\n\t\t\t\t\t<h2 class=\"elementor-heading-title elementor-size-default\">Z\u00e1sady ochrany osobn\u00edch \u00fadaj\u016f<\/h2>\t\t\t\t<\/div>\n\t\t\t\t<\/div>\n\t\t\t\t<div class=\"elementor-element elementor-element-0c8563b elementor-widget elementor-widget-text-editor\" data-id=\"0c8563b\" data-element_type=\"widget\" data-widget_type=\"text-editor.default\">\n\t\t\t\t<div class=\"elementor-widget-container\">\n\t\t\t\t\t\t\t\t\t<p>CO POT\u0158EBUJEME<br \/>Na\u0161e z\u00e1sady ochrany osobn\u00edch \u00fadaj\u016f upravuj\u00ed pou\u017e\u00edv\u00e1n\u00ed a ukl\u00e1d\u00e1n\u00ed \u00fadaj\u016f. Na\u0161e z\u00e1sady ochrany osobn\u00edch \u00fadaj\u016f si m\u016f\u017eete prohl\u00e9dnout na str\u00e1nce Ozn\u00e1men\u00ed o ochran\u011b osobn\u00edch \u00fadaj\u016f (viz p\u0159\u00edloha n\u00ed\u017ee). Spole\u010dnost je spr\u00e1vcem osobn\u00edch \u00fadaj\u016f, kter\u00e9 zpracov\u00e1v\u00e1 (subjekt \u00fadaj\u016f: vy, kupuj\u00edc\u00ed, n\u00e1v\u0161t\u011bvn\u00edk atd.). Shroma\u017e\u010fujeme n\u00e1sleduj\u00edc\u00ed typy osobn\u00edch \u00fadaj\u016f:<\/p><p>E-mailov\u00e1 adresa;<br \/>Jm\u00e9no a p\u0159\u00edjmen\u00ed, adresa, e-mailov\u00e1 adresa a telefonn\u00ed \u010d\u00edslo;<br \/>\u00dadaje o zp\u016fsobu platby, nap\u0159\u00edklad \u00fadaje o kreditn\u00ed nebo debetn\u00ed kart\u011b, slu\u017eb\u011b PayPal a dal\u0161\u00edch platebn\u00edch metod\u00e1ch;<br \/>Kopie osobn\u00edch doklad\u016f potvrzuj\u00edc\u00ed spr\u00e1vnost osobn\u00edch \u00fadaj\u016f;<br \/>Soubory cookie;<br \/>Sledov\u00e1n\u00ed n\u00e1v\u0161t\u011bv Google Analytics, Yandex a Cloudflare;<br \/>Odkazy na osobn\u00ed profily ve skupin\u00e1ch soci\u00e1ln\u00edch m\u00e9di\u00ed.<br \/>Ka\u017ed\u00fd typ osobn\u00edch \u00fadaj\u016f shroma\u017e\u010fujeme podle pot\u0159eby a se samostatn\u00fdm souhlasem.<\/p><p>PRO\u010c TO POT\u0158EBUJEME<br \/>Va\u0161e osobn\u00ed \u00fadaje pot\u0159ebujeme pro n\u00e1sleduj\u00edc\u00ed slu\u017eby:<\/p><p>E-mailov\u00e1 adresa pro odpov\u011bdi na e-maily nebo zpr\u00e1vy zaslan\u00e9 prost\u0159ednictv\u00edm kontaktn\u00edch formul\u00e1\u0159\u016f;<br \/>E-mailov\u00e1 adresa pro zas\u00edl\u00e1n\u00ed nab\u00eddek a elektronick\u00fdch zpravodaj\u016f;<br \/>Jm\u00e9no a p\u0159\u00edjmen\u00ed, adresa, e-mailov\u00e1 adresa a telefonn\u00ed \u010d\u00edslo pro p\u0159ij\u00edm\u00e1n\u00ed rezervac\u00ed, dotaz\u016f a zas\u00edl\u00e1n\u00ed nab\u00eddek nebo v souvislosti s pln\u011bn\u00edm va\u0161ich dal\u0161\u00edch po\u017eadavk\u016f;<br \/>Jm\u00e9no a p\u0159\u00edjmen\u00ed, adresa, e-mailov\u00e1 adresa a telefonn\u00ed \u010d\u00edslo pro n\u00e1kup d\u00e1rkov\u00fdch karet, poukaz\u016f nebo slu\u017eeb a p\u0159edm\u011bt\u016f souvisej\u00edc\u00edch s na\u0161\u00ed nab\u00eddkou;<br \/>\u00dadaje o zp\u016fsobu platby a kopie osobn\u00edch doklad\u016f pro v\u00fdkon slu\u017eeb;<br \/>E-mailov\u00e1 adresa pro automatizovan\u00fd marketing (potvrzen\u00ed rezervace, pod\u011bkov\u00e1n\u00ed za registraci atd.);<br \/>Soubory cookie pro fungov\u00e1n\u00ed webov\u00fdch str\u00e1nek;<br \/>Komunikace prost\u0159ednictv\u00edm soci\u00e1ln\u00edch skupin s osobn\u00edmi profily, kter\u00e9 potvrzuj\u00ed spojen\u00ed s n\u00e1mi;<br \/>Jm\u00e9no a p\u0159\u00edjmen\u00ed, adresa, e-mailov\u00e1 adresa a telefonn\u00ed \u010d\u00edslo pro p\u0159\u00edle\u017eitostn\u00e9 hry o ceny nebo jin\u00e9 propaga\u010dn\u00ed kampan\u011b s va\u0161\u00edm p\u0159edchoz\u00edm souhlasem;<br \/>Agregovan\u00e1 data z Google Analytics nebo Yandex Direct a Cloudflare pro sledov\u00e1n\u00ed n\u00e1v\u0161t\u011bv a intern\u00ed anal\u00fdzu, kter\u00e1 pou\u017eijeme ke zlep\u0161en\u00ed obsahu.<br \/>CO D\u011aL\u00c1ME S OSOBN\u00cdMI \u00daDAJI<br \/>Hostov\u00e1n\u00ed a ukl\u00e1d\u00e1n\u00ed dat zaji\u0161\u0165uje spole\u010dnost https:\/\/easytask.si\/ se s\u00eddlem v Evropsk\u00e9 unii (N\u011bmecko).<\/p><p>\u017d\u00e1dn\u00e1 t\u0159et\u00ed strana nem\u00e1 p\u0159\u00edstup k va\u0161im \u00fadaj\u016fm, pokud to nevy\u017eaduje z\u00e1kon.<\/p><p>JAK DLOUHO JI SKLADUJEME<br \/>Na na\u0161ich webov\u00fdch str\u00e1nk\u00e1ch pou\u017e\u00edv\u00e1me trval\u00e9 soubory cookie pro odkazy na soci\u00e1ln\u00ed slu\u017eby a dal\u0161\u00ed poskytovatele \"sd\u00edlen\u00ed\", jako\u017e i soubory cookie, kter\u00e9 v\u00e1m pom\u00e1haj\u00ed opakovan\u011b p\u0159istupovat k obl\u00edben\u00e9mu obsahu na na\u0161ich webov\u00fdch str\u00e1nk\u00e1ch.<\/p><p>JAK\u00c1 JSOU VA\u0160E PR\u00c1VA<br \/>Pokud se domn\u00edv\u00e1te, \u017ee osobn\u00ed \u00fadaje, kter\u00e9 o v\u00e1s uchov\u00e1v\u00e1me, jsou nespr\u00e1vn\u00e9 nebo ne\u00fapln\u00e9, m\u00e1te mo\u017enost po\u017e\u00e1dat o jejich p\u0159ezkoum\u00e1n\u00ed, opravu nebo vymaz\u00e1n\u00ed. Kontaktujte n\u00e1s pros\u00edm prost\u0159ednictv\u00edm (Formul\u00e1\u0159 \u017e\u00e1dosti o p\u0159\u00edstup k \u00fadaj\u016fm). Pokud si chcete st\u011b\u017eovat na to, jak jsme zpracov\u00e1vali va\u0161e osobn\u00ed \u00fadaje, obra\u0165te se na pov\u011b\u0159ence pro ochranu osobn\u00edch \u00fadaj\u016f nebo kontaktn\u00ed osobu pro ochranu osobn\u00edch \u00fadaj\u016f (DPC) ve spole\u010dnosti.<\/p><p>Na\u0161e DPC pot\u00e9 va\u0161i st\u00ed\u017enost p\u0159ezkoum\u00e1 a informuje v\u00e1s o v\u00fdsledku. Pokud se st\u00e1le domn\u00edv\u00e1te, \u017ee va\u0161e osobn\u00ed \u00fadaje nebyly zpracov\u00e1ny v souladu se z\u00e1konem, m\u016f\u017eete se obr\u00e1tit na komisa\u0159e pro informace a podat u n\u011bj st\u00ed\u017enost. O p\u0159\u00edstup k z\u00e1sad\u00e1m a dokument\u016fm souvisej\u00edc\u00edm s ochranou osobn\u00edch \u00fadaj\u016f m\u016f\u017eete po\u017e\u00e1dat prost\u0159ednictv\u00edm speci\u00e1ln\u00edho formul\u00e1\u0159e, kter\u00fd je k dispozici na str\u00e1nce Ozn\u00e1men\u00ed o ochran\u011b osobn\u00edch \u00fadaj\u016f.<\/p><p>Souvisej\u00edc\u00ed dokumenty:<\/p><p>Z\u00e1sady ochrany osobn\u00edch \u00fadaj\u016f<br \/>Z\u00e1sady uchov\u00e1v\u00e1n\u00ed osobn\u00edch \u00fadaj\u016f (na vy\u017e\u00e1d\u00e1n\u00ed e-mailem nebo osobn\u011b)<br \/>Harmonogram uchov\u00e1v\u00e1n\u00ed osobn\u00edch \u00fadaj\u016f (na vy\u017e\u00e1d\u00e1n\u00ed e-mailem nebo osobn\u011b)<br \/>Ozn\u00e1men\u00ed o ochran\u011b osobn\u00edch \u00fadaj\u016f<br \/>Podm\u00ednky a pravidla<br \/>Formul\u00e1\u0159 souhlasu<br \/>Formul\u00e1\u0159 pro odvol\u00e1n\u00ed souhlasu<\/p><p><br \/>Verze dokumentu: 1.0<\/p>\t\t\t\t\t\t\t\t<\/div>\n\t\t\t\t<\/div>\n\t\t\t\t\t<\/div>\n\t\t<\/div>\n\t\t\t\t\t<\/div>\n\t\t<\/section>\n\t\t\t\t<\/div>","protected":false},"excerpt":{"rendered":"<p>Privacy Policy WHAT WE NEEDOur privacy policy governs the use and storage of data. You can view our privacy policy on the Privacy Notice page (see attachment below). The company is the controller of the personal data it processes (data subject: you, the buyer, visitor, etc.). We collect the following types of personal data: Email [&hellip;]<\/p>","protected":false},"author":1,"featured_media":0,"parent":0,"menu_order":0,"comment_status":"closed","ping_status":"closed","template":"","meta":{"_seopress_robots_primary_cat":"","_seopress_titles_title":"","_seopress_titles_desc":"","_seopress_robots_index":"","ocean_post_layout":"full-screen","ocean_both_sidebars_style":"","ocean_both_sidebars_content_width":0,"ocean_both_sidebars_sidebars_width":0,"ocean_sidebar":"0","ocean_second_sidebar":"0","ocean_disable_margins":"enable","ocean_add_body_class":"","ocean_shortcode_before_top_bar":"","ocean_shortcode_after_top_bar":"","ocean_shortcode_before_header":"","ocean_shortcode_after_header":"","ocean_has_shortcode":"","ocean_shortcode_after_title":"","ocean_shortcode_before_footer_widgets":"","ocean_shortcode_after_footer_widgets":"","ocean_shortcode_before_footer_bottom":"","ocean_shortcode_after_footer_bottom":"","ocean_display_top_bar":"default","ocean_display_header":"default","ocean_header_style":"transparent","ocean_center_header_left_menu":"0","ocean_custom_header_template":"0","ocean_custom_logo":0,"ocean_custom_retina_logo":0,"ocean_custom_logo_max_width":0,"ocean_custom_logo_tablet_max_width":0,"ocean_custom_logo_mobile_max_width":0,"ocean_custom_logo_max_height":0,"ocean_custom_logo_tablet_max_height":0,"ocean_custom_logo_mobile_max_height":0,"ocean_header_custom_menu":"0","ocean_menu_typo_font_family":"0","ocean_menu_typo_font_subset":"","ocean_menu_typo_font_size":0,"ocean_menu_typo_font_size_tablet":0,"ocean_menu_typo_font_size_mobile":0,"ocean_menu_typo_font_size_unit":"px","ocean_menu_typo_font_weight":"","ocean_menu_typo_font_weight_tablet":"","ocean_menu_typo_font_weight_mobile":"","ocean_menu_typo_transform":"","ocean_menu_typo_transform_tablet":"","ocean_menu_typo_transform_mobile":"","ocean_menu_typo_line_height":0,"ocean_menu_typo_line_height_tablet":0,"ocean_menu_typo_line_height_mobile":0,"ocean_menu_typo_line_height_unit":"","ocean_menu_typo_spacing":0,"ocean_menu_typo_spacing_tablet":0,"ocean_menu_typo_spacing_mobile":0,"ocean_menu_typo_spacing_unit":"","ocean_menu_link_color":"","ocean_menu_link_color_hover":"","ocean_menu_link_color_active":"","ocean_menu_link_background":"","ocean_menu_link_hover_background":"","ocean_menu_link_active_background":"","ocean_menu_social_links_bg":"","ocean_menu_social_hover_links_bg":"","ocean_menu_social_links_color":"","ocean_menu_social_hover_links_color":"","ocean_disable_title":"on","ocean_disable_heading":"default","ocean_post_title":"","ocean_post_subheading":"","ocean_post_title_style":"","ocean_post_title_background_color":"","ocean_post_title_background":0,"ocean_post_title_bg_image_position":"","ocean_post_title_bg_image_attachment":"","ocean_post_title_bg_image_repeat":"","ocean_post_title_bg_image_size":"","ocean_post_title_height":0,"ocean_post_title_bg_overlay":0.5,"ocean_post_title_bg_overlay_color":"","ocean_disable_breadcrumbs":"default","ocean_breadcrumbs_color":"","ocean_breadcrumbs_separator_color":"","ocean_breadcrumbs_links_color":"","ocean_breadcrumbs_links_hover_color":"","ocean_display_footer_widgets":"default","ocean_display_footer_bottom":"default","ocean_custom_footer_template":"0","footnotes":""},"class_list":["post-1282","page","type-page","status-publish","hentry","entry"],"_links":{"self":[{"href":"https:\/\/vakbit.com\/cs\/wp-json\/wp\/v2\/pages\/1282","targetHints":{"allow":["GET"]}}],"collection":[{"href":"https:\/\/vakbit.com\/cs\/wp-json\/wp\/v2\/pages"}],"about":[{"href":"https:\/\/vakbit.com\/cs\/wp-json\/wp\/v2\/types\/page"}],"author":[{"embeddable":true,"href":"https:\/\/vakbit.com\/cs\/wp-json\/wp\/v2\/users\/1"}],"replies":[{"embeddable":true,"href":"https:\/\/vakbit.com\/cs\/wp-json\/wp\/v2\/comments?post=1282"}],"version-history":[{"count":7,"href":"https:\/\/vakbit.com\/cs\/wp-json\/wp\/v2\/pages\/1282\/revisions"}],"predecessor-version":[{"id":1525,"href":"https:\/\/vakbit.com\/cs\/wp-json\/wp\/v2\/pages\/1282\/revisions\/1525"}],"wp:attachment":[{"href":"https:\/\/vakbit.com\/cs\/wp-json\/wp\/v2\/media?parent=1282"}],"curies":[{"name":"wp","href":"https:\/\/api.w.org\/{rel}","templated":true}]}}