{"id":1288,"date":"2025-03-27T15:54:47","date_gmt":"2025-03-27T15:54:47","guid":{"rendered":"https:\/\/vakbit.com\/?page_id=1288"},"modified":"2025-12-23T21:57:00","modified_gmt":"2025-12-23T21:57:00","slug":"kolofon","status":"publish","type":"page","link":"https:\/\/vakbit.com\/cs\/kolofon\/","title":{"rendered":"Kolofon"},"content":{"rendered":"<div data-elementor-type=\"wp-page\" data-elementor-id=\"1288\" class=\"elementor elementor-1288\" data-elementor-post-type=\"page\">\n\t\t\t\t\t\t<section class=\"elementor-section elementor-top-section elementor-element elementor-element-23cd4f0 elementor-section-boxed elementor-section-height-default elementor-section-height-default\" data-id=\"23cd4f0\" data-element_type=\"section\" id=\"about\" data-settings=\"{&quot;background_background&quot;:&quot;gradient&quot;}\">\n\t\t\t\t\t\t<div class=\"elementor-container elementor-column-gap-default\">\n\t\t\t\t\t<div class=\"elementor-column elementor-col-100 elementor-top-column elementor-element elementor-element-9f48ae0\" data-id=\"9f48ae0\" data-element_type=\"column\">\n\t\t\t<div class=\"elementor-widget-wrap elementor-element-populated\">\n\t\t\t\t\t\t<div class=\"elementor-element elementor-element-6d7bb30 elementor-widget elementor-widget-heading\" data-id=\"6d7bb30\" data-element_type=\"widget\" data-widget_type=\"heading.default\">\n\t\t\t\t<div class=\"elementor-widget-container\">\n\t\t\t\t\t<h2 class=\"elementor-heading-title elementor-size-default\">Impresum<\/h2>\t\t\t\t<\/div>\n\t\t\t\t<\/div>\n\t\t\t\t<div class=\"elementor-element elementor-element-0c8563b elementor-widget elementor-widget-text-editor\" data-id=\"0c8563b\" data-element_type=\"widget\" data-widget_type=\"text-editor.default\">\n\t\t\t\t<div class=\"elementor-widget-container\">\n\t\t\t\t\t\t\t\t\t<p>Tyto webov\u00e9 str\u00e1nky jsme p\u0159ipravili sami ve spolupr\u00e1ci s na\u0161\u00edm poskytovatelem webov\u00fdch slu\u017eeb.<\/p><p>\u00da\u010del webov\u00fdch str\u00e1nek<br \/>Informace na t\u011bchto webov\u00fdch str\u00e1nk\u00e1ch maj\u00ed propaga\u010dn\u00ed charakter a t\u00fdkaj\u00ed se hlavn\u00edch \u010dinnost\u00ed, pro kter\u00e9 jsme zaregistrov\u00e1ni. Zavazujeme se zajistit, aby informace na t\u011bchto webov\u00fdch str\u00e1nk\u00e1ch byly p\u0159esn\u00e9, spolehliv\u00e9 a kvalitn\u00ed.<br \/>Neneseme odpov\u011bdnost za tiskov\u00e9 chyby a vyhrazujeme si pr\u00e1vo kdykoli a bez p\u0159edchoz\u00edho upozorn\u011bn\u00ed zm\u011bnit obsah, pokud nebude v souladu s na\u0161imi firemn\u00edmi z\u00e1sadami.<\/p><p>Pr\u00e1vo na u\u017e\u00edv\u00e1n\u00ed<br \/>Webov\u00e9 str\u00e1nky a ve\u0161ker\u00fd jejich obsah jsou chr\u00e1n\u011bny pr\u00e1vy pr\u016fmyslov\u00e9ho a du\u0161evn\u00edho vlastnictv\u00ed. Ve\u0161ker\u00e9 informace, texty, obr\u00e1zky nebo jin\u00e9 grafick\u00e9 prvky, kter\u00e9 se nach\u00e1zej\u00ed na t\u011bchto webov\u00fdch str\u00e1nk\u00e1ch, lze pou\u017e\u00edvat v\u00fdhradn\u011b pro osobn\u00ed, nekomer\u010dn\u00ed pou\u017eit\u00ed a bez p\u0159edchoz\u00edho p\u00edsemn\u00e9ho souhlasu spr\u00e1vce je nelze reprodukovat, upravovat, distribuovat, licencovat ani zve\u0159ej\u0148ovat v jak\u00e9koli form\u011b pro jin\u00e9 \u00fa\u010dely ne\u017e prohl\u00ed\u017een\u00ed.<\/p><p>P\u0159evzet\u00ed odpov\u011bdnosti<br \/>P\u0159i tvorb\u011b webov\u00fdch str\u00e1nek se sna\u017e\u00edme zajistit, aby byly informace aktu\u00e1ln\u00ed a p\u0159esn\u00e9. Nezaru\u010dujeme jejich p\u0159esnost a \u00faplnost a nep\u0159eb\u00edr\u00e1me \u017e\u00e1dnou odpov\u011bdnost vypl\u00fdvaj\u00edc\u00ed z jejich pou\u017e\u00edv\u00e1n\u00ed. V\u0161ichni u\u017eivatel\u00e9 pou\u017e\u00edvaj\u00ed zve\u0159ejn\u011bn\u00fd obsah na vlastn\u00ed nebezpe\u010d\u00ed.<br \/>Vyhrazujeme si pr\u00e1vo kdykoli, jak\u00fdmkoli zp\u016fsobem a z jak\u00e9hokoli d\u016fvodu zm\u011bnit obsah na\u0161ich webov\u00fdch str\u00e1nek, a to bez p\u0159edchoz\u00edho upozorn\u011bn\u00ed.<\/p><p>Technologick\u00e9 proveden\u00ed<br \/>Technologickou realizaci zajistila program\u00e1torsk\u00e1 a design\u00e9rsk\u00e1 agentura ve spolupr\u00e1ci s na\u0161\u00ed spole\u010dnost\u00ed.<\/p>\t\t\t\t\t\t\t\t<\/div>\n\t\t\t\t<\/div>\n\t\t\t\t\t<\/div>\n\t\t<\/div>\n\t\t\t\t\t<\/div>\n\t\t<\/section>\n\t\t\t\t<\/div>","protected":false},"excerpt":{"rendered":"<p>Impresum We have prepared this website ourselves in collaboration with our web service provider. Purpose of the websiteThe information on this website is of a promotional nature and relates to the core activities for which we are registered. We undertake to ensure that the information on this website is accurate, reliable, and of high quality.We [&hellip;]<\/p>","protected":false},"author":1,"featured_media":0,"parent":0,"menu_order":0,"comment_status":"closed","ping_status":"closed","template":"","meta":{"_seopress_robots_primary_cat":"","_seopress_titles_title":"","_seopress_titles_desc":"","_seopress_robots_index":"","ocean_post_layout":"full-screen","ocean_both_sidebars_style":"","ocean_both_sidebars_content_width":0,"ocean_both_sidebars_sidebars_width":0,"ocean_sidebar":"0","ocean_second_sidebar":"0","ocean_disable_margins":"enable","ocean_add_body_class":"","ocean_shortcode_before_top_bar":"","ocean_shortcode_after_top_bar":"","ocean_shortcode_before_header":"","ocean_shortcode_after_header":"","ocean_has_shortcode":"","ocean_shortcode_after_title":"","ocean_shortcode_before_footer_widgets":"","ocean_shortcode_after_footer_widgets":"","ocean_shortcode_before_footer_bottom":"","ocean_shortcode_after_footer_bottom":"","ocean_display_top_bar":"default","ocean_display_header":"default","ocean_header_style":"transparent","ocean_center_header_left_menu":"0","ocean_custom_header_template":"0","ocean_custom_logo":0,"ocean_custom_retina_logo":0,"ocean_custom_logo_max_width":0,"ocean_custom_logo_tablet_max_width":0,"ocean_custom_logo_mobile_max_width":0,"ocean_custom_logo_max_height":0,"ocean_custom_logo_tablet_max_height":0,"ocean_custom_logo_mobile_max_height":0,"ocean_header_custom_menu":"0","ocean_menu_typo_font_family":"0","ocean_menu_typo_font_subset":"","ocean_menu_typo_font_size":0,"ocean_menu_typo_font_size_tablet":0,"ocean_menu_typo_font_size_mobile":0,"ocean_menu_typo_font_size_unit":"px","ocean_menu_typo_font_weight":"","ocean_menu_typo_font_weight_tablet":"","ocean_menu_typo_font_weight_mobile":"","ocean_menu_typo_transform":"","ocean_menu_typo_transform_tablet":"","ocean_menu_typo_transform_mobile":"","ocean_menu_typo_line_height":0,"ocean_menu_typo_line_height_tablet":0,"ocean_menu_typo_line_height_mobile":0,"ocean_menu_typo_line_height_unit":"","ocean_menu_typo_spacing":0,"ocean_menu_typo_spacing_tablet":0,"ocean_menu_typo_spacing_mobile":0,"ocean_menu_typo_spacing_unit":"","ocean_menu_link_color":"","ocean_menu_link_color_hover":"","ocean_menu_link_color_active":"","ocean_menu_link_background":"","ocean_menu_link_hover_background":"","ocean_menu_link_active_background":"","ocean_menu_social_links_bg":"","ocean_menu_social_hover_links_bg":"","ocean_menu_social_links_color":"","ocean_menu_social_hover_links_color":"","ocean_disable_title":"on","ocean_disable_heading":"default","ocean_post_title":"","ocean_post_subheading":"","ocean_post_title_style":"","ocean_post_title_background_color":"","ocean_post_title_background":0,"ocean_post_title_bg_image_position":"","ocean_post_title_bg_image_attachment":"","ocean_post_title_bg_image_repeat":"","ocean_post_title_bg_image_size":"","ocean_post_title_height":0,"ocean_post_title_bg_overlay":0.5,"ocean_post_title_bg_overlay_color":"","ocean_disable_breadcrumbs":"default","ocean_breadcrumbs_color":"","ocean_breadcrumbs_separator_color":"","ocean_breadcrumbs_links_color":"","ocean_breadcrumbs_links_hover_color":"","ocean_display_footer_widgets":"default","ocean_display_footer_bottom":"default","ocean_custom_footer_template":"0","footnotes":""},"class_list":["post-1288","page","type-page","status-publish","hentry","entry"],"_links":{"self":[{"href":"https:\/\/vakbit.com\/cs\/wp-json\/wp\/v2\/pages\/1288","targetHints":{"allow":["GET"]}}],"collection":[{"href":"https:\/\/vakbit.com\/cs\/wp-json\/wp\/v2\/pages"}],"about":[{"href":"https:\/\/vakbit.com\/cs\/wp-json\/wp\/v2\/types\/page"}],"author":[{"embeddable":true,"href":"https:\/\/vakbit.com\/cs\/wp-json\/wp\/v2\/users\/1"}],"replies":[{"embeddable":true,"href":"https:\/\/vakbit.com\/cs\/wp-json\/wp\/v2\/comments?post=1288"}],"version-history":[{"count":10,"href":"https:\/\/vakbit.com\/cs\/wp-json\/wp\/v2\/pages\/1288\/revisions"}],"predecessor-version":[{"id":1522,"href":"https:\/\/vakbit.com\/cs\/wp-json\/wp\/v2\/pages\/1288\/revisions\/1522"}],"wp:attachment":[{"href":"https:\/\/vakbit.com\/cs\/wp-json\/wp\/v2\/media?parent=1288"}],"curies":[{"name":"wp","href":"https:\/\/api.w.org\/{rel}","templated":true}]}}