{"id":1295,"date":"2025-03-27T16:02:25","date_gmt":"2025-03-27T16:02:25","guid":{"rendered":"https:\/\/vakbit.com\/?page_id=1295"},"modified":"2025-12-23T22:08:26","modified_gmt":"2025-12-23T22:08:26","slug":"splosni-pogoji","status":"publish","type":"page","link":"https:\/\/vakbit.com\/cs\/splosni-pogoji\/","title":{"rendered":"V\u0161eobecn\u00e9 podm\u00ednky"},"content":{"rendered":"<div data-elementor-type=\"wp-page\" data-elementor-id=\"1295\" class=\"elementor elementor-1295\" data-elementor-post-type=\"page\">\n\t\t\t\t\t\t<section class=\"elementor-section elementor-top-section elementor-element elementor-element-23cd4f0 elementor-section-boxed elementor-section-height-default elementor-section-height-default\" data-id=\"23cd4f0\" data-element_type=\"section\" id=\"about\" data-settings=\"{&quot;background_background&quot;:&quot;gradient&quot;}\">\n\t\t\t\t\t\t<div class=\"elementor-container elementor-column-gap-default\">\n\t\t\t\t\t<div class=\"elementor-column elementor-col-100 elementor-top-column elementor-element elementor-element-9f48ae0\" data-id=\"9f48ae0\" data-element_type=\"column\">\n\t\t\t<div class=\"elementor-widget-wrap elementor-element-populated\">\n\t\t\t\t\t\t<div class=\"elementor-element elementor-element-6d7bb30 elementor-widget elementor-widget-heading\" data-id=\"6d7bb30\" data-element_type=\"widget\" data-widget_type=\"heading.default\">\n\t\t\t\t<div class=\"elementor-widget-container\">\n\t\t\t\t\t<h2 class=\"elementor-heading-title elementor-size-default\">V\u0161eobecn\u00e9 podm\u00ednky<\/h2>\t\t\t\t<\/div>\n\t\t\t\t<\/div>\n\t\t\t\t<div class=\"elementor-element elementor-element-0c8563b elementor-widget elementor-widget-text-editor\" data-id=\"0c8563b\" data-element_type=\"widget\" data-widget_type=\"text-editor.default\">\n\t\t\t\t<div class=\"elementor-widget-container\">\n\t\t\t\t\t\t\t\t\t<p>Tyto podm\u00ednky popisuj\u00ed pravidla a p\u0159edpisy pro pou\u017e\u00edv\u00e1n\u00ed webov\u00fdch str\u00e1nek spole\u010dnosti Vakbit, kter\u00e9 se nach\u00e1zej\u00ed na adrese https:\/\/vakbit.com\/ a v\u0161ech jej\u00edch subdom\u00e9n\u00e1ch. Vstupem na tyto webov\u00e9 str\u00e1nky p\u0159edpokl\u00e1d\u00e1me, \u017ee tyto podm\u00ednky p\u0159ij\u00edm\u00e1te. Pokud nesouhlas\u00edte se v\u0161emi podm\u00ednkami uveden\u00fdmi na t\u00e9to str\u00e1nce, nepokra\u010dujte v pou\u017e\u00edv\u00e1n\u00ed str\u00e1nek https:\/\/vakbit.com\/.<\/p><p>N\u00e1sleduj\u00edc\u00ed terminologie se vztahuje na tyto smluvn\u00ed podm\u00ednky, prohl\u00e1\u0161en\u00ed o ochran\u011b osobn\u00edch \u00fadaj\u016f a ozn\u00e1men\u00ed o vylou\u010den\u00ed odpov\u011bdnosti a na v\u0161echny smlouvy: \"Vy\" a \"V\u00e1\u0161\" se vztahuj\u00ed na V\u00e1s, osobu, kter\u00e1 se p\u0159ihla\u0161uje na tyto webov\u00e9 str\u00e1nky a dodr\u017euje smluvn\u00ed podm\u00ednky spole\u010dnosti. \"Spole\u010dnost\", \"Na\u0161e\", \"My\", \"Na\u0161e\" a \"N\u00e1s\" odkazuj\u00ed na na\u0161i spole\u010dnost. \"Strana\", \"Strany\" nebo \"My\" odkazuj\u00ed na z\u00e1kazn\u00edka i na n\u00e1s. V\u0161echny pojmy odkazuj\u00ed na nab\u00eddku, p\u0159ijet\u00ed a \u00fahradu plateb nezbytn\u00fdch k uskute\u010dn\u011bn\u00ed procesu na\u0161\u00ed pomoci z\u00e1kazn\u00edkovi nejvhodn\u011bj\u0161\u00edm zp\u016fsobem, s v\u00fdslovn\u00fdm c\u00edlem uspokojit pot\u0159eby z\u00e1kazn\u00edka p\u0159i poskytov\u00e1n\u00ed uveden\u00fdch slu\u017eeb v souladu s platn\u00fdm slovinsk\u00fdm pr\u00e1vem a s jeho v\u00fdhradou. Jak\u00e9koli pou\u017eit\u00ed v\u00fd\u0161e uveden\u00e9 terminologie nebo jin\u00fdch slov v jednotn\u00e9m \u010d\u00edsle, mno\u017en\u00e9m \u010d\u00edsle, psan\u00ed velk\u00fdch p\u00edsmen a\/nebo on\/oni jsou pova\u017eov\u00e1ny za zam\u011bniteln\u00e9, a proto se vztahuj\u00ed k t\u00e9mu\u017e.<\/p><p>Soubory cookie<\/p><p>Webov\u00e9 str\u00e1nky pou\u017e\u00edvaj\u00ed soubory cookie. P\u0159\u00edstupem na str\u00e1nky https:\/\/vakbit.com souhlas\u00edte s pou\u017e\u00edv\u00e1n\u00edm soubor\u016f cookie v souladu se z\u00e1sadami spole\u010dnosti Vakbit a z\u00e1sadami ochrany osobn\u00edch \u00fadaj\u016f na t\u011bchto str\u00e1nk\u00e1ch. V\u011bt\u0161ina interaktivn\u00edch webov\u00fdch str\u00e1nek pou\u017e\u00edv\u00e1 soubory cookie ke shroma\u017e\u010fov\u00e1n\u00ed \u00fadaj\u016f o u\u017eivateli p\u0159i ka\u017ed\u00e9 n\u00e1v\u0161t\u011bv\u011b. Na na\u0161ich webov\u00fdch str\u00e1nk\u00e1ch pou\u017e\u00edv\u00e1me soubory cookie, abychom umo\u017enili funk\u010dnost ur\u010dit\u00fdch oblast\u00ed a usnadnili n\u00e1v\u0161t\u011bvn\u00edk\u016fm pou\u017e\u00edv\u00e1n\u00ed na\u0161ich webov\u00fdch str\u00e1nek. Soubory cookie t\u0159et\u00edch stran mohou pou\u017e\u00edvat tak\u00e9 n\u011bkte\u0159\u00ed na\u0161i affiliate\/reklamn\u00ed partne\u0159i.<\/p><p>Licence<\/p><p>Nen\u00ed-li uvedeno jinak, je spole\u010dnost Vakbit a\/nebo poskytovatel\u00e9 licence na webov\u00e9 str\u00e1nky vlastn\u00edkem pr\u00e1v du\u0161evn\u00edho vlastnictv\u00ed ke v\u0161em materi\u00e1l\u016fm na https:\/\/vakbit.com\/. Ve\u0161ker\u00e1 pr\u00e1va du\u0161evn\u00edho vlastnictv\u00ed jsou vyhrazena. P\u0159\u00edstup k nim m\u016f\u017eete z\u00edskat prost\u0159ednictv\u00edm str\u00e1nek https:\/\/vakbit.com\/ pro vlastn\u00ed osobn\u00ed pot\u0159ebu s v\u00fdhradou omezen\u00ed uveden\u00fdch v t\u011bchto podm\u00ednk\u00e1ch.<\/p><p>Nesm\u00edte:<\/p><p>zve\u0159ej\u0148ovat materi\u00e1ly z https:\/\/vakbit.com\/brez bez povolen\u00ed.<br \/>Prod\u00e1vat, pronaj\u00edmat nebo poskytovat sublicence na materi\u00e1l z https:\/\/vakbit.com\/brez bez povolen\u00ed.<br \/>Reprodukovat, duplikovat nebo kop\u00edrovat materi\u00e1ly z https:\/\/vakbit.com\/brez bez povolen\u00ed.<br \/>\u0160\u00ed\u0159en\u00ed obsahu z webu https:\/\/vakbit.com\/brez bez povolen\u00ed.<\/p><p>Tato smlouva vstupuje v platnost dnem uzav\u0159en\u00ed t\u00e9to smlouvy nebo okam\u017eit\u00fdm p\u0159\u00edchodem na na\u0161e webov\u00e9 str\u00e1nky.<\/p><p>N\u011bkter\u00e9 \u010d\u00e1sti t\u011bchto webov\u00fdch str\u00e1nek nab\u00edzej\u00ed u\u017eivatel\u016fm mo\u017enost zve\u0159ej\u0148ovat a vym\u011b\u0148ovat si n\u00e1zory a informace v ur\u010dit\u00fdch oblastech webov\u00fdch str\u00e1nek. Spole\u010dnost Vakbit nefiltruje, neupravuje, nezve\u0159ej\u0148uje ani nep\u0159ezkoum\u00e1v\u00e1 koment\u00e1\u0159e p\u0159ed jejich uveden\u00edm na webov\u00fdch str\u00e1nk\u00e1ch. Koment\u00e1\u0159e neodr\u00e1\u017eej\u00ed n\u00e1zory a stanoviska spole\u010dnosti Vakbit, jej\u00edch z\u00e1stupc\u016f a\/nebo p\u0159idru\u017een\u00fdch spole\u010dnost\u00ed. Koment\u00e1\u0159e odr\u00e1\u017eej\u00ed n\u00e1zory a stanoviska osoby, kter\u00e1 sv\u016fj n\u00e1zor zve\u0159ejnila. V rozsahu povolen\u00e9m platn\u00fdmi pr\u00e1vn\u00edmi p\u0159edpisy nenese spole\u010dnost Vakbit odpov\u011bdnost za koment\u00e1\u0159e ani za jakoukoli odpov\u011bdnost, \u0161kodu nebo v\u00fddaje vznikl\u00e9 a\/nebo utrp\u011bn\u00e9 v d\u016fsledku jak\u00e9hokoli pou\u017eit\u00ed a\/nebo zve\u0159ejn\u011bn\u00ed a\/nebo v\u00fdskytu koment\u00e1\u0159\u016f na t\u011bchto webov\u00fdch str\u00e1nk\u00e1ch.<\/p><p>Spole\u010dnost Vakbit si vyhrazuje pr\u00e1vo sledovat v\u0161echny koment\u00e1\u0159e a odstranit v\u0161echny koment\u00e1\u0159e, kter\u00e9 by mohly b\u00fdt pova\u017eov\u00e1ny za nevhodn\u00e9, ur\u00e1\u017eliv\u00e9 nebo poru\u0161uj\u00edc\u00ed tyto podm\u00ednky.<\/p><p>Zaru\u010dujete a prohla\u0161ujete, \u017ee:<\/p><p>jste opr\u00e1vn\u011bni zve\u0159ej\u0148ovat koment\u00e1\u0159e na na\u0161ich webov\u00fdch str\u00e1nk\u00e1ch a m\u00e1te k tomu pot\u0159ebn\u00e1 povolen\u00ed a souhlasy;<br \/>koment\u00e1\u0159e neporu\u0161uj\u00ed \u017e\u00e1dn\u00e1 pr\u00e1va du\u0161evn\u00edho vlastnictv\u00ed, v\u010detn\u011b autorsk\u00fdch pr\u00e1v, patent\u016f nebo ochrann\u00fdch zn\u00e1mek t\u0159et\u00edch stran;<br \/>koment\u00e1\u0159e neobsahuj\u00ed \u017e\u00e1dn\u00fd hanliv\u00fd, pomlouva\u010dn\u00fd, ur\u00e1\u017eliv\u00fd, neslu\u0161n\u00fd nebo jinak nez\u00e1konn\u00fd materi\u00e1l, kter\u00fd by zasahoval do soukrom\u00ed;<br \/>koment\u00e1\u0159e nebudou pou\u017eity k nab\u00e1d\u00e1n\u00ed k prodeji nebo k propagaci komer\u010dn\u00edch \u010di nez\u00e1konn\u00fdch aktivit.<\/p><p>Odesl\u00e1n\u00edm koment\u00e1\u0159e ud\u011blujete spole\u010dnosti Vakbit nev\u00fdhradn\u00ed licenci k pou\u017eit\u00ed, reprodukci, \u00faprav\u011b a k opr\u00e1vn\u011bn\u00ed ostatn\u00edch k pou\u017eit\u00ed, reprodukci a \u00faprav\u011b va\u0161ich koment\u00e1\u0159\u016f v jak\u00e9koli form\u011b, m\u00e9diu nebo form\u00e1tu.<\/p><p>\u00a0<\/p><p><br \/>Hypertextov\u00e9 odkazy na n\u00e1\u0161 obsah<\/p><p>N\u00e1sleduj\u00edc\u00ed organizace mohou na na\u0161e webov\u00e9 str\u00e1nky odkazovat bez p\u0159edchoz\u00edho p\u00edsemn\u00e9ho souhlasu:<\/p><p>vl\u00e1dn\u00ed agentury;<br \/>vyhled\u00e1va\u010de;<br \/>novinky;<br \/>online distributory katalog\u016f, kte\u0159\u00ed mohou odkazovat na na\u0161e webov\u00e9 str\u00e1nky stejn\u00fdm zp\u016fsobem, jak\u00fdm odkazuj\u00ed na webov\u00e9 str\u00e1nky jin\u00fdch ve\u0159ejn\u011b obchodovan\u00fdch spole\u010dnost\u00ed; a<br \/>akreditovan\u00e9 podniky v cel\u00e9m syst\u00e9mu, s v\u00fdjimkou neziskov\u00fdch organizac\u00ed, charitativn\u00edch n\u00e1kupn\u00edch center a charitativn\u00edch skupin pro z\u00edsk\u00e1v\u00e1n\u00ed finan\u010dn\u00edch prost\u0159edk\u016f, kter\u00e9 nesm\u00ed odkazovat na na\u0161e webov\u00e9 str\u00e1nky.<\/p><p>Tyto organizace mohou odkazovat na na\u0161i domovskou str\u00e1nku, publikace nebo jin\u00e9 informace na webov\u00fdch str\u00e1nk\u00e1ch, pokud odkaz obsahuje: (a) nen\u00ed v \u017e\u00e1dn\u00e9m p\u0159\u00edpad\u011b zav\u00e1d\u011bj\u00edc\u00ed; (b) nepravdiv\u011b neimplikuje sponzorstv\u00ed, podporu nebo schv\u00e1len\u00ed odkazuj\u00edc\u00ed strany a jej\u00edch produkt\u016f a\/nebo slu\u017eeb; a (c) zapad\u00e1 do kontextu str\u00e1nek odkazuj\u00edc\u00ed strany.<\/p><p>M\u016f\u017eeme zv\u00e1\u017eit a schv\u00e1lit dal\u0161\u00ed \u017e\u00e1dosti o propojen\u00ed od n\u00e1sleduj\u00edc\u00edch typ\u016f organizac\u00ed:<\/p><p>obecn\u011b zn\u00e1m\u00e9 zdroje spot\u0159ebitelsk\u00fdch a\/nebo obchodn\u00edch informac\u00ed;<br \/>dot.com komunity<br \/>sdru\u017een\u00ed nebo jin\u00e9 skupiny zastupuj\u00edc\u00ed charitativn\u00ed organizace;<br \/>online adres\u00e1\u0159 distributor\u016f;<br \/>internetov\u00e9 port\u00e1ly;<br \/>\u00fa\u010detn\u00ed, pr\u00e1vn\u00ed a poradensk\u00e9 firmy a<br \/>vzd\u011bl\u00e1vac\u00ed instituce a obchodn\u00ed sdru\u017een\u00ed.<\/p><p>\u017d\u00e1dosti o propojen\u00ed od t\u011bchto organizac\u00ed schv\u00e1l\u00edme, pokud to zjist\u00edme: (a) odkaz by nezp\u016fsobil nep\u0159\u00edzniv\u00fd dojem na n\u00e1s nebo na na\u0161e akreditovan\u00e9 podniky; (b) organizace u n\u00e1s nem\u00e1 \u017e\u00e1dn\u00e9 negativn\u00ed z\u00e1znamy; (c) p\u0159\u00ednos pro n\u00e1s z viditelnosti hypertextov\u00e9ho odkazu kompenzuje nep\u0159\u00edtomnost Vakbitu a (d) odkaz je v kontextu obecn\u00fdch informac\u00ed o zdroj\u00edch.<\/p><p>Tyto organizace mohou odkazovat na na\u0161i domovskou str\u00e1nku, pokud odkaz obsahuje: (a) nen\u00ed v \u017e\u00e1dn\u00e9m p\u0159\u00edpad\u011b zav\u00e1d\u011bj\u00edc\u00ed; (b) neznamen\u00e1 fale\u0161n\u011b sponzorstv\u00ed, podporu nebo schv\u00e1len\u00ed odkazuj\u00edc\u00ed strany a jej\u00edch produkt\u016f nebo slu\u017eeb; a (c) zapad\u00e1 do kontextu str\u00e1nek odkazuj\u00edc\u00ed strany. Pokud jste jednou z v\u00fd\u0161e uveden\u00fdch organizac\u00ed a m\u00e1te z\u00e1jem odkazovat na na\u0161e webov\u00e9 str\u00e1nky, mus\u00edte n\u00e1s o tom informovat zasl\u00e1n\u00edm e-mailu spole\u010dnosti Vakbit.<\/p><p>Uve\u010fte pros\u00edm sv\u00e9 jm\u00e9no, n\u00e1zev organizace, kontaktn\u00ed \u00fadaje a adresu URL sv\u00fdch webov\u00fdch str\u00e1nek, seznam v\u0161ech adres URL, ze kter\u00fdch hodl\u00e1te odkazovat na na\u0161e webov\u00e9 str\u00e1nky, a seznam adres URL na na\u0161ich webov\u00fdch str\u00e1nk\u00e1ch, na kter\u00e9 chcete odkazovat. Na odpov\u011b\u010f si pros\u00edm vyhra\u010fte 2-3 t\u00fddny.<\/p><p>Schv\u00e1len\u00e9 organizace mohou na na\u0161e webov\u00e9 str\u00e1nky odkazovat:<\/p><p>pou\u017e\u00edvat n\u00e1zev na\u0161\u00ed spole\u010dnosti nebo<br \/>pomoc\u00ed jednotn\u00e9ho lok\u00e1toru zdroj\u016f, kter\u00fd na n\u011bj odkazuje, nebo<br \/>pou\u017eit\u00ed jak\u00e9hokoli jin\u00e9ho popisu na\u0161ich webov\u00fdch str\u00e1nek, kter\u00fd je relevantn\u00ed v kontextu a form\u00e1tu obsahu webov\u00fdch str\u00e1nek odkazuj\u00edc\u00ed strany.<\/p><p>Pokud nen\u00ed uzav\u0159ena licen\u010dn\u00ed smlouva na ochrannou zn\u00e1mku, nen\u00ed povoleno pou\u017e\u00edvat logo spole\u010dnosti Vakbit ani jin\u00fd obsah odkazu.<\/p><p>iFrame<\/p><p>Bez na\u0161eho p\u0159edchoz\u00edho souhlasu a p\u00edsemn\u00e9ho svolen\u00ed nesm\u00edte kolem na\u0161ich webov\u00fdch str\u00e1nek vytv\u00e1\u0159et r\u00e1my, kter\u00e9 by m\u011bnily vizu\u00e1ln\u00ed prezentaci nebo vzhled na\u0161ich webov\u00fdch str\u00e1nek.<\/p><p>Odpov\u011bdnost za obsah<\/p><p>Nejsme zodpov\u011bdn\u00ed za \u017e\u00e1dn\u00fd obsah, kter\u00fd se na va\u0161ich webov\u00fdch str\u00e1nk\u00e1ch objev\u00ed. Souhlas\u00edte s t\u00edm, \u017ee n\u00e1s budete chr\u00e1nit a br\u00e1nit proti v\u0161em n\u00e1rok\u016fm, kter\u00e9 se na va\u0161ich webov\u00fdch str\u00e1nk\u00e1ch objev\u00ed. Na \u017e\u00e1dn\u00fdch webov\u00fdch str\u00e1nk\u00e1ch se nesm\u00ed objevit odkazy, kter\u00e9 by mohly b\u00fdt vykl\u00e1d\u00e1ny jako nepravdiv\u00e9, obsc\u00e9nn\u00ed nebo trestn\u00e9, nebo kter\u00e9 poru\u0161uj\u00ed, jinak poru\u0161uj\u00ed nebo propaguj\u00ed poru\u0161en\u00ed nebo jin\u00e9 poru\u0161en\u00ed pr\u00e1v t\u0159et\u00edch stran.<\/p><p>V\u00fdhrada pr\u00e1v<\/p><p>Vyhrazujeme si pr\u00e1vo po\u017e\u00e1dat v\u00e1s o odstran\u011bn\u00ed v\u0161ech odkaz\u016f nebo konkr\u00e9tn\u00edho odkazu na na\u0161e webov\u00e9 str\u00e1nky. Souhlas\u00edte s t\u00edm, \u017ee na po\u017e\u00e1d\u00e1n\u00ed okam\u017eit\u011b odstran\u00edte v\u0161echny odkazy na na\u0161e webov\u00e9 str\u00e1nky. Vyhrazujeme si tak\u00e9 pr\u00e1vo kdykoli zm\u011bnit tyto podm\u00ednky a z\u00e1sady odkazov\u00e1n\u00ed. Pokra\u010dov\u00e1n\u00edm v odkazov\u00e1n\u00ed na na\u0161e webov\u00e9 str\u00e1nky souhlas\u00edte s t\u00edm, \u017ee se t\u011bmito podm\u00ednkami budete \u0159\u00eddit a budete je dodr\u017eovat.<\/p><p>Odstran\u011bn\u00ed odkaz\u016f z na\u0161ich webov\u00fdch str\u00e1nek<\/p><p>Pokud na na\u0161ich webov\u00fdch str\u00e1nk\u00e1ch najdete odkaz, kter\u00fd je z jak\u00e9hokoli d\u016fvodu ur\u00e1\u017eliv\u00fd, m\u016f\u017eete n\u00e1s kdykoli kontaktovat a informovat. \u017d\u00e1dosti o odstran\u011bn\u00ed odkaz\u016f zv\u00e1\u017e\u00edme, ale nejsme povinni v\u00e1m p\u0159\u00edmo odpov\u011bd\u011bt. Nezaru\u010dujeme, \u017ee informace na t\u011bchto webov\u00fdch str\u00e1nk\u00e1ch jsou spr\u00e1vn\u00e9, nezaru\u010dujeme jejich \u00faplnost ani p\u0159esnost; neslibujeme ani, \u017ee webov\u00e9 str\u00e1nky z\u016fstanou dostupn\u00e9 nebo \u017ee materi\u00e1ly na nich budou aktualizov\u00e1ny.<\/p><p>Odm\u00edtnut\u00ed odpov\u011bdnosti<\/p><p>V maxim\u00e1ln\u00edm rozsahu povolen\u00e9m platn\u00fdmi z\u00e1kony vylu\u010dujeme ve\u0161ker\u00e1 prohl\u00e1\u0161en\u00ed, z\u00e1ruky a podm\u00ednky t\u00fdkaj\u00edc\u00ed se na\u0161ich webov\u00fdch str\u00e1nek a jejich pou\u017e\u00edv\u00e1n\u00ed. \u017d\u00e1dn\u00e9 z ustanoven\u00ed tohoto prohl\u00e1\u0161en\u00ed o vylou\u010den\u00ed odpov\u011bdnosti se nevztahuje na:<\/p><p>Omezen\u00ed a z\u00e1kazy odpov\u011bdnosti uveden\u00e9 v tomto odd\u00edle a na jin\u00fdch m\u00edstech tohoto prohl\u00e1\u0161en\u00ed o vylou\u010den\u00ed odpov\u011bdnosti: (a) plat\u00ed v p\u0159edchoz\u00edm odstavci a (b) \u0159\u00edd\u00ed se jimi v\u0161echny z\u00e1vazky vypl\u00fdvaj\u00edc\u00ed z tohoto prohl\u00e1\u0161en\u00ed o vylou\u010den\u00ed odpov\u011bdnosti, v\u010detn\u011b smluvn\u00edch z\u00e1vazk\u016f vypl\u00fdvaj\u00edc\u00edch ze smlouvy, deliktu a poru\u0161en\u00ed z\u00e1konn\u00e9 povinnosti.<\/p><p>Dokud jsou webov\u00e9 str\u00e1nky a informace a slu\u017eby na nich dostupn\u00e9 bezplatn\u011b, neneseme odpov\u011bdnost za p\u0159\u00edpadn\u00e9 ztr\u00e1ty nebo \u0161kody.<\/p><p>Mimosoudn\u00ed \u0159e\u0161en\u00ed spot\u0159ebitelsk\u00fdch spor\u016f<\/p><p>V souladu s pr\u00e1vn\u00edmi p\u0159edpisy neuzn\u00e1v\u00e1 spole\u010dnost Vakbit \u017e\u00e1dn\u00e9ho poskytovatele mimosoudn\u00edho \u0159e\u0161en\u00ed spot\u0159ebitelsk\u00fdch spor\u016f jako p\u0159\u00edslu\u0161n\u00e9ho k \u0159e\u0161en\u00ed spot\u0159ebitelsk\u00fdch spor\u016f, kter\u00e9 mohou spot\u0159ebitel\u00e9 iniciovat v souladu se z\u00e1konem o mimosoudn\u00edm \u0159e\u0161en\u00ed spot\u0159ebitelsk\u00fdch spor\u016f. Spole\u010dnost jako poskytovatel zbo\u017e\u00ed a slu\u017eeb zve\u0159ej\u0148uje na sv\u00fdch internetov\u00fdch str\u00e1nk\u00e1ch elektronick\u00fd odkaz na platformu pro \u0159e\u0161en\u00ed spot\u0159ebitelsk\u00fdch spor\u016f on-line (SRPS). Platforma je spot\u0159ebitel\u016fm k dispozici na elektronick\u00e9m odkazu http:\/\/ec.europa.eu\/odr. Toto opat\u0159en\u00ed vypl\u00fdv\u00e1 ze z\u00e1kona o mimosoudn\u00edm \u0159e\u0161en\u00ed spot\u0159ebitelsk\u00fdch spor\u016f, na\u0159\u00edzen\u00ed Evropsk\u00e9ho parlamentu a Rady (EU) \u010d. 524\/2013 o \u0159e\u0161en\u00ed spot\u0159ebitelsk\u00fdch spor\u016f on-line a o zm\u011bn\u011b na\u0159\u00edzen\u00ed (ES) \u010d. 2016\/2004 a sm\u011brnice 200.<\/p>\t\t\t\t\t\t\t\t<\/div>\n\t\t\t\t<\/div>\n\t\t\t\t\t<\/div>\n\t\t<\/div>\n\t\t\t\t\t<\/div>\n\t\t<\/section>\n\t\t\t\t<\/div>","protected":false},"excerpt":{"rendered":"<p>General Terms and Conditions These terms describe the rules and regulations for using the Vakbit website, located at https:\/\/vakbit.com\/ and all of its subdomains. By accessing this website, we assume that you accept these terms. If you do not agree with all the terms and conditions stated on this page, do not continue to use [&hellip;]<\/p>","protected":false},"author":1,"featured_media":0,"parent":0,"menu_order":0,"comment_status":"closed","ping_status":"closed","template":"","meta":{"_seopress_robots_primary_cat":"","_seopress_titles_title":"","_seopress_titles_desc":"","_seopress_robots_index":"","ocean_post_layout":"full-screen","ocean_both_sidebars_style":"","ocean_both_sidebars_content_width":0,"ocean_both_sidebars_sidebars_width":0,"ocean_sidebar":"0","ocean_second_sidebar":"0","ocean_disable_margins":"enable","ocean_add_body_class":"","ocean_shortcode_before_top_bar":"","ocean_shortcode_after_top_bar":"","ocean_shortcode_before_header":"","ocean_shortcode_after_header":"","ocean_has_shortcode":"","ocean_shortcode_after_title":"","ocean_shortcode_before_footer_widgets":"","ocean_shortcode_after_footer_widgets":"","ocean_shortcode_before_footer_bottom":"","ocean_shortcode_after_footer_bottom":"","ocean_display_top_bar":"default","ocean_display_header":"default","ocean_header_style":"transparent","ocean_center_header_left_menu":"0","ocean_custom_header_template":"0","ocean_custom_logo":0,"ocean_custom_retina_logo":0,"ocean_custom_logo_max_width":0,"ocean_custom_logo_tablet_max_width":0,"ocean_custom_logo_mobile_max_width":0,"ocean_custom_logo_max_height":0,"ocean_custom_logo_tablet_max_height":0,"ocean_custom_logo_mobile_max_height":0,"ocean_header_custom_menu":"0","ocean_menu_typo_font_family":"0","ocean_menu_typo_font_subset":"","ocean_menu_typo_font_size":0,"ocean_menu_typo_font_size_tablet":0,"ocean_menu_typo_font_size_mobile":0,"ocean_menu_typo_font_size_unit":"px","ocean_menu_typo_font_weight":"","ocean_menu_typo_font_weight_tablet":"","ocean_menu_typo_font_weight_mobile":"","ocean_menu_typo_transform":"","ocean_menu_typo_transform_tablet":"","ocean_menu_typo_transform_mobile":"","ocean_menu_typo_line_height":0,"ocean_menu_typo_line_height_tablet":0,"ocean_menu_typo_line_height_mobile":0,"ocean_menu_typo_line_height_unit":"","ocean_menu_typo_spacing":0,"ocean_menu_typo_spacing_tablet":0,"ocean_menu_typo_spacing_mobile":0,"ocean_menu_typo_spacing_unit":"","ocean_menu_link_color":"","ocean_menu_link_color_hover":"","ocean_menu_link_color_active":"","ocean_menu_link_background":"","ocean_menu_link_hover_background":"","ocean_menu_link_active_background":"","ocean_menu_social_links_bg":"","ocean_menu_social_hover_links_bg":"","ocean_menu_social_links_color":"","ocean_menu_social_hover_links_color":"","ocean_disable_title":"on","ocean_disable_heading":"default","ocean_post_title":"","ocean_post_subheading":"","ocean_post_title_style":"","ocean_post_title_background_color":"","ocean_post_title_background":0,"ocean_post_title_bg_image_position":"","ocean_post_title_bg_image_attachment":"","ocean_post_title_bg_image_repeat":"","ocean_post_title_bg_image_size":"","ocean_post_title_height":0,"ocean_post_title_bg_overlay":0.5,"ocean_post_title_bg_overlay_color":"","ocean_disable_breadcrumbs":"default","ocean_breadcrumbs_color":"","ocean_breadcrumbs_separator_color":"","ocean_breadcrumbs_links_color":"","ocean_breadcrumbs_links_hover_color":"","ocean_display_footer_widgets":"default","ocean_display_footer_bottom":"default","ocean_custom_footer_template":"0","footnotes":""},"class_list":["post-1295","page","type-page","status-publish","hentry","entry"],"_links":{"self":[{"href":"https:\/\/vakbit.com\/cs\/wp-json\/wp\/v2\/pages\/1295","targetHints":{"allow":["GET"]}}],"collection":[{"href":"https:\/\/vakbit.com\/cs\/wp-json\/wp\/v2\/pages"}],"about":[{"href":"https:\/\/vakbit.com\/cs\/wp-json\/wp\/v2\/types\/page"}],"author":[{"embeddable":true,"href":"https:\/\/vakbit.com\/cs\/wp-json\/wp\/v2\/users\/1"}],"replies":[{"embeddable":true,"href":"https:\/\/vakbit.com\/cs\/wp-json\/wp\/v2\/comments?post=1295"}],"version-history":[{"count":10,"href":"https:\/\/vakbit.com\/cs\/wp-json\/wp\/v2\/pages\/1295\/revisions"}],"predecessor-version":[{"id":1532,"href":"https:\/\/vakbit.com\/cs\/wp-json\/wp\/v2\/pages\/1295\/revisions\/1532"}],"wp:attachment":[{"href":"https:\/\/vakbit.com\/cs\/wp-json\/wp\/v2\/media?parent=1295"}],"curies":[{"name":"wp","href":"https:\/\/api.w.org\/{rel}","templated":true}]}}