{"id":1282,"date":"2025-03-27T15:33:00","date_gmt":"2025-03-27T15:33:00","guid":{"rendered":"https:\/\/vakbit.com\/?page_id=1282"},"modified":"2025-12-23T22:00:01","modified_gmt":"2025-12-23T22:00:01","slug":"politika-zasebnosti","status":"publish","type":"page","link":"https:\/\/vakbit.com\/da\/politika-zasebnosti\/","title":{"rendered":"Politika zasebnosti"},"content":{"rendered":"<div data-elementor-type=\"wp-page\" data-elementor-id=\"1282\" class=\"elementor elementor-1282\" data-elementor-post-type=\"page\">\n\t\t\t\t\t\t<section class=\"elementor-section elementor-top-section elementor-element elementor-element-23cd4f0 elementor-section-boxed elementor-section-height-default elementor-section-height-default\" data-id=\"23cd4f0\" data-element_type=\"section\" id=\"about\" data-settings=\"{&quot;background_background&quot;:&quot;gradient&quot;}\">\n\t\t\t\t\t\t<div class=\"elementor-container elementor-column-gap-default\">\n\t\t\t\t\t<div class=\"elementor-column elementor-col-100 elementor-top-column elementor-element elementor-element-9f48ae0\" data-id=\"9f48ae0\" data-element_type=\"column\">\n\t\t\t<div class=\"elementor-widget-wrap elementor-element-populated\">\n\t\t\t\t\t\t<div class=\"elementor-element elementor-element-6d7bb30 elementor-widget elementor-widget-heading\" data-id=\"6d7bb30\" data-element_type=\"widget\" data-widget_type=\"heading.default\">\n\t\t\t\t<div class=\"elementor-widget-container\">\n\t\t\t\t\t<h2 class=\"elementor-heading-title elementor-size-default\">Politik for beskyttelse af personlige oplysninger<\/h2>\t\t\t\t<\/div>\n\t\t\t\t<\/div>\n\t\t\t\t<div class=\"elementor-element elementor-element-0c8563b elementor-widget elementor-widget-text-editor\" data-id=\"0c8563b\" data-element_type=\"widget\" data-widget_type=\"text-editor.default\">\n\t\t\t\t<div class=\"elementor-widget-container\">\n\t\t\t\t\t\t\t\t\t<p>HVAD VI HAR BRUG FOR<br \/>Vores privatlivspolitik regulerer brugen og opbevaringen af data. Du kan se vores fortrolighedspolitik p\u00e5 siden Fortrolighedserkl\u00e6ring (se vedh\u00e6ftet fil nedenfor). Virksomheden er dataansvarlig for de personoplysninger, den behandler (den registrerede: dig, k\u00f8beren, den bes\u00f8gende osv.). Vi indsamler f\u00f8lgende typer af personoplysninger:<\/p><p>E-mail-adresse;<br \/>For- og efternavn, adresse, e-mailadresse og telefonnummer;<br \/>Oplysninger om betalingsmetode, f.eks. oplysninger om kredit- eller betalingskort, PayPal og andre betalingsmetoder;<br \/>Kopier af personlige dokumenter, der bekr\u00e6fter n\u00f8jagtigheden af personlige data;<br \/>Cookies;<br \/>Google Analytics, Yandex og Cloudflare bes\u00f8gssporing;<br \/>Links til personlige profiler p\u00e5 sociale medier.<br \/>Vi indsamler hver type persondata efter behov og med separat samtykke.<\/p><p>HVORFOR VI HAR BRUG FOR DET<br \/>Vi har brug for dine personlige data til f\u00f8lgende tjenester:<\/p><p>E-mailadresse til at svare p\u00e5 dine e-mails eller beskeder sendt via kontaktformularer;<br \/>E-mailadresse til udsendelse af tilbud og e-nyhedsbreve;<br \/>For- og efternavn, adresse, e-mailadresse og telefonnummer til at acceptere reservationer, foresp\u00f8rgsler og sende tilbud eller i forbindelse med opfyldelse af dine andre anmodninger;<br \/>For- og efternavn, adresse, e-mailadresse og telefonnummer til k\u00f8b af gavekort, v\u00e6rdikuponer eller tjenester og varer, der er relateret til vores tilbud;<br \/>Oplysninger om betalingsmetode og kopier af personlige dokumenter til udf\u00f8relse af tjenester;<br \/>E-mailadresse til automatiseret markedsf\u00f8ring (bekr\u00e6ftelse af reservationer, tak for tilmeldinger osv.);<br \/>Cookies til at f\u00e5 hjemmesider til at fungere;<br \/>Kommunikation via sociale grupper med personlige profiler, der bekr\u00e6fter en forbindelse med os;<br \/>For- og efternavn, adresse, e-mailadresse og telefonnummer til lejlighedsvise pr\u00e6miespil eller andre reklamekampagner med dit forudg\u00e5ende samtykke;<br \/>Aggregerede data fra Google Analytics eller Yandex Direct og Cloudflare til bes\u00f8gssporing og intern analyse, som vi vil bruge til at forbedre indholdet.<br \/>HVAD VI G\u00d8R MED PERSONLIGE DATA<br \/>Datahosting og -lagring leveres af https:\/\/easytask.si\/, der ligger i EU (Tyskland).<\/p><p>Ingen tredjepart har adgang til dine data, medmindre det er p\u00e5kr\u00e6vet ved lov.<\/p><p>HVOR L\u00c6NGE OPBEVARER VI DET?<br \/>P\u00e5 vores hjemmeside bruger vi vedvarende cookies til links til sociale tjenester og andre \"delings\"-udbydere samt cookies, der hj\u00e6lper dig med at f\u00e5 adgang til dit yndlingsindhold p\u00e5 vores hjemmeside igen og igen.<\/p><p>HVAD ER DINE RETTIGHEDER?<br \/>Hvis du mener, at de personlige data, vi har om dig, er forkerte eller ufuldst\u00e6ndige, har du mulighed for at anmode om at gennemg\u00e5, rette eller slette disse data. Kontakt os venligst via (Data Access Request Form). Hvis du \u00f8nsker at klage over, hvordan vi har behandlet dine personoplysninger, bedes du kontakte den databeskyttelsesansvarlige eller databeskyttelseskontakten (DPC) i virksomheden.<\/p><p>Vores DPC vil derefter gennemg\u00e5 din klage og informere dig om resultatet. Hvis du stadig mener, at dine persondata ikke er blevet behandlet i overensstemmelse med loven, kan du kontakte Information Commissioner og indgive en klage til dem. Du kan anmode om adgang til privatlivsrelaterede politikker og dokumenter ved hj\u00e6lp af den s\u00e6rlige formular, der er tilg\u00e6ngelig p\u00e5 siden Privatlivspolitik.<\/p><p>Relaterede dokumenter:<\/p><p>Politik for beskyttelse af personoplysninger<br \/>Politik for opbevaring af persondata (efter anmodning via e-mail eller personligt)<br \/>Opbevaringsplan for persondata (efter anmodning via e-mail eller personligt)<br \/>Meddelelse om beskyttelse af personlige oplysninger<br \/>Vilk\u00e5r og betingelser<br \/>Samtykkeerkl\u00e6ring<br \/>Formular til tilbagetr\u00e6kning af samtykke<\/p><p><br \/>Dokumentversion: 1.0<\/p>\t\t\t\t\t\t\t\t<\/div>\n\t\t\t\t<\/div>\n\t\t\t\t\t<\/div>\n\t\t<\/div>\n\t\t\t\t\t<\/div>\n\t\t<\/section>\n\t\t\t\t<\/div>","protected":false},"excerpt":{"rendered":"<p>Privacy Policy WHAT WE NEEDOur privacy policy governs the use and storage of data. You can view our privacy policy on the Privacy Notice page (see attachment below). The company is the controller of the personal data it processes (data subject: you, the buyer, visitor, etc.). We collect the following types of personal data: Email [&hellip;]<\/p>","protected":false},"author":1,"featured_media":0,"parent":0,"menu_order":0,"comment_status":"closed","ping_status":"closed","template":"","meta":{"_seopress_robots_primary_cat":"","_seopress_titles_title":"","_seopress_titles_desc":"","_seopress_robots_index":"","ocean_post_layout":"full-screen","ocean_both_sidebars_style":"","ocean_both_sidebars_content_width":0,"ocean_both_sidebars_sidebars_width":0,"ocean_sidebar":"0","ocean_second_sidebar":"0","ocean_disable_margins":"enable","ocean_add_body_class":"","ocean_shortcode_before_top_bar":"","ocean_shortcode_after_top_bar":"","ocean_shortcode_before_header":"","ocean_shortcode_after_header":"","ocean_has_shortcode":"","ocean_shortcode_after_title":"","ocean_shortcode_before_footer_widgets":"","ocean_shortcode_after_footer_widgets":"","ocean_shortcode_before_footer_bottom":"","ocean_shortcode_after_footer_bottom":"","ocean_display_top_bar":"default","ocean_display_header":"default","ocean_header_style":"transparent","ocean_center_header_left_menu":"0","ocean_custom_header_template":"0","ocean_custom_logo":0,"ocean_custom_retina_logo":0,"ocean_custom_logo_max_width":0,"ocean_custom_logo_tablet_max_width":0,"ocean_custom_logo_mobile_max_width":0,"ocean_custom_logo_max_height":0,"ocean_custom_logo_tablet_max_height":0,"ocean_custom_logo_mobile_max_height":0,"ocean_header_custom_menu":"0","ocean_menu_typo_font_family":"0","ocean_menu_typo_font_subset":"","ocean_menu_typo_font_size":0,"ocean_menu_typo_font_size_tablet":0,"ocean_menu_typo_font_size_mobile":0,"ocean_menu_typo_font_size_unit":"px","ocean_menu_typo_font_weight":"","ocean_menu_typo_font_weight_tablet":"","ocean_menu_typo_font_weight_mobile":"","ocean_menu_typo_transform":"","ocean_menu_typo_transform_tablet":"","ocean_menu_typo_transform_mobile":"","ocean_menu_typo_line_height":0,"ocean_menu_typo_line_height_tablet":0,"ocean_menu_typo_line_height_mobile":0,"ocean_menu_typo_line_height_unit":"","ocean_menu_typo_spacing":0,"ocean_menu_typo_spacing_tablet":0,"ocean_menu_typo_spacing_mobile":0,"ocean_menu_typo_spacing_unit":"","ocean_menu_link_color":"","ocean_menu_link_color_hover":"","ocean_menu_link_color_active":"","ocean_menu_link_background":"","ocean_menu_link_hover_background":"","ocean_menu_link_active_background":"","ocean_menu_social_links_bg":"","ocean_menu_social_hover_links_bg":"","ocean_menu_social_links_color":"","ocean_menu_social_hover_links_color":"","ocean_disable_title":"on","ocean_disable_heading":"default","ocean_post_title":"","ocean_post_subheading":"","ocean_post_title_style":"","ocean_post_title_background_color":"","ocean_post_title_background":0,"ocean_post_title_bg_image_position":"","ocean_post_title_bg_image_attachment":"","ocean_post_title_bg_image_repeat":"","ocean_post_title_bg_image_size":"","ocean_post_title_height":0,"ocean_post_title_bg_overlay":0.5,"ocean_post_title_bg_overlay_color":"","ocean_disable_breadcrumbs":"default","ocean_breadcrumbs_color":"","ocean_breadcrumbs_separator_color":"","ocean_breadcrumbs_links_color":"","ocean_breadcrumbs_links_hover_color":"","ocean_display_footer_widgets":"default","ocean_display_footer_bottom":"default","ocean_custom_footer_template":"0","footnotes":""},"class_list":["post-1282","page","type-page","status-publish","hentry","entry"],"_links":{"self":[{"href":"https:\/\/vakbit.com\/da\/wp-json\/wp\/v2\/pages\/1282","targetHints":{"allow":["GET"]}}],"collection":[{"href":"https:\/\/vakbit.com\/da\/wp-json\/wp\/v2\/pages"}],"about":[{"href":"https:\/\/vakbit.com\/da\/wp-json\/wp\/v2\/types\/page"}],"author":[{"embeddable":true,"href":"https:\/\/vakbit.com\/da\/wp-json\/wp\/v2\/users\/1"}],"replies":[{"embeddable":true,"href":"https:\/\/vakbit.com\/da\/wp-json\/wp\/v2\/comments?post=1282"}],"version-history":[{"count":7,"href":"https:\/\/vakbit.com\/da\/wp-json\/wp\/v2\/pages\/1282\/revisions"}],"predecessor-version":[{"id":1525,"href":"https:\/\/vakbit.com\/da\/wp-json\/wp\/v2\/pages\/1282\/revisions\/1525"}],"wp:attachment":[{"href":"https:\/\/vakbit.com\/da\/wp-json\/wp\/v2\/media?parent=1282"}],"curies":[{"name":"wp","href":"https:\/\/api.w.org\/{rel}","templated":true}]}}