{"id":1295,"date":"2025-03-27T16:02:25","date_gmt":"2025-03-27T16:02:25","guid":{"rendered":"https:\/\/vakbit.com\/?page_id=1295"},"modified":"2025-12-23T22:08:26","modified_gmt":"2025-12-23T22:08:26","slug":"splosni-pogoji","status":"publish","type":"page","link":"https:\/\/vakbit.com\/da\/splosni-pogoji\/","title":{"rendered":"Splo\u0161ni pogoji"},"content":{"rendered":"<div data-elementor-type=\"wp-page\" data-elementor-id=\"1295\" class=\"elementor elementor-1295\" data-elementor-post-type=\"page\">\n\t\t\t\t\t\t<section class=\"elementor-section elementor-top-section elementor-element elementor-element-23cd4f0 elementor-section-boxed elementor-section-height-default elementor-section-height-default\" data-id=\"23cd4f0\" data-element_type=\"section\" id=\"about\" data-settings=\"{&quot;background_background&quot;:&quot;gradient&quot;}\">\n\t\t\t\t\t\t<div class=\"elementor-container elementor-column-gap-default\">\n\t\t\t\t\t<div class=\"elementor-column elementor-col-100 elementor-top-column elementor-element elementor-element-9f48ae0\" data-id=\"9f48ae0\" data-element_type=\"column\">\n\t\t\t<div class=\"elementor-widget-wrap elementor-element-populated\">\n\t\t\t\t\t\t<div class=\"elementor-element elementor-element-6d7bb30 elementor-widget elementor-widget-heading\" data-id=\"6d7bb30\" data-element_type=\"widget\" data-widget_type=\"heading.default\">\n\t\t\t\t<div class=\"elementor-widget-container\">\n\t\t\t\t\t<h2 class=\"elementor-heading-title elementor-size-default\">Generelle vilk\u00e5r og betingelser<\/h2>\t\t\t\t<\/div>\n\t\t\t\t<\/div>\n\t\t\t\t<div class=\"elementor-element elementor-element-0c8563b elementor-widget elementor-widget-text-editor\" data-id=\"0c8563b\" data-element_type=\"widget\" data-widget_type=\"text-editor.default\">\n\t\t\t\t<div class=\"elementor-widget-container\">\n\t\t\t\t\t\t\t\t\t<p>Disse vilk\u00e5r beskriver regler og bestemmelser for brug af Vakbit-webstedet, der ligger p\u00e5 https:\/\/vakbit.com\/ og alle dets underdom\u00e6ner. Ved at g\u00e5 ind p\u00e5 denne hjemmeside antager vi, at du accepterer disse vilk\u00e5r. Hvis du ikke er enig i alle de vilk\u00e5r og betingelser, der er angivet p\u00e5 denne side, skal du ikke forts\u00e6tte med at bruge https:\/\/vakbit.com\/.<\/p><p>F\u00f8lgende terminologi g\u00e6lder for disse vilk\u00e5r og betingelser, erkl\u00e6ring om beskyttelse af personlige oplysninger og meddelelse om ansvarsfraskrivelse og alle aftaler: \"Du\" og \"din\" henviser til dig, den person, der logger ind p\u00e5 dette websted og overholder virksomhedens vilk\u00e5r og betingelser. \"Virksomhed\", \"os selv\", \"vi\", \"vores\" og \"os\" henviser til vores virksomhed. \"Part\", \"parter\" eller \"os\" henviser til b\u00e5de kunden og os selv. Alle vilk\u00e5r henviser til tilbud, accept og overvejelse af betaling, der er n\u00f8dvendig for at gennemf\u00f8re processen med vores assistance til kunden p\u00e5 den mest hensigtsm\u00e6ssige m\u00e5de med det udtrykkelige form\u00e5l at opfylde kundens behov ved levering af angivne tjenester i overensstemmelse med og underlagt den g\u00e6ldende lov i Slovenien. Enhver brug af ovenst\u00e5ende terminologi eller andre ord i ental, flertal, store bogstaver og\/eller han\/hun eller de betragtes som udskiftelige og henviser derfor til det samme.<\/p><p>Sm\u00e5kager<\/p><p>Hjemmesiden bruger cookies. Ved at g\u00e5 ind p\u00e5 https:\/\/vakbit.com har du accepteret brugen af cookies i overensstemmelse med Vakbits politik og privatlivspolitikken p\u00e5 hjemmesiden. De fleste interaktive hjemmesider bruger cookies til at indsamle brugeroplysninger for hvert bes\u00f8g. Vi bruger cookies p\u00e5 vores hjemmeside for at muligg\u00f8re funktionaliteten af visse omr\u00e5der og for at g\u00f8re det lettere for bes\u00f8gende at bruge vores hjemmeside. Nogle af vores tilknyttede partnere\/reklamepartnere kan ogs\u00e5 bruge tredjepartscookies.<\/p><p>Licens<\/p><p>Medmindre andet er angivet, er Vakbit og\/eller dets webstedslicensgivere ejere af de intellektuelle ejendomsrettigheder til alt materiale p\u00e5 https:\/\/vakbit.com\/. Alle intellektuelle ejendomsrettigheder er forbeholdt. Du kan f\u00e5 adgang til dette via https:\/\/vakbit.com\/ til din egen personlige brug, underlagt de begr\u00e6nsninger, der er angivet i disse vilk\u00e5r og betingelser.<\/p><p>Det m\u00e5 du ikke:<\/p><p>Offentligg\u00f8r materiale fra https:\/\/vakbit.com\/brez uden tilladelse.<br \/>S\u00e6lge, udleje eller underlicensere materiale fra https:\/\/vakbit.com\/brez uden tilladelse.<br \/>Gengive, duplikere eller kopiere materiale fra https:\/\/vakbit.com\/brez uden tilladelse.<br \/>Videredistribuere indhold fra https:\/\/vakbit.com\/brez uden tilladelse.<\/p><p>Denne aftale tr\u00e6der i kraft p\u00e5 datoen for denne aftale eller ved \u00f8jeblikkelig ankomst til vores hjemmeside.<\/p><p>Dele af dette websted giver brugerne mulighed for at offentligg\u00f8re og udveksle meninger og oplysninger i visse omr\u00e5der af webstedet. Vakbit filtrerer, redigerer, offentligg\u00f8r eller gennemg\u00e5r ikke kommentarer, f\u00f8r de er til stede p\u00e5 webstedet. Kommentarer afspejler ikke Vakbits, dets agenters og\/eller tilknyttede selskabers synspunkter og meninger. Kommentarer afspejler synspunkter og meninger fra den person, der sender deres mening. I det omfang det er tilladt i henhold til g\u00e6ldende lov, er Vakbit ikke ansvarlig for kommentarer eller noget ansvar, skade eller udgift, der er opst\u00e5et og\/eller lidt som f\u00f8lge af enhver brug og\/eller udstationering og\/eller udseende af kommentarer p\u00e5 dette websted.<\/p><p>Vakbit forbeholder sig ret til at overv\u00e5ge alle kommentarer og fjerne eventuelle kommentarer, der kan betragtes som upassende, st\u00f8dende eller i strid med disse vilk\u00e5r og betingelser.<\/p><p>Du garanterer og erkl\u00e6rer, at:<\/p><p>du har ret til at skrive kommentarer p\u00e5 vores hjemmeside og har de n\u00f8dvendige tilladelser og samtykker til at g\u00f8re det;<br \/>kommentarerne ikke kr\u00e6nker nogen intellektuelle ejendomsrettigheder, herunder ophavsret, patent eller varem\u00e6rkebegr\u00e6nsninger for tredjeparter;<br \/>kommentarerne ikke indeholder \u00e6rekr\u00e6nkende, injurierende, st\u00f8dende, uanst\u00e6ndigt eller p\u00e5 anden m\u00e5de ulovligt materiale, der kr\u00e6nker privatlivets fred;<br \/>Kommentarerne vil ikke blive brugt til at anmode om eller fremme salg eller pr\u00e6sentere kommercielle eller ulovlige aktiviteter.<\/p><p>Ved at indsende en kommentar giver du Vakbit en ikke-eksklusiv licens til at bruge, reproducere, \u00e6ndre og autorisere andre til at bruge, reproducere og \u00e6ndre dine kommentarer i alle former, medier eller formater.<\/p><p>\u00a0<\/p><p><br \/>Hyperlinks til vores indhold<\/p><p>F\u00f8lgende organisationer kan linke til vores hjemmeside uden forudg\u00e5ende skriftlig tilladelse:<\/p><p>regeringsorganer;<br \/>s\u00f8gemaskiner;<br \/>nyheder;<br \/>online katalogdistribut\u00f8rer, der kan linke til vores hjemmeside p\u00e5 samme m\u00e5de, som de hyperlinker til andre b\u00f8rsnoterede selskabers hjemmesider; og<br \/>akkrediterede virksomheder i hele systemet, bortset fra nonprofitorganisationer, velg\u00f8renhedsindk\u00f8bscentre og velg\u00f8renhedsindsamlingsgrupper, som ikke m\u00e5 hyperlinke til vores websted.<\/p><p>Disse organisationer m\u00e5 gerne linke til vores hjemmeside, publikationer eller andre oplysninger p\u00e5 hjemmesiden, s\u00e5 l\u00e6nge linket (a) ikke er vildledende p\u00e5 nogen m\u00e5de; (b) ikke fejlagtigt antyder sponsorering, st\u00f8tte eller godkendelse af den linkende part og dens produkter og\/eller tjenester; og (c) passer ind i sammenh\u00e6ngen p\u00e5 den linkende parts websted.<\/p><p>Vi kan overveje og godkende andre linkanmodninger fra f\u00f8lgende typer organisationer:<\/p><p>almindeligt kendte forbruger- og\/eller erhvervsinformationskilder;<br \/>dot.com-samfund<br \/>foreninger eller andre grupper, der repr\u00e6senterer velg\u00f8rende organisationer;<br \/>distribut\u00f8rer af onlinekataloger;<br \/>internetportaler;<br \/>revisions-, advokat- og konsulentfirmaer; og<br \/>uddannelsesinstitutioner og brancheforeninger.<\/p><p>Vi godkender linkanmodninger fra disse organisationer, hvis vi vurderer, at: (a) linket ikke vil f\u00e5 os til at se ugunstigt ud for os selv eller for vores akkrediterede virksomheder; (b) organisationen ikke har nogen negative optegnelser hos os; (c) fordelen for os ved hyperlinkets synlighed kompenserer for Vakbits frav\u00e6r, og (d) linket er i forbindelse med generel ressourceinformation.<\/p><p>Disse organisationer kan linke til vores hjemmeside, s\u00e5 l\u00e6nge linket: (a) ikke er vildledende p\u00e5 nogen m\u00e5de; (b) ikke fejlagtigt antyder sponsorering, st\u00f8tte eller godkendelse af den linkende part og dens produkter eller tjenester; og (c) passer ind i sammenh\u00e6ngen med den linkende parts websted. Hvis du er en af de organisationer, der er anf\u00f8rt ovenfor, og er interesseret i at linke til vores hjemmeside, skal du underrette os ved at sende en e-mail til Vakbit.<\/p><p>Angiv venligst dit navn, navnet p\u00e5 din organisation, kontaktoplysninger og URL'en til din hjemmeside, en liste over alle URL'er, hvorfra du vil linke til vores hjemmeside, og en liste over URL'er p\u00e5 vores hjemmeside, som du gerne vil linke til. Regn med 2-3 ugers svartid.<\/p><p>Godkendte organisationer kan hyperlinke til vores hjemmeside:<\/p><p>ved at bruge vores firmanavn eller<br \/>ved hj\u00e6lp af en uniform resource locator, der linker til den eller<br \/>bruge enhver anden beskrivelse af vores hjemmeside, der er relevant i forhold til sammenh\u00e6ngen og formatet af indholdet p\u00e5 den linkende parts hjemmeside.<\/p><p>Medmindre der foreligger en varem\u00e6rkelicensaftale, er det ikke tilladt at bruge Vakbit-logoet eller andet indhold til linket.<\/p><p>iFrame<\/p><p>Du m\u00e5 ikke oprette rammer omkring vores websted p\u00e5 nogen m\u00e5de, der \u00e6ndrer den visuelle pr\u00e6sentation eller udseendet af vores websted uden vores forudg\u00e5ende godkendelse og skriftlige tilladelse.<\/p><p>Ansvar for indhold<\/p><p>Vi er ikke ansvarlige for noget indhold, der vises p\u00e5 din hjemmeside. Du accepterer at beskytte og forsvare os mod alle krav, der vises p\u00e5 dit websted. Der m\u00e5 ikke vises links p\u00e5 noget websted, der kan fortolkes som falsk, uanst\u00e6ndigt eller kriminelt, eller som kr\u00e6nker, p\u00e5 anden m\u00e5de overtr\u00e6der eller g\u00e5r ind for kr\u00e6nkelse eller anden overtr\u00e6delse af tredjeparts rettigheder.<\/p><p>Forbehold for rettigheder<\/p><p>Vi forbeholder os ret til at anmode om, at du fjerner alle links eller et bestemt link til vores websted. Du accepterer straks at fjerne alle links til vores websted efter anmodning. Vi forbeholder os ogs\u00e5 ret til at \u00e6ndre disse vilk\u00e5r og betingelser og linkpolitikken til enhver tid. Ved at forts\u00e6tte med at linke til vores hjemmeside accepterer du at v\u00e6re bundet af og f\u00f8lge disse vilk\u00e5r og betingelser.<\/p><p>Fjernelse af links fra vores hjemmeside<\/p><p>Hvis du finder et link p\u00e5 vores hjemmeside, der af en eller anden grund er st\u00f8dende, er du velkommen til at kontakte os og informere os n\u00e5r som helst. Vi vil overveje anmodninger om at fjerne links, men vi er ikke forpligtet til at svare dig direkte. Vi garanterer ikke, at oplysningerne p\u00e5 dette websted er korrekte, og vi garanterer heller ikke, at de er fuldst\u00e6ndige eller n\u00f8jagtige, og vi lover heller ikke at sikre, at webstedet forbliver tilg\u00e6ngeligt, eller at materialet p\u00e5 webstedet holdes opdateret.<\/p><p>Ansvarsfraskrivelse<\/p><p>I det fulde omfang, det er tilladt i henhold til g\u00e6ldende lov, udelukker vi alle erkl\u00e6ringer, garantier og betingelser i forbindelse med vores websted og brugen af dette websted. Intet i denne ansvarsfraskrivelse vil:<\/p><p>De begr\u00e6nsninger og forbud mod ansvar, der er fastsat i dette afsnit og andre steder i denne ansvarsfraskrivelse: (a) g\u00e6lder i det foreg\u00e5ende afsnit; og (b) regulerer alle forpligtelser, der opst\u00e5r i henhold til ansvarsfraskrivelsen, herunder kontraktlige forpligtelser, der opst\u00e5r som f\u00f8lge af kontrakt, erstatning og brud p\u00e5 lovbestemte forpligtelser.<\/p><p>S\u00e5 l\u00e6nge webstedet og oplysningerne og tjenesterne p\u00e5 webstedet er gratis tilg\u00e6ngelige, er vi ikke ansvarlige for tab eller skader.<\/p><p>Udenretlig l\u00f8sning af forbrugertvister<\/p><p>I overensstemmelse med lovbestemmelserne anerkender Vakbit ikke nogen udenretslig udbyder af forbrugertvistbil\u00e6ggelse som kompetent til at l\u00f8se forbrugertvister, som forbrugere kan indlede i overensstemmelse med loven om udenretslig forbrugertvistbil\u00e6ggelse. Som udbyder af varer og tjenesteydelser offentligg\u00f8r virksomheden et elektronisk link til den online platform for l\u00f8sning af forbrugertvister (SRPS) p\u00e5 sin hjemmeside. Platformen er tilg\u00e6ngelig for forbrugerne p\u00e5 det elektroniske link http:\/\/ec.europa.eu\/odr. Denne ordning stammer fra lov om udenretslig bil\u00e6ggelse af tvister p\u00e5 forbrugeromr\u00e5det, Europa-Parlamentets og R\u00e5dets forordning (EU) nr. 524\/2013 om onlinetvistbil\u00e6ggelse i forbindelse med tvister p\u00e5 forbrugeromr\u00e5det og om \u00e6ndring af forordning (EF) nr. 2016\/2004 og direktiv 200.<\/p>\t\t\t\t\t\t\t\t<\/div>\n\t\t\t\t<\/div>\n\t\t\t\t\t<\/div>\n\t\t<\/div>\n\t\t\t\t\t<\/div>\n\t\t<\/section>\n\t\t\t\t<\/div>","protected":false},"excerpt":{"rendered":"<p>General Terms and Conditions These terms describe the rules and regulations for using the Vakbit website, located at https:\/\/vakbit.com\/ and all of its subdomains. By accessing this website, we assume that you accept these terms. If you do not agree with all the terms and conditions stated on this page, do not continue to use [&hellip;]<\/p>","protected":false},"author":1,"featured_media":0,"parent":0,"menu_order":0,"comment_status":"closed","ping_status":"closed","template":"","meta":{"_seopress_robots_primary_cat":"","_seopress_titles_title":"","_seopress_titles_desc":"","_seopress_robots_index":"","ocean_post_layout":"full-screen","ocean_both_sidebars_style":"","ocean_both_sidebars_content_width":0,"ocean_both_sidebars_sidebars_width":0,"ocean_sidebar":"0","ocean_second_sidebar":"0","ocean_disable_margins":"enable","ocean_add_body_class":"","ocean_shortcode_before_top_bar":"","ocean_shortcode_after_top_bar":"","ocean_shortcode_before_header":"","ocean_shortcode_after_header":"","ocean_has_shortcode":"","ocean_shortcode_after_title":"","ocean_shortcode_before_footer_widgets":"","ocean_shortcode_after_footer_widgets":"","ocean_shortcode_before_footer_bottom":"","ocean_shortcode_after_footer_bottom":"","ocean_display_top_bar":"default","ocean_display_header":"default","ocean_header_style":"transparent","ocean_center_header_left_menu":"0","ocean_custom_header_template":"0","ocean_custom_logo":0,"ocean_custom_retina_logo":0,"ocean_custom_logo_max_width":0,"ocean_custom_logo_tablet_max_width":0,"ocean_custom_logo_mobile_max_width":0,"ocean_custom_logo_max_height":0,"ocean_custom_logo_tablet_max_height":0,"ocean_custom_logo_mobile_max_height":0,"ocean_header_custom_menu":"0","ocean_menu_typo_font_family":"0","ocean_menu_typo_font_subset":"","ocean_menu_typo_font_size":0,"ocean_menu_typo_font_size_tablet":0,"ocean_menu_typo_font_size_mobile":0,"ocean_menu_typo_font_size_unit":"px","ocean_menu_typo_font_weight":"","ocean_menu_typo_font_weight_tablet":"","ocean_menu_typo_font_weight_mobile":"","ocean_menu_typo_transform":"","ocean_menu_typo_transform_tablet":"","ocean_menu_typo_transform_mobile":"","ocean_menu_typo_line_height":0,"ocean_menu_typo_line_height_tablet":0,"ocean_menu_typo_line_height_mobile":0,"ocean_menu_typo_line_height_unit":"","ocean_menu_typo_spacing":0,"ocean_menu_typo_spacing_tablet":0,"ocean_menu_typo_spacing_mobile":0,"ocean_menu_typo_spacing_unit":"","ocean_menu_link_color":"","ocean_menu_link_color_hover":"","ocean_menu_link_color_active":"","ocean_menu_link_background":"","ocean_menu_link_hover_background":"","ocean_menu_link_active_background":"","ocean_menu_social_links_bg":"","ocean_menu_social_hover_links_bg":"","ocean_menu_social_links_color":"","ocean_menu_social_hover_links_color":"","ocean_disable_title":"on","ocean_disable_heading":"default","ocean_post_title":"","ocean_post_subheading":"","ocean_post_title_style":"","ocean_post_title_background_color":"","ocean_post_title_background":0,"ocean_post_title_bg_image_position":"","ocean_post_title_bg_image_attachment":"","ocean_post_title_bg_image_repeat":"","ocean_post_title_bg_image_size":"","ocean_post_title_height":0,"ocean_post_title_bg_overlay":0.5,"ocean_post_title_bg_overlay_color":"","ocean_disable_breadcrumbs":"default","ocean_breadcrumbs_color":"","ocean_breadcrumbs_separator_color":"","ocean_breadcrumbs_links_color":"","ocean_breadcrumbs_links_hover_color":"","ocean_display_footer_widgets":"default","ocean_display_footer_bottom":"default","ocean_custom_footer_template":"0","footnotes":""},"class_list":["post-1295","page","type-page","status-publish","hentry","entry"],"_links":{"self":[{"href":"https:\/\/vakbit.com\/da\/wp-json\/wp\/v2\/pages\/1295","targetHints":{"allow":["GET"]}}],"collection":[{"href":"https:\/\/vakbit.com\/da\/wp-json\/wp\/v2\/pages"}],"about":[{"href":"https:\/\/vakbit.com\/da\/wp-json\/wp\/v2\/types\/page"}],"author":[{"embeddable":true,"href":"https:\/\/vakbit.com\/da\/wp-json\/wp\/v2\/users\/1"}],"replies":[{"embeddable":true,"href":"https:\/\/vakbit.com\/da\/wp-json\/wp\/v2\/comments?post=1295"}],"version-history":[{"count":10,"href":"https:\/\/vakbit.com\/da\/wp-json\/wp\/v2\/pages\/1295\/revisions"}],"predecessor-version":[{"id":1532,"href":"https:\/\/vakbit.com\/da\/wp-json\/wp\/v2\/pages\/1295\/revisions\/1532"}],"wp:attachment":[{"href":"https:\/\/vakbit.com\/da\/wp-json\/wp\/v2\/media?parent=1295"}],"curies":[{"name":"wp","href":"https:\/\/api.w.org\/{rel}","templated":true}]}}