{"id":1282,"date":"2025-03-27T15:33:00","date_gmt":"2025-03-27T15:33:00","guid":{"rendered":"https:\/\/vakbit.com\/?page_id=1282"},"modified":"2025-12-23T22:00:01","modified_gmt":"2025-12-23T22:00:01","slug":"politika-zasebnosti","status":"publish","type":"page","link":"https:\/\/vakbit.com\/de\/politika-zasebnosti\/","title":{"rendered":"Politika zasebnosti"},"content":{"rendered":"<div data-elementor-type=\"wp-page\" data-elementor-id=\"1282\" class=\"elementor elementor-1282\" data-elementor-post-type=\"page\">\n\t\t\t\t\t\t<section class=\"elementor-section elementor-top-section elementor-element elementor-element-23cd4f0 elementor-section-boxed elementor-section-height-default elementor-section-height-default\" data-id=\"23cd4f0\" data-element_type=\"section\" id=\"about\" data-settings=\"{&quot;background_background&quot;:&quot;gradient&quot;}\">\n\t\t\t\t\t\t<div class=\"elementor-container elementor-column-gap-default\">\n\t\t\t\t\t<div class=\"elementor-column elementor-col-100 elementor-top-column elementor-element elementor-element-9f48ae0\" data-id=\"9f48ae0\" data-element_type=\"column\">\n\t\t\t<div class=\"elementor-widget-wrap elementor-element-populated\">\n\t\t\t\t\t\t<div class=\"elementor-element elementor-element-6d7bb30 elementor-widget elementor-widget-heading\" data-id=\"6d7bb30\" data-element_type=\"widget\" data-widget_type=\"heading.default\">\n\t\t\t\t<div class=\"elementor-widget-container\">\n\t\t\t\t\t<h2 class=\"elementor-heading-title elementor-size-default\">Datenschutzbestimmungen<\/h2>\t\t\t\t<\/div>\n\t\t\t\t<\/div>\n\t\t\t\t<div class=\"elementor-element elementor-element-0c8563b elementor-widget elementor-widget-text-editor\" data-id=\"0c8563b\" data-element_type=\"widget\" data-widget_type=\"text-editor.default\">\n\t\t\t\t<div class=\"elementor-widget-container\">\n\t\t\t\t\t\t\t\t\t<p>WAS WIR BRAUCHEN<br \/>Unsere Datenschutzrichtlinie regelt die Verwendung und Speicherung von Daten. Sie k\u00f6nnen unsere Datenschutzpolitik auf der Seite Datenschutzhinweis (siehe Anhang unten) einsehen. Das Unternehmen ist der Verantwortliche f\u00fcr die von ihm verarbeiteten personenbezogenen Daten (betroffene Person: Sie, der K\u00e4ufer, Besucher usw.). Wir sammeln die folgenden Arten von personenbezogenen Daten:<\/p><p>E-Mail Adresse;<br \/>Vor- und Nachname, Adresse, E-Mail-Adresse und Telefonnummer;<br \/>Angaben zur Zahlungsmethode, z. B. Angaben zu Kredit- oder Debitkarten, PayPal und anderen Zahlungsmethoden;<br \/>Kopien der pers\u00f6nlichen Dokumente, die die Richtigkeit der pers\u00f6nlichen Daten best\u00e4tigen;<br \/>Kekse;<br \/>Google Analytics, Yandex und Cloudflare verfolgen den Besuch;<br \/>Links zu pers\u00f6nlichen Profilen in Gruppen sozialer Medien.<br \/>Wir erheben jede Art von personenbezogenen Daten je nach Notwendigkeit und mit gesonderter Zustimmung.<\/p><p>WARUM WIR ES BRAUCHEN<br \/>Wir ben\u00f6tigen Ihre pers\u00f6nlichen Daten f\u00fcr die folgenden Dienstleistungen:<\/p><p>E-Mail-Adresse, um auf Ihre E-Mails oder \u00fcber Kontaktformulare gesendete Nachrichten zu antworten;<br \/>E-Mail-Adresse f\u00fcr den Versand von Angeboten und E-Newslettern;<br \/>Vor- und Nachname, Adresse, E-Mail-Adresse und Telefonnummer f\u00fcr die Annahme von Reservierungen, Anfragen und die Zusendung von Angeboten oder im Zusammenhang mit der Erf\u00fcllung Ihrer sonstigen Anfragen;<br \/>Vor- und Nachname, Adresse, E-Mail-Adresse und Telefonnummer f\u00fcr den Kauf von Geschenkkarten, Gutscheinen oder Dienstleistungen und Artikeln im Zusammenhang mit unserem Angebot;<br \/>Angaben zur Zahlungsmethode und Kopien der pers\u00f6nlichen Dokumente f\u00fcr die Erbringung der Dienstleistungen;<br \/>E-Mail-Adresse f\u00fcr automatisiertes Marketing (Best\u00e4tigung von Reservierungen, Dankesch\u00f6n f\u00fcr Anmeldungen usw.);<br \/>Cookies f\u00fcr das Funktionieren von Websites;<br \/>Kommunikation \u00fcber soziale Gruppen mit pers\u00f6nlichen Profilen, die eine Verbindung mit uns best\u00e4tigen;<br \/>Vor- und Nachname, Adresse, E-Mail-Adresse und Telefonnummer f\u00fcr gelegentliche Gewinnspiele oder andere Werbekampagnen mit Ihrer vorherigen Zustimmung;<br \/>Aggregierte Daten von Google Analytics oder Yandex Direct und Cloudflare f\u00fcr die Besuchsverfolgung und interne Analysen, die wir zur Verbesserung der Inhalte verwenden werden.<br \/>WAS WIR MIT PERSONENBEZOGENEN DATEN TUN<br \/>Das Hosting und die Speicherung der Daten erfolgt durch https:\/\/easytask.si\/ mit Sitz in der Europ\u00e4ischen Union (Deutschland).<\/p><p>Kein Dritter hat Zugang zu Ihren Daten, es sei denn, dies ist gesetzlich vorgeschrieben.<\/p><p>WIE LANGE WIR SIE AUFBEWAHREN<br \/>Auf unserer Website verwenden wir dauerhafte Cookies f\u00fcr Links zu sozialen Diensten und anderen \"Sharing\"-Anbietern sowie Cookies, die Ihnen den wiederholten Zugriff auf Ihre Lieblingsinhalte auf unserer Website erm\u00f6glichen.<\/p><p>WELCHE RECHTE HABEN SIE?<br \/>Wenn Sie der Meinung sind, dass die personenbezogenen Daten, die wir \u00fcber Sie gespeichert haben, unrichtig oder unvollst\u00e4ndig sind, haben Sie die M\u00f6glichkeit, die \u00dcberpr\u00fcfung, Korrektur oder L\u00f6schung dieser Daten zu beantragen. Wenden Sie sich bitte an uns (Formular f\u00fcr Datenzugriffsanfragen). Wenn Sie sich dar\u00fcber beschweren m\u00f6chten, wie wir Ihre personenbezogenen Daten verarbeitet haben, wenden Sie sich bitte an den Datenschutzbeauftragten oder Datenschutzkontakt (DPC) im Unternehmen.<\/p><p>Unser Datenschutzbeauftragter wird dann Ihre Beschwerde pr\u00fcfen und Sie \u00fcber das Ergebnis informieren. Wenn Sie immer noch der Meinung sind, dass Ihre personenbezogenen Daten nicht in \u00dcbereinstimmung mit dem Gesetz verarbeitet wurden, k\u00f6nnen Sie sich an den Information Commissioner wenden und dort eine Beschwerde einreichen. Sie k\u00f6nnen den Zugang zu datenschutzrelevanten Richtlinien und Dokumenten mit dem speziellen Formular auf der Seite Datenschutzhinweis beantragen.<\/p><p>Verwandte Dokumente:<\/p><p>Politik zum Schutz personenbezogener Daten<br \/>Richtlinie zur Aufbewahrung personenbezogener Daten (auf Anfrage per E-Mail oder pers\u00f6nlich)<br \/>Zeitplan f\u00fcr die Aufbewahrung personenbezogener Daten (auf Anfrage per E-Mail oder pers\u00f6nlich)<br \/>Hinweis zum Datenschutz<br \/>Bedingungen und Konditionen<br \/>Zustimmungsformular<br \/>Formular f\u00fcr die R\u00fccknahme der Zustimmung<\/p><p><br \/>Version des Dokuments: 1.0<\/p>\t\t\t\t\t\t\t\t<\/div>\n\t\t\t\t<\/div>\n\t\t\t\t\t<\/div>\n\t\t<\/div>\n\t\t\t\t\t<\/div>\n\t\t<\/section>\n\t\t\t\t<\/div>","protected":false},"excerpt":{"rendered":"<p>Privacy Policy WHAT WE NEEDOur privacy policy governs the use and storage of data. You can view our privacy policy on the Privacy Notice page (see attachment below). The company is the controller of the personal data it processes (data subject: you, the buyer, visitor, etc.). We collect the following types of personal data: Email [&hellip;]<\/p>","protected":false},"author":1,"featured_media":0,"parent":0,"menu_order":0,"comment_status":"closed","ping_status":"closed","template":"","meta":{"_seopress_robots_primary_cat":"","_seopress_titles_title":"","_seopress_titles_desc":"","_seopress_robots_index":"","ocean_post_layout":"full-screen","ocean_both_sidebars_style":"","ocean_both_sidebars_content_width":0,"ocean_both_sidebars_sidebars_width":0,"ocean_sidebar":"0","ocean_second_sidebar":"0","ocean_disable_margins":"enable","ocean_add_body_class":"","ocean_shortcode_before_top_bar":"","ocean_shortcode_after_top_bar":"","ocean_shortcode_before_header":"","ocean_shortcode_after_header":"","ocean_has_shortcode":"","ocean_shortcode_after_title":"","ocean_shortcode_before_footer_widgets":"","ocean_shortcode_after_footer_widgets":"","ocean_shortcode_before_footer_bottom":"","ocean_shortcode_after_footer_bottom":"","ocean_display_top_bar":"default","ocean_display_header":"default","ocean_header_style":"transparent","ocean_center_header_left_menu":"0","ocean_custom_header_template":"0","ocean_custom_logo":0,"ocean_custom_retina_logo":0,"ocean_custom_logo_max_width":0,"ocean_custom_logo_tablet_max_width":0,"ocean_custom_logo_mobile_max_width":0,"ocean_custom_logo_max_height":0,"ocean_custom_logo_tablet_max_height":0,"ocean_custom_logo_mobile_max_height":0,"ocean_header_custom_menu":"0","ocean_menu_typo_font_family":"0","ocean_menu_typo_font_subset":"","ocean_menu_typo_font_size":0,"ocean_menu_typo_font_size_tablet":0,"ocean_menu_typo_font_size_mobile":0,"ocean_menu_typo_font_size_unit":"px","ocean_menu_typo_font_weight":"","ocean_menu_typo_font_weight_tablet":"","ocean_menu_typo_font_weight_mobile":"","ocean_menu_typo_transform":"","ocean_menu_typo_transform_tablet":"","ocean_menu_typo_transform_mobile":"","ocean_menu_typo_line_height":0,"ocean_menu_typo_line_height_tablet":0,"ocean_menu_typo_line_height_mobile":0,"ocean_menu_typo_line_height_unit":"","ocean_menu_typo_spacing":0,"ocean_menu_typo_spacing_tablet":0,"ocean_menu_typo_spacing_mobile":0,"ocean_menu_typo_spacing_unit":"","ocean_menu_link_color":"","ocean_menu_link_color_hover":"","ocean_menu_link_color_active":"","ocean_menu_link_background":"","ocean_menu_link_hover_background":"","ocean_menu_link_active_background":"","ocean_menu_social_links_bg":"","ocean_menu_social_hover_links_bg":"","ocean_menu_social_links_color":"","ocean_menu_social_hover_links_color":"","ocean_disable_title":"on","ocean_disable_heading":"default","ocean_post_title":"","ocean_post_subheading":"","ocean_post_title_style":"","ocean_post_title_background_color":"","ocean_post_title_background":0,"ocean_post_title_bg_image_position":"","ocean_post_title_bg_image_attachment":"","ocean_post_title_bg_image_repeat":"","ocean_post_title_bg_image_size":"","ocean_post_title_height":0,"ocean_post_title_bg_overlay":0.5,"ocean_post_title_bg_overlay_color":"","ocean_disable_breadcrumbs":"default","ocean_breadcrumbs_color":"","ocean_breadcrumbs_separator_color":"","ocean_breadcrumbs_links_color":"","ocean_breadcrumbs_links_hover_color":"","ocean_display_footer_widgets":"default","ocean_display_footer_bottom":"default","ocean_custom_footer_template":"0","footnotes":""},"class_list":["post-1282","page","type-page","status-publish","hentry","entry"],"_links":{"self":[{"href":"https:\/\/vakbit.com\/de\/wp-json\/wp\/v2\/pages\/1282","targetHints":{"allow":["GET"]}}],"collection":[{"href":"https:\/\/vakbit.com\/de\/wp-json\/wp\/v2\/pages"}],"about":[{"href":"https:\/\/vakbit.com\/de\/wp-json\/wp\/v2\/types\/page"}],"author":[{"embeddable":true,"href":"https:\/\/vakbit.com\/de\/wp-json\/wp\/v2\/users\/1"}],"replies":[{"embeddable":true,"href":"https:\/\/vakbit.com\/de\/wp-json\/wp\/v2\/comments?post=1282"}],"version-history":[{"count":7,"href":"https:\/\/vakbit.com\/de\/wp-json\/wp\/v2\/pages\/1282\/revisions"}],"predecessor-version":[{"id":1525,"href":"https:\/\/vakbit.com\/de\/wp-json\/wp\/v2\/pages\/1282\/revisions\/1525"}],"wp:attachment":[{"href":"https:\/\/vakbit.com\/de\/wp-json\/wp\/v2\/media?parent=1282"}],"curies":[{"name":"wp","href":"https:\/\/api.w.org\/{rel}","templated":true}]}}