{"id":1295,"date":"2025-03-27T16:02:25","date_gmt":"2025-03-27T16:02:25","guid":{"rendered":"https:\/\/vakbit.com\/?page_id=1295"},"modified":"2025-12-23T22:08:26","modified_gmt":"2025-12-23T22:08:26","slug":"splosni-pogoji","status":"publish","type":"page","link":"https:\/\/vakbit.com\/de\/splosni-pogoji\/","title":{"rendered":"Splo\u0161ni pogoji"},"content":{"rendered":"<div data-elementor-type=\"wp-page\" data-elementor-id=\"1295\" class=\"elementor elementor-1295\" data-elementor-post-type=\"page\">\n\t\t\t\t\t\t<section class=\"elementor-section elementor-top-section elementor-element elementor-element-23cd4f0 elementor-section-boxed elementor-section-height-default elementor-section-height-default\" data-id=\"23cd4f0\" data-element_type=\"section\" id=\"about\" data-settings=\"{&quot;background_background&quot;:&quot;gradient&quot;}\">\n\t\t\t\t\t\t<div class=\"elementor-container elementor-column-gap-default\">\n\t\t\t\t\t<div class=\"elementor-column elementor-col-100 elementor-top-column elementor-element elementor-element-9f48ae0\" data-id=\"9f48ae0\" data-element_type=\"column\">\n\t\t\t<div class=\"elementor-widget-wrap elementor-element-populated\">\n\t\t\t\t\t\t<div class=\"elementor-element elementor-element-6d7bb30 elementor-widget elementor-widget-heading\" data-id=\"6d7bb30\" data-element_type=\"widget\" data-widget_type=\"heading.default\">\n\t\t\t\t<div class=\"elementor-widget-container\">\n\t\t\t\t\t<h2 class=\"elementor-heading-title elementor-size-default\">Allgemeine Bedingungen und Konditionen<\/h2>\t\t\t\t<\/div>\n\t\t\t\t<\/div>\n\t\t\t\t<div class=\"elementor-element elementor-element-0c8563b elementor-widget elementor-widget-text-editor\" data-id=\"0c8563b\" data-element_type=\"widget\" data-widget_type=\"text-editor.default\">\n\t\t\t\t<div class=\"elementor-widget-container\">\n\t\t\t\t\t\t\t\t\t<p>Diese Bedingungen beschreiben die Regeln und Vorschriften f\u00fcr die Nutzung der Vakbit-Website unter der Adresse https:\/\/vakbit.com\/ und aller ihrer Subdomains. Wenn Sie auf diese Website zugreifen, gehen wir davon aus, dass Sie diese Bedingungen akzeptieren. Wenn Sie nicht mit allen auf dieser Seite genannten Bedingungen einverstanden sind, d\u00fcrfen Sie https:\/\/vakbit.com\/ nicht weiter nutzen.<\/p><p>Die folgende Terminologie gilt f\u00fcr diese Allgemeinen Gesch\u00e4ftsbedingungen, die Datenschutzerkl\u00e4rung und den Haftungsausschluss sowie alle Vereinbarungen: \"Sie\" und \"Ihr\" beziehen sich auf Sie, die Person, die sich auf dieser Website anmeldet und mit den Gesch\u00e4ftsbedingungen des Unternehmens einverstanden ist. \"Unternehmen\", \"wir\", \"wir\", \"unser\" und \"uns\" beziehen sich auf unser Unternehmen. \"Partei\", \"Parteien\" oder \"uns\" beziehen sich sowohl auf den Kunden als auch auf uns. Alle Begriffe beziehen sich auf das Angebot, die Annahme und die Ber\u00fccksichtigung der Zahlung, die notwendig ist, um den Prozess unserer Unterst\u00fctzung f\u00fcr den Kunden in der geeignetsten Weise durchzuf\u00fchren, mit dem ausdr\u00fccklichen Zweck, die Bed\u00fcrfnisse des Kunden bei der Bereitstellung der genannten Dienstleistungen in \u00dcbereinstimmung mit und unter Ber\u00fccksichtigung des geltenden Rechts in Slowenien zu erf\u00fcllen. Jegliche Verwendung der oben genannten Terminologie oder anderer W\u00f6rter in der Einzahl, Mehrzahl, Gro\u00dfschreibung und\/oder er\/sie werden als austauschbar angesehen und beziehen sich daher auf dasselbe.<\/p><p>Cookies<\/p><p>Die Website verwendet Cookies. Durch die Nutzung von https:\/\/vakbit.com erkl\u00e4ren Sie sich mit der Verwendung von Cookies in \u00dcbereinstimmung mit der Politik von Vakbit und den Datenschutzbestimmungen auf der Website einverstanden. Die meisten interaktiven Websites verwenden Cookies, um Benutzerdaten f\u00fcr jeden Besuch zu sammeln. Wir verwenden Cookies auf unserer Website, um die Funktionalit\u00e4t bestimmter Bereiche zu erm\u00f6glichen und den Besuchern die Nutzung unserer Website zu erleichtern. Einige unserer Tochtergesellschaften\/Werbepartner verwenden m\u00f6glicherweise auch Cookies von Dritten.<\/p><p>Lizenz<\/p><p>Sofern nicht anders angegeben, sind Vakbit und\/oder seine Website-Lizenzgeber die Inhaber der geistigen Eigentumsrechte f\u00fcr das gesamte Material auf https:\/\/vakbit.com\/. Alle geistigen Eigentumsrechte sind vorbehalten. Sie k\u00f6nnen \u00fcber https:\/\/vakbit.com\/ f\u00fcr Ihren pers\u00f6nlichen Gebrauch auf diese Website zugreifen, vorbehaltlich der in diesen Bedingungen und Konditionen dargelegten Einschr\u00e4nkungen.<\/p><p>Das d\u00fcrfen Sie nicht:<\/p><p>Material von https:\/\/vakbit.com\/brez ohne Genehmigung zu ver\u00f6ffentlichen.<br \/>Material von https:\/\/vakbit.com\/brez ohne Genehmigung zu verkaufen, zu vermieten oder Unterlizenzen zu vergeben.<br \/>Material von https:\/\/vakbit.com\/brez ohne Genehmigung zu reproduzieren, zu vervielf\u00e4ltigen oder zu kopieren.<br \/>Inhalte von https:\/\/vakbit.com\/brez ohne Genehmigung weiterzuverbreiten.<\/p><p>Diese Vereinbarung tritt mit dem Datum dieser Vereinbarung oder mit dem unmittelbaren Zugang zu unserer Website in Kraft.<\/p><p>Teile dieser Website bieten Nutzern die M\u00f6glichkeit, Meinungen und Informationen in bestimmten Bereichen der Website zu ver\u00f6ffentlichen und auszutauschen. Vakbit filtert, bearbeitet, ver\u00f6ffentlicht oder \u00fcberpr\u00fcft Kommentare nicht, bevor sie auf der Website ver\u00f6ffentlicht werden. Die Kommentare spiegeln nicht die Ansichten und Meinungen von Vakbit, seinen Vertretern und\/oder verbundenen Unternehmen wider. Kommentare geben die Ansichten und Meinungen der Person wieder, die ihre Meinung gepostet hat. Soweit nach geltendem Recht zul\u00e4ssig, ist Vakbit nicht verantwortlich f\u00fcr Kommentare oder f\u00fcr jegliche Haftung, Sch\u00e4den oder Kosten, die infolge der Nutzung und\/oder Ver\u00f6ffentlichung und\/oder des Erscheinens von Kommentaren auf dieser Website entstehen und\/oder entstehen.<\/p><p>Vakbit beh\u00e4lt sich das Recht vor, alle Kommentare zu \u00fcberwachen und alle Kommentare zu entfernen, die als unangemessen, beleidigend oder als Versto\u00df gegen die vorliegenden Bedingungen angesehen werden k\u00f6nnen.<\/p><p>Sie garantieren und sichern zu, dass:<\/p><p>Sie sind berechtigt, Kommentare auf unserer Website zu ver\u00f6ffentlichen und verf\u00fcgen \u00fcber die daf\u00fcr erforderlichen Genehmigungen und Zustimmungen;<br \/>die Kommentare keine Rechte an geistigem Eigentum, einschlie\u00dflich Urheberrechte, Patente oder Markenrechte Dritter, verletzen;<br \/>die Kommentare keine verleumderischen, beleidigenden, anst\u00f6\u00dfigen, unanst\u00e4ndigen oder anderweitig illegalen Inhalte enthalten, die die Privatsph\u00e4re verletzen;<br \/>Die Kommentare werden nicht zur Werbung oder Verkaufsf\u00f6rderung oder zur Darstellung kommerzieller oder illegaler Aktivit\u00e4ten verwendet.<\/p><p>Mit dem Absenden eines Kommentars gew\u00e4hren Sie Vakbit eine nicht-exklusive Lizenz zur Nutzung, Reproduktion, \u00c4nderung und Autorisierung anderer zur Nutzung, Reproduktion und \u00c4nderung Ihrer Kommentare in allen Formen, Medien oder Formaten.<\/p><p>\u00a0<\/p><p><br \/>Hyperlinks zu unseren Inhalten<\/p><p>Die folgenden Organisationen d\u00fcrfen ohne vorherige schriftliche Genehmigung auf unsere Website verlinken:<\/p><p>Regierungsstellen;<br \/>Suchmaschinen;<br \/>Nachrichten;<br \/>Anbieter von Online-Verzeichnissen, die auf unsere Website verlinken k\u00f6nnen, so wie sie auf die Websites anderer b\u00f6rsennotierter Unternehmen verlinken; und<br \/>akkreditierte Unternehmen im gesamten System, mit Ausnahme von Non-Profit-Organisationen, Wohlt\u00e4tigkeits-Einkaufszentren und Wohlt\u00e4tigkeits-Fundraising-Gruppen, die keine Hyperlinks zu unserer Website setzen d\u00fcrfen.<\/p><p>Diese Organisationen d\u00fcrfen auf unsere Homepage, Ver\u00f6ffentlichungen oder andere Website-Informationen verlinken, solange der Link: (a) in keiner Weise irref\u00fchrend ist; (b) nicht f\u00e4lschlicherweise das Sponsoring, die Bef\u00fcrwortung oder die Genehmigung der verlinkenden Partei und ihrer Produkte und\/oder Dienstleistungen impliziert; und (c) in den Kontext der Website der verlinkenden Partei passt.<\/p><p>Wir k\u00f6nnen andere Linkanfragen von den folgenden Arten von Organisationen ber\u00fccksichtigen und genehmigen:<\/p><p>allgemein bekannte Informationsquellen f\u00fcr Verbraucher und\/oder Unternehmen;<br \/>dot.com-Gemeinschaften<br \/>Verb\u00e4nde oder andere Gruppen, die Wohlt\u00e4tigkeitsorganisationen vertreten;<br \/>Online-Verzeichnisse f\u00fcr H\u00e4ndler;<br \/>Internetportale;<br \/>Wirtschaftspr\u00fcfungs-, Anwalts- und Beratungsunternehmen und<br \/>Bildungseinrichtungen und Berufsverb\u00e4nde.<\/p><p>Wir werden Linkanfragen von diesen Organisationen genehmigen, wenn wir feststellen, dass: (a) der Link uns oder unsere akkreditierten Unternehmen nicht in ein schlechtes Licht r\u00fccken w\u00fcrde; (b) die Organisation keine negativen Eintr\u00e4ge bei uns hat; (c) der Nutzen, den wir aus der Sichtbarkeit des Hyperlinks ziehen, die Abwesenheit von Vakbit ausgleicht, und (d) der Link im Zusammenhang mit allgemeinen Informationen steht.<\/p><p>Diese Organisationen d\u00fcrfen auf unsere Homepage verlinken, solange der Link: (a) in keiner Weise irref\u00fchrend ist; (b) nicht f\u00e4lschlicherweise ein Sponsoring, eine Bef\u00fcrwortung oder eine Genehmigung der verlinkenden Partei und ihrer Produkte oder Dienstleistungen impliziert; und (c) in den Kontext der Website der verlinkenden Partei passt. Wenn Sie eine der oben aufgef\u00fchrten Organisationen sind und an einer Verlinkung zu unserer Website interessiert sind, m\u00fcssen Sie uns dies per E-Mail an Vakbit mitteilen.<\/p><p>Bitte geben Sie Ihren Namen, den Namen Ihrer Organisation, Kontaktinformationen und die URL Ihrer Website an sowie eine Liste aller URLs, von denen aus Sie auf unsere Website verlinken wollen, und eine Liste der URLs auf unserer Website, auf die Sie verlinken m\u00f6chten. Bitte rechnen Sie mit einer Antwort innerhalb von 2-3 Wochen.<\/p><p>Zugelassene Organisationen k\u00f6nnen Hyperlinks zu unserer Website einrichten:<\/p><p>unter Verwendung unseres Firmennamens oder<br \/>unter Verwendung eines einheitlichen Ressourcen-Locators, der auf sie verweist, oder<br \/>die Verwendung einer anderen Beschreibung unserer Website, die im Kontext und Format des Inhalts der Website der verlinkenden Partei relevant ist.<\/p><p>Sofern kein Markenlizenzvertrag besteht, ist die Verwendung des Vakbit-Logos oder anderer Inhalte f\u00fcr den Link nicht gestattet.<\/p><p>iFrame<\/p><p>Sie d\u00fcrfen keine Frames um unsere Website herum erstellen, die die visuelle Pr\u00e4sentation oder das Erscheinungsbild unserer Website ohne unsere vorherige schriftliche Genehmigung ver\u00e4ndern.<\/p><p>Inhaltliche Verantwortung<\/p><p>Wir sind nicht f\u00fcr Inhalte verantwortlich, die auf Ihrer Website erscheinen. Sie verpflichten sich, uns gegen alle Anspr\u00fcche zu sch\u00fctzen und zu verteidigen, die auf Ihrer Website erscheinen. Es d\u00fcrfen keine Links auf einer Website erscheinen, die als falsch, obsz\u00f6n oder kriminell interpretiert werden k\u00f6nnen oder die Rechte Dritter verletzen, anderweitig verletzen oder die Verletzung oder sonstige Verletzung von Rechten Dritter bef\u00fcrworten.<\/p><p>Vorbehalt der Rechte<\/p><p>Wir behalten uns das Recht vor, Sie aufzufordern, alle Links oder einen bestimmten Link zu unserer Website zu entfernen. Sie verpflichten sich, alle Links zu unserer Website auf Verlangen unverz\u00fcglich zu entfernen. Wir behalten uns au\u00dferdem das Recht vor, diese Bedingungen und die Linkpolitik jederzeit zu \u00e4ndern. Indem Sie weiterhin einen Link zu unserer Website herstellen, erkl\u00e4ren Sie sich damit einverstanden, diese Bedingungen zu befolgen.<\/p><p>Entfernung von Links von unserer Website<\/p><p>Wenn Sie einen Link auf unserer Website finden, der aus irgendeinem Grund anst\u00f6\u00dfig ist, k\u00f6nnen Sie uns jederzeit kontaktieren und informieren. Wir werden Anfragen zur Entfernung von Links pr\u00fcfen, sind aber nicht verpflichtet, Ihnen direkt zu antworten. Wir \u00fcbernehmen keine Garantie f\u00fcr die Richtigkeit, Vollst\u00e4ndigkeit oder Genauigkeit der Informationen auf dieser Website und versprechen auch nicht, dass die Website verf\u00fcgbar bleibt oder dass das Material auf der Website auf dem neuesten Stand gehalten wird.<\/p><p>Haftungsausschluss<\/p><p>Soweit dies nach geltendem Recht zul\u00e4ssig ist, schlie\u00dfen wir alle Zusicherungen, Garantien und Bedingungen in Bezug auf unsere Website und die Nutzung dieser Website aus. Nichts in diesem Haftungsausschluss wird:<\/p><p>Die in diesem Abschnitt und an anderer Stelle in diesem Haftungsausschluss festgelegten Haftungsbeschr\u00e4nkungen und -verbote: (a) gelten im vorstehenden Absatz; und (b) regeln alle Haftungen, die sich aus dem Haftungsausschluss ergeben, einschlie\u00dflich vertraglicher Haftungen aus Vertrag, unerlaubter Handlung und Verletzung gesetzlicher Pflichten.<\/p><p>Solange die Website und die Informationen und Dienstleistungen auf der Website kostenlos zur Verf\u00fcgung stehen, haften wir nicht f\u00fcr Verluste oder Sch\u00e4den.<\/p><p>Au\u00dfergerichtliche Beilegung von Verbraucherrechtsstreitigkeiten<\/p><p>Im Einklang mit den gesetzlichen Bestimmungen erkennt Vakbit keinen Anbieter f\u00fcr au\u00dfergerichtliche Verbraucherstreitbeilegung als zust\u00e4ndig f\u00fcr die Beilegung von Verbraucherstreitigkeiten an, die Verbraucher gem\u00e4\u00df dem Gesetz \u00fcber die au\u00dfergerichtliche Verbraucherstreitbeilegung einleiten k\u00f6nnen. Als Anbieter von Waren und Dienstleistungen ver\u00f6ffentlicht das Unternehmen auf seiner Website einen elektronischen Link zur Online-Plattform zur Beilegung von Verbraucherstreitigkeiten (SRPS). Die Plattform steht den Verbrauchern unter dem elektronischen Link http:\/\/ec.europa.eu\/odr zur Verf\u00fcgung. Diese Regelung ergibt sich aus dem Gesetz \u00fcber die au\u00dfergerichtliche Beilegung von Verbraucherrechtsstreitigkeiten, der Verordnung (EU) Nr. 524\/2013 des Europ\u00e4ischen Parlaments und des Rates \u00fcber die Online-Streitbeilegung bei verbraucherrechtlichen Streitigkeiten und zur \u00c4nderung der Verordnung (EG) Nr. 2016\/2004 und der Richtlinie 200.<\/p>\t\t\t\t\t\t\t\t<\/div>\n\t\t\t\t<\/div>\n\t\t\t\t\t<\/div>\n\t\t<\/div>\n\t\t\t\t\t<\/div>\n\t\t<\/section>\n\t\t\t\t<\/div>","protected":false},"excerpt":{"rendered":"<p>General Terms and Conditions These terms describe the rules and regulations for using the Vakbit website, located at https:\/\/vakbit.com\/ and all of its subdomains. By accessing this website, we assume that you accept these terms. If you do not agree with all the terms and conditions stated on this page, do not continue to use [&hellip;]<\/p>","protected":false},"author":1,"featured_media":0,"parent":0,"menu_order":0,"comment_status":"closed","ping_status":"closed","template":"","meta":{"_seopress_robots_primary_cat":"","_seopress_titles_title":"","_seopress_titles_desc":"","_seopress_robots_index":"","ocean_post_layout":"full-screen","ocean_both_sidebars_style":"","ocean_both_sidebars_content_width":0,"ocean_both_sidebars_sidebars_width":0,"ocean_sidebar":"0","ocean_second_sidebar":"0","ocean_disable_margins":"enable","ocean_add_body_class":"","ocean_shortcode_before_top_bar":"","ocean_shortcode_after_top_bar":"","ocean_shortcode_before_header":"","ocean_shortcode_after_header":"","ocean_has_shortcode":"","ocean_shortcode_after_title":"","ocean_shortcode_before_footer_widgets":"","ocean_shortcode_after_footer_widgets":"","ocean_shortcode_before_footer_bottom":"","ocean_shortcode_after_footer_bottom":"","ocean_display_top_bar":"default","ocean_display_header":"default","ocean_header_style":"transparent","ocean_center_header_left_menu":"0","ocean_custom_header_template":"0","ocean_custom_logo":0,"ocean_custom_retina_logo":0,"ocean_custom_logo_max_width":0,"ocean_custom_logo_tablet_max_width":0,"ocean_custom_logo_mobile_max_width":0,"ocean_custom_logo_max_height":0,"ocean_custom_logo_tablet_max_height":0,"ocean_custom_logo_mobile_max_height":0,"ocean_header_custom_menu":"0","ocean_menu_typo_font_family":"0","ocean_menu_typo_font_subset":"","ocean_menu_typo_font_size":0,"ocean_menu_typo_font_size_tablet":0,"ocean_menu_typo_font_size_mobile":0,"ocean_menu_typo_font_size_unit":"px","ocean_menu_typo_font_weight":"","ocean_menu_typo_font_weight_tablet":"","ocean_menu_typo_font_weight_mobile":"","ocean_menu_typo_transform":"","ocean_menu_typo_transform_tablet":"","ocean_menu_typo_transform_mobile":"","ocean_menu_typo_line_height":0,"ocean_menu_typo_line_height_tablet":0,"ocean_menu_typo_line_height_mobile":0,"ocean_menu_typo_line_height_unit":"","ocean_menu_typo_spacing":0,"ocean_menu_typo_spacing_tablet":0,"ocean_menu_typo_spacing_mobile":0,"ocean_menu_typo_spacing_unit":"","ocean_menu_link_color":"","ocean_menu_link_color_hover":"","ocean_menu_link_color_active":"","ocean_menu_link_background":"","ocean_menu_link_hover_background":"","ocean_menu_link_active_background":"","ocean_menu_social_links_bg":"","ocean_menu_social_hover_links_bg":"","ocean_menu_social_links_color":"","ocean_menu_social_hover_links_color":"","ocean_disable_title":"on","ocean_disable_heading":"default","ocean_post_title":"","ocean_post_subheading":"","ocean_post_title_style":"","ocean_post_title_background_color":"","ocean_post_title_background":0,"ocean_post_title_bg_image_position":"","ocean_post_title_bg_image_attachment":"","ocean_post_title_bg_image_repeat":"","ocean_post_title_bg_image_size":"","ocean_post_title_height":0,"ocean_post_title_bg_overlay":0.5,"ocean_post_title_bg_overlay_color":"","ocean_disable_breadcrumbs":"default","ocean_breadcrumbs_color":"","ocean_breadcrumbs_separator_color":"","ocean_breadcrumbs_links_color":"","ocean_breadcrumbs_links_hover_color":"","ocean_display_footer_widgets":"default","ocean_display_footer_bottom":"default","ocean_custom_footer_template":"0","footnotes":""},"class_list":["post-1295","page","type-page","status-publish","hentry","entry"],"_links":{"self":[{"href":"https:\/\/vakbit.com\/de\/wp-json\/wp\/v2\/pages\/1295","targetHints":{"allow":["GET"]}}],"collection":[{"href":"https:\/\/vakbit.com\/de\/wp-json\/wp\/v2\/pages"}],"about":[{"href":"https:\/\/vakbit.com\/de\/wp-json\/wp\/v2\/types\/page"}],"author":[{"embeddable":true,"href":"https:\/\/vakbit.com\/de\/wp-json\/wp\/v2\/users\/1"}],"replies":[{"embeddable":true,"href":"https:\/\/vakbit.com\/de\/wp-json\/wp\/v2\/comments?post=1295"}],"version-history":[{"count":10,"href":"https:\/\/vakbit.com\/de\/wp-json\/wp\/v2\/pages\/1295\/revisions"}],"predecessor-version":[{"id":1532,"href":"https:\/\/vakbit.com\/de\/wp-json\/wp\/v2\/pages\/1295\/revisions\/1532"}],"wp:attachment":[{"href":"https:\/\/vakbit.com\/de\/wp-json\/wp\/v2\/media?parent=1295"}],"curies":[{"name":"wp","href":"https:\/\/api.w.org\/{rel}","templated":true}]}}