{"id":1282,"date":"2025-03-27T15:33:00","date_gmt":"2025-03-27T15:33:00","guid":{"rendered":"https:\/\/vakbit.com\/?page_id=1282"},"modified":"2025-12-23T22:00:01","modified_gmt":"2025-12-23T22:00:01","slug":"politika-zasebnosti","status":"publish","type":"page","link":"https:\/\/vakbit.com\/es\/politika-zasebnosti\/","title":{"rendered":"Pol\u00edtica de asilo"},"content":{"rendered":"<div data-elementor-type=\"wp-page\" data-elementor-id=\"1282\" class=\"elementor elementor-1282\" data-elementor-post-type=\"page\">\n\t\t\t\t\t\t<section class=\"elementor-section elementor-top-section elementor-element elementor-element-23cd4f0 elementor-section-boxed elementor-section-height-default elementor-section-height-default\" data-id=\"23cd4f0\" data-element_type=\"section\" id=\"about\" data-settings=\"{&quot;background_background&quot;:&quot;gradient&quot;}\">\n\t\t\t\t\t\t<div class=\"elementor-container elementor-column-gap-default\">\n\t\t\t\t\t<div class=\"elementor-column elementor-col-100 elementor-top-column elementor-element elementor-element-9f48ae0\" data-id=\"9f48ae0\" data-element_type=\"column\">\n\t\t\t<div class=\"elementor-widget-wrap elementor-element-populated\">\n\t\t\t\t\t\t<div class=\"elementor-element elementor-element-6d7bb30 elementor-widget elementor-widget-heading\" data-id=\"6d7bb30\" data-element_type=\"widget\" data-widget_type=\"heading.default\">\n\t\t\t\t<div class=\"elementor-widget-container\">\n\t\t\t\t\t<h2 class=\"elementor-heading-title elementor-size-default\">Pol\u00edtica de privacidad<\/h2>\t\t\t\t<\/div>\n\t\t\t\t<\/div>\n\t\t\t\t<div class=\"elementor-element elementor-element-0c8563b elementor-widget elementor-widget-text-editor\" data-id=\"0c8563b\" data-element_type=\"widget\" data-widget_type=\"text-editor.default\">\n\t\t\t\t<div class=\"elementor-widget-container\">\n\t\t\t\t\t\t\t\t\t<p>QU\u00c9 NECESITAMOS<br \/>Nuestra pol\u00edtica de privacidad rige el uso y almacenamiento de datos. Puede consultar nuestra pol\u00edtica de privacidad en la p\u00e1gina Aviso de privacidad (v\u00e9ase el archivo adjunto m\u00e1s abajo). La empresa es la responsable del tratamiento de los datos personales que procesa (interesado: usted, el comprador, visitante, etc.). Recogemos los siguientes tipos de datos personales:<\/p><p>Direcci\u00f3n de correo electr\u00f3nico;<br \/>Nombre y apellidos, direcci\u00f3n, direcci\u00f3n de correo electr\u00f3nico y n\u00famero de tel\u00e9fono;<br \/>Detalles del m\u00e9todo de pago, como los datos de la tarjeta de cr\u00e9dito o d\u00e9bito, PayPal y otros m\u00e9todos de pago;<br \/>Copias de documentos personales que confirmen la exactitud de los datos personales;<br \/>Galletas;<br \/>Seguimiento de visitas de Google Analytics, Yandex y Cloudflare;<br \/>Enlaces a perfiles personales en grupos de redes sociales.<br \/>Recopilamos cada tipo de datos personales en funci\u00f3n de las necesidades y con el consentimiento por separado.<\/p><p>POR QU\u00c9 LO NECESITAMOS<br \/>Necesitamos sus datos personales para los siguientes servicios:<\/p><p>Direcci\u00f3n de correo electr\u00f3nico para responder a sus correos electr\u00f3nicos o mensajes enviados a trav\u00e9s de formularios de contacto;<br \/>Direcci\u00f3n de correo electr\u00f3nico para el env\u00edo de ofertas y boletines electr\u00f3nicos;<br \/>Nombre y apellidos, direcci\u00f3n, direcci\u00f3n de correo electr\u00f3nico y n\u00famero de tel\u00e9fono para aceptar reservas, consultas y enviar ofertas o en relaci\u00f3n con el cumplimiento de otras solicitudes;<br \/>Nombre y apellidos, direcci\u00f3n, direcci\u00f3n de correo electr\u00f3nico y n\u00famero de tel\u00e9fono para la compra de tarjetas regalo, vales o servicios y art\u00edculos relacionados con nuestra oferta;<br \/>Detalles de la forma de pago y copias de los documentos personales para la prestaci\u00f3n de servicios;<br \/>Direcci\u00f3n de correo electr\u00f3nico para marketing automatizado (confirmaci\u00f3n de reservas, agradecimiento por inscripciones, etc.);<br \/>Cookies para el funcionamiento de los sitios web;<br \/>Comunicaci\u00f3n a trav\u00e9s de grupos sociales con perfiles personales que confirman una conexi\u00f3n con nosotros;<br \/>Nombre y apellidos, direcci\u00f3n, direcci\u00f3n de correo electr\u00f3nico y n\u00famero de tel\u00e9fono para juegos ocasionales con premio u otras campa\u00f1as promocionales con su consentimiento previo;<br \/>Datos agregados de Google Analytics o Yandex Direct y Cloudflare para el seguimiento de visitas y an\u00e1lisis interno, que utilizaremos para mejorar el contenido.<br \/>QU\u00c9 HACEMOS CON LOS DATOS PERSONALES<br \/>El alojamiento y almacenamiento de datos corre a cargo de https:\/\/easytask.si\/, ubicada en la Uni\u00f3n Europea (Alemania).<\/p><p>Ning\u00fan tercero tiene acceso a sus datos a menos que lo exija la ley.<\/p><p>CU\u00c1NTO TIEMPO LO ALMACENAMOS<br \/>En nuestro sitio web, utilizamos cookies persistentes para los enlaces a servicios sociales y otros proveedores de \"compartici\u00f3n\", as\u00ed como cookies que le ayudan a acceder repetidamente a su contenido favorito en nuestro sitio web.<\/p><p>CU\u00c1LES SON SUS DERECHOS<br \/>Si cree que los datos personales que tenemos sobre usted son incorrectos o est\u00e1n incompletos, tiene la opci\u00f3n de solicitar su revisi\u00f3n, correcci\u00f3n o eliminaci\u00f3n. P\u00f3ngase en contacto con nosotros a trav\u00e9s de (Formulario de solicitud de acceso a datos). Si desea presentar una queja sobre la forma en que hemos tratado sus datos personales, p\u00f3ngase en contacto con el Responsable de Protecci\u00f3n de Datos o con el Contacto de Protecci\u00f3n de Datos (CPD) de la empresa.<\/p><p>A continuaci\u00f3n, nuestro CPD revisar\u00e1 su reclamaci\u00f3n y le informar\u00e1 del resultado. Si sigue creyendo que sus datos personales no han sido tratados conforme a la ley, puede ponerse en contacto con el Comisario de Informaci\u00f3n y presentarle una queja. Puede solicitar acceso a las pol\u00edticas y documentos relacionados con la privacidad utilizando el formulario especial disponible en la p\u00e1gina del Aviso de Privacidad.<\/p><p>Documentos relacionados:<\/p><p>Pol\u00edtica de protecci\u00f3n de datos personales<br \/>Pol\u00edtica de conservaci\u00f3n de datos personales (previa solicitud por correo electr\u00f3nico o en persona)<br \/>Calendario de conservaci\u00f3n de datos personales (previa solicitud por correo electr\u00f3nico o en persona)<br \/>Confidencialidad<br \/>Condiciones generales<br \/>Formulario de consentimiento<br \/>Formulario de retirada del consentimiento<\/p><p><br \/>Versi\u00f3n del documento: 1.0<\/p>\t\t\t\t\t\t\t\t<\/div>\n\t\t\t\t<\/div>\n\t\t\t\t\t<\/div>\n\t\t<\/div>\n\t\t\t\t\t<\/div>\n\t\t<\/section>\n\t\t\t\t<\/div>","protected":false},"excerpt":{"rendered":"<p>Privacy Policy WHAT WE NEEDOur privacy policy governs the use and storage of data. You can view our privacy policy on the Privacy Notice page (see attachment below). The company is the controller of the personal data it processes (data subject: you, the buyer, visitor, etc.). We collect the following types of personal data: Email [&hellip;]<\/p>","protected":false},"author":1,"featured_media":0,"parent":0,"menu_order":0,"comment_status":"closed","ping_status":"closed","template":"","meta":{"_seopress_robots_primary_cat":"","_seopress_titles_title":"","_seopress_titles_desc":"","_seopress_robots_index":"","ocean_post_layout":"full-screen","ocean_both_sidebars_style":"","ocean_both_sidebars_content_width":0,"ocean_both_sidebars_sidebars_width":0,"ocean_sidebar":"0","ocean_second_sidebar":"0","ocean_disable_margins":"enable","ocean_add_body_class":"","ocean_shortcode_before_top_bar":"","ocean_shortcode_after_top_bar":"","ocean_shortcode_before_header":"","ocean_shortcode_after_header":"","ocean_has_shortcode":"","ocean_shortcode_after_title":"","ocean_shortcode_before_footer_widgets":"","ocean_shortcode_after_footer_widgets":"","ocean_shortcode_before_footer_bottom":"","ocean_shortcode_after_footer_bottom":"","ocean_display_top_bar":"default","ocean_display_header":"default","ocean_header_style":"transparent","ocean_center_header_left_menu":"0","ocean_custom_header_template":"0","ocean_custom_logo":0,"ocean_custom_retina_logo":0,"ocean_custom_logo_max_width":0,"ocean_custom_logo_tablet_max_width":0,"ocean_custom_logo_mobile_max_width":0,"ocean_custom_logo_max_height":0,"ocean_custom_logo_tablet_max_height":0,"ocean_custom_logo_mobile_max_height":0,"ocean_header_custom_menu":"0","ocean_menu_typo_font_family":"0","ocean_menu_typo_font_subset":"","ocean_menu_typo_font_size":0,"ocean_menu_typo_font_size_tablet":0,"ocean_menu_typo_font_size_mobile":0,"ocean_menu_typo_font_size_unit":"px","ocean_menu_typo_font_weight":"","ocean_menu_typo_font_weight_tablet":"","ocean_menu_typo_font_weight_mobile":"","ocean_menu_typo_transform":"","ocean_menu_typo_transform_tablet":"","ocean_menu_typo_transform_mobile":"","ocean_menu_typo_line_height":0,"ocean_menu_typo_line_height_tablet":0,"ocean_menu_typo_line_height_mobile":0,"ocean_menu_typo_line_height_unit":"","ocean_menu_typo_spacing":0,"ocean_menu_typo_spacing_tablet":0,"ocean_menu_typo_spacing_mobile":0,"ocean_menu_typo_spacing_unit":"","ocean_menu_link_color":"","ocean_menu_link_color_hover":"","ocean_menu_link_color_active":"","ocean_menu_link_background":"","ocean_menu_link_hover_background":"","ocean_menu_link_active_background":"","ocean_menu_social_links_bg":"","ocean_menu_social_hover_links_bg":"","ocean_menu_social_links_color":"","ocean_menu_social_hover_links_color":"","ocean_disable_title":"on","ocean_disable_heading":"default","ocean_post_title":"","ocean_post_subheading":"","ocean_post_title_style":"","ocean_post_title_background_color":"","ocean_post_title_background":0,"ocean_post_title_bg_image_position":"","ocean_post_title_bg_image_attachment":"","ocean_post_title_bg_image_repeat":"","ocean_post_title_bg_image_size":"","ocean_post_title_height":0,"ocean_post_title_bg_overlay":0.5,"ocean_post_title_bg_overlay_color":"","ocean_disable_breadcrumbs":"default","ocean_breadcrumbs_color":"","ocean_breadcrumbs_separator_color":"","ocean_breadcrumbs_links_color":"","ocean_breadcrumbs_links_hover_color":"","ocean_display_footer_widgets":"default","ocean_display_footer_bottom":"default","ocean_custom_footer_template":"0","footnotes":""},"class_list":["post-1282","page","type-page","status-publish","hentry","entry"],"_links":{"self":[{"href":"https:\/\/vakbit.com\/es\/wp-json\/wp\/v2\/pages\/1282","targetHints":{"allow":["GET"]}}],"collection":[{"href":"https:\/\/vakbit.com\/es\/wp-json\/wp\/v2\/pages"}],"about":[{"href":"https:\/\/vakbit.com\/es\/wp-json\/wp\/v2\/types\/page"}],"author":[{"embeddable":true,"href":"https:\/\/vakbit.com\/es\/wp-json\/wp\/v2\/users\/1"}],"replies":[{"embeddable":true,"href":"https:\/\/vakbit.com\/es\/wp-json\/wp\/v2\/comments?post=1282"}],"version-history":[{"count":7,"href":"https:\/\/vakbit.com\/es\/wp-json\/wp\/v2\/pages\/1282\/revisions"}],"predecessor-version":[{"id":1525,"href":"https:\/\/vakbit.com\/es\/wp-json\/wp\/v2\/pages\/1282\/revisions\/1525"}],"wp:attachment":[{"href":"https:\/\/vakbit.com\/es\/wp-json\/wp\/v2\/media?parent=1282"}],"curies":[{"name":"wp","href":"https:\/\/api.w.org\/{rel}","templated":true}]}}