{"id":1295,"date":"2025-03-27T16:02:25","date_gmt":"2025-03-27T16:02:25","guid":{"rendered":"https:\/\/vakbit.com\/?page_id=1295"},"modified":"2025-12-23T22:08:26","modified_gmt":"2025-12-23T22:08:26","slug":"splosni-pogoji","status":"publish","type":"page","link":"https:\/\/vakbit.com\/es\/splosni-pogoji\/","title":{"rendered":"Imprimir esta p\u00e1gina"},"content":{"rendered":"<div data-elementor-type=\"wp-page\" data-elementor-id=\"1295\" class=\"elementor elementor-1295\" data-elementor-post-type=\"page\">\n\t\t\t\t\t\t<section class=\"elementor-section elementor-top-section elementor-element elementor-element-23cd4f0 elementor-section-boxed elementor-section-height-default elementor-section-height-default\" data-id=\"23cd4f0\" data-element_type=\"section\" id=\"about\" data-settings=\"{&quot;background_background&quot;:&quot;gradient&quot;}\">\n\t\t\t\t\t\t<div class=\"elementor-container elementor-column-gap-default\">\n\t\t\t\t\t<div class=\"elementor-column elementor-col-100 elementor-top-column elementor-element elementor-element-9f48ae0\" data-id=\"9f48ae0\" data-element_type=\"column\">\n\t\t\t<div class=\"elementor-widget-wrap elementor-element-populated\">\n\t\t\t\t\t\t<div class=\"elementor-element elementor-element-6d7bb30 elementor-widget elementor-widget-heading\" data-id=\"6d7bb30\" data-element_type=\"widget\" data-widget_type=\"heading.default\">\n\t\t\t\t<div class=\"elementor-widget-container\">\n\t\t\t\t\t<h2 class=\"elementor-heading-title elementor-size-default\">Condiciones generales<\/h2>\t\t\t\t<\/div>\n\t\t\t\t<\/div>\n\t\t\t\t<div class=\"elementor-element elementor-element-0c8563b elementor-widget elementor-widget-text-editor\" data-id=\"0c8563b\" data-element_type=\"widget\" data-widget_type=\"text-editor.default\">\n\t\t\t\t<div class=\"elementor-widget-container\">\n\t\t\t\t\t\t\t\t\t<p>Estos t\u00e9rminos describen las reglas y normas de uso del sitio web de Vakbit, ubicado en https:\/\/vakbit.com\/ y todos sus subdominios. Al acceder a este sitio web, asumimos que usted acepta estos t\u00e9rminos. Si no est\u00e1 de acuerdo con todos los t\u00e9rminos y condiciones establecidos en esta p\u00e1gina, no contin\u00fae utilizando https:\/\/vakbit.com\/.<\/p><p>La siguiente terminolog\u00eda se aplica a estos T\u00e9rminos y Condiciones, Declaraci\u00f3n de Privacidad y Aviso de Exenci\u00f3n de Responsabilidad y a todos los Acuerdos: \"Usted\" y \"Su\" se refieren a usted, la persona que se conecta a este sitio web y cumple con los T\u00e9rminos y Condiciones de la Compa\u00f1\u00eda. \"Empresa\", \"Nosotros\", \"Nuestro\" y \"Nos\" se refieren a nuestra empresa. \"Parte\", \"Partes\" o \"Nosotros\" se refieren tanto al cliente como a nosotros mismos. Todos los t\u00e9rminos se refieren a la oferta, aceptaci\u00f3n y contraprestaci\u00f3n de pago necesaria para llevar a cabo el proceso de nuestra asistencia al cliente de la manera m\u00e1s adecuada, con el prop\u00f3sito expreso de satisfacer las necesidades del cliente en la prestaci\u00f3n de los servicios indicados de conformidad con y con sujeci\u00f3n a la legislaci\u00f3n vigente de Eslovenia. Cualquier uso de la terminolog\u00eda anterior u otras palabras en singular, plural, may\u00fasculas y\/o \u00e9l\/ella o ellos se consideran intercambiables y, por lo tanto, se refieren a lo mismo.<\/p><p>Cookies<\/p><p>El sitio web utiliza cookies. Al acceder a https:\/\/vakbit.com, el usuario acepta el uso de cookies de acuerdo con la pol\u00edtica de Vakbit y la pol\u00edtica de privacidad del sitio web. La mayor\u00eda de los sitios web interactivos utilizan cookies para recopilar datos del usuario en cada visita. En nuestro sitio web utilizamos cookies para permitir la funcionalidad de determinadas \u00e1reas y facilitar a los visitantes el uso de nuestro sitio web. Algunos de nuestros socios afiliados\/publicitarios tambi\u00e9n pueden utilizar cookies de terceros.<\/p><p>Licencia<\/p><p>A menos que se indique lo contrario, Vakbit y\/o sus licenciantes del sitio web son los propietarios de los derechos de propiedad intelectual de todo el material de https:\/\/vakbit.com\/. Todos los derechos de propiedad intelectual est\u00e1n reservados. Usted puede acceder a trav\u00e9s de https:\/\/vakbit.com\/ para su uso personal, sujeto a las restricciones establecidas en estos t\u00e9rminos y condiciones.<\/p><p>No puede:<\/p><p>Publicar material de https:\/\/vakbit.com\/brez sin autorizaci\u00f3n.<br \/>Vender, alquilar o sublicenciar material de https:\/\/vakbit.com\/brez sin autorizaci\u00f3n.<br \/>Reproducir, duplicar o copiar material de https:\/\/vakbit.com\/brez sin autorizaci\u00f3n.<br \/>Redistribuir contenidos de https:\/\/vakbit.com\/brez sin autorizaci\u00f3n.<\/p><p>El presente acuerdo entrar\u00e1 en vigor en la fecha del mismo o a su llegada inmediata a nuestro sitio web.<\/p><p>Algunas partes de este sitio web ofrecen a los usuarios la oportunidad de publicar e intercambiar opiniones e informaci\u00f3n en ciertas \u00e1reas del sitio web. Vakbit no filtra, edita, publica o revisa los comentarios antes de su presencia en el sitio web. Los comentarios no reflejan los puntos de vista y opiniones de Vakbit, sus agentes y\/o afiliados. Los comentarios reflejan los puntos de vista y opiniones de la persona que publica su opini\u00f3n. En la medida permitida por la ley aplicable, Vakbit no se hace responsable de los comentarios o de cualquier responsabilidad, da\u00f1o o gasto incurrido y\/o sufrido como resultado de cualquier uso y\/o publicaci\u00f3n y\/o aparici\u00f3n de comentarios en este sitio web.<\/p><p>Vakbit se reserva el derecho de supervisar todos los comentarios y eliminar cualquier comentario que pueda ser considerado inapropiado, ofensivo o en violaci\u00f3n de estos t\u00e9rminos y condiciones.<\/p><p>Usted garantiza y declara que:<\/p><p>tiene derecho a publicar comentarios en nuestro sitio web y dispone de los permisos y consentimientos necesarios para hacerlo;<br \/>los comentarios no infringen ning\u00fan derecho de propiedad intelectual, incluidos los derechos de autor, patentes o marcas registradas de terceros;<br \/>los comentarios no contengan material difamatorio, calumnioso, ofensivo, indecente o que atente contra la intimidad;<br \/>los comentarios no se utilizar\u00e1n para solicitar o promover ventas o presentar actividades comerciales o ilegales.<\/p><p>Al enviar un comentario, usted concede a Vakbit una licencia no exclusiva para utilizar, reproducir, modificar y autorizar a otros a utilizar, reproducir y modificar sus comentarios en cualquier forma, medio o formato.<\/p><p>\u00a0<\/p><p><br \/>Hiperv\u00ednculos a nuestros contenidos<\/p><p>Las siguientes organizaciones pueden enlazar con nuestro sitio web sin autorizaci\u00f3n previa por escrito:<\/p><p>agencias gubernamentales;<br \/>motores de b\u00fasqueda;<br \/>noticias;<br \/>distribuidores de directorios en l\u00ednea que pueden enlazar con nuestro sitio web del mismo modo que lo hacen con los sitios web de otras empresas que cotizan en bolsa; y<br \/>empresas acreditadas en todo el sistema, excepto organizaciones sin \u00e1nimo de lucro, centros comerciales ben\u00e9ficos y grupos de recaudaci\u00f3n de fondos ben\u00e9ficos, que no pueden establecer hiperv\u00ednculos con nuestro sitio web.<\/p><p>Estas organizaciones pueden enlazar con nuestra p\u00e1gina de inicio, publicaciones u otra informaci\u00f3n del sitio web siempre que el enlace (a) no sea enga\u00f1oso en modo alguno; (b) no implique falsamente el patrocinio, respaldo o aprobaci\u00f3n de la parte enlazante y sus productos y\/o servicios; y (c) se ajuste al contexto del sitio de la parte enlazante.<\/p><p>Podemos considerar y aprobar otras solicitudes de enlaces de los siguientes tipos de organizaciones:<\/p><p>fuentes de informaci\u00f3n de consumidores y\/o empresas generalmente conocidas;<br \/>comunidades punto.com<br \/>asociaciones u otros grupos que representen a organizaciones ben\u00e9ficas;<br \/>distribuidores de directorios en l\u00ednea;<br \/>portales de internet;<br \/>empresas de contabilidad, abogac\u00eda y consultor\u00eda; y<br \/>instituciones educativas y asociaciones comerciales.<\/p><p>Aprobaremos las solicitudes de enlace de estas organizaciones si determinamos que (a) el enlace no nos har\u00eda quedar mal con nosotros mismos o con nuestras empresas acreditadas; (b) la organizaci\u00f3n no tiene antecedentes negativos con nosotros; (c) el beneficio que nos reporta la visibilidad del hiperv\u00ednculo compensa la ausencia de Vakbit, y (d) el enlace se encuentra en el contexto de informaci\u00f3n general sobre recursos.<\/p><p>Estas organizaciones pueden enlazar con nuestra p\u00e1gina de inicio siempre que el enlace (a) no sea enga\u00f1oso en modo alguno; (b) no implique falsamente el patrocinio, respaldo o aprobaci\u00f3n de la parte enlazante y sus productos o servicios; y (c) se ajuste al contexto del sitio de la parte enlazante. Si usted es una de las organizaciones mencionadas anteriormente y est\u00e1 interesado en enlazar con nuestro sitio web, debe notific\u00e1rnoslo enviando un correo electr\u00f3nico a Vakbit.<\/p><p>Por favor, incluya su nombre, el nombre de su organizaci\u00f3n, informaci\u00f3n de contacto y la URL de su sitio web, una lista de todas las URL desde las que pretende enlazar a nuestro sitio web y una lista de las URL de nuestro sitio web a las que le gustar\u00eda enlazar. La respuesta tardar\u00e1 entre 2 y 3 semanas.<\/p><p>Las organizaciones autorizadas pueden establecer hiperenlaces con nuestro sitio web:<\/p><p>utilizando el nombre de nuestra empresa o<br \/>mediante un localizador uniforme de recursos que enlace con \u00e9l o<br \/>utilizando cualquier otra descripci\u00f3n de nuestro sitio web que sea pertinente en el contexto y el formato del contenido del sitio web de la parte que realiza el enlace.<\/p><p>A menos que exista un acuerdo de licencia de marca, no se permitir\u00e1 el uso del logotipo de Vakbit u otros contenidos para el enlace.<\/p><p>iFrame<\/p><p>Usted no puede crear marcos alrededor de nuestro sitio web de ninguna manera que altere la presentaci\u00f3n visual o la apariencia de nuestro sitio web sin nuestra aprobaci\u00f3n previa y permiso por escrito.<\/p><p>Responsabilidad del contenido<\/p><p>No somos responsables de ning\u00fan contenido que aparezca en su sitio web. Usted se compromete a protegernos y defendernos de todas las reclamaciones que aparezcan en su sitio web. No podr\u00e1n aparecer enlaces en ning\u00fan sitio web que puedan interpretarse como falsos, obscenos o delictivos, o que infrinjan, violen de otro modo o propugnen la infracci\u00f3n u otra violaci\u00f3n de los derechos de terceros.<\/p><p>Reserva de derechos<\/p><p>Nos reservamos el derecho a solicitarle que elimine todos los enlaces o cualquier enlace concreto a nuestro sitio web. Usted se compromete a eliminar inmediatamente todos los enlaces a nuestro sitio web si as\u00ed se le solicita. Tambi\u00e9n nos reservamos el derecho a modificar estas condiciones y la pol\u00edtica de enlaces en cualquier momento. Al continuar enlazando con nuestro sitio web, usted se compromete a respetar y cumplir estos t\u00e9rminos y condiciones.<\/p><p>Eliminar enlaces de nuestro sitio web<\/p><p>Si encuentra alg\u00fan enlace en nuestro sitio web que le resulte ofensivo por cualquier motivo, puede ponerse en contacto con nosotros e informarnos en cualquier momento. Tendremos en cuenta las solicitudes de eliminaci\u00f3n de enlaces, pero no estamos obligados a responderle directamente. No garantizamos que la informaci\u00f3n contenida en este sitio web sea correcta, ni que est\u00e9 completa o sea exacta; tampoco nos comprometemos a garantizar que el sitio web siga estando disponible o que el material que contiene se mantenga actualizado.<\/p><p>Descargo de responsabilidad<\/p><p>En la m\u00e1xima medida permitida por la ley aplicable, excluimos todas las representaciones, garant\u00edas y condiciones relacionadas con nuestro sitio web y el uso de este sitio web. Nada de lo contenido en esta cl\u00e1usula de exenci\u00f3n de responsabilidad:<\/p><p>Las limitaciones y prohibiciones de responsabilidad establecidas en esta secci\u00f3n y en otras partes de esta cl\u00e1usula de exenci\u00f3n de responsabilidad: (a) se aplican en el p\u00e1rrafo anterior; y (b) rigen todas las responsabilidades derivadas de la cl\u00e1usula de exenci\u00f3n de responsabilidad, incluidas las responsabilidades contractuales derivadas de contrato, responsabilidad extracontractual e incumplimiento de obligaciones legales.<\/p><p>Mientras el sitio web y la informaci\u00f3n y los servicios que contiene est\u00e9n disponibles de forma gratuita, no seremos responsables de ninguna p\u00e9rdida o da\u00f1o.<\/p><p>Resoluci\u00f3n extrajudicial de litigios en materia de consumo<\/p><p>De acuerdo con la normativa legal, Vakbit no reconoce a ning\u00fan proveedor de resoluci\u00f3n extrajudicial de litigios en materia de consumo como competente para resolver los litigios en materia de consumo que los consumidores puedan iniciar de conformidad con la Ley de resoluci\u00f3n extrajudicial de litigios en materia de consumo. Como proveedor de bienes y servicios, la empresa publica en su sitio web un enlace electr\u00f3nico a la plataforma en l\u00ednea de resoluci\u00f3n de litigios en materia de consumo (SRPS). La plataforma est\u00e1 a disposici\u00f3n de los consumidores en el enlace electr\u00f3nico http:\/\/ec.europa.eu\/odr. Esta disposici\u00f3n se deriva de la Ley de resoluci\u00f3n extrajudicial de litigios en materia de consumo, del Reglamento (UE) n.\u00ba 524\/2013 del Parlamento Europeo y del Consejo sobre resoluci\u00f3n de litigios en l\u00ednea en materia de consumo y por el que se modifican el Reglamento (CE) n.\u00ba 2016\/2004 y la Directiva 200.\/...\/CE del Parlamento Europeo y del Consejo sobre resoluci\u00f3n extrajudicial de litigios en materia de consumo.<\/p>\t\t\t\t\t\t\t\t<\/div>\n\t\t\t\t<\/div>\n\t\t\t\t\t<\/div>\n\t\t<\/div>\n\t\t\t\t\t<\/div>\n\t\t<\/section>\n\t\t\t\t<\/div>","protected":false},"excerpt":{"rendered":"<p>General Terms and Conditions These terms describe the rules and regulations for using the Vakbit website, located at https:\/\/vakbit.com\/ and all of its subdomains. By accessing this website, we assume that you accept these terms. If you do not agree with all the terms and conditions stated on this page, do not continue to use [&hellip;]<\/p>","protected":false},"author":1,"featured_media":0,"parent":0,"menu_order":0,"comment_status":"closed","ping_status":"closed","template":"","meta":{"_seopress_robots_primary_cat":"","_seopress_titles_title":"","_seopress_titles_desc":"","_seopress_robots_index":"","ocean_post_layout":"full-screen","ocean_both_sidebars_style":"","ocean_both_sidebars_content_width":0,"ocean_both_sidebars_sidebars_width":0,"ocean_sidebar":"0","ocean_second_sidebar":"0","ocean_disable_margins":"enable","ocean_add_body_class":"","ocean_shortcode_before_top_bar":"","ocean_shortcode_after_top_bar":"","ocean_shortcode_before_header":"","ocean_shortcode_after_header":"","ocean_has_shortcode":"","ocean_shortcode_after_title":"","ocean_shortcode_before_footer_widgets":"","ocean_shortcode_after_footer_widgets":"","ocean_shortcode_before_footer_bottom":"","ocean_shortcode_after_footer_bottom":"","ocean_display_top_bar":"default","ocean_display_header":"default","ocean_header_style":"transparent","ocean_center_header_left_menu":"0","ocean_custom_header_template":"0","ocean_custom_logo":0,"ocean_custom_retina_logo":0,"ocean_custom_logo_max_width":0,"ocean_custom_logo_tablet_max_width":0,"ocean_custom_logo_mobile_max_width":0,"ocean_custom_logo_max_height":0,"ocean_custom_logo_tablet_max_height":0,"ocean_custom_logo_mobile_max_height":0,"ocean_header_custom_menu":"0","ocean_menu_typo_font_family":"0","ocean_menu_typo_font_subset":"","ocean_menu_typo_font_size":0,"ocean_menu_typo_font_size_tablet":0,"ocean_menu_typo_font_size_mobile":0,"ocean_menu_typo_font_size_unit":"px","ocean_menu_typo_font_weight":"","ocean_menu_typo_font_weight_tablet":"","ocean_menu_typo_font_weight_mobile":"","ocean_menu_typo_transform":"","ocean_menu_typo_transform_tablet":"","ocean_menu_typo_transform_mobile":"","ocean_menu_typo_line_height":0,"ocean_menu_typo_line_height_tablet":0,"ocean_menu_typo_line_height_mobile":0,"ocean_menu_typo_line_height_unit":"","ocean_menu_typo_spacing":0,"ocean_menu_typo_spacing_tablet":0,"ocean_menu_typo_spacing_mobile":0,"ocean_menu_typo_spacing_unit":"","ocean_menu_link_color":"","ocean_menu_link_color_hover":"","ocean_menu_link_color_active":"","ocean_menu_link_background":"","ocean_menu_link_hover_background":"","ocean_menu_link_active_background":"","ocean_menu_social_links_bg":"","ocean_menu_social_hover_links_bg":"","ocean_menu_social_links_color":"","ocean_menu_social_hover_links_color":"","ocean_disable_title":"on","ocean_disable_heading":"default","ocean_post_title":"","ocean_post_subheading":"","ocean_post_title_style":"","ocean_post_title_background_color":"","ocean_post_title_background":0,"ocean_post_title_bg_image_position":"","ocean_post_title_bg_image_attachment":"","ocean_post_title_bg_image_repeat":"","ocean_post_title_bg_image_size":"","ocean_post_title_height":0,"ocean_post_title_bg_overlay":0.5,"ocean_post_title_bg_overlay_color":"","ocean_disable_breadcrumbs":"default","ocean_breadcrumbs_color":"","ocean_breadcrumbs_separator_color":"","ocean_breadcrumbs_links_color":"","ocean_breadcrumbs_links_hover_color":"","ocean_display_footer_widgets":"default","ocean_display_footer_bottom":"default","ocean_custom_footer_template":"0","footnotes":""},"class_list":["post-1295","page","type-page","status-publish","hentry","entry"],"_links":{"self":[{"href":"https:\/\/vakbit.com\/es\/wp-json\/wp\/v2\/pages\/1295","targetHints":{"allow":["GET"]}}],"collection":[{"href":"https:\/\/vakbit.com\/es\/wp-json\/wp\/v2\/pages"}],"about":[{"href":"https:\/\/vakbit.com\/es\/wp-json\/wp\/v2\/types\/page"}],"author":[{"embeddable":true,"href":"https:\/\/vakbit.com\/es\/wp-json\/wp\/v2\/users\/1"}],"replies":[{"embeddable":true,"href":"https:\/\/vakbit.com\/es\/wp-json\/wp\/v2\/comments?post=1295"}],"version-history":[{"count":10,"href":"https:\/\/vakbit.com\/es\/wp-json\/wp\/v2\/pages\/1295\/revisions"}],"predecessor-version":[{"id":1532,"href":"https:\/\/vakbit.com\/es\/wp-json\/wp\/v2\/pages\/1295\/revisions\/1532"}],"wp:attachment":[{"href":"https:\/\/vakbit.com\/es\/wp-json\/wp\/v2\/media?parent=1295"}],"curies":[{"name":"wp","href":"https:\/\/api.w.org\/{rel}","templated":true}]}}