{"id":1282,"date":"2025-03-27T15:33:00","date_gmt":"2025-03-27T15:33:00","guid":{"rendered":"https:\/\/vakbit.com\/?page_id=1282"},"modified":"2025-12-23T22:00:01","modified_gmt":"2025-12-23T22:00:01","slug":"politika-zasebnosti","status":"publish","type":"page","link":"https:\/\/vakbit.com\/et\/politika-zasebnosti\/","title":{"rendered":"Politika zasebnosti"},"content":{"rendered":"<div data-elementor-type=\"wp-page\" data-elementor-id=\"1282\" class=\"elementor elementor-1282\" data-elementor-post-type=\"page\">\n\t\t\t\t\t\t<section class=\"elementor-section elementor-top-section elementor-element elementor-element-23cd4f0 elementor-section-boxed elementor-section-height-default elementor-section-height-default\" data-id=\"23cd4f0\" data-element_type=\"section\" id=\"about\" data-settings=\"{&quot;background_background&quot;:&quot;gradient&quot;}\">\n\t\t\t\t\t\t<div class=\"elementor-container elementor-column-gap-default\">\n\t\t\t\t\t<div class=\"elementor-column elementor-col-100 elementor-top-column elementor-element elementor-element-9f48ae0\" data-id=\"9f48ae0\" data-element_type=\"column\">\n\t\t\t<div class=\"elementor-widget-wrap elementor-element-populated\">\n\t\t\t\t\t\t<div class=\"elementor-element elementor-element-6d7bb30 elementor-widget elementor-widget-heading\" data-id=\"6d7bb30\" data-element_type=\"widget\" data-widget_type=\"heading.default\">\n\t\t\t\t<div class=\"elementor-widget-container\">\n\t\t\t\t\t<h2 class=\"elementor-heading-title elementor-size-default\">Privaatsuspoliitika<\/h2>\t\t\t\t<\/div>\n\t\t\t\t<\/div>\n\t\t\t\t<div class=\"elementor-element elementor-element-0c8563b elementor-widget elementor-widget-text-editor\" data-id=\"0c8563b\" data-element_type=\"widget\" data-widget_type=\"text-editor.default\">\n\t\t\t\t<div class=\"elementor-widget-container\">\n\t\t\t\t\t\t\t\t\t<p>MIDA ME VAJAME<br \/>Meie privaatsuspoliitika reguleerib andmete kasutamist ja s\u00e4ilitamist. Meie privaatsuspoliitikaga saate tutvuda privaatsusteate lehel (vt lisa allpool). Ettev\u00f5te on oma t\u00f6\u00f6deldavate isikuandmete vastutav t\u00f6\u00f6tleja (andmesubjekt: teie, ostja, k\u00fclastaja jne). Me kogume j\u00e4rgmisi isikuandmeid:<\/p><p>E-posti aadress;<br \/>Ees- ja perekonnanimi, aadress, e-posti aadress ja telefoninumber;<br \/>Makseviisi andmed, n\u00e4iteks krediit- v\u00f5i deebetkaardi andmed, PayPal ja muud makseviisid;<br \/>Isikuandmete \u00f5igsust t\u00f5endavate dokumentide koopiad;<br \/>K\u00fcpsised;<br \/>Google Analytics, Yandex ja Cloudflare k\u00fclastuse j\u00e4lgimine;<br \/>Lingid isiklikele profiilidele sotsiaalmeediagruppides.<br \/>Me kogume igat liiki isikuandmeid vastavalt vajadusele ja eraldi n\u00f5usolekul.<\/p><p>MIKS MEID ON VAJA<br \/>Vajame teie isikuandmeid j\u00e4rgmiste teenuste osutamiseks:<\/p><p>E-posti aadress, et vastata teie e-kirjadele v\u00f5i kontaktvormide kaudu saadetud s\u00f5numitele;<br \/>E-posti aadress pakkumiste ja e-kirjade saatmiseks;<br \/>Ees- ja perekonnanimi, aadress, e-posti aadress ja telefoninumber broneeringute ja p\u00e4ringute vastuv\u00f5tmiseks ning pakkumiste saatmiseks v\u00f5i seoses teie muude taotluste t\u00e4itmisega;<br \/>Ees- ja perekonnanimi, aadress, e-posti aadress ja telefoninumber kinkekaartide, vaut\u0161erite v\u00f5i meie pakkumisega seotud teenuste ja esemete ostmiseks;<br \/>Makseviisi \u00fcksikasjad ja isiklike dokumentide koopiad teenuste osutamiseks;<br \/>E-posti aadress automaatse turunduse jaoks (broneeringute kinnitamine, t\u00e4nu registreerimiste eest jne);<br \/>K\u00fcpsised veebisaitide toimimiseks;<br \/>Suhtlemine sotsiaalsete gruppide kaudu isiklike profiilidega, mis kinnitavad \u00fchendust meiega;<br \/>Ees- ja perekonnanimi, aadress, e-posti aadress ja telefoninumber juhuslike auhinnam\u00e4ngude v\u00f5i muude reklaamikampaaniate jaoks teie eelneval n\u00f5usolekul;<br \/>Google Analyticsi v\u00f5i Yandex Directi ja Cloudflare'i agregeeritud andmed k\u00fclastuste j\u00e4lgimiseks ja sisemiseks anal\u00fc\u00fcsiks, mida kasutame sisu t\u00e4iustamiseks.<br \/>MIDA ME TEEME ISIKUANDMETEGA<br \/>Andmete majutus ja s\u00e4ilitamine toimub aadressil https:\/\/easytask.si\/, mis asub Euroopa Liidus (Saksamaal).<\/p><p>\u00dchelgi kolmandal isikul ei ole juurdep\u00e4\u00e4su teie andmetele, v\u00e4lja arvatud juhul, kui see on seadusega ette n\u00e4htud.<\/p><p>KUI KAUA ME SEDA HOIAME<br \/>Meie veebisaidil kasutame p\u00fcsik\u00fcpsiseid sotsiaalteenuste ja muude \"jagamisv\u00f5imaluste\" pakkujate linkide jaoks, samuti k\u00fcpsiseid, mis aitavad teil korduvalt p\u00e4\u00e4seda meie veebisaidi lemmiksisu juurde.<\/p><p>MILLISED ON TEIE \u00d5IGUSED<br \/>Kui te arvate, et meie poolt teie kohta hoitavad isikuandmed on eba\u00f5iged v\u00f5i ebat\u00e4ielikud, on teil v\u00f5imalus taotleda nende andmete l\u00e4bivaatamist, parandamist v\u00f5i kustutamist. Palun v\u00f5tke meiega \u00fchendust (Andmetele juurdep\u00e4\u00e4su taotluse vorm). Kui soovite esitada kaebuse selle kohta, kuidas me oleme teie isikuandmeid t\u00f6\u00f6delnud, v\u00f5tke palun \u00fchendust andmekaitseametniku v\u00f5i andmekaitse kontaktisikuga (DPC) ettev\u00f5ttes.<\/p><p>Seej\u00e4rel vaatab meie DPC teie kaebuse l\u00e4bi ja teavitab teid selle tulemustest. Kui te siiski arvate, et teie isikuandmeid ei ole t\u00f6\u00f6deldud koosk\u00f5las seadusega, v\u00f5ite v\u00f5tta \u00fchendust teabevolinikuga ja esitada talle kaebuse. Te v\u00f5ite taotleda juurdep\u00e4\u00e4su eraelu puutumatusega seotud p\u00f5him\u00f5tetele ja dokumentidele, kasutades selleks spetsiaalset vormi, mis on k\u00e4ttesaadav privaatsusteate lehel.<\/p><p>Seotud dokumendid:<\/p><p>Isikuandmete kaitsepoliitika<br \/>Isikuandmete s\u00e4ilitamise poliitika (taotluse korral e-posti teel v\u00f5i isiklikult)<br \/>Isikuandmete s\u00e4ilitamise ajakava (taotluse korral e-posti teel v\u00f5i isiklikult)<br \/>Andmekaitse teatis<br \/>Tingimused<br \/>N\u00f5usoleku vorm<br \/>N\u00f5usoleku tagasiv\u00f5tmise vorm<\/p><p><br \/>Dokumendi versioon: 1.0<\/p>\t\t\t\t\t\t\t\t<\/div>\n\t\t\t\t<\/div>\n\t\t\t\t\t<\/div>\n\t\t<\/div>\n\t\t\t\t\t<\/div>\n\t\t<\/section>\n\t\t\t\t<\/div>","protected":false},"excerpt":{"rendered":"<p>Privacy Policy WHAT WE NEEDOur privacy policy governs the use and storage of data. You can view our privacy policy on the Privacy Notice page (see attachment below). The company is the controller of the personal data it processes (data subject: you, the buyer, visitor, etc.). We collect the following types of personal data: Email [&hellip;]<\/p>","protected":false},"author":1,"featured_media":0,"parent":0,"menu_order":0,"comment_status":"closed","ping_status":"closed","template":"","meta":{"_seopress_robots_primary_cat":"","_seopress_titles_title":"","_seopress_titles_desc":"","_seopress_robots_index":"","ocean_post_layout":"full-screen","ocean_both_sidebars_style":"","ocean_both_sidebars_content_width":0,"ocean_both_sidebars_sidebars_width":0,"ocean_sidebar":"0","ocean_second_sidebar":"0","ocean_disable_margins":"enable","ocean_add_body_class":"","ocean_shortcode_before_top_bar":"","ocean_shortcode_after_top_bar":"","ocean_shortcode_before_header":"","ocean_shortcode_after_header":"","ocean_has_shortcode":"","ocean_shortcode_after_title":"","ocean_shortcode_before_footer_widgets":"","ocean_shortcode_after_footer_widgets":"","ocean_shortcode_before_footer_bottom":"","ocean_shortcode_after_footer_bottom":"","ocean_display_top_bar":"default","ocean_display_header":"default","ocean_header_style":"transparent","ocean_center_header_left_menu":"0","ocean_custom_header_template":"0","ocean_custom_logo":0,"ocean_custom_retina_logo":0,"ocean_custom_logo_max_width":0,"ocean_custom_logo_tablet_max_width":0,"ocean_custom_logo_mobile_max_width":0,"ocean_custom_logo_max_height":0,"ocean_custom_logo_tablet_max_height":0,"ocean_custom_logo_mobile_max_height":0,"ocean_header_custom_menu":"0","ocean_menu_typo_font_family":"0","ocean_menu_typo_font_subset":"","ocean_menu_typo_font_size":0,"ocean_menu_typo_font_size_tablet":0,"ocean_menu_typo_font_size_mobile":0,"ocean_menu_typo_font_size_unit":"px","ocean_menu_typo_font_weight":"","ocean_menu_typo_font_weight_tablet":"","ocean_menu_typo_font_weight_mobile":"","ocean_menu_typo_transform":"","ocean_menu_typo_transform_tablet":"","ocean_menu_typo_transform_mobile":"","ocean_menu_typo_line_height":0,"ocean_menu_typo_line_height_tablet":0,"ocean_menu_typo_line_height_mobile":0,"ocean_menu_typo_line_height_unit":"","ocean_menu_typo_spacing":0,"ocean_menu_typo_spacing_tablet":0,"ocean_menu_typo_spacing_mobile":0,"ocean_menu_typo_spacing_unit":"","ocean_menu_link_color":"","ocean_menu_link_color_hover":"","ocean_menu_link_color_active":"","ocean_menu_link_background":"","ocean_menu_link_hover_background":"","ocean_menu_link_active_background":"","ocean_menu_social_links_bg":"","ocean_menu_social_hover_links_bg":"","ocean_menu_social_links_color":"","ocean_menu_social_hover_links_color":"","ocean_disable_title":"on","ocean_disable_heading":"default","ocean_post_title":"","ocean_post_subheading":"","ocean_post_title_style":"","ocean_post_title_background_color":"","ocean_post_title_background":0,"ocean_post_title_bg_image_position":"","ocean_post_title_bg_image_attachment":"","ocean_post_title_bg_image_repeat":"","ocean_post_title_bg_image_size":"","ocean_post_title_height":0,"ocean_post_title_bg_overlay":0.5,"ocean_post_title_bg_overlay_color":"","ocean_disable_breadcrumbs":"default","ocean_breadcrumbs_color":"","ocean_breadcrumbs_separator_color":"","ocean_breadcrumbs_links_color":"","ocean_breadcrumbs_links_hover_color":"","ocean_display_footer_widgets":"default","ocean_display_footer_bottom":"default","ocean_custom_footer_template":"0","footnotes":""},"class_list":["post-1282","page","type-page","status-publish","hentry","entry"],"_links":{"self":[{"href":"https:\/\/vakbit.com\/et\/wp-json\/wp\/v2\/pages\/1282","targetHints":{"allow":["GET"]}}],"collection":[{"href":"https:\/\/vakbit.com\/et\/wp-json\/wp\/v2\/pages"}],"about":[{"href":"https:\/\/vakbit.com\/et\/wp-json\/wp\/v2\/types\/page"}],"author":[{"embeddable":true,"href":"https:\/\/vakbit.com\/et\/wp-json\/wp\/v2\/users\/1"}],"replies":[{"embeddable":true,"href":"https:\/\/vakbit.com\/et\/wp-json\/wp\/v2\/comments?post=1282"}],"version-history":[{"count":7,"href":"https:\/\/vakbit.com\/et\/wp-json\/wp\/v2\/pages\/1282\/revisions"}],"predecessor-version":[{"id":1525,"href":"https:\/\/vakbit.com\/et\/wp-json\/wp\/v2\/pages\/1282\/revisions\/1525"}],"wp:attachment":[{"href":"https:\/\/vakbit.com\/et\/wp-json\/wp\/v2\/media?parent=1282"}],"curies":[{"name":"wp","href":"https:\/\/api.w.org\/{rel}","templated":true}]}}