{"id":1288,"date":"2025-03-27T15:54:47","date_gmt":"2025-03-27T15:54:47","guid":{"rendered":"https:\/\/vakbit.com\/?page_id=1288"},"modified":"2025-12-23T21:57:00","modified_gmt":"2025-12-23T21:57:00","slug":"kolofon","status":"publish","type":"page","link":"https:\/\/vakbit.com\/et\/kolofon\/","title":{"rendered":"Kolofon"},"content":{"rendered":"<div data-elementor-type=\"wp-page\" data-elementor-id=\"1288\" class=\"elementor elementor-1288\" data-elementor-post-type=\"page\">\n\t\t\t\t\t\t<section class=\"elementor-section elementor-top-section elementor-element elementor-element-23cd4f0 elementor-section-boxed elementor-section-height-default elementor-section-height-default\" data-id=\"23cd4f0\" data-element_type=\"section\" id=\"about\" data-settings=\"{&quot;background_background&quot;:&quot;gradient&quot;}\">\n\t\t\t\t\t\t<div class=\"elementor-container elementor-column-gap-default\">\n\t\t\t\t\t<div class=\"elementor-column elementor-col-100 elementor-top-column elementor-element elementor-element-9f48ae0\" data-id=\"9f48ae0\" data-element_type=\"column\">\n\t\t\t<div class=\"elementor-widget-wrap elementor-element-populated\">\n\t\t\t\t\t\t<div class=\"elementor-element elementor-element-6d7bb30 elementor-widget elementor-widget-heading\" data-id=\"6d7bb30\" data-element_type=\"widget\" data-widget_type=\"heading.default\">\n\t\t\t\t<div class=\"elementor-widget-container\">\n\t\t\t\t\t<h2 class=\"elementor-heading-title elementor-size-default\">Impresum<\/h2>\t\t\t\t<\/div>\n\t\t\t\t<\/div>\n\t\t\t\t<div class=\"elementor-element elementor-element-0c8563b elementor-widget elementor-widget-text-editor\" data-id=\"0c8563b\" data-element_type=\"widget\" data-widget_type=\"text-editor.default\">\n\t\t\t\t<div class=\"elementor-widget-container\">\n\t\t\t\t\t\t\t\t\t<p>Oleme selle veebilehe ise koostanud koost\u00f6\u00f6s oma veebiteenuse pakkujaga.<\/p><p>Veebisaidi eesm\u00e4rk<br \/>Sellel veebisaidil olev teave on reklaami iseloomuga ja on seotud p\u00f5hitegevusega, mille jaoks me oleme registreeritud. Me kohustume tagama, et sellel veebisaidil olev teave on t\u00e4pne, usaldusv\u00e4\u00e4rne ja kvaliteetne.<br \/>Me ei vastuta tr\u00fckivigade eest ja j\u00e4tame endale \u00f5iguse muuta sisu igal ajal ja ilma ette teatamata, kui see ei ole koosk\u00f5las meie ettev\u00f5tte poliitikaga.<\/p><p>Kasutus\u00f5igus<br \/>Veebisait ja kogu selle sisu on kaitstud t\u00f6\u00f6stuslike ja intellektuaalomandi \u00f5igustega. Kogu teavet, teksti, pilte v\u00f5i muid graafilisi elemente, mis asuvad sellel veebisaidil, v\u00f5ib kasutada ainult isiklikuks, mitte\u00e4riliseks kasutamiseks ning neid ei tohi reprodutseerida, muuta, levitada, litsentseerida ega avaldada mis tahes kujul muul eesm\u00e4rgil kui vaatamise eesm\u00e4rgil ilma administraatori eelneva kirjaliku loata.<\/p><p>Vastutuse v\u00f5tmine<br \/>Veebilehe kujundamisel p\u00fc\u00fcame tagada, et teave oleks ajakohane ja t\u00e4pne. Me ei garanteeri selle t\u00e4psust ja t\u00e4ielikkust ning ei v\u00f5ta vastutust, mis tuleneb selle kasutamisest. K\u00f5ik kasutajad kasutavad avaldatud sisu omal vastutusel.<br \/>Me j\u00e4tame endale \u00f5iguse muuta meie veebisaidi sisu igal ajal, mis tahes viisil, mis tahes p\u00f5hjusel ja ilma eelneva etteteatamiseta.<\/p><p>Tehnoloogiline rakendamine<br \/>Tehnoloogilise teostuse pakkus programmeerimis- ja disainib\u00fcroo koost\u00f6\u00f6s meie ettev\u00f5ttega.<\/p>\t\t\t\t\t\t\t\t<\/div>\n\t\t\t\t<\/div>\n\t\t\t\t\t<\/div>\n\t\t<\/div>\n\t\t\t\t\t<\/div>\n\t\t<\/section>\n\t\t\t\t<\/div>","protected":false},"excerpt":{"rendered":"<p>Impresum We have prepared this website ourselves in collaboration with our web service provider. Purpose of the websiteThe information on this website is of a promotional nature and relates to the core activities for which we are registered. We undertake to ensure that the information on this website is accurate, reliable, and of high quality.We [&hellip;]<\/p>","protected":false},"author":1,"featured_media":0,"parent":0,"menu_order":0,"comment_status":"closed","ping_status":"closed","template":"","meta":{"_seopress_robots_primary_cat":"","_seopress_titles_title":"","_seopress_titles_desc":"","_seopress_robots_index":"","ocean_post_layout":"full-screen","ocean_both_sidebars_style":"","ocean_both_sidebars_content_width":0,"ocean_both_sidebars_sidebars_width":0,"ocean_sidebar":"0","ocean_second_sidebar":"0","ocean_disable_margins":"enable","ocean_add_body_class":"","ocean_shortcode_before_top_bar":"","ocean_shortcode_after_top_bar":"","ocean_shortcode_before_header":"","ocean_shortcode_after_header":"","ocean_has_shortcode":"","ocean_shortcode_after_title":"","ocean_shortcode_before_footer_widgets":"","ocean_shortcode_after_footer_widgets":"","ocean_shortcode_before_footer_bottom":"","ocean_shortcode_after_footer_bottom":"","ocean_display_top_bar":"default","ocean_display_header":"default","ocean_header_style":"transparent","ocean_center_header_left_menu":"0","ocean_custom_header_template":"0","ocean_custom_logo":0,"ocean_custom_retina_logo":0,"ocean_custom_logo_max_width":0,"ocean_custom_logo_tablet_max_width":0,"ocean_custom_logo_mobile_max_width":0,"ocean_custom_logo_max_height":0,"ocean_custom_logo_tablet_max_height":0,"ocean_custom_logo_mobile_max_height":0,"ocean_header_custom_menu":"0","ocean_menu_typo_font_family":"0","ocean_menu_typo_font_subset":"","ocean_menu_typo_font_size":0,"ocean_menu_typo_font_size_tablet":0,"ocean_menu_typo_font_size_mobile":0,"ocean_menu_typo_font_size_unit":"px","ocean_menu_typo_font_weight":"","ocean_menu_typo_font_weight_tablet":"","ocean_menu_typo_font_weight_mobile":"","ocean_menu_typo_transform":"","ocean_menu_typo_transform_tablet":"","ocean_menu_typo_transform_mobile":"","ocean_menu_typo_line_height":0,"ocean_menu_typo_line_height_tablet":0,"ocean_menu_typo_line_height_mobile":0,"ocean_menu_typo_line_height_unit":"","ocean_menu_typo_spacing":0,"ocean_menu_typo_spacing_tablet":0,"ocean_menu_typo_spacing_mobile":0,"ocean_menu_typo_spacing_unit":"","ocean_menu_link_color":"","ocean_menu_link_color_hover":"","ocean_menu_link_color_active":"","ocean_menu_link_background":"","ocean_menu_link_hover_background":"","ocean_menu_link_active_background":"","ocean_menu_social_links_bg":"","ocean_menu_social_hover_links_bg":"","ocean_menu_social_links_color":"","ocean_menu_social_hover_links_color":"","ocean_disable_title":"on","ocean_disable_heading":"default","ocean_post_title":"","ocean_post_subheading":"","ocean_post_title_style":"","ocean_post_title_background_color":"","ocean_post_title_background":0,"ocean_post_title_bg_image_position":"","ocean_post_title_bg_image_attachment":"","ocean_post_title_bg_image_repeat":"","ocean_post_title_bg_image_size":"","ocean_post_title_height":0,"ocean_post_title_bg_overlay":0.5,"ocean_post_title_bg_overlay_color":"","ocean_disable_breadcrumbs":"default","ocean_breadcrumbs_color":"","ocean_breadcrumbs_separator_color":"","ocean_breadcrumbs_links_color":"","ocean_breadcrumbs_links_hover_color":"","ocean_display_footer_widgets":"default","ocean_display_footer_bottom":"default","ocean_custom_footer_template":"0","footnotes":""},"class_list":["post-1288","page","type-page","status-publish","hentry","entry"],"_links":{"self":[{"href":"https:\/\/vakbit.com\/et\/wp-json\/wp\/v2\/pages\/1288","targetHints":{"allow":["GET"]}}],"collection":[{"href":"https:\/\/vakbit.com\/et\/wp-json\/wp\/v2\/pages"}],"about":[{"href":"https:\/\/vakbit.com\/et\/wp-json\/wp\/v2\/types\/page"}],"author":[{"embeddable":true,"href":"https:\/\/vakbit.com\/et\/wp-json\/wp\/v2\/users\/1"}],"replies":[{"embeddable":true,"href":"https:\/\/vakbit.com\/et\/wp-json\/wp\/v2\/comments?post=1288"}],"version-history":[{"count":10,"href":"https:\/\/vakbit.com\/et\/wp-json\/wp\/v2\/pages\/1288\/revisions"}],"predecessor-version":[{"id":1522,"href":"https:\/\/vakbit.com\/et\/wp-json\/wp\/v2\/pages\/1288\/revisions\/1522"}],"wp:attachment":[{"href":"https:\/\/vakbit.com\/et\/wp-json\/wp\/v2\/media?parent=1288"}],"curies":[{"name":"wp","href":"https:\/\/api.w.org\/{rel}","templated":true}]}}