{"id":1295,"date":"2025-03-27T16:02:25","date_gmt":"2025-03-27T16:02:25","guid":{"rendered":"https:\/\/vakbit.com\/?page_id=1295"},"modified":"2025-12-23T22:08:26","modified_gmt":"2025-12-23T22:08:26","slug":"splosni-pogoji","status":"publish","type":"page","link":"https:\/\/vakbit.com\/et\/splosni-pogoji\/","title":{"rendered":"Splo\u0161ni pogoji"},"content":{"rendered":"<div data-elementor-type=\"wp-page\" data-elementor-id=\"1295\" class=\"elementor elementor-1295\" data-elementor-post-type=\"page\">\n\t\t\t\t\t\t<section class=\"elementor-section elementor-top-section elementor-element elementor-element-23cd4f0 elementor-section-boxed elementor-section-height-default elementor-section-height-default\" data-id=\"23cd4f0\" data-element_type=\"section\" id=\"about\" data-settings=\"{&quot;background_background&quot;:&quot;gradient&quot;}\">\n\t\t\t\t\t\t<div class=\"elementor-container elementor-column-gap-default\">\n\t\t\t\t\t<div class=\"elementor-column elementor-col-100 elementor-top-column elementor-element elementor-element-9f48ae0\" data-id=\"9f48ae0\" data-element_type=\"column\">\n\t\t\t<div class=\"elementor-widget-wrap elementor-element-populated\">\n\t\t\t\t\t\t<div class=\"elementor-element elementor-element-6d7bb30 elementor-widget elementor-widget-heading\" data-id=\"6d7bb30\" data-element_type=\"widget\" data-widget_type=\"heading.default\">\n\t\t\t\t<div class=\"elementor-widget-container\">\n\t\t\t\t\t<h2 class=\"elementor-heading-title elementor-size-default\">\u00dcldtingimused<\/h2>\t\t\t\t<\/div>\n\t\t\t\t<\/div>\n\t\t\t\t<div class=\"elementor-element elementor-element-0c8563b elementor-widget elementor-widget-text-editor\" data-id=\"0c8563b\" data-element_type=\"widget\" data-widget_type=\"text-editor.default\">\n\t\t\t\t<div class=\"elementor-widget-container\">\n\t\t\t\t\t\t\t\t\t<p>Need tingimused kirjeldavad Vakbit'i veebisaidi, mis asub aadressil https:\/\/vakbit.com\/ ja k\u00f5igi selle alamdomeenide, kasutamise eeskirju ja reegleid. Veebilehe k\u00fclastamisega eeldame, et te n\u00f5ustute nende tingimustega. Kui te ei n\u00f5ustu k\u00f5igi sellel lehek\u00fcljel esitatud tingimustega, \u00e4rge j\u00e4tkake https:\/\/vakbit.com\/ kasutamist.<\/p><p>J\u00e4rgnev terminoloogia kehtib k\u00e4esolevate tingimuste, privaatsusavalduse ja loobumise teatise ning k\u00f5igi lepingute kohta: \"Teie\" ja \"Teie\" viitavad teile, sellele veebisaidile sisse logivale ja ettev\u00f5tte tingimustega koosk\u00f5las olevale isikule. \"Ettev\u00f5te\", \"Meie\", \"Meie\", \"Meie\" ja \"Me\" viitavad meie ettev\u00f5ttele. \"Pool\", \"Pooled\" v\u00f5i \"Meie\" viitavad nii kliendile kui ka meile. K\u00f5ik terminid viitavad pakkumisele, vastuv\u00f5tmisele ja makse tasumisele, mis on vajalik selleks, et v\u00f5tta ette meie abi osutamise protsess kliendile k\u00f5ige asjakohasemal viisil, mille eesm\u00e4rk on selges\u00f5naliselt rahuldada kliendi vajadusi nimetatud teenuste osutamisel koosk\u00f5las ja vastavalt Sloveenia kehtivatele \u00f5igusaktidele. Eespool nimetatud terminoloogia v\u00f5i muude s\u00f5nade kasutamine ainsuses, mitmuses, suurt\u00e4htedega ja\/v\u00f5i ta\/ta v\u00f5i neid peetakse omavahel asendatavaks ja seega viidatakse samale.<\/p><p>K\u00fcpsised<\/p><p>Veebisait kasutab k\u00fcpsiseid. Kasutades veebilehte https:\/\/vakbit.com, olete n\u00f5ustunud k\u00fcpsiste kasutamisega vastavalt Vakbit'i poliitikale ja veebisaidi privaatsuspoliitikale. Enamik interaktiivseid veebisaite kasutab k\u00fcpsiseid, et koguda kasutaja andmeid iga k\u00fclastuse kohta. Meie kasutame oma veebisaidil k\u00fcpsiseid, et v\u00f5imaldada teatud valdkondade funktsionaalsust ja h\u00f5lbustada k\u00fclastajate jaoks meie veebisaidi kasutamist. M\u00f5ned meie partnerid\/reklaamipartnerid v\u00f5ivad samuti kasutada kolmanda osapoole k\u00fcpsiseid.<\/p><p>Litsents<\/p><p>Kui ei ole m\u00e4rgitud teisiti, on Vakbit ja\/v\u00f5i selle veebisaidi litsentsiandjad kogu https:\/\/vakbit.com\/ lehel oleva materjali intellektuaalomandi \u00f5iguste omanikud. K\u00f5ik intellektuaalomandi \u00f5igused on reserveeritud. Te v\u00f5ite kasutada seda veebilehte https:\/\/vakbit.com\/ kaudu oma isiklikuks kasutamiseks vastavalt k\u00e4esolevates tingimustes s\u00e4testatud piirangutele.<\/p><p>Sa ei tohi:<\/p><p>Avaldada ilma loata materjali aadressilt https:\/\/vakbit.com\/brez.<br \/>M\u00fc\u00fca, rentida v\u00f5i all-litsentsida https:\/\/vakbit.com\/brez materjali ilma loata.<br \/>reprodutseerida, paljundada v\u00f5i kopeerida materjali aadressilt https:\/\/vakbit.com\/brez ilma loata.<br \/>https:\/\/vakbit.com\/brez sisu levitamine ilma loata.<\/p><p>K\u00e4esolev leping j\u00f5ustub k\u00e4esoleva lepingu s\u00f5lmimise kuup\u00e4eval v\u00f5i koheselt meie veebisaidile saabumisel.<\/p><p>Selle veebisaidi osad pakuvad kasutajatele v\u00f5imalust avaldada ja vahetada arvamusi ja teavet veebisaidi teatud valdkondades. Vakbit ei filtreeri, redigeeri, avalda ega vaata kommentaare enne nende avaldamist veebilehel l\u00e4bi. Kommentaarid ei kajasta Vakbit'i, tema esindajate ja\/v\u00f5i sidusettev\u00f5tete seisukohti ja arvamusi. Kommentaarid kajastavad oma arvamuse avaldanud isiku seisukohti ja arvamusi. Vakbit ei vastuta kohaldatava \u00f5igusega lubatud ulatuses kommentaaride eest ega mis tahes vastutuse, kahju v\u00f5i kulude eest, mis on tekkinud ja\/v\u00f5i tekkinud selle veebisaidi kasutamise ja\/v\u00f5i kommentaaride avaldamise ja\/v\u00f5i ilmumise t\u00f5ttu.<\/p><p>Vakbit j\u00e4tab endale \u00f5iguse j\u00e4lgida k\u00f5iki kommentaare ja eemaldada k\u00f5ik kommentaarid, mida v\u00f5idakse pidada sobimatuks, solvavaks v\u00f5i neid tingimusi rikkuvaks.<\/p><p>Te garanteerite ja kinnitate, et:<\/p><p>teil on \u00f5igus avaldada meie veebisaidil kommentaare ning teil on selleks vajalikud load ja n\u00f5usolekud;<br \/>kommentaarid ei riku intellektuaalomandi \u00f5igusi, sealhulgas kolmandate isikute autori\u00f5iguse, patendi v\u00f5i kaubam\u00e4rgi piiranguid;<br \/>kommentaarid ei sisalda laimavat, laimavat, solvavat, ebas\u00fcndsat v\u00f5i muul viisil ebaseaduslikku materjali, mis rikub eraelu puutumatust;<br \/>kommentaare ei kasutata m\u00fc\u00fcgiedenduseks v\u00f5i m\u00fc\u00fcgi edendamiseks v\u00f5i kaubandusliku v\u00f5i ebaseadusliku tegevuse tutvustamiseks.<\/p><p>Kommentaaride esitamisega annate Vakbitile mitteeksklusiivse litsentsi kasutada, reprodutseerida, muuta ja volitada teisi kasutama, reprodutseerima ja muutma teie kommentaare mis tahes vormis, meedias v\u00f5i formaadis.<\/p><p>\u00a0<\/p><p><br \/>H\u00fcperlingid meie sisule<\/p><p>J\u00e4rgmised organisatsioonid v\u00f5ivad meie veebisaidile linkida ilma eelneva kirjaliku loata:<\/p><p>valitsusasutused;<br \/>otsingumootorid;<br \/>uudised;<br \/>veebip\u00f5hised kataloogide levitajad, kes v\u00f5ivad meie veebisaidile linkida samamoodi, nagu nad h\u00fcperlingid teiste b\u00f6rsil noteeritud ettev\u00f5tete veebisaitidele; ja<br \/>akrediteeritud ettev\u00f5tted kogu s\u00fcsteemis, v\u00e4lja arvatud mittetulundus\u00fchingud, heategevuslikud kaubanduskeskused ja heategevusgrupid, mis ei tohi meie veebisaidile h\u00fcperlinki luua.<\/p><p>Need organisatsioonid v\u00f5ivad linkida meie kodulehele, v\u00e4ljaannetele v\u00f5i muule veebisaidi teabele, kui link on olemas: (a) ei ole mingil viisil eksitav; (b) ei viita ekslikult linkiva osapoole ja tema toodete ja\/v\u00f5i teenuste sponsorlusele, kinnitamisele v\u00f5i heakskiitmisele; ja (c) sobib linkiva osapoole veebilehe konteksti.<\/p><p>Me v\u00f5ime kaaluda ja heaks kiita ka muud t\u00fc\u00fcpi organisatsioonide lingitaotlusi:<\/p><p>\u00fcldtuntud tarbija- ja\/v\u00f5i \u00e4riteabeallikad;<br \/>dot.com kogukonnad<br \/>\u00fchendused v\u00f5i muud heategevusorganisatsioone esindavad r\u00fchmad;<br \/>online kataloogi levitajad;<br \/>internetiportaalid;<br \/>raamatupidamis-, \u00f5igus- ja konsultatsioonifirmad ning<br \/>haridusasutused ja kutse\u00fchingud.<\/p><p>Me kiidame nende organisatsioonide lingitaotlused heaks, kui me selle kindlaks teeme: (a) link ei j\u00e4taks meid v\u00f5i meie akrediteeritud ettev\u00f5tteid ebasoodsasse valgusesse; (b) organisatsioonil ei ole meie juures negatiivseid andmeid; (c) h\u00fcperlingi n\u00e4htavusest saadav kasu kompenseerib Vakbit'i puudumise ja (d) link on \u00fcldise ressursiteabe kontekstis.<\/p><p>Need organisatsioonid v\u00f5ivad meie kodulehele linkida, kui link on olemas: (a) ei ole mingil viisil eksitav; (b) ei viita ekslikult linkiva osapoole ja tema toodete v\u00f5i teenuste sponsorlusele, kinnitamisele v\u00f5i heakskiitmisele; ja (c) sobib linkiva osapoole veebilehe konteksti. Kui te olete \u00fcks eespool loetletud organisatsioonidest ja olete huvitatud meie veebisaidi linkimisest, peate sellest teatama meile, saates Vakbitile e-kirja.<\/p><p>Palun lisage oma nimi, oma organisatsiooni nimi, kontaktandmed ja oma veebisaidi URL, nimekiri k\u00f5igist URL-dest, kust te kavatsete meie veebisaidile linkida, ning nimekiri meie veebisaidi URL-dest, millele soovite linkida. Palun arvestage vastuse saamisega 2-3 n\u00e4dalat.<\/p><p>Heakskiidetud organisatsioonid v\u00f5ivad meie veebisaidile h\u00fcperlingi luua:<\/p><p>kasutades meie ettev\u00f5tte nime v\u00f5i<br \/>kasutades \u00fchtset ressursilokulaatorit, mis viitab sellele v\u00f5i<br \/>kasutades mis tahes muud meie veebisaidi kirjeldust, mis on linkiva osapoole veebisaidi sisu kontekstis ja formaadis asjakohane.<\/p><p>Kui ei ole s\u00f5lmitud kaubam\u00e4rgi litsentsilepingut, ei ole Vakbit'i logo v\u00f5i muu sisu kasutamine lingi puhul lubatud.<\/p><p>iFrame<\/p><p>Te ei tohi luua meie veebilehe \u00fcmber raame, mis muudavad meie veebilehe visuaalset esitlust v\u00f5i v\u00e4limust ilma meie eelneva n\u00f5usoleku ja kirjaliku loata.<\/p><p>Sisuline vastutus<\/p><p>Me ei vastuta teie veebisaidil ilmuva sisu eest. Te n\u00f5ustute kaitsma ja kaitsma meid k\u00f5igi n\u00f5uete eest, mis teie veebisaidil ilmuvad. Veebilehel ei tohi ilmuda linke, mida v\u00f5ib t\u00f5lgendada valeks, r\u00f5vedaks v\u00f5i kuritegelikuks v\u00f5i mis rikub, muul viisil rikub v\u00f5i propageerib kolmandate isikute \u00f5iguste rikkumist v\u00f5i muud rikkumist.<\/p><p>\u00d5iguste reserveerimine<\/p><p>Meil on \u00f5igus n\u00f5uda, et eemaldaksite k\u00f5ik lingid v\u00f5i m\u00f5ne konkreetse lingi meie veebisaidile. Te n\u00f5ustute n\u00f5udmise korral viivitamatult eemaldama k\u00f5ik lingid meie veebisaidile. Samuti j\u00e4tame endale \u00f5iguse igal ajal muuta neid tingimusi ja linkimise p\u00f5him\u00f5tteid. J\u00e4tkates meie veebilehe linkimist, n\u00f5ustute, et olete kohustatud j\u00e4rgima neid tingimusi.<\/p><p>Linkide eemaldamine meie veebisaidilt<\/p><p>Kui leiate meie veebisaidil mis tahes p\u00f5hjusel solvava lingi, v\u00f5ite meiega igal ajal \u00fchendust v\u00f5tta ja meid sellest teavitada. Me kaalume taotlusi linkide eemaldamiseks, kuid me ei ole kohustatud teile otse vastama. Me ei garanteeri, et sellel veebisaidil olev teave on \u00f5ige, samuti ei garanteeri me selle t\u00e4ielikkust v\u00f5i t\u00e4psust; samuti ei luba me tagada, et veebisait j\u00e4\u00e4b k\u00e4ttesaadavaks v\u00f5i et veebisaidil olev materjal on ajakohane.<\/p><p>Vastutusn\u00f5ue<\/p><p>Kohaldatava \u00f5igusega lubatud ulatuses v\u00e4listame k\u00f5ik meie veebilehe ja selle kasutamisega seotud kinnitused, garantiid ja tingimused. Mitte miski selles vastutuse v\u00e4listamise avalduses ei ole:<\/p><p>K\u00e4esolevas jaos ja mujal k\u00e4esolevas vastutuse v\u00e4listamise osas s\u00e4testatud vastutuse piirangud ja keelud: a) kehtivad eelmises l\u00f5ikes ja b) reguleerivad k\u00f5iki vastutuse v\u00e4listamise raames tekkivaid kohustusi, sealhulgas lepingulistest kohustustest tulenevaid kohustusi, mis tulenevad lepingust, delikti ja seadusj\u00e4rgsete kohustuste rikkumisest.<\/p><p>Kuni veebileht ning veebilehel olev teave ja teenused on tasuta k\u00e4ttesaadavad, ei vastuta me kahjude eest.<\/p><p>Tarbijavaidluste kohtuv\u00e4line lahendamine<\/p><p>Vastavalt \u00f5igusnormidele ei tunnusta Vakbit \u00fchtegi kohtuv\u00e4list tarbijavaidluste lahendamise teenusepakkujat p\u00e4devaks lahendama tarbijavaidlusi, mida tarbijad v\u00f5ivad algatada vastavalt tarbijavaidluste kohtuv\u00e4lise lahendamise seadusele. Kaupade ja teenuste pakkujana avaldab ettev\u00f5te oma veebisaidil elektroonilise lingi tarbijavaidluste veebip\u00f5hisele lahendusplatvormile (SRPS). Platvorm on tarbijatele k\u00e4ttesaadav elektroonilisel lingil http:\/\/ec.europa.eu\/odr. See kord tuleneb tarbijavaidluste kohtuv\u00e4lise lahendamise seadusest, Euroopa Parlamendi ja n\u00f5ukogu m\u00e4\u00e4rusest (EL) nr 524\/2013, mis k\u00e4sitleb tarbijavaidluste veebip\u00f5hist lahendamist ning millega muudetakse m\u00e4\u00e4rust (E\u00dc) nr 2016\/2004 ja direktiivi 200.<\/p>\t\t\t\t\t\t\t\t<\/div>\n\t\t\t\t<\/div>\n\t\t\t\t\t<\/div>\n\t\t<\/div>\n\t\t\t\t\t<\/div>\n\t\t<\/section>\n\t\t\t\t<\/div>","protected":false},"excerpt":{"rendered":"<p>General Terms and Conditions These terms describe the rules and regulations for using the Vakbit website, located at https:\/\/vakbit.com\/ and all of its subdomains. By accessing this website, we assume that you accept these terms. If you do not agree with all the terms and conditions stated on this page, do not continue to use [&hellip;]<\/p>","protected":false},"author":1,"featured_media":0,"parent":0,"menu_order":0,"comment_status":"closed","ping_status":"closed","template":"","meta":{"_seopress_robots_primary_cat":"","_seopress_titles_title":"","_seopress_titles_desc":"","_seopress_robots_index":"","ocean_post_layout":"full-screen","ocean_both_sidebars_style":"","ocean_both_sidebars_content_width":0,"ocean_both_sidebars_sidebars_width":0,"ocean_sidebar":"0","ocean_second_sidebar":"0","ocean_disable_margins":"enable","ocean_add_body_class":"","ocean_shortcode_before_top_bar":"","ocean_shortcode_after_top_bar":"","ocean_shortcode_before_header":"","ocean_shortcode_after_header":"","ocean_has_shortcode":"","ocean_shortcode_after_title":"","ocean_shortcode_before_footer_widgets":"","ocean_shortcode_after_footer_widgets":"","ocean_shortcode_before_footer_bottom":"","ocean_shortcode_after_footer_bottom":"","ocean_display_top_bar":"default","ocean_display_header":"default","ocean_header_style":"transparent","ocean_center_header_left_menu":"0","ocean_custom_header_template":"0","ocean_custom_logo":0,"ocean_custom_retina_logo":0,"ocean_custom_logo_max_width":0,"ocean_custom_logo_tablet_max_width":0,"ocean_custom_logo_mobile_max_width":0,"ocean_custom_logo_max_height":0,"ocean_custom_logo_tablet_max_height":0,"ocean_custom_logo_mobile_max_height":0,"ocean_header_custom_menu":"0","ocean_menu_typo_font_family":"0","ocean_menu_typo_font_subset":"","ocean_menu_typo_font_size":0,"ocean_menu_typo_font_size_tablet":0,"ocean_menu_typo_font_size_mobile":0,"ocean_menu_typo_font_size_unit":"px","ocean_menu_typo_font_weight":"","ocean_menu_typo_font_weight_tablet":"","ocean_menu_typo_font_weight_mobile":"","ocean_menu_typo_transform":"","ocean_menu_typo_transform_tablet":"","ocean_menu_typo_transform_mobile":"","ocean_menu_typo_line_height":0,"ocean_menu_typo_line_height_tablet":0,"ocean_menu_typo_line_height_mobile":0,"ocean_menu_typo_line_height_unit":"","ocean_menu_typo_spacing":0,"ocean_menu_typo_spacing_tablet":0,"ocean_menu_typo_spacing_mobile":0,"ocean_menu_typo_spacing_unit":"","ocean_menu_link_color":"","ocean_menu_link_color_hover":"","ocean_menu_link_color_active":"","ocean_menu_link_background":"","ocean_menu_link_hover_background":"","ocean_menu_link_active_background":"","ocean_menu_social_links_bg":"","ocean_menu_social_hover_links_bg":"","ocean_menu_social_links_color":"","ocean_menu_social_hover_links_color":"","ocean_disable_title":"on","ocean_disable_heading":"default","ocean_post_title":"","ocean_post_subheading":"","ocean_post_title_style":"","ocean_post_title_background_color":"","ocean_post_title_background":0,"ocean_post_title_bg_image_position":"","ocean_post_title_bg_image_attachment":"","ocean_post_title_bg_image_repeat":"","ocean_post_title_bg_image_size":"","ocean_post_title_height":0,"ocean_post_title_bg_overlay":0.5,"ocean_post_title_bg_overlay_color":"","ocean_disable_breadcrumbs":"default","ocean_breadcrumbs_color":"","ocean_breadcrumbs_separator_color":"","ocean_breadcrumbs_links_color":"","ocean_breadcrumbs_links_hover_color":"","ocean_display_footer_widgets":"default","ocean_display_footer_bottom":"default","ocean_custom_footer_template":"0","footnotes":""},"class_list":["post-1295","page","type-page","status-publish","hentry","entry"],"_links":{"self":[{"href":"https:\/\/vakbit.com\/et\/wp-json\/wp\/v2\/pages\/1295","targetHints":{"allow":["GET"]}}],"collection":[{"href":"https:\/\/vakbit.com\/et\/wp-json\/wp\/v2\/pages"}],"about":[{"href":"https:\/\/vakbit.com\/et\/wp-json\/wp\/v2\/types\/page"}],"author":[{"embeddable":true,"href":"https:\/\/vakbit.com\/et\/wp-json\/wp\/v2\/users\/1"}],"replies":[{"embeddable":true,"href":"https:\/\/vakbit.com\/et\/wp-json\/wp\/v2\/comments?post=1295"}],"version-history":[{"count":10,"href":"https:\/\/vakbit.com\/et\/wp-json\/wp\/v2\/pages\/1295\/revisions"}],"predecessor-version":[{"id":1532,"href":"https:\/\/vakbit.com\/et\/wp-json\/wp\/v2\/pages\/1295\/revisions\/1532"}],"wp:attachment":[{"href":"https:\/\/vakbit.com\/et\/wp-json\/wp\/v2\/media?parent=1295"}],"curies":[{"name":"wp","href":"https:\/\/api.w.org\/{rel}","templated":true}]}}