{"id":1282,"date":"2025-03-27T15:33:00","date_gmt":"2025-03-27T15:33:00","guid":{"rendered":"https:\/\/vakbit.com\/?page_id=1282"},"modified":"2025-12-23T22:00:01","modified_gmt":"2025-12-23T22:00:01","slug":"politika-zasebnosti","status":"publish","type":"page","link":"https:\/\/vakbit.com\/fi\/politika-zasebnosti\/","title":{"rendered":"Politika zasebnosti"},"content":{"rendered":"<div data-elementor-type=\"wp-page\" data-elementor-id=\"1282\" class=\"elementor elementor-1282\" data-elementor-post-type=\"page\">\n\t\t\t\t\t\t<section class=\"elementor-section elementor-top-section elementor-element elementor-element-23cd4f0 elementor-section-boxed elementor-section-height-default elementor-section-height-default\" data-id=\"23cd4f0\" data-element_type=\"section\" id=\"about\" data-settings=\"{&quot;background_background&quot;:&quot;gradient&quot;}\">\n\t\t\t\t\t\t<div class=\"elementor-container elementor-column-gap-default\">\n\t\t\t\t\t<div class=\"elementor-column elementor-col-100 elementor-top-column elementor-element elementor-element-9f48ae0\" data-id=\"9f48ae0\" data-element_type=\"column\">\n\t\t\t<div class=\"elementor-widget-wrap elementor-element-populated\">\n\t\t\t\t\t\t<div class=\"elementor-element elementor-element-6d7bb30 elementor-widget elementor-widget-heading\" data-id=\"6d7bb30\" data-element_type=\"widget\" data-widget_type=\"heading.default\">\n\t\t\t\t<div class=\"elementor-widget-container\">\n\t\t\t\t\t<h2 class=\"elementor-heading-title elementor-size-default\">Tietosuojak\u00e4yt\u00e4nt\u00f6<\/h2>\t\t\t\t<\/div>\n\t\t\t\t<\/div>\n\t\t\t\t<div class=\"elementor-element elementor-element-0c8563b elementor-widget elementor-widget-text-editor\" data-id=\"0c8563b\" data-element_type=\"widget\" data-widget_type=\"text-editor.default\">\n\t\t\t\t<div class=\"elementor-widget-container\">\n\t\t\t\t\t\t\t\t\t<p>MIT\u00c4 TARVITSEMME<br \/>Tietosuojak\u00e4yt\u00e4nt\u00f6mme s\u00e4\u00e4ntelee tietojen k\u00e4ytt\u00f6\u00e4 ja tallentamista. Voit tutustua tietosuojak\u00e4yt\u00e4nt\u00f6ihimme tietosuojailmoitussivulla (ks. liite alla). Yritys on k\u00e4sittelemiens\u00e4 henkil\u00f6tietojen rekisterinpit\u00e4j\u00e4 (rekister\u00f6ity: sin\u00e4, ostaja, k\u00e4vij\u00e4 jne.). Ker\u00e4\u00e4mme seuraavanlaisia henkil\u00f6tietoja:<\/p><p>S\u00e4hk\u00f6postiosoite;<br \/>Etu- ja sukunimi, osoite, s\u00e4hk\u00f6postiosoite ja puhelinnumero;<br \/>Maksutavan tiedot, kuten luotto- tai pankkikorttitiedot, PayPal ja muut maksutavat;<br \/>Kopiot henkil\u00f6asiakirjoista, jotka vahvistavat henkil\u00f6tietojen paikkansapit\u00e4vyyden;<br \/>Ev\u00e4steet;<br \/>Google Analyticsin, Yandexin ja Cloudflaren vierailujen seuranta;<br \/>Linkit henkil\u00f6kohtaisiin profiileihin sosiaalisen median ryhmiss\u00e4.<br \/>Ker\u00e4\u00e4mme kunkin tyyppisi\u00e4 henkil\u00f6tietoja tarpeen mukaan ja erillisell\u00e4 suostumuksella.<\/p><p>MIKSI TARVITSEMME SIT\u00c4<br \/>Tarvitsemme henkil\u00f6tietojasi seuraavia palveluja varten:<\/p><p>S\u00e4hk\u00f6postiosoite, jolla vastataan s\u00e4hk\u00f6posteihin tai yhteydenottolomakkeiden kautta l\u00e4hetettyihin viesteihin;<br \/>S\u00e4hk\u00f6postiosoite tarjousten ja s\u00e4hk\u00f6isten uutiskirjeiden l\u00e4hett\u00e4mist\u00e4 varten;<br \/>Etu- ja sukunimi, osoite, s\u00e4hk\u00f6postiosoite ja puhelinnumero varausten ja tiedustelujen vastaanottamista, tarjousten l\u00e4hett\u00e4mist\u00e4 tai muiden pyynt\u00f6jesi t\u00e4ytt\u00e4mist\u00e4 varten;<br \/>Etu- ja sukunimi, osoite, s\u00e4hk\u00f6postiosoite ja puhelinnumero lahjakorttien, arvosetelien tai tarjouksiimme liittyvien palvelujen ja tuotteiden ostamista varten;<br \/>Maksutapaa koskevat tiedot ja kopiot henkil\u00f6kohtaisista asiakirjoista palvelujen suorittamista varten;<br \/>S\u00e4hk\u00f6postiosoite automatisoitua markkinointia varten (varausten vahvistaminen, kiitokset rekister\u00f6inneist\u00e4 jne.);<br \/>Ev\u00e4steet verkkosivustojen toimintaa varten;<br \/>Viestint\u00e4 sosiaalisten ryhmien kautta, joissa on henkil\u00f6kohtaiset profiilit, jotka vahvistavat yhteyden meihin;<br \/>Etu- ja sukunimi, osoite, s\u00e4hk\u00f6postiosoite ja puhelinnumero satunnaisia palkintopelej\u00e4 tai muita myynninedist\u00e4miskampanjoita varten etuk\u00e4teen antamallasi suostumuksella;<br \/>Google Analyticsin tai Yandex Directin ja Cloudflaren aggregoidut tiedot vierailujen seurantaan ja sis\u00e4iseen analytiikkaan, joita k\u00e4yt\u00e4mme sis\u00e4ll\u00f6n parantamiseen.<br \/>MIT\u00c4 TEEMME HENKIL\u00d6TIEDOILLA<br \/>Tietojen hosting- ja tallennuspalvelun tarjoaa https:\/\/easytask.si\/, joka sijaitsee Euroopan unionissa (Saksassa).<\/p><p>Kolmannella osapuolella ei ole p\u00e4\u00e4sy\u00e4 tietoihin, ellei laki sit\u00e4 vaadi.<\/p><p>KUINKA KAUAN S\u00c4ILYT\u00c4MME SIT\u00c4<br \/>K\u00e4yt\u00e4mme verkkosivuillamme pysyvi\u00e4 ev\u00e4steit\u00e4 linkkej\u00e4 varten sosiaalisiin palveluihin ja muihin \"jakamisen\" tarjoajiin sek\u00e4 ev\u00e4steit\u00e4, joiden avulla voit toistuvasti k\u00e4ytt\u00e4\u00e4 suosikkisis\u00e4lt\u00f6\u00e4si verkkosivuillamme.<\/p><p>MITK\u00c4 OVAT OIKEUTESI<br \/>Jos uskot, ett\u00e4 hallussamme olevat henkil\u00f6tietosi ovat virheellisi\u00e4 tai puutteellisia, sinulla on mahdollisuus pyyt\u00e4\u00e4 n\u00e4iden tietojen tarkistamista, korjaamista tai poistamista. Ota meihin yhteytt\u00e4 (Data Access Request Form). Jos haluat valittaa siit\u00e4, miten olemme k\u00e4sitelleet henkil\u00f6tietojasi, ota yhteytt\u00e4 tietosuojavastaavaan tai tietosuojayhdyshenkil\u00f6\u00f6n (DPC) yrityksess\u00e4.<\/p><p>Sen j\u00e4lkeen kuluttajavalvontakomiteamme tarkastelee valitustasi ja ilmoittaa sinulle tuloksen. Jos olet edelleen sit\u00e4 mielt\u00e4, ett\u00e4 henkil\u00f6tietojasi ei ole k\u00e4sitelty lain mukaisesti, voit ottaa yhteytt\u00e4 tietosuojavaltuutettuun ja tehd\u00e4 valituksen h\u00e4nelle. Voit pyyt\u00e4\u00e4 saada tutustua yksityisyyden suojaan liittyviin k\u00e4yt\u00e4nt\u00f6ihin ja asiakirjoihin tietosuojaselosteen sivulla olevalla lomakkeella.<\/p><p>Aiheeseen liittyv\u00e4t asiakirjat:<\/p><p>Henkil\u00f6tietojen suojaa koskeva politiikka<br \/>Henkil\u00f6tietojen s\u00e4ilytt\u00e4misk\u00e4yt\u00e4nt\u00f6 (pyydett\u00e4ess\u00e4 s\u00e4hk\u00f6postitse tai henkil\u00f6kohtaisesti).<br \/>Henkil\u00f6tietojen s\u00e4ilytysaikataulu (pyydett\u00e4ess\u00e4 s\u00e4hk\u00f6postitse tai henkil\u00f6kohtaisesti).<br \/>Tietosuojailmoitus<br \/>Ehdot ja edellytykset<br \/>Suostumuslomake<br \/>Suostumuksen peruuttamislomake<\/p><p><br \/>Asiakirjan versio: 1.0<\/p>\t\t\t\t\t\t\t\t<\/div>\n\t\t\t\t<\/div>\n\t\t\t\t\t<\/div>\n\t\t<\/div>\n\t\t\t\t\t<\/div>\n\t\t<\/section>\n\t\t\t\t<\/div>","protected":false},"excerpt":{"rendered":"<p>Privacy Policy WHAT WE NEEDOur privacy policy governs the use and storage of data. You can view our privacy policy on the Privacy Notice page (see attachment below). The company is the controller of the personal data it processes (data subject: you, the buyer, visitor, etc.). We collect the following types of personal data: Email [&hellip;]<\/p>","protected":false},"author":1,"featured_media":0,"parent":0,"menu_order":0,"comment_status":"closed","ping_status":"closed","template":"","meta":{"_seopress_robots_primary_cat":"","_seopress_titles_title":"","_seopress_titles_desc":"","_seopress_robots_index":"","ocean_post_layout":"full-screen","ocean_both_sidebars_style":"","ocean_both_sidebars_content_width":0,"ocean_both_sidebars_sidebars_width":0,"ocean_sidebar":"0","ocean_second_sidebar":"0","ocean_disable_margins":"enable","ocean_add_body_class":"","ocean_shortcode_before_top_bar":"","ocean_shortcode_after_top_bar":"","ocean_shortcode_before_header":"","ocean_shortcode_after_header":"","ocean_has_shortcode":"","ocean_shortcode_after_title":"","ocean_shortcode_before_footer_widgets":"","ocean_shortcode_after_footer_widgets":"","ocean_shortcode_before_footer_bottom":"","ocean_shortcode_after_footer_bottom":"","ocean_display_top_bar":"default","ocean_display_header":"default","ocean_header_style":"transparent","ocean_center_header_left_menu":"0","ocean_custom_header_template":"0","ocean_custom_logo":0,"ocean_custom_retina_logo":0,"ocean_custom_logo_max_width":0,"ocean_custom_logo_tablet_max_width":0,"ocean_custom_logo_mobile_max_width":0,"ocean_custom_logo_max_height":0,"ocean_custom_logo_tablet_max_height":0,"ocean_custom_logo_mobile_max_height":0,"ocean_header_custom_menu":"0","ocean_menu_typo_font_family":"0","ocean_menu_typo_font_subset":"","ocean_menu_typo_font_size":0,"ocean_menu_typo_font_size_tablet":0,"ocean_menu_typo_font_size_mobile":0,"ocean_menu_typo_font_size_unit":"px","ocean_menu_typo_font_weight":"","ocean_menu_typo_font_weight_tablet":"","ocean_menu_typo_font_weight_mobile":"","ocean_menu_typo_transform":"","ocean_menu_typo_transform_tablet":"","ocean_menu_typo_transform_mobile":"","ocean_menu_typo_line_height":0,"ocean_menu_typo_line_height_tablet":0,"ocean_menu_typo_line_height_mobile":0,"ocean_menu_typo_line_height_unit":"","ocean_menu_typo_spacing":0,"ocean_menu_typo_spacing_tablet":0,"ocean_menu_typo_spacing_mobile":0,"ocean_menu_typo_spacing_unit":"","ocean_menu_link_color":"","ocean_menu_link_color_hover":"","ocean_menu_link_color_active":"","ocean_menu_link_background":"","ocean_menu_link_hover_background":"","ocean_menu_link_active_background":"","ocean_menu_social_links_bg":"","ocean_menu_social_hover_links_bg":"","ocean_menu_social_links_color":"","ocean_menu_social_hover_links_color":"","ocean_disable_title":"on","ocean_disable_heading":"default","ocean_post_title":"","ocean_post_subheading":"","ocean_post_title_style":"","ocean_post_title_background_color":"","ocean_post_title_background":0,"ocean_post_title_bg_image_position":"","ocean_post_title_bg_image_attachment":"","ocean_post_title_bg_image_repeat":"","ocean_post_title_bg_image_size":"","ocean_post_title_height":0,"ocean_post_title_bg_overlay":0.5,"ocean_post_title_bg_overlay_color":"","ocean_disable_breadcrumbs":"default","ocean_breadcrumbs_color":"","ocean_breadcrumbs_separator_color":"","ocean_breadcrumbs_links_color":"","ocean_breadcrumbs_links_hover_color":"","ocean_display_footer_widgets":"default","ocean_display_footer_bottom":"default","ocean_custom_footer_template":"0","footnotes":""},"class_list":["post-1282","page","type-page","status-publish","hentry","entry"],"_links":{"self":[{"href":"https:\/\/vakbit.com\/fi\/wp-json\/wp\/v2\/pages\/1282","targetHints":{"allow":["GET"]}}],"collection":[{"href":"https:\/\/vakbit.com\/fi\/wp-json\/wp\/v2\/pages"}],"about":[{"href":"https:\/\/vakbit.com\/fi\/wp-json\/wp\/v2\/types\/page"}],"author":[{"embeddable":true,"href":"https:\/\/vakbit.com\/fi\/wp-json\/wp\/v2\/users\/1"}],"replies":[{"embeddable":true,"href":"https:\/\/vakbit.com\/fi\/wp-json\/wp\/v2\/comments?post=1282"}],"version-history":[{"count":7,"href":"https:\/\/vakbit.com\/fi\/wp-json\/wp\/v2\/pages\/1282\/revisions"}],"predecessor-version":[{"id":1525,"href":"https:\/\/vakbit.com\/fi\/wp-json\/wp\/v2\/pages\/1282\/revisions\/1525"}],"wp:attachment":[{"href":"https:\/\/vakbit.com\/fi\/wp-json\/wp\/v2\/media?parent=1282"}],"curies":[{"name":"wp","href":"https:\/\/api.w.org\/{rel}","templated":true}]}}