{"id":1295,"date":"2025-03-27T16:02:25","date_gmt":"2025-03-27T16:02:25","guid":{"rendered":"https:\/\/vakbit.com\/?page_id=1295"},"modified":"2025-12-23T22:08:26","modified_gmt":"2025-12-23T22:08:26","slug":"splosni-pogoji","status":"publish","type":"page","link":"https:\/\/vakbit.com\/fi\/splosni-pogoji\/","title":{"rendered":"Splo\u0161ni pogoji"},"content":{"rendered":"<div data-elementor-type=\"wp-page\" data-elementor-id=\"1295\" class=\"elementor elementor-1295\" data-elementor-post-type=\"page\">\n\t\t\t\t\t\t<section class=\"elementor-section elementor-top-section elementor-element elementor-element-23cd4f0 elementor-section-boxed elementor-section-height-default elementor-section-height-default\" data-id=\"23cd4f0\" data-element_type=\"section\" id=\"about\" data-settings=\"{&quot;background_background&quot;:&quot;gradient&quot;}\">\n\t\t\t\t\t\t<div class=\"elementor-container elementor-column-gap-default\">\n\t\t\t\t\t<div class=\"elementor-column elementor-col-100 elementor-top-column elementor-element elementor-element-9f48ae0\" data-id=\"9f48ae0\" data-element_type=\"column\">\n\t\t\t<div class=\"elementor-widget-wrap elementor-element-populated\">\n\t\t\t\t\t\t<div class=\"elementor-element elementor-element-6d7bb30 elementor-widget elementor-widget-heading\" data-id=\"6d7bb30\" data-element_type=\"widget\" data-widget_type=\"heading.default\">\n\t\t\t\t<div class=\"elementor-widget-container\">\n\t\t\t\t\t<h2 class=\"elementor-heading-title elementor-size-default\">Yleiset ehdot<\/h2>\t\t\t\t<\/div>\n\t\t\t\t<\/div>\n\t\t\t\t<div class=\"elementor-element elementor-element-0c8563b elementor-widget elementor-widget-text-editor\" data-id=\"0c8563b\" data-element_type=\"widget\" data-widget_type=\"text-editor.default\">\n\t\t\t\t<div class=\"elementor-widget-container\">\n\t\t\t\t\t\t\t\t\t<p>N\u00e4iss\u00e4 ehdoissa kuvataan Vakbitin verkkosivuston, joka sijaitsee osoitteessa https:\/\/vakbit.com\/, ja kaikkien sen aladomainien k\u00e4ytt\u00f6\u00e4 koskevat s\u00e4\u00e4nn\u00f6t ja m\u00e4\u00e4r\u00e4ykset. K\u00e4ytt\u00e4m\u00e4ll\u00e4 t\u00e4t\u00e4 verkkosivustoa oletamme, ett\u00e4 hyv\u00e4ksyt n\u00e4m\u00e4 ehdot. Jos et hyv\u00e4ksy kaikkia t\u00e4ll\u00e4 sivulla mainittuja ehtoja, \u00e4l\u00e4 jatka https:\/\/vakbit.com\/ -sivuston k\u00e4ytt\u00f6\u00e4.<\/p><p>Seuraavaa terminologiaa sovelletaan n\u00e4ihin k\u00e4ytt\u00f6ehtoihin, tietosuojaselosteeseen ja vastuuvapauslausekkeeseen sek\u00e4 kaikkiin sopimuksiin: \"Sin\u00e4\" ja \"sinun\" viittaavat sinuun, henkil\u00f6\u00f6n, joka kirjautuu t\u00e4lle verkkosivustolle ja noudattaa yhti\u00f6n k\u00e4ytt\u00f6ehtoja. \"Yritys\", \"Me\", \"Me\", \"Meid\u00e4n\" ja \"Me\" viittaavat yritykseemme. \"Osapuoli\", \"Osapuolet\" tai \"Me\" viittaavat sek\u00e4 asiakkaaseen ett\u00e4 meihin. Kaikki ehdot viittaavat tarjoukseen, hyv\u00e4ksynt\u00e4\u00e4n ja maksun suorittamiseen, joka on tarpeen, jotta voimme toteuttaa prosessin, jossa avustamme asiakasta asianmukaisimmalla tavalla ja jonka nimenomaisena tarkoituksena on vastata asiakkaan tarpeisiin tarjottaessa mainittuja palveluita Slovenian voimassa olevan lains\u00e4\u00e4d\u00e4nn\u00f6n mukaisesti ja sen mukaisesti. Kaikki edell\u00e4 mainittujen termien tai muiden sanojen k\u00e4ytt\u00f6 yksik\u00f6ss\u00e4, monikossa, suuraakkosin ja\/tai h\u00e4n\/he tai ne ovat kesken\u00e4\u00e4n vaihdettavissa ja viittaavat siten samaan.<\/p><p>Ev\u00e4steet<\/p><p>Sivusto k\u00e4ytt\u00e4\u00e4 ev\u00e4steit\u00e4. K\u00e4ytt\u00e4m\u00e4ll\u00e4 sivustoa https:\/\/vakbit.com olet hyv\u00e4ksynyt ev\u00e4steiden k\u00e4yt\u00f6n Vakbitin politiikan ja verkkosivuston tietosuojak\u00e4yt\u00e4nn\u00f6n mukaisesti. Useimmat vuorovaikutteiset verkkosivustot k\u00e4ytt\u00e4v\u00e4t ev\u00e4steit\u00e4 ker\u00e4t\u00e4kseen k\u00e4ytt\u00e4j\u00e4n tiedot jokaista vierailua varten. K\u00e4yt\u00e4mme verkkosivustollamme ev\u00e4steit\u00e4, jotta tietyt alueet toimisivat ja jotta k\u00e4vij\u00f6iden olisi helpompi k\u00e4ytt\u00e4\u00e4 verkkosivustoamme. Jotkin kumppanimme\/mainoskumppanimme saattavat my\u00f6s k\u00e4ytt\u00e4\u00e4 kolmannen osapuolen ev\u00e4steit\u00e4.<\/p><p>Lisenssi<\/p><p>Jollei toisin mainita, Vakbit ja\/tai sen verkkosivujen lisenssinantajat ovat kaiken osoitteessa https:\/\/vakbit.com\/ olevan materiaalin immateriaalioikeuksien haltijoita. Kaikki immateriaalioikeudet pid\u00e4tet\u00e4\u00e4n. Voit k\u00e4ytt\u00e4\u00e4 t\u00e4t\u00e4 sivustoa osoitteessa https:\/\/vakbit.com\/ omaan henkil\u00f6kohtaiseen k\u00e4ytt\u00f6\u00f6si n\u00e4iss\u00e4 k\u00e4ytt\u00f6ehdoissa esitettyjen rajoitusten mukaisesti.<\/p><p>Et saa:<\/p><p>Julkaise aineistoa osoitteesta https:\/\/vakbit.com\/brez ilman lupaa.<br \/>Myyd\u00e4, vuokrata tai alilisensoida https:\/\/vakbit.com\/brez:n materiaalia ilman lupaa.<br \/>j\u00e4ljent\u00e4\u00e4, monistaa tai kopioida materiaalia osoitteesta https:\/\/vakbit.com\/brez ilman lupaa.<br \/>Jalostaa uudelleen https:\/\/vakbit.com\/brez -sivuston sis\u00e4lt\u00f6\u00e4 ilman lupaa.<\/p><p>T\u00e4m\u00e4 sopimus tulee voimaan t\u00e4m\u00e4n sopimuksen p\u00e4iv\u00e4m\u00e4\u00e4r\u00e4n\u00e4 tai v\u00e4litt\u00f6m\u00e4sti sen saapuessa verkkosivustollemme.<\/p><p>T\u00e4m\u00e4n verkkosivuston osissa k\u00e4ytt\u00e4jille tarjotaan mahdollisuus julkaista ja vaihtaa mielipiteit\u00e4 ja tietoja tietyill\u00e4 verkkosivuston alueilla. Vakbit ei suodata, muokkaa, julkaise tai tarkista kommentteja ennen niiden esitt\u00e4mist\u00e4 verkkosivustolla. Kommentit eiv\u00e4t heijasta Vakbitin, sen edustajien ja\/tai tyt\u00e4ryhti\u00f6iden n\u00e4kemyksi\u00e4 ja mielipiteit\u00e4. Kommentit heijastavat mielipiteens\u00e4 l\u00e4hett\u00e4neen henkil\u00f6n n\u00e4kemyksi\u00e4 ja mielipiteit\u00e4. Sovellettavan lain sallimissa rajoissa Vakbit ei ole vastuussa kommenteista eik\u00e4 mist\u00e4\u00e4n vastuusta, vahingosta tai kustannuksista, jotka aiheutuvat ja\/tai joita aiheutuu ja\/tai joita aiheutuu kommenttien k\u00e4yt\u00f6st\u00e4 ja\/tai julkaisemisesta ja\/tai esiintymisest\u00e4 t\u00e4ll\u00e4 verkkosivustolla.<\/p><p>Vakbit pid\u00e4tt\u00e4\u00e4 oikeuden valvoa kaikkia kommentteja ja poistaa kaikki kommentit, joita voidaan pit\u00e4\u00e4 sopimattomina, loukkaavina tai n\u00e4iden ehtojen vastaisina.<\/p><p>Vakuutat ja vakuutat, ett\u00e4:<\/p><p>sinulla on oikeus julkaista kommentteja verkkosivustollamme ja sinulla on siihen tarvittavat luvat ja suostumukset;<br \/>kommentit eiv\u00e4t loukkaa mit\u00e4\u00e4n kolmansien osapuolten immateriaalioikeuksia, mukaan lukien tekij\u00e4noikeuksia, patentteja tai tavaramerkkej\u00e4 koskevia rajoituksia;<br \/>kommentit eiv\u00e4t sis\u00e4ll\u00e4 kunnianloukkaavaa, herjaavaa, loukkaavaa, s\u00e4\u00e4dyt\u00f6nt\u00e4 tai muuten laitonta, yksityisyytt\u00e4 loukkaavaa materiaalia;<br \/>kommentteja ei k\u00e4ytet\u00e4 myynninedist\u00e4miseen tai kaupalliseen tai laittomaan toimintaan.<\/p><p>L\u00e4hett\u00e4m\u00e4ll\u00e4 kommentin annat Vakbitille ei-yksinomaisen lisenssin k\u00e4ytt\u00e4\u00e4, j\u00e4ljent\u00e4\u00e4 ja muokata kommenttejasi ja valtuutat muut k\u00e4ytt\u00e4m\u00e4\u00e4n, j\u00e4ljent\u00e4m\u00e4\u00e4n ja muokkaamaan niit\u00e4 miss\u00e4 tahansa muodossa, mediassa tai muodossa.<\/p><p>\u00a0<\/p><p><br \/>Hyperlinkit sis\u00e4lt\u00f6\u00f6mme<\/p><p>Seuraavat organisaatiot voivat linkitt\u00e4\u00e4 verkkosivuillemme ilman kirjallista lupaa:<\/p><p>valtion virastot;<br \/>hakukoneet;<br \/>uutiset;<br \/>verkkohakemistojen jakelijat, jotka voivat linkitt\u00e4\u00e4 verkkosivuillemme samalla tavalla kuin ne linkitt\u00e4v\u00e4t muiden julkisesti noteerattujen yhti\u00f6iden verkkosivuille; ja<br \/>akkreditoidut yritykset koko j\u00e4rjestelm\u00e4ss\u00e4, lukuun ottamatta voittoa tavoittelemattomia j\u00e4rjest\u00f6j\u00e4, hyv\u00e4ntekev\u00e4isyysostoskeskuksia ja hyv\u00e4ntekev\u00e4isyysker\u00e4ysryhmi\u00e4, jotka eiv\u00e4t saa linkitt\u00e4\u00e4 verkkosivuillemme.<\/p><p>N\u00e4m\u00e4 organisaatiot voivat linkitt\u00e4\u00e4 kotisivuillemme, julkaisuihimme tai muihin verkkosivujen tietoihin niin kauan kuin linkki on olemassa: (a) ei ole mill\u00e4\u00e4n tavalla harhaanjohtava, (b) ei anna virheellisesti ymm\u00e4rt\u00e4\u00e4 linkin antavan osapuolen ja sen tuotteiden ja\/tai palveluiden sponsorointia, hyv\u00e4ksynt\u00e4\u00e4 tai hyv\u00e4ksynt\u00e4\u00e4 ja (c) sopii linkin antavan osapuolen sivuston yhteyteen.<\/p><p>Voimme harkita ja hyv\u00e4ksy\u00e4 muita linkkipyynt\u00f6j\u00e4 seuraavantyyppisilt\u00e4 organisaatioilta:<\/p><p>yleisesti tunnetut kuluttaja- ja\/tai yritystietol\u00e4hteet;<br \/>dot.com-yhteis\u00f6t<br \/>yhdistykset tai muut hyv\u00e4ntekev\u00e4isyysj\u00e4rjest\u00f6j\u00e4 edustavat ryhm\u00e4t;<br \/>verkkohakemiston jakelijat;<br \/>Internet-portaalit;<br \/>kirjanpito-, laki- ja konsulttiyritykset; ja<br \/>oppilaitokset ja ammattij\u00e4rjest\u00f6t.<\/p><p>Hyv\u00e4ksymme n\u00e4iden organisaatioiden linkkipyynn\u00f6t, jos p\u00e4\u00e4t\u00e4mme, ett\u00e4: (a) linkki ei saisi meit\u00e4 n\u00e4ytt\u00e4m\u00e4\u00e4n ep\u00e4edulliselta itsest\u00e4mme tai akkreditoiduista yrityksist\u00e4mme, (b) organisaatiolla ei ole negatiivisia tietoja meist\u00e4, (c) hyperlinkin n\u00e4kyvyydest\u00e4 meille koituva hy\u00f6ty kompensoi Vakbitin poissaolon ja (d) linkki liittyy yleisiin resurssitietoihin.<\/p><p>N\u00e4m\u00e4 organisaatiot voivat linkitt\u00e4\u00e4 kotisivuillemme niin kauan kuin linkki: (b) ei anna virheellisesti ymm\u00e4rt\u00e4\u00e4 linkin antavan osapuolen ja sen tuotteiden tai palveluiden sponsorointia, hyv\u00e4ksynt\u00e4\u00e4 tai hyv\u00e4ksynt\u00e4\u00e4; ja (c) sopii linkin antavan osapuolen sivuston yhteyteen. Jos olet jokin edell\u00e4 luetelluista organisaatioista ja olet kiinnostunut linkitt\u00e4m\u00e4\u00e4n sivustollemme, sinun on ilmoitettava siit\u00e4 l\u00e4hett\u00e4m\u00e4ll\u00e4 s\u00e4hk\u00f6postia Vakbitille.<\/p><p>Ilmoita nimesi, organisaatiosi nimi, yhteystiedot ja verkkosivustosi URL-osoite, luettelo kaikista URL-osoitteista, joista aiot linkitt\u00e4\u00e4 verkkosivustollemme, sek\u00e4 luettelo verkkosivustomme URL-osoitteista, joihin haluat linkitt\u00e4\u00e4. Vastauksen saamiseen on varattava 2-3 viikkoa.<\/p><p>Hyv\u00e4ksytyt organisaatiot voivat luoda hyperlinkkej\u00e4 verkkosivustollemme:<\/p><p>k\u00e4ytt\u00e4m\u00e4ll\u00e4 yhti\u00f6mme nime\u00e4 tai<br \/>k\u00e4ytt\u00e4m\u00e4ll\u00e4 yhdenmukaista resurssinhakutunnusta, joka linkitt\u00e4\u00e4 siihen, tai<br \/>k\u00e4ytt\u00e4m\u00e4ll\u00e4 mit\u00e4 tahansa muuta verkkosivustomme kuvausta, joka on merkityksellinen linkitt\u00e4v\u00e4n osapuolen verkkosivuston sis\u00e4ll\u00f6n yhteydess\u00e4 ja muodossa.<\/p><p>Vakbitin logon tai muun sis\u00e4ll\u00f6n k\u00e4ytt\u00f6 linkiss\u00e4 ei ole sallittua, ellei tavaramerkin k\u00e4ytt\u00f6oikeussopimusta ole tehty.<\/p><p>iFrame<\/p><p>Et saa luoda kehyksi\u00e4 verkkosivustomme ymp\u00e4rille mill\u00e4\u00e4n tavalla, joka muuttaa verkkosivustomme visuaalista esitystapaa tai ulkoasua, ilman ennakkosuostumustamme ja kirjallista lupaa.<\/p><p>Sis\u00e4lt\u00f6 Vastuu<\/p><p>Emme ole vastuussa verkkosivustollasi olevasta sis\u00e4ll\u00f6st\u00e4. Sitoudut suojaamaan ja puolustamaan meit\u00e4 kaikkia verkkosivustollasi esiintyvi\u00e4 v\u00e4itteit\u00e4 vastaan. Verkkosivustolla ei saa olla linkkej\u00e4, jotka voidaan tulkita v\u00e4\u00e4riksi, s\u00e4\u00e4dytt\u00f6miksi tai rikollisiksi tai jotka loukkaavat, muutoin rikkovat tai puolustavat kolmansien osapuolten oikeuksien loukkaamista tai muuta loukkaamista.<\/p><p>Oikeuksien varaaminen<\/p><p>Pid\u00e4t\u00e4mme oikeuden pyyt\u00e4\u00e4 sinua poistamaan kaikki linkit tai tietyn linkin verkkosivustollemme. Suostut poistamaan v\u00e4litt\u00f6m\u00e4sti kaikki linkit verkkosivustollemme pyynn\u00f6st\u00e4. Pid\u00e4t\u00e4mme my\u00f6s oikeuden muuttaa n\u00e4it\u00e4 ehtoja ja linkitysk\u00e4yt\u00e4nt\u00f6\u00e4 milloin tahansa. Jatkamalla linkitt\u00e4mist\u00e4 verkkosivustollemme hyv\u00e4ksyt, ett\u00e4 n\u00e4m\u00e4 ehdot sitovat sinua ja ett\u00e4 noudatat niit\u00e4.<\/p><p>Linkkien poistaminen verkkosivustoltamme<\/p><p>Jos l\u00f6yd\u00e4t verkkosivuiltamme linkin, joka on jostain syyst\u00e4 loukkaava, voit ottaa meihin yhteytt\u00e4 ja ilmoittaa siit\u00e4 milloin tahansa. Harkitsemme pyynt\u00f6j\u00e4 linkkien poistamiseksi, mutta emme ole velvollisia vastaamaan sinulle suoraan. Emme takaa, ett\u00e4 t\u00e4ll\u00e4 verkkosivustolla olevat tiedot ovat oikeita, emmek\u00e4 takaa niiden t\u00e4ydellisyytt\u00e4 tai tarkkuutta, emmek\u00e4 lupaa varmistaa, ett\u00e4 verkkosivusto pysyy saatavilla tai ett\u00e4 verkkosivustolla oleva materiaali pidet\u00e4\u00e4n ajan tasalla.<\/p><p>Vastuuvapauslauseke<\/p><p>Sovellettavan lain sallimissa rajoissa suljemme pois kaikki verkkosivustoomme ja sen k\u00e4ytt\u00f6\u00f6n liittyv\u00e4t vakuutukset, takuut ja ehdot. Mik\u00e4\u00e4n t\u00e4ss\u00e4 vastuuvapauslausekkeessa ei:<\/p><p>T\u00e4ss\u00e4 kohdassa ja muualla t\u00e4ss\u00e4 vastuuvapauslausekkeessa esitetyt vastuunrajoitukset ja -kiellot: (a) koskevat edellisess\u00e4 kohdassa esitettyj\u00e4 rajoituksia ja (b) koskevat kaikkia vastuita, jotka johtuvat vastuuvapauslausekkeesta, mukaan lukien sopimusvastuut, jotka johtuvat sopimuksesta, vahingonkorvausvelvollisuudesta ja lakis\u00e4\u00e4teisen velvollisuuden rikkomisesta.<\/p><p>Niin kauan kuin verkkosivusto ja sen sis\u00e4lt\u00e4m\u00e4t tiedot ja palvelut ovat saatavilla maksutta, emme ole vastuussa mist\u00e4\u00e4n menetyksest\u00e4 tai vahingosta.<\/p><p>Kuluttajariitojen ratkaiseminen tuomioistuinten ulkopuolella<\/p><p>Lains\u00e4\u00e4d\u00e4nn\u00f6n mukaisesti Vakbit ei tunnusta mit\u00e4\u00e4n tuomioistuinten ulkopuolista kuluttajariitojen ratkaisupalveluntarjoajaa toimivaltaiseksi ratkaisemaan kuluttajariitoja, jotka kuluttajat voivat panna vireille tuomioistuinten ulkopuolista kuluttajariitojen ratkaisua koskevan lain mukaisesti. Tavaroiden ja palveluiden tarjoajana yritys julkaisee verkkosivuillaan s\u00e4hk\u00f6isen linkin kuluttajariitojen s\u00e4hk\u00f6iseen ratkaisufoorumiin (SRPS). Foorumi on kuluttajien saatavilla s\u00e4hk\u00f6isess\u00e4 linkiss\u00e4 http:\/\/ec.europa.eu\/odr. T\u00e4m\u00e4 j\u00e4rjestely perustuu lakiin kuluttajariitojen tuomioistuinten ulkopuolisesta riidanratkaisusta, Euroopan parlamentin ja neuvoston asetukseen (EU) N:o 524\/2013 kuluttajariitojen verkkov\u00e4litteisest\u00e4 riidanratkaisusta ja asetuksen (EY) N:o 2016\/2004 muuttamisesta sek\u00e4 direktiiviin 200.<\/p>\t\t\t\t\t\t\t\t<\/div>\n\t\t\t\t<\/div>\n\t\t\t\t\t<\/div>\n\t\t<\/div>\n\t\t\t\t\t<\/div>\n\t\t<\/section>\n\t\t\t\t<\/div>","protected":false},"excerpt":{"rendered":"<p>General Terms and Conditions These terms describe the rules and regulations for using the Vakbit website, located at https:\/\/vakbit.com\/ and all of its subdomains. By accessing this website, we assume that you accept these terms. If you do not agree with all the terms and conditions stated on this page, do not continue to use [&hellip;]<\/p>","protected":false},"author":1,"featured_media":0,"parent":0,"menu_order":0,"comment_status":"closed","ping_status":"closed","template":"","meta":{"_seopress_robots_primary_cat":"","_seopress_titles_title":"","_seopress_titles_desc":"","_seopress_robots_index":"","ocean_post_layout":"full-screen","ocean_both_sidebars_style":"","ocean_both_sidebars_content_width":0,"ocean_both_sidebars_sidebars_width":0,"ocean_sidebar":"0","ocean_second_sidebar":"0","ocean_disable_margins":"enable","ocean_add_body_class":"","ocean_shortcode_before_top_bar":"","ocean_shortcode_after_top_bar":"","ocean_shortcode_before_header":"","ocean_shortcode_after_header":"","ocean_has_shortcode":"","ocean_shortcode_after_title":"","ocean_shortcode_before_footer_widgets":"","ocean_shortcode_after_footer_widgets":"","ocean_shortcode_before_footer_bottom":"","ocean_shortcode_after_footer_bottom":"","ocean_display_top_bar":"default","ocean_display_header":"default","ocean_header_style":"transparent","ocean_center_header_left_menu":"0","ocean_custom_header_template":"0","ocean_custom_logo":0,"ocean_custom_retina_logo":0,"ocean_custom_logo_max_width":0,"ocean_custom_logo_tablet_max_width":0,"ocean_custom_logo_mobile_max_width":0,"ocean_custom_logo_max_height":0,"ocean_custom_logo_tablet_max_height":0,"ocean_custom_logo_mobile_max_height":0,"ocean_header_custom_menu":"0","ocean_menu_typo_font_family":"0","ocean_menu_typo_font_subset":"","ocean_menu_typo_font_size":0,"ocean_menu_typo_font_size_tablet":0,"ocean_menu_typo_font_size_mobile":0,"ocean_menu_typo_font_size_unit":"px","ocean_menu_typo_font_weight":"","ocean_menu_typo_font_weight_tablet":"","ocean_menu_typo_font_weight_mobile":"","ocean_menu_typo_transform":"","ocean_menu_typo_transform_tablet":"","ocean_menu_typo_transform_mobile":"","ocean_menu_typo_line_height":0,"ocean_menu_typo_line_height_tablet":0,"ocean_menu_typo_line_height_mobile":0,"ocean_menu_typo_line_height_unit":"","ocean_menu_typo_spacing":0,"ocean_menu_typo_spacing_tablet":0,"ocean_menu_typo_spacing_mobile":0,"ocean_menu_typo_spacing_unit":"","ocean_menu_link_color":"","ocean_menu_link_color_hover":"","ocean_menu_link_color_active":"","ocean_menu_link_background":"","ocean_menu_link_hover_background":"","ocean_menu_link_active_background":"","ocean_menu_social_links_bg":"","ocean_menu_social_hover_links_bg":"","ocean_menu_social_links_color":"","ocean_menu_social_hover_links_color":"","ocean_disable_title":"on","ocean_disable_heading":"default","ocean_post_title":"","ocean_post_subheading":"","ocean_post_title_style":"","ocean_post_title_background_color":"","ocean_post_title_background":0,"ocean_post_title_bg_image_position":"","ocean_post_title_bg_image_attachment":"","ocean_post_title_bg_image_repeat":"","ocean_post_title_bg_image_size":"","ocean_post_title_height":0,"ocean_post_title_bg_overlay":0.5,"ocean_post_title_bg_overlay_color":"","ocean_disable_breadcrumbs":"default","ocean_breadcrumbs_color":"","ocean_breadcrumbs_separator_color":"","ocean_breadcrumbs_links_color":"","ocean_breadcrumbs_links_hover_color":"","ocean_display_footer_widgets":"default","ocean_display_footer_bottom":"default","ocean_custom_footer_template":"0","footnotes":""},"class_list":["post-1295","page","type-page","status-publish","hentry","entry"],"_links":{"self":[{"href":"https:\/\/vakbit.com\/fi\/wp-json\/wp\/v2\/pages\/1295","targetHints":{"allow":["GET"]}}],"collection":[{"href":"https:\/\/vakbit.com\/fi\/wp-json\/wp\/v2\/pages"}],"about":[{"href":"https:\/\/vakbit.com\/fi\/wp-json\/wp\/v2\/types\/page"}],"author":[{"embeddable":true,"href":"https:\/\/vakbit.com\/fi\/wp-json\/wp\/v2\/users\/1"}],"replies":[{"embeddable":true,"href":"https:\/\/vakbit.com\/fi\/wp-json\/wp\/v2\/comments?post=1295"}],"version-history":[{"count":10,"href":"https:\/\/vakbit.com\/fi\/wp-json\/wp\/v2\/pages\/1295\/revisions"}],"predecessor-version":[{"id":1532,"href":"https:\/\/vakbit.com\/fi\/wp-json\/wp\/v2\/pages\/1295\/revisions\/1532"}],"wp:attachment":[{"href":"https:\/\/vakbit.com\/fi\/wp-json\/wp\/v2\/media?parent=1295"}],"curies":[{"name":"wp","href":"https:\/\/api.w.org\/{rel}","templated":true}]}}