{"id":1282,"date":"2025-03-27T15:33:00","date_gmt":"2025-03-27T15:33:00","guid":{"rendered":"https:\/\/vakbit.com\/?page_id=1282"},"modified":"2025-12-23T22:00:01","modified_gmt":"2025-12-23T22:00:01","slug":"politika-zasebnosti","status":"publish","type":"page","link":"https:\/\/vakbit.com\/fr\/politika-zasebnosti\/","title":{"rendered":"Politika zasebnosti"},"content":{"rendered":"<div data-elementor-type=\"wp-page\" data-elementor-id=\"1282\" class=\"elementor elementor-1282\" data-elementor-post-type=\"page\">\n\t\t\t\t\t\t<section class=\"elementor-section elementor-top-section elementor-element elementor-element-23cd4f0 elementor-section-boxed elementor-section-height-default elementor-section-height-default\" data-id=\"23cd4f0\" data-element_type=\"section\" id=\"about\" data-settings=\"{&quot;background_background&quot;:&quot;gradient&quot;}\">\n\t\t\t\t\t\t<div class=\"elementor-container elementor-column-gap-default\">\n\t\t\t\t\t<div class=\"elementor-column elementor-col-100 elementor-top-column elementor-element elementor-element-9f48ae0\" data-id=\"9f48ae0\" data-element_type=\"column\">\n\t\t\t<div class=\"elementor-widget-wrap elementor-element-populated\">\n\t\t\t\t\t\t<div class=\"elementor-element elementor-element-6d7bb30 elementor-widget elementor-widget-heading\" data-id=\"6d7bb30\" data-element_type=\"widget\" data-widget_type=\"heading.default\">\n\t\t\t\t<div class=\"elementor-widget-container\">\n\t\t\t\t\t<h2 class=\"elementor-heading-title elementor-size-default\">Politique de confidentialit\u00e9<\/h2>\t\t\t\t<\/div>\n\t\t\t\t<\/div>\n\t\t\t\t<div class=\"elementor-element elementor-element-0c8563b elementor-widget elementor-widget-text-editor\" data-id=\"0c8563b\" data-element_type=\"widget\" data-widget_type=\"text-editor.default\">\n\t\t\t\t<div class=\"elementor-widget-container\">\n\t\t\t\t\t\t\t\t\t<p>CE DONT NOUS AVONS BESOIN<br \/>Notre politique de confidentialit\u00e9 r\u00e9git l'utilisation et le stockage des donn\u00e9es. Vous pouvez consulter notre politique de confidentialit\u00e9 sur la page Avis de confidentialit\u00e9 (voir pi\u00e8ce jointe ci-dessous). L'entreprise est le responsable du traitement des donn\u00e9es \u00e0 caract\u00e8re personnel qu'elle traite (personne concern\u00e9e : vous, l'acheteur, le visiteur, etc.). Nous collectons les types de donn\u00e9es \u00e0 caract\u00e8re personnel suivants :<\/p><p>Adresse \u00e9lectronique ;<br \/>Nom et pr\u00e9nom, adresse, adresse \u00e9lectronique et num\u00e9ro de t\u00e9l\u00e9phone ;<br \/>Les d\u00e9tails de la m\u00e9thode de paiement, tels que les d\u00e9tails de la carte de cr\u00e9dit ou de d\u00e9bit, PayPal et autres m\u00e9thodes de paiement ;<br \/>Copies de documents personnels confirmant l'exactitude des donn\u00e9es personnelles ;<br \/>Cookies ;<br \/>Google Analytics, Yandex et Cloudflare pour le suivi des visites ;<br \/>Liens vers des profils personnels sur des groupes de m\u00e9dias sociaux.<br \/>Nous collectons chaque type de donn\u00e9es personnelles en fonction de la n\u00e9cessit\u00e9 et avec un consentement distinct.<\/p><p>POURQUOI NOUS EN AVONS BESOIN<br \/>Nous avons besoin de vos donn\u00e9es personnelles pour les services suivants :<\/p><p>Adresse \u00e9lectronique pour r\u00e9pondre \u00e0 vos courriels ou aux messages envoy\u00e9s via les formulaires de contact ;<br \/>Adresse \u00e9lectronique pour l'envoi d'offres et de bulletins d'information \u00e9lectroniques ;<br \/>Nom et pr\u00e9nom, adresse, adresse \u00e9lectronique et num\u00e9ro de t\u00e9l\u00e9phone pour accepter les r\u00e9servations, les demandes de renseignements et l'envoi d'offres ou pour r\u00e9pondre \u00e0 d'autres demandes ;<br \/>Pr\u00e9nom et nom, adresse, adresse \u00e9lectronique et num\u00e9ro de t\u00e9l\u00e9phone pour l'achat de cartes-cadeaux, de bons ou de services et d'articles li\u00e9s \u00e0 notre offre ;<br \/>Les d\u00e9tails des m\u00e9thodes de paiement et les copies des documents personnels pour l'ex\u00e9cution des services ;<br \/>Adresse \u00e9lectronique pour le marketing automatis\u00e9 (confirmation des r\u00e9servations, remerciements pour les inscriptions, etc ;)<br \/>Cookies pour le fonctionnement des sites web ;<br \/>Communication via des groupes sociaux avec des profils personnels qui confirment un lien avec nous ;<br \/>Nom et pr\u00e9nom, adresse, adresse \u00e9lectronique et num\u00e9ro de t\u00e9l\u00e9phone pour des jeux-concours occasionnels ou d'autres campagnes promotionnelles avec votre consentement pr\u00e9alable ;<br \/>Donn\u00e9es agr\u00e9g\u00e9es provenant de Google Analytics ou Yandex Direct et Cloudflare pour le suivi des visites et l'analyse interne, que nous utiliserons pour am\u00e9liorer le contenu.<br \/>CE QUE NOUS FAISONS AVEC LES DONN\u00c9ES PERSONNELLES<br \/>L'h\u00e9bergement et le stockage des donn\u00e9es sont assur\u00e9s par https:\/\/easytask.si\/, situ\u00e9 dans l'Union europ\u00e9enne (Allemagne).<\/p><p>Aucun tiers n'a acc\u00e8s \u00e0 vos donn\u00e9es, sauf si la loi l'exige.<\/p><p>PENDANT COMBIEN DE TEMPS LES DONN\u00c9ES SONT-ELLES CONSERV\u00c9ES ?<br \/>Sur notre site web, nous utilisons des cookies persistants pour les liens vers les services sociaux et autres fournisseurs de \"partage\", ainsi que des cookies qui vous aident \u00e0 acc\u00e9der de mani\u00e8re r\u00e9p\u00e9t\u00e9e \u00e0 vos contenus pr\u00e9f\u00e9r\u00e9s sur notre site web.<\/p><p>QUELS SONT VOS DROITS ?<br \/>Si vous estimez que les donn\u00e9es \u00e0 caract\u00e8re personnel que nous d\u00e9tenons \u00e0 votre sujet sont incorrectes ou incompl\u00e8tes, vous avez la possibilit\u00e9 de demander la r\u00e9vision, la correction ou la suppression de ces donn\u00e9es. Veuillez nous contacter via (Formulaire de demande d'acc\u00e8s aux donn\u00e9es). Si vous souhaitez vous plaindre de la mani\u00e8re dont nous avons trait\u00e9 vos donn\u00e9es \u00e0 caract\u00e8re personnel, veuillez contacter le d\u00e9l\u00e9gu\u00e9 \u00e0 la protection des donn\u00e9es ou le contact pour la protection des donn\u00e9es (CPD) \u00e0 l'adresse de l'entreprise.<\/p><p>Notre CPD examinera alors votre plainte et vous informera du r\u00e9sultat. Si vous pensez toujours que vos donn\u00e9es personnelles n'ont pas \u00e9t\u00e9 trait\u00e9es conform\u00e9ment \u00e0 la loi, vous pouvez contacter le commissaire \u00e0 l'information et d\u00e9poser une plainte aupr\u00e8s de lui. Vous pouvez demander l'acc\u00e8s aux politiques et documents relatifs \u00e0 la protection de la vie priv\u00e9e en utilisant le formulaire sp\u00e9cial disponible sur la page Avis de confidentialit\u00e9.<\/p><p>Documents connexes :<\/p><p>Politique de protection des donn\u00e9es personnelles<br \/>Politique de conservation des donn\u00e9es personnelles (sur demande par courriel ou en personne)<br \/>Calendrier de conservation des donn\u00e9es personnelles (sur demande par courriel ou en personne)<br \/>Avis de confidentialit\u00e9<br \/>Conditions g\u00e9n\u00e9rales d'utilisation<br \/>Formulaire de consentement<br \/>Formulaire de retrait de consentement<\/p><p><br \/>Version du document : 1.0<\/p>\t\t\t\t\t\t\t\t<\/div>\n\t\t\t\t<\/div>\n\t\t\t\t\t<\/div>\n\t\t<\/div>\n\t\t\t\t\t<\/div>\n\t\t<\/section>\n\t\t\t\t<\/div>","protected":false},"excerpt":{"rendered":"<p>Privacy Policy WHAT WE NEEDOur privacy policy governs the use and storage of data. You can view our privacy policy on the Privacy Notice page (see attachment below). The company is the controller of the personal data it processes (data subject: you, the buyer, visitor, etc.). We collect the following types of personal data: Email [&hellip;]<\/p>","protected":false},"author":1,"featured_media":0,"parent":0,"menu_order":0,"comment_status":"closed","ping_status":"closed","template":"","meta":{"_seopress_robots_primary_cat":"","_seopress_titles_title":"","_seopress_titles_desc":"","_seopress_robots_index":"","ocean_post_layout":"full-screen","ocean_both_sidebars_style":"","ocean_both_sidebars_content_width":0,"ocean_both_sidebars_sidebars_width":0,"ocean_sidebar":"0","ocean_second_sidebar":"0","ocean_disable_margins":"enable","ocean_add_body_class":"","ocean_shortcode_before_top_bar":"","ocean_shortcode_after_top_bar":"","ocean_shortcode_before_header":"","ocean_shortcode_after_header":"","ocean_has_shortcode":"","ocean_shortcode_after_title":"","ocean_shortcode_before_footer_widgets":"","ocean_shortcode_after_footer_widgets":"","ocean_shortcode_before_footer_bottom":"","ocean_shortcode_after_footer_bottom":"","ocean_display_top_bar":"default","ocean_display_header":"default","ocean_header_style":"transparent","ocean_center_header_left_menu":"0","ocean_custom_header_template":"0","ocean_custom_logo":0,"ocean_custom_retina_logo":0,"ocean_custom_logo_max_width":0,"ocean_custom_logo_tablet_max_width":0,"ocean_custom_logo_mobile_max_width":0,"ocean_custom_logo_max_height":0,"ocean_custom_logo_tablet_max_height":0,"ocean_custom_logo_mobile_max_height":0,"ocean_header_custom_menu":"0","ocean_menu_typo_font_family":"0","ocean_menu_typo_font_subset":"","ocean_menu_typo_font_size":0,"ocean_menu_typo_font_size_tablet":0,"ocean_menu_typo_font_size_mobile":0,"ocean_menu_typo_font_size_unit":"px","ocean_menu_typo_font_weight":"","ocean_menu_typo_font_weight_tablet":"","ocean_menu_typo_font_weight_mobile":"","ocean_menu_typo_transform":"","ocean_menu_typo_transform_tablet":"","ocean_menu_typo_transform_mobile":"","ocean_menu_typo_line_height":0,"ocean_menu_typo_line_height_tablet":0,"ocean_menu_typo_line_height_mobile":0,"ocean_menu_typo_line_height_unit":"","ocean_menu_typo_spacing":0,"ocean_menu_typo_spacing_tablet":0,"ocean_menu_typo_spacing_mobile":0,"ocean_menu_typo_spacing_unit":"","ocean_menu_link_color":"","ocean_menu_link_color_hover":"","ocean_menu_link_color_active":"","ocean_menu_link_background":"","ocean_menu_link_hover_background":"","ocean_menu_link_active_background":"","ocean_menu_social_links_bg":"","ocean_menu_social_hover_links_bg":"","ocean_menu_social_links_color":"","ocean_menu_social_hover_links_color":"","ocean_disable_title":"on","ocean_disable_heading":"default","ocean_post_title":"","ocean_post_subheading":"","ocean_post_title_style":"","ocean_post_title_background_color":"","ocean_post_title_background":0,"ocean_post_title_bg_image_position":"","ocean_post_title_bg_image_attachment":"","ocean_post_title_bg_image_repeat":"","ocean_post_title_bg_image_size":"","ocean_post_title_height":0,"ocean_post_title_bg_overlay":0.5,"ocean_post_title_bg_overlay_color":"","ocean_disable_breadcrumbs":"default","ocean_breadcrumbs_color":"","ocean_breadcrumbs_separator_color":"","ocean_breadcrumbs_links_color":"","ocean_breadcrumbs_links_hover_color":"","ocean_display_footer_widgets":"default","ocean_display_footer_bottom":"default","ocean_custom_footer_template":"0","footnotes":""},"class_list":["post-1282","page","type-page","status-publish","hentry","entry"],"_links":{"self":[{"href":"https:\/\/vakbit.com\/fr\/wp-json\/wp\/v2\/pages\/1282","targetHints":{"allow":["GET"]}}],"collection":[{"href":"https:\/\/vakbit.com\/fr\/wp-json\/wp\/v2\/pages"}],"about":[{"href":"https:\/\/vakbit.com\/fr\/wp-json\/wp\/v2\/types\/page"}],"author":[{"embeddable":true,"href":"https:\/\/vakbit.com\/fr\/wp-json\/wp\/v2\/users\/1"}],"replies":[{"embeddable":true,"href":"https:\/\/vakbit.com\/fr\/wp-json\/wp\/v2\/comments?post=1282"}],"version-history":[{"count":7,"href":"https:\/\/vakbit.com\/fr\/wp-json\/wp\/v2\/pages\/1282\/revisions"}],"predecessor-version":[{"id":1525,"href":"https:\/\/vakbit.com\/fr\/wp-json\/wp\/v2\/pages\/1282\/revisions\/1525"}],"wp:attachment":[{"href":"https:\/\/vakbit.com\/fr\/wp-json\/wp\/v2\/media?parent=1282"}],"curies":[{"name":"wp","href":"https:\/\/api.w.org\/{rel}","templated":true}]}}