{"id":1295,"date":"2025-03-27T16:02:25","date_gmt":"2025-03-27T16:02:25","guid":{"rendered":"https:\/\/vakbit.com\/?page_id=1295"},"modified":"2025-12-23T22:08:26","modified_gmt":"2025-12-23T22:08:26","slug":"splosni-pogoji","status":"publish","type":"page","link":"https:\/\/vakbit.com\/fr\/splosni-pogoji\/","title":{"rendered":"Les droits de l'homme"},"content":{"rendered":"<div data-elementor-type=\"wp-page\" data-elementor-id=\"1295\" class=\"elementor elementor-1295\" data-elementor-post-type=\"page\">\n\t\t\t\t\t\t<section class=\"elementor-section elementor-top-section elementor-element elementor-element-23cd4f0 elementor-section-boxed elementor-section-height-default elementor-section-height-default\" data-id=\"23cd4f0\" data-element_type=\"section\" id=\"about\" data-settings=\"{&quot;background_background&quot;:&quot;gradient&quot;}\">\n\t\t\t\t\t\t<div class=\"elementor-container elementor-column-gap-default\">\n\t\t\t\t\t<div class=\"elementor-column elementor-col-100 elementor-top-column elementor-element elementor-element-9f48ae0\" data-id=\"9f48ae0\" data-element_type=\"column\">\n\t\t\t<div class=\"elementor-widget-wrap elementor-element-populated\">\n\t\t\t\t\t\t<div class=\"elementor-element elementor-element-6d7bb30 elementor-widget elementor-widget-heading\" data-id=\"6d7bb30\" data-element_type=\"widget\" data-widget_type=\"heading.default\">\n\t\t\t\t<div class=\"elementor-widget-container\">\n\t\t\t\t\t<h2 class=\"elementor-heading-title elementor-size-default\">Conditions g\u00e9n\u00e9rales d'utilisation<\/h2>\t\t\t\t<\/div>\n\t\t\t\t<\/div>\n\t\t\t\t<div class=\"elementor-element elementor-element-0c8563b elementor-widget elementor-widget-text-editor\" data-id=\"0c8563b\" data-element_type=\"widget\" data-widget_type=\"text-editor.default\">\n\t\t\t\t<div class=\"elementor-widget-container\">\n\t\t\t\t\t\t\t\t\t<p>Les pr\u00e9sentes conditions d\u00e9crivent les r\u00e8gles d'utilisation du site web de Vakbit, situ\u00e9 \u00e0 l'adresse https:\/\/vakbit.com\/ et de tous ses sous-domaines. En acc\u00e9dant \u00e0 ce site web, nous supposons que vous acceptez ces conditions. Si vous n'\u00eates pas d'accord avec toutes les conditions \u00e9nonc\u00e9es sur cette page, ne continuez pas \u00e0 utiliser https:\/\/vakbit.com\/.<\/p><p>La terminologie suivante s'applique aux pr\u00e9sentes conditions g\u00e9n\u00e9rales, \u00e0 la d\u00e9claration de confidentialit\u00e9, \u00e0 l'avis de non-responsabilit\u00e9 et \u00e0 tous les accords : \"Vous\" et \"Votre\" se r\u00e9f\u00e8rent \u00e0 vous, la personne qui se connecte \u00e0 ce site web et qui se conforme aux conditions g\u00e9n\u00e9rales de l'entreprise. Les termes \"Soci\u00e9t\u00e9\", \"nous-m\u00eames\", \"nous\", \"notre\" et \"nos\" d\u00e9signent notre soci\u00e9t\u00e9. Les termes \"partie\", \"parties\" ou \"nous\" d\u00e9signent \u00e0 la fois le client et nous-m\u00eames. Tous les termes se r\u00e9f\u00e8rent \u00e0 l'offre, \u00e0 l'acceptation et \u00e0 la prise en compte du paiement n\u00e9cessaire pour entreprendre le processus de notre assistance au client de la mani\u00e8re la plus appropri\u00e9e, dans le but expr\u00e8s de r\u00e9pondre aux besoins du client dans la fourniture des services indiqu\u00e9s, conform\u00e9ment et sous r\u00e9serve de la loi slov\u00e8ne en vigueur. Toute utilisation de la terminologie ci-dessus ou d'autres mots au singulier, au pluriel, avec une majuscule et\/ou ils sont consid\u00e9r\u00e9s comme interchangeables et se r\u00e9f\u00e8rent donc \u00e0 la m\u00eame chose.<\/p><p>Cookies<\/p><p>Le site web utilise des cookies. En acc\u00e9dant \u00e0 https:\/\/vakbit.com, vous acceptez l'utilisation de cookies conform\u00e9ment \u00e0 la politique de Vakbit et \u00e0 la politique de confidentialit\u00e9 du site web. La plupart des sites web interactifs utilisent des cookies pour collecter les donn\u00e9es de l'utilisateur \u00e0 chaque visite. Nous utilisons des cookies sur notre site web pour permettre la fonctionnalit\u00e9 de certaines zones et pour faciliter l'utilisation de notre site web par les visiteurs. Certains de nos partenaires affili\u00e9s\/publicitaires peuvent \u00e9galement utiliser des cookies de tiers.<\/p><p>Licence<\/p><p>Sauf indication contraire, Vakbit et\/ou les conc\u00e9dants de licence de son site Internet sont les d\u00e9tenteurs des droits de propri\u00e9t\u00e9 intellectuelle pour l'ensemble du contenu du site https:\/\/vakbit.com\/. Tous les droits de propri\u00e9t\u00e9 intellectuelle sont r\u00e9serv\u00e9s. Vous pouvez acc\u00e9der \u00e0 ce site via https:\/\/vakbit.com\/ pour votre usage personnel, sous r\u00e9serve des restrictions \u00e9nonc\u00e9es dans les pr\u00e9sentes conditions g\u00e9n\u00e9rales.<\/p><p>Vous ne pouvez pas :<\/p><p>Publier du mat\u00e9riel provenant de https:\/\/vakbit.com\/brez sans autorisation.<br \/>Vendre, louer ou donner en sous-licence du mat\u00e9riel provenant de https:\/\/vakbit.com\/brez sans autorisation.<br \/>Reproduire, dupliquer ou copier le mat\u00e9riel de https:\/\/vakbit.com\/brez sans autorisation.<br \/>Redistribuer le contenu de https:\/\/vakbit.com\/brez sans autorisation.<\/p><p>Le pr\u00e9sent accord entre en vigueur \u00e0 la date du pr\u00e9sent accord ou d\u00e8s son arriv\u00e9e sur notre site web.<\/p><p>Certaines parties de ce site web offrent aux utilisateurs la possibilit\u00e9 de publier et d'\u00e9changer des opinions et des informations dans certaines zones du site. Vakbit ne filtre pas, n'\u00e9dite pas, ne publie pas et ne v\u00e9rifie pas les commentaires avant qu'ils ne soient publi\u00e9s sur le site web. Les commentaires ne refl\u00e8tent pas les points de vue et les opinions de Vakbit, de ses agents et\/ou de ses affili\u00e9s. Les commentaires refl\u00e8tent les points de vue et les opinions de la personne qui les publie. Dans la mesure o\u00f9 la l\u00e9gislation applicable le permet, Vakbit n'est pas responsable des commentaires ni des responsabilit\u00e9s, dommages ou d\u00e9penses encourus et\/ou subis \u00e0 la suite de l'utilisation et\/ou de la publication et\/ou de l'apparition de commentaires sur ce site web.<\/p><p>Vakbit se r\u00e9serve le droit de contr\u00f4ler tous les commentaires et de supprimer tout commentaire pouvant \u00eatre consid\u00e9r\u00e9 comme inappropri\u00e9, offensant ou en violation des pr\u00e9sentes conditions g\u00e9n\u00e9rales.<\/p><p>Vous garantissez et d\u00e9clarez que<\/p><p>vous avez le droit de publier des commentaires sur notre site web et disposez des autorisations et consentements n\u00e9cessaires pour le faire ;<br \/>les commentaires n'enfreignent aucun droit de propri\u00e9t\u00e9 intellectuelle, y compris les droits d'auteur, les brevets ou les restrictions relatives aux marques de commerce de tiers ;<br \/>les commentaires ne contiennent pas d'\u00e9l\u00e9ments diffamatoires, offensants, ind\u00e9cents ou ill\u00e9gaux portant atteinte \u00e0 la vie priv\u00e9e ;<br \/>les commentaires ne seront pas utilis\u00e9s pour solliciter ou promouvoir des ventes ou pr\u00e9senter des activit\u00e9s commerciales ou ill\u00e9gales.<\/p><p>En soumettant un commentaire, vous accordez \u00e0 Vakbit une licence non exclusive pour utiliser, reproduire, modifier et autoriser d'autres personnes \u00e0 utiliser, reproduire et modifier vos commentaires sous quelque forme, m\u00e9dia ou format que ce soit.<\/p><p>\u00a0<\/p><p><br \/>Hyperliens vers notre contenu<\/p><p>Les organisations suivantes peuvent \u00e9tablir un lien avec notre site web sans autorisation \u00e9crite pr\u00e9alable :<\/p><p>les agences gouvernementales ;<br \/>les moteurs de recherche ;<br \/>nouvelles ;<br \/>les distributeurs d'annuaires en ligne qui peuvent \u00e9tablir des liens avec notre site web de la m\u00eame mani\u00e8re qu'ils \u00e9tablissent des hyperliens avec les sites web d'autres soci\u00e9t\u00e9s cot\u00e9es en bourse ; et<br \/>des entreprises accr\u00e9dit\u00e9es dans l'ensemble du syst\u00e8me, \u00e0 l'exception des organisations \u00e0 but non lucratif, des centres commerciaux caritatifs et des groupes de collecte de fonds caritatifs, qui ne peuvent pas \u00e9tablir d'hyperliens avec notre site web.<\/p><p>Ces organisations peuvent \u00e9tablir un lien avec notre page d'accueil, nos publications ou d'autres informations du site web, \u00e0 condition que le lien : (a) ne soit pas trompeur de quelque mani\u00e8re que ce soit ; (b) n'implique pas faussement un parrainage, un soutien ou une approbation de la partie qui \u00e9tablit le lien et de ses produits et\/ou services ; et (c) s'inscrive dans le contexte du site de la partie qui \u00e9tablit le lien.<\/p><p>Nous pouvons prendre en consid\u00e9ration et approuver d'autres demandes de liens \u00e9manant des types d'organisations suivants :<\/p><p>les sources d'information g\u00e9n\u00e9ralement connues des consommateurs et\/ou des entreprises ;<br \/>les communaut\u00e9s dot.com<br \/>les associations ou autres groupes repr\u00e9sentant des organisations caritatives ;<br \/>distributeurs d'annuaires en ligne ;<br \/>les portails internet ;<br \/>les cabinets d'experts-comptables, d'avocats et de consultants ; et<br \/>les \u00e9tablissements d'enseignement et les associations professionnelles.<\/p><p>Nous approuverons les demandes de liens \u00e9manant de ces organisations si nous d\u00e9terminons que : (a) le lien ne nous donne pas une image d\u00e9favorable de nous-m\u00eames ou de nos entreprises accr\u00e9dit\u00e9es ; (b) l'organisation n'a pas d'ant\u00e9c\u00e9dents n\u00e9gatifs \u00e0 notre \u00e9gard ; (c) l'avantage que nous tirons de la visibilit\u00e9 de l'hyperlien compense l'absence de Vakbit, et (d) le lien s'inscrit dans le contexte d'informations g\u00e9n\u00e9rales.<\/p><p>Ces organisations peuvent \u00e9tablir un lien avec notre page d'accueil \u00e0 condition que le lien : (a) ne soit pas trompeur de quelque mani\u00e8re que ce soit ; (b) n'implique pas faussement un parrainage, un soutien ou une approbation de la partie qui \u00e9tablit le lien et de ses produits ou services ; et (c) s'inscrive dans le contexte du site de la partie qui \u00e9tablit le lien. Si vous \u00eates l'une des organisations \u00e9num\u00e9r\u00e9es ci-dessus et que vous souhaitez cr\u00e9er un lien vers notre site web, vous devez nous en informer en envoyant un courrier \u00e9lectronique \u00e0 Vakbit.<\/p><p>Veuillez indiquer votre nom, le nom de votre organisation, vos coordonn\u00e9es et l'URL de votre site web, une liste de tous les URL \u00e0 partir desquels vous avez l'intention de cr\u00e9er un lien vers notre site web, ainsi qu'une liste des URL de notre site web vers lesquels vous aimeriez cr\u00e9er un lien. Veuillez pr\u00e9voir un d\u00e9lai de 2 \u00e0 3 semaines pour une r\u00e9ponse.<\/p><p>Les organisations agr\u00e9\u00e9es peuvent cr\u00e9er des liens hypertextes vers notre site web :<\/p><p>en utilisant le nom de notre entreprise ou<br \/>\u00e0 l'aide d'un localisateur de ressources uniforme qui \u00e9tablit un lien avec lui ou<br \/>en utilisant toute autre description de notre site web qui est pertinente dans le contexte et le format du contenu du site web de la partie qui \u00e9tablit le lien.<\/p><p>Sauf accord de licence de marque, l'utilisation du logo Vakbit ou d'autres contenus n'est pas autoris\u00e9e pour le lien.<\/p><p>iFrame<\/p><p>Vous ne pouvez pas cr\u00e9er de cadres autour de notre site web d'une mani\u00e8re qui modifie la pr\u00e9sentation visuelle ou l'apparence de notre site web sans notre accord pr\u00e9alable et notre autorisation \u00e9crite.<\/p><p>Responsabilit\u00e9 du contenu<\/p><p>Nous ne sommes pas responsables du contenu de votre site web. Vous acceptez de nous prot\u00e9ger et de nous d\u00e9fendre contre toutes les r\u00e9clamations qui apparaissent sur votre site web. Aucun lien ne peut appara\u00eetre sur un site web qui pourrait \u00eatre interpr\u00e9t\u00e9 comme faux, obsc\u00e8ne ou criminel, ou qui enfreint, viole d'une autre mani\u00e8re ou pr\u00e9conise l'enfreinte ou la violation d'autres droits de tiers.<\/p><p>R\u00e9serve de droits<\/p><p>Nous nous r\u00e9servons le droit de vous demander de supprimer tous les liens ou un lien particulier vers notre site web. Vous acceptez de supprimer imm\u00e9diatement tous les liens vers notre site web sur demande. Nous nous r\u00e9servons \u00e9galement le droit de modifier \u00e0 tout moment les pr\u00e9sentes conditions et la politique en mati\u00e8re de liens. En continuant \u00e0 \u00e9tablir un lien vers notre site web, vous acceptez d'\u00eatre li\u00e9 par ces conditions et de les respecter.<\/p><p>Suppression de liens sur notre site web<\/p><p>Si vous trouvez un lien sur notre site web qui est offensant pour quelque raison que ce soit, vous \u00eates libre de nous contacter et de nous en informer \u00e0 tout moment. Nous examinerons les demandes de suppression de liens, mais nous ne sommes pas oblig\u00e9s de vous r\u00e9pondre directement. Nous ne garantissons pas l'exactitude des informations figurant sur ce site web, ni leur exhaustivit\u00e9 ou leur pr\u00e9cision ; nous ne promettons pas non plus de garantir que le site web reste disponible ou que le mat\u00e9riel qu'il contient soit tenu \u00e0 jour.<\/p><p>Clause de non-responsabilit\u00e9<\/p><p>Dans toute la mesure permise par la loi applicable, nous excluons toutes les repr\u00e9sentations, garanties et conditions relatives \u00e0 notre site web et \u00e0 son utilisation. Aucune disposition de la pr\u00e9sente clause de non-responsabilit\u00e9 n'est applicable :<\/p><p>Les limitations et interdictions de responsabilit\u00e9 \u00e9nonc\u00e9es dans cette section et ailleurs dans la pr\u00e9sente clause de non-responsabilit\u00e9 : (a) s'appliquent au paragraphe pr\u00e9c\u00e9dent ; et (b) r\u00e9gissent toutes les responsabilit\u00e9s d\u00e9coulant de la clause de non-responsabilit\u00e9, y compris les responsabilit\u00e9s contractuelles d\u00e9coulant d'un contrat, d'un d\u00e9lit civil et d'un manquement \u00e0 une obligation l\u00e9gale.<\/p><p>Tant que le site web et les informations et services qu'il contient sont disponibles gratuitement, nous ne sommes pas responsables des pertes ou dommages \u00e9ventuels.<\/p><p>R\u00e8glement extrajudiciaire des litiges de consommation<\/p><p>Conform\u00e9ment aux dispositions l\u00e9gales, Vakbit ne reconna\u00eet aucun fournisseur de services de r\u00e9solution extrajudiciaire des litiges de consommation comme \u00e9tant comp\u00e9tent pour r\u00e9soudre les litiges de consommation que les consommateurs peuvent initier conform\u00e9ment \u00e0 la loi sur la r\u00e9solution extrajudiciaire des litiges de consommation. En tant que fournisseur de biens et de services, l'entreprise publie sur son site web un lien \u00e9lectronique vers la plate-forme de r\u00e9solution des litiges de consommation en ligne (SRPS). Les consommateurs peuvent acc\u00e9der \u00e0 la plateforme par le lien \u00e9lectronique http:\/\/ec.europa.eu\/odr. Ce dispositif d\u00e9coule de la loi sur la r\u00e9solution extrajudiciaire des litiges de consommation, du r\u00e8glement (UE) n\u00b0 524\/2013 du Parlement europ\u00e9en et du Conseil relatif au r\u00e8glement en ligne des litiges de consommation et modifiant le r\u00e8glement (CE) n\u00b0 2016\/2004 et de la directive 200.<\/p>\t\t\t\t\t\t\t\t<\/div>\n\t\t\t\t<\/div>\n\t\t\t\t\t<\/div>\n\t\t<\/div>\n\t\t\t\t\t<\/div>\n\t\t<\/section>\n\t\t\t\t<\/div>","protected":false},"excerpt":{"rendered":"<p>General Terms and Conditions These terms describe the rules and regulations for using the Vakbit website, located at https:\/\/vakbit.com\/ and all of its subdomains. By accessing this website, we assume that you accept these terms. If you do not agree with all the terms and conditions stated on this page, do not continue to use [&hellip;]<\/p>","protected":false},"author":1,"featured_media":0,"parent":0,"menu_order":0,"comment_status":"closed","ping_status":"closed","template":"","meta":{"_seopress_robots_primary_cat":"","_seopress_titles_title":"","_seopress_titles_desc":"","_seopress_robots_index":"","ocean_post_layout":"full-screen","ocean_both_sidebars_style":"","ocean_both_sidebars_content_width":0,"ocean_both_sidebars_sidebars_width":0,"ocean_sidebar":"0","ocean_second_sidebar":"0","ocean_disable_margins":"enable","ocean_add_body_class":"","ocean_shortcode_before_top_bar":"","ocean_shortcode_after_top_bar":"","ocean_shortcode_before_header":"","ocean_shortcode_after_header":"","ocean_has_shortcode":"","ocean_shortcode_after_title":"","ocean_shortcode_before_footer_widgets":"","ocean_shortcode_after_footer_widgets":"","ocean_shortcode_before_footer_bottom":"","ocean_shortcode_after_footer_bottom":"","ocean_display_top_bar":"default","ocean_display_header":"default","ocean_header_style":"transparent","ocean_center_header_left_menu":"0","ocean_custom_header_template":"0","ocean_custom_logo":0,"ocean_custom_retina_logo":0,"ocean_custom_logo_max_width":0,"ocean_custom_logo_tablet_max_width":0,"ocean_custom_logo_mobile_max_width":0,"ocean_custom_logo_max_height":0,"ocean_custom_logo_tablet_max_height":0,"ocean_custom_logo_mobile_max_height":0,"ocean_header_custom_menu":"0","ocean_menu_typo_font_family":"0","ocean_menu_typo_font_subset":"","ocean_menu_typo_font_size":0,"ocean_menu_typo_font_size_tablet":0,"ocean_menu_typo_font_size_mobile":0,"ocean_menu_typo_font_size_unit":"px","ocean_menu_typo_font_weight":"","ocean_menu_typo_font_weight_tablet":"","ocean_menu_typo_font_weight_mobile":"","ocean_menu_typo_transform":"","ocean_menu_typo_transform_tablet":"","ocean_menu_typo_transform_mobile":"","ocean_menu_typo_line_height":0,"ocean_menu_typo_line_height_tablet":0,"ocean_menu_typo_line_height_mobile":0,"ocean_menu_typo_line_height_unit":"","ocean_menu_typo_spacing":0,"ocean_menu_typo_spacing_tablet":0,"ocean_menu_typo_spacing_mobile":0,"ocean_menu_typo_spacing_unit":"","ocean_menu_link_color":"","ocean_menu_link_color_hover":"","ocean_menu_link_color_active":"","ocean_menu_link_background":"","ocean_menu_link_hover_background":"","ocean_menu_link_active_background":"","ocean_menu_social_links_bg":"","ocean_menu_social_hover_links_bg":"","ocean_menu_social_links_color":"","ocean_menu_social_hover_links_color":"","ocean_disable_title":"on","ocean_disable_heading":"default","ocean_post_title":"","ocean_post_subheading":"","ocean_post_title_style":"","ocean_post_title_background_color":"","ocean_post_title_background":0,"ocean_post_title_bg_image_position":"","ocean_post_title_bg_image_attachment":"","ocean_post_title_bg_image_repeat":"","ocean_post_title_bg_image_size":"","ocean_post_title_height":0,"ocean_post_title_bg_overlay":0.5,"ocean_post_title_bg_overlay_color":"","ocean_disable_breadcrumbs":"default","ocean_breadcrumbs_color":"","ocean_breadcrumbs_separator_color":"","ocean_breadcrumbs_links_color":"","ocean_breadcrumbs_links_hover_color":"","ocean_display_footer_widgets":"default","ocean_display_footer_bottom":"default","ocean_custom_footer_template":"0","footnotes":""},"class_list":["post-1295","page","type-page","status-publish","hentry","entry"],"_links":{"self":[{"href":"https:\/\/vakbit.com\/fr\/wp-json\/wp\/v2\/pages\/1295","targetHints":{"allow":["GET"]}}],"collection":[{"href":"https:\/\/vakbit.com\/fr\/wp-json\/wp\/v2\/pages"}],"about":[{"href":"https:\/\/vakbit.com\/fr\/wp-json\/wp\/v2\/types\/page"}],"author":[{"embeddable":true,"href":"https:\/\/vakbit.com\/fr\/wp-json\/wp\/v2\/users\/1"}],"replies":[{"embeddable":true,"href":"https:\/\/vakbit.com\/fr\/wp-json\/wp\/v2\/comments?post=1295"}],"version-history":[{"count":10,"href":"https:\/\/vakbit.com\/fr\/wp-json\/wp\/v2\/pages\/1295\/revisions"}],"predecessor-version":[{"id":1532,"href":"https:\/\/vakbit.com\/fr\/wp-json\/wp\/v2\/pages\/1295\/revisions\/1532"}],"wp:attachment":[{"href":"https:\/\/vakbit.com\/fr\/wp-json\/wp\/v2\/media?parent=1295"}],"curies":[{"name":"wp","href":"https:\/\/api.w.org\/{rel}","templated":true}]}}