{"id":1282,"date":"2025-03-27T15:33:00","date_gmt":"2025-03-27T15:33:00","guid":{"rendered":"https:\/\/vakbit.com\/?page_id=1282"},"modified":"2025-12-23T22:00:01","modified_gmt":"2025-12-23T22:00:01","slug":"politika-zasebnosti","status":"publish","type":"page","link":"https:\/\/vakbit.com\/hu\/politika-zasebnosti\/","title":{"rendered":"Politika zasebnosti"},"content":{"rendered":"<div data-elementor-type=\"wp-page\" data-elementor-id=\"1282\" class=\"elementor elementor-1282\" data-elementor-post-type=\"page\">\n\t\t\t\t\t\t<section class=\"elementor-section elementor-top-section elementor-element elementor-element-23cd4f0 elementor-section-boxed elementor-section-height-default elementor-section-height-default\" data-id=\"23cd4f0\" data-element_type=\"section\" id=\"about\" data-settings=\"{&quot;background_background&quot;:&quot;gradient&quot;}\">\n\t\t\t\t\t\t<div class=\"elementor-container elementor-column-gap-default\">\n\t\t\t\t\t<div class=\"elementor-column elementor-col-100 elementor-top-column elementor-element elementor-element-9f48ae0\" data-id=\"9f48ae0\" data-element_type=\"column\">\n\t\t\t<div class=\"elementor-widget-wrap elementor-element-populated\">\n\t\t\t\t\t\t<div class=\"elementor-element elementor-element-6d7bb30 elementor-widget elementor-widget-heading\" data-id=\"6d7bb30\" data-element_type=\"widget\" data-widget_type=\"heading.default\">\n\t\t\t\t<div class=\"elementor-widget-container\">\n\t\t\t\t\t<h2 class=\"elementor-heading-title elementor-size-default\">Adatv\u00e9delmi ir\u00e1nyelvek<\/h2>\t\t\t\t<\/div>\n\t\t\t\t<\/div>\n\t\t\t\t<div class=\"elementor-element elementor-element-0c8563b elementor-widget elementor-widget-text-editor\" data-id=\"0c8563b\" data-element_type=\"widget\" data-widget_type=\"text-editor.default\">\n\t\t\t\t<div class=\"elementor-widget-container\">\n\t\t\t\t\t\t\t\t\t<p>MIRE VAN SZ\u00dcKS\u00c9G\u00dcNK<br \/>Adatv\u00e9delmi szab\u00e1lyzatunk szab\u00e1lyozza az adatok felhaszn\u00e1l\u00e1s\u00e1t \u00e9s t\u00e1rol\u00e1s\u00e1t. Adatv\u00e9delmi szab\u00e1lyzatunkat az Adatv\u00e9delmi nyilatkozat oldalon tekintheti meg (l\u00e1sd az al\u00e1bbi mell\u00e9kletet). A v\u00e1llalat az \u00e1ltala kezelt szem\u00e9lyes adatok adatkezel\u0151je (\u00e9rintett: \u00d6n, a v\u00e1s\u00e1rl\u00f3, l\u00e1togat\u00f3 stb.). A k\u00f6vetkez\u0151 t\u00edpus\u00fa szem\u00e9lyes adatokat gy\u0171jtj\u00fck:<\/p><p>E-mail c\u00edm;<br \/>Kereszt- \u00e9s vezet\u00e9kn\u00e9v, c\u00edm, e-mail c\u00edm \u00e9s telefonsz\u00e1m;<br \/>A fizet\u00e9si m\u00f3d adatai, p\u00e9ld\u00e1ul hitel- vagy bankk\u00e1rtya, PayPal \u00e9s egy\u00e9b fizet\u00e9si m\u00f3dok adatai;<br \/>A szem\u00e9lyes adatok pontoss\u00e1g\u00e1t igazol\u00f3 szem\u00e9lyes dokumentumok m\u00e1solatai;<br \/>S\u00fctik;<br \/>Google Analytics, Yandex \u00e9s Cloudflare l\u00e1togat\u00e1sk\u00f6vet\u00e9s;<br \/>A k\u00f6z\u00f6ss\u00e9gi m\u00e9diacsoportok szem\u00e9lyes profiljaira mutat\u00f3 linkek.<br \/>A szem\u00e9lyes adatok minden egyes t\u00edpus\u00e1t sz\u00fcks\u00e9g szerint \u00e9s k\u00fcl\u00f6n hozz\u00e1j\u00e1rul\u00e1ssal gy\u0171jtj\u00fck.<\/p><p>MI\u00c9RT VAN R\u00c1 SZ\u00dcKS\u00c9G\u00dcNK<br \/>Az \u00d6n szem\u00e9lyes adataira a k\u00f6vetkez\u0151 szolg\u00e1ltat\u00e1sokhoz van sz\u00fcks\u00e9g\u00fcnk:<\/p><p>E-mail c\u00edm az \u00d6n e-mailjeire vagy a kapcsolatfelv\u00e9teli \u0171rlapokon kereszt\u00fcl k\u00fcld\u00f6tt \u00fczenetekre val\u00f3 v\u00e1laszad\u00e1shoz;<br \/>E-mail c\u00edm aj\u00e1nlatok \u00e9s e-h\u00edrlevelek k\u00fcld\u00e9s\u00e9hez;<br \/>Kereszt- \u00e9s vezet\u00e9kn\u00e9v, c\u00edm, e-mail c\u00edm \u00e9s telefonsz\u00e1m a foglal\u00e1sok, \u00e9rdekl\u0151d\u00e9sek elfogad\u00e1s\u00e1hoz, aj\u00e1nlatok k\u00fcld\u00e9s\u00e9hez vagy egy\u00e9b k\u00e9r\u00e9sek teljes\u00edt\u00e9s\u00e9hez;<br \/>Kereszt- \u00e9s vezet\u00e9kn\u00e9v, c\u00edm, e-mail c\u00edm \u00e9s telefonsz\u00e1m aj\u00e1nd\u00e9kk\u00e1rty\u00e1k, utalv\u00e1nyok vagy az aj\u00e1nlatunkhoz kapcsol\u00f3d\u00f3 szolg\u00e1ltat\u00e1sok \u00e9s term\u00e9kek v\u00e1s\u00e1rl\u00e1s\u00e1hoz;<br \/>A fizet\u00e9si m\u00f3d adatai \u00e9s a szolg\u00e1ltat\u00e1sok teljes\u00edt\u00e9s\u00e9hez sz\u00fcks\u00e9ges szem\u00e9lyes dokumentumok m\u00e1solatai;<br \/>E-mail c\u00edm automatikus marketing c\u00e9lokra (foglal\u00e1sok visszaigazol\u00e1sa, k\u00f6sz\u00f6net a regisztr\u00e1ci\u00f3k\u00e9rt stb.);<br \/>S\u00fctik a weboldalak m\u0171k\u00f6d\u00e9s\u00e9hez;<br \/>Kommunik\u00e1ci\u00f3 a vel\u00fcnk val\u00f3 kapcsolatot meger\u0151s\u00edt\u0151 szem\u00e9lyes profilokkal rendelkez\u0151 k\u00f6z\u00f6ss\u00e9gi csoportokon kereszt\u00fcl;<br \/>El\u0151- \u00e9s ut\u00f3n\u00e9v, c\u00edm, e-mail c\u00edm \u00e9s telefonsz\u00e1m alkalmi nyerem\u00e9nyj\u00e1t\u00e9kok vagy m\u00e1s prom\u00f3ci\u00f3s kamp\u00e1nyok eset\u00e9n, az \u00d6n el\u0151zetes beleegyez\u00e9s\u00e9vel;<br \/>A Google Analytics vagy a Yandex Direct \u00e9s a Cloudflare \u00f6sszes\u00edtett adatai a l\u00e1togat\u00e1sok nyomon k\u00f6vet\u00e9s\u00e9hez \u00e9s bels\u0151 elemz\u00e9sekhez, amelyeket a tartalom jav\u00edt\u00e1s\u00e1ra haszn\u00e1lunk.<br \/>MIT TESZ\u00dcNK A SZEM\u00c9LYES ADATOKKAL<br \/>Az adatok t\u00e1rhely\u00e9t \u00e9s t\u00e1rol\u00e1s\u00e1t az Eur\u00f3pai Uni\u00f3ban (N\u00e9metorsz\u00e1g) tal\u00e1lhat\u00f3 https:\/\/easytask.si\/ biztos\u00edtja.<\/p><p>Harmadik f\u00e9l nem f\u00e9rhet hozz\u00e1 az \u00d6n adataihoz, kiv\u00e9ve, ha azt t\u00f6rv\u00e9ny \u00edrja el\u0151.<\/p><p>MENNYI IDEIG T\u00c1ROLJUK<br \/>Weboldalunkon \u00e1lland\u00f3 s\u00fctiket haszn\u00e1lunk a k\u00f6z\u00f6ss\u00e9gi szolg\u00e1ltat\u00e1sokhoz \u00e9s m\u00e1s \"megoszt\u00e1si\" szolg\u00e1ltat\u00f3khoz vezet\u0151 linkekhez, valamint olyan s\u00fctiket, amelyek seg\u00edts\u00e9g\u00e9vel ism\u00e9telten el\u00e9rheti a weboldalunkon tal\u00e1lhat\u00f3 kedvenc tartalmait.<\/p><p>MIK AZ \u00d6N JOGAI<br \/>Ha \u00fagy v\u00e9li, hogy az \u00d6nr\u0151l t\u00e1rolt szem\u00e9lyes adataink helytelenek vagy hi\u00e1nyosak, lehet\u0151s\u00e9ge van arra, hogy k\u00e9rje ezen adatok fel\u00fclvizsg\u00e1lat\u00e1t, helyesb\u00edt\u00e9s\u00e9t vagy t\u00f6rl\u00e9s\u00e9t. K\u00e9rj\u00fck, vegye fel vel\u00fcnk a kapcsolatot a (Adathozz\u00e1f\u00e9r\u00e9si k\u00e9relem \u0171rlap) seg\u00edts\u00e9g\u00e9vel. Ha panaszt k\u00edv\u00e1n tenni azzal kapcsolatban, hogy hogyan kezelt\u00fck az \u00d6n szem\u00e9lyes adatait, k\u00e9rj\u00fck, forduljon az adatv\u00e9delmi tisztvisel\u0151h\u00f6z vagy az adatv\u00e9delmi kapcsolattart\u00f3hoz (DPC) a v\u00e1llalatn\u00e1l.<\/p><p>A DPC ezt k\u00f6vet\u0151en megvizsg\u00e1lja a panasz\u00e1t, \u00e9s t\u00e1j\u00e9koztatja \u00d6nt az eredm\u00e9nyr\u0151l. Ha tov\u00e1bbra is \u00fagy v\u00e9li, hogy szem\u00e9lyes adatainak feldolgoz\u00e1sa nem a t\u00f6rv\u00e9nyeknek megfelel\u0151en t\u00f6rt\u00e9nt, akkor fordulhat az Inform\u00e1ci\u00f3s Biztoshoz, \u00e9s panaszt ny\u00fajthat be n\u00e1luk. Az Adatv\u00e9delmi t\u00e1j\u00e9koztat\u00f3 oldalon tal\u00e1lhat\u00f3 speci\u00e1lis \u0171rlapon k\u00e9rhet hozz\u00e1f\u00e9r\u00e9st az adatv\u00e9delemmel kapcsolatos ir\u00e1nyelvekhez \u00e9s dokumentumokhoz.<\/p><p>Kapcsol\u00f3d\u00f3 dokumentumok:<\/p><p>Szem\u00e9lyes adatok v\u00e9delm\u00e9re vonatkoz\u00f3 politika<br \/>Szem\u00e9lyes adatok meg\u0151rz\u00e9si politik\u00e1ja (k\u00e9r\u00e9sre e-mailben vagy szem\u00e9lyesen)<br \/>Szem\u00e9lyes adatok meg\u0151rz\u00e9si \u00fctemterve (k\u00e9r\u00e9sre e-mailben vagy szem\u00e9lyesen)<br \/>Adatv\u00e9delmi nyilatkozat<br \/>Felt\u00e9telek \u00e9s felt\u00e9telek<br \/>Hozz\u00e1j\u00e1rul\u00f3 nyilatkozat<br \/>Hozz\u00e1j\u00e1rul\u00e1s visszavon\u00e1si \u0171rlap<\/p><p><br \/>A dokumentum verzi\u00f3ja: 1.0<\/p>\t\t\t\t\t\t\t\t<\/div>\n\t\t\t\t<\/div>\n\t\t\t\t\t<\/div>\n\t\t<\/div>\n\t\t\t\t\t<\/div>\n\t\t<\/section>\n\t\t\t\t<\/div>","protected":false},"excerpt":{"rendered":"<p>Privacy Policy WHAT WE NEEDOur privacy policy governs the use and storage of data. You can view our privacy policy on the Privacy Notice page (see attachment below). The company is the controller of the personal data it processes (data subject: you, the buyer, visitor, etc.). We collect the following types of personal data: Email [&hellip;]<\/p>","protected":false},"author":1,"featured_media":0,"parent":0,"menu_order":0,"comment_status":"closed","ping_status":"closed","template":"","meta":{"_seopress_robots_primary_cat":"","_seopress_titles_title":"","_seopress_titles_desc":"","_seopress_robots_index":"","ocean_post_layout":"full-screen","ocean_both_sidebars_style":"","ocean_both_sidebars_content_width":0,"ocean_both_sidebars_sidebars_width":0,"ocean_sidebar":"0","ocean_second_sidebar":"0","ocean_disable_margins":"enable","ocean_add_body_class":"","ocean_shortcode_before_top_bar":"","ocean_shortcode_after_top_bar":"","ocean_shortcode_before_header":"","ocean_shortcode_after_header":"","ocean_has_shortcode":"","ocean_shortcode_after_title":"","ocean_shortcode_before_footer_widgets":"","ocean_shortcode_after_footer_widgets":"","ocean_shortcode_before_footer_bottom":"","ocean_shortcode_after_footer_bottom":"","ocean_display_top_bar":"default","ocean_display_header":"default","ocean_header_style":"transparent","ocean_center_header_left_menu":"0","ocean_custom_header_template":"0","ocean_custom_logo":0,"ocean_custom_retina_logo":0,"ocean_custom_logo_max_width":0,"ocean_custom_logo_tablet_max_width":0,"ocean_custom_logo_mobile_max_width":0,"ocean_custom_logo_max_height":0,"ocean_custom_logo_tablet_max_height":0,"ocean_custom_logo_mobile_max_height":0,"ocean_header_custom_menu":"0","ocean_menu_typo_font_family":"0","ocean_menu_typo_font_subset":"","ocean_menu_typo_font_size":0,"ocean_menu_typo_font_size_tablet":0,"ocean_menu_typo_font_size_mobile":0,"ocean_menu_typo_font_size_unit":"px","ocean_menu_typo_font_weight":"","ocean_menu_typo_font_weight_tablet":"","ocean_menu_typo_font_weight_mobile":"","ocean_menu_typo_transform":"","ocean_menu_typo_transform_tablet":"","ocean_menu_typo_transform_mobile":"","ocean_menu_typo_line_height":0,"ocean_menu_typo_line_height_tablet":0,"ocean_menu_typo_line_height_mobile":0,"ocean_menu_typo_line_height_unit":"","ocean_menu_typo_spacing":0,"ocean_menu_typo_spacing_tablet":0,"ocean_menu_typo_spacing_mobile":0,"ocean_menu_typo_spacing_unit":"","ocean_menu_link_color":"","ocean_menu_link_color_hover":"","ocean_menu_link_color_active":"","ocean_menu_link_background":"","ocean_menu_link_hover_background":"","ocean_menu_link_active_background":"","ocean_menu_social_links_bg":"","ocean_menu_social_hover_links_bg":"","ocean_menu_social_links_color":"","ocean_menu_social_hover_links_color":"","ocean_disable_title":"on","ocean_disable_heading":"default","ocean_post_title":"","ocean_post_subheading":"","ocean_post_title_style":"","ocean_post_title_background_color":"","ocean_post_title_background":0,"ocean_post_title_bg_image_position":"","ocean_post_title_bg_image_attachment":"","ocean_post_title_bg_image_repeat":"","ocean_post_title_bg_image_size":"","ocean_post_title_height":0,"ocean_post_title_bg_overlay":0.5,"ocean_post_title_bg_overlay_color":"","ocean_disable_breadcrumbs":"default","ocean_breadcrumbs_color":"","ocean_breadcrumbs_separator_color":"","ocean_breadcrumbs_links_color":"","ocean_breadcrumbs_links_hover_color":"","ocean_display_footer_widgets":"default","ocean_display_footer_bottom":"default","ocean_custom_footer_template":"0","footnotes":""},"class_list":["post-1282","page","type-page","status-publish","hentry","entry"],"_links":{"self":[{"href":"https:\/\/vakbit.com\/hu\/wp-json\/wp\/v2\/pages\/1282","targetHints":{"allow":["GET"]}}],"collection":[{"href":"https:\/\/vakbit.com\/hu\/wp-json\/wp\/v2\/pages"}],"about":[{"href":"https:\/\/vakbit.com\/hu\/wp-json\/wp\/v2\/types\/page"}],"author":[{"embeddable":true,"href":"https:\/\/vakbit.com\/hu\/wp-json\/wp\/v2\/users\/1"}],"replies":[{"embeddable":true,"href":"https:\/\/vakbit.com\/hu\/wp-json\/wp\/v2\/comments?post=1282"}],"version-history":[{"count":7,"href":"https:\/\/vakbit.com\/hu\/wp-json\/wp\/v2\/pages\/1282\/revisions"}],"predecessor-version":[{"id":1525,"href":"https:\/\/vakbit.com\/hu\/wp-json\/wp\/v2\/pages\/1282\/revisions\/1525"}],"wp:attachment":[{"href":"https:\/\/vakbit.com\/hu\/wp-json\/wp\/v2\/media?parent=1282"}],"curies":[{"name":"wp","href":"https:\/\/api.w.org\/{rel}","templated":true}]}}