{"id":1288,"date":"2025-03-27T15:54:47","date_gmt":"2025-03-27T15:54:47","guid":{"rendered":"https:\/\/vakbit.com\/?page_id=1288"},"modified":"2025-12-23T21:57:00","modified_gmt":"2025-12-23T21:57:00","slug":"kolofon","status":"publish","type":"page","link":"https:\/\/vakbit.com\/hu\/kolofon\/","title":{"rendered":"Kolofon"},"content":{"rendered":"<div data-elementor-type=\"wp-page\" data-elementor-id=\"1288\" class=\"elementor elementor-1288\" data-elementor-post-type=\"page\">\n\t\t\t\t\t\t<section class=\"elementor-section elementor-top-section elementor-element elementor-element-23cd4f0 elementor-section-boxed elementor-section-height-default elementor-section-height-default\" data-id=\"23cd4f0\" data-element_type=\"section\" id=\"about\" data-settings=\"{&quot;background_background&quot;:&quot;gradient&quot;}\">\n\t\t\t\t\t\t<div class=\"elementor-container elementor-column-gap-default\">\n\t\t\t\t\t<div class=\"elementor-column elementor-col-100 elementor-top-column elementor-element elementor-element-9f48ae0\" data-id=\"9f48ae0\" data-element_type=\"column\">\n\t\t\t<div class=\"elementor-widget-wrap elementor-element-populated\">\n\t\t\t\t\t\t<div class=\"elementor-element elementor-element-6d7bb30 elementor-widget elementor-widget-heading\" data-id=\"6d7bb30\" data-element_type=\"widget\" data-widget_type=\"heading.default\">\n\t\t\t\t<div class=\"elementor-widget-container\">\n\t\t\t\t\t<h2 class=\"elementor-heading-title elementor-size-default\">Impresum<\/h2>\t\t\t\t<\/div>\n\t\t\t\t<\/div>\n\t\t\t\t<div class=\"elementor-element elementor-element-0c8563b elementor-widget elementor-widget-text-editor\" data-id=\"0c8563b\" data-element_type=\"widget\" data-widget_type=\"text-editor.default\">\n\t\t\t\t<div class=\"elementor-widget-container\">\n\t\t\t\t\t\t\t\t\t<p>Ezt a weboldalt mi magunk k\u00e9sz\u00edtett\u00fck el a webszolg\u00e1ltat\u00f3nkkal egy\u00fcttm\u0171k\u00f6dve.<\/p><p>A weboldal c\u00e9lja<br \/>A weboldalon tal\u00e1lhat\u00f3 inform\u00e1ci\u00f3k prom\u00f3ci\u00f3s jelleg\u0171ek, \u00e9s azokkal az alaptev\u00e9kenys\u00e9gekkel kapcsolatosak, amelyekre be vagyunk jegyezve. V\u00e1llaljuk, hogy a weboldalon tal\u00e1lhat\u00f3 inform\u00e1ci\u00f3k pontosak, megb\u00edzhat\u00f3ak \u00e9s magas sz\u00ednvonal\u00faak.<br \/>Nem v\u00e1llalunk felel\u0151ss\u00e9get az esetleges tipogr\u00e1fiai hib\u00e1k\u00e9rt, \u00e9s fenntartjuk a jogot, hogy b\u00e1rmikor \u00e9s el\u0151zetes \u00e9rtes\u00edt\u00e9s n\u00e9lk\u00fcl megv\u00e1ltoztassuk a tartalmat, ha az nem felel meg a v\u00e1llalati politik\u00e1nknak.<\/p><p>Haszn\u00e1lati jog<br \/>A weboldal \u00e9s annak teljes tartalma ipari \u00e9s szellemi tulajdonjogok v\u00e9delme alatt \u00e1ll. A weboldalon tal\u00e1lhat\u00f3 minden inform\u00e1ci\u00f3, sz\u00f6veg, k\u00e9p vagy egy\u00e9b grafikai elem kiz\u00e1r\u00f3lag szem\u00e9lyes, nem kereskedelmi c\u00e9l\u00fa felhaszn\u00e1l\u00e1sra haszn\u00e1lhat\u00f3, \u00e9s a rendszergazda el\u0151zetes \u00edr\u00e1sbeli enged\u00e9lye n\u00e9lk\u00fcl nem reproduk\u00e1lhat\u00f3, nem m\u00f3dos\u00edthat\u00f3, nem terjeszthet\u0151, nem enged\u00e9lyezhet\u0151 \u00e9s nem tehet\u0151 k\u00f6zz\u00e9 semmilyen form\u00e1ban a megtekint\u00e9sen k\u00edv\u00fcl m\u00e1s c\u00e9lra.<\/p><p>Felel\u0151ss\u00e9gv\u00e1llal\u00e1s<br \/>A weboldal kialak\u00edt\u00e1sakor arra t\u00f6reksz\u00fcnk, hogy az inform\u00e1ci\u00f3k naprak\u00e9szek \u00e9s pontosak legyenek. Nem garant\u00e1ljuk a pontoss\u00e1got \u00e9s teljess\u00e9get, \u00e9s nem v\u00e1llalunk semmilyen felel\u0151ss\u00e9get a haszn\u00e1lat\u00e1b\u00f3l ad\u00f3d\u00f3an. Minden felhaszn\u00e1l\u00f3 saj\u00e1t felel\u0151ss\u00e9g\u00e9re haszn\u00e1lja a k\u00f6zz\u00e9tett tartalmakat.<br \/>Fenntartjuk a jogot, hogy b\u00e1rmikor, b\u00e1rmilyen m\u00f3don, b\u00e1rmilyen okb\u00f3l \u00e9s el\u0151zetes \u00e9rtes\u00edt\u00e9s n\u00e9lk\u00fcl megv\u00e1ltoztassuk weboldalunk tartalm\u00e1t.<\/p><p>Technol\u00f3giai megval\u00f3s\u00edt\u00e1s<br \/>A technol\u00f3giai megval\u00f3s\u00edt\u00e1st egy programoz\u00f3 \u00e9s tervez\u0151 \u00fcgyn\u00f6ks\u00e9g v\u00e9gezte c\u00e9g\u00fcnkkel egy\u00fcttm\u0171k\u00f6dve.<\/p>\t\t\t\t\t\t\t\t<\/div>\n\t\t\t\t<\/div>\n\t\t\t\t\t<\/div>\n\t\t<\/div>\n\t\t\t\t\t<\/div>\n\t\t<\/section>\n\t\t\t\t<\/div>","protected":false},"excerpt":{"rendered":"<p>Impresum We have prepared this website ourselves in collaboration with our web service provider. Purpose of the websiteThe information on this website is of a promotional nature and relates to the core activities for which we are registered. We undertake to ensure that the information on this website is accurate, reliable, and of high quality.We [&hellip;]<\/p>","protected":false},"author":1,"featured_media":0,"parent":0,"menu_order":0,"comment_status":"closed","ping_status":"closed","template":"","meta":{"_seopress_robots_primary_cat":"","_seopress_titles_title":"","_seopress_titles_desc":"","_seopress_robots_index":"","ocean_post_layout":"full-screen","ocean_both_sidebars_style":"","ocean_both_sidebars_content_width":0,"ocean_both_sidebars_sidebars_width":0,"ocean_sidebar":"0","ocean_second_sidebar":"0","ocean_disable_margins":"enable","ocean_add_body_class":"","ocean_shortcode_before_top_bar":"","ocean_shortcode_after_top_bar":"","ocean_shortcode_before_header":"","ocean_shortcode_after_header":"","ocean_has_shortcode":"","ocean_shortcode_after_title":"","ocean_shortcode_before_footer_widgets":"","ocean_shortcode_after_footer_widgets":"","ocean_shortcode_before_footer_bottom":"","ocean_shortcode_after_footer_bottom":"","ocean_display_top_bar":"default","ocean_display_header":"default","ocean_header_style":"transparent","ocean_center_header_left_menu":"0","ocean_custom_header_template":"0","ocean_custom_logo":0,"ocean_custom_retina_logo":0,"ocean_custom_logo_max_width":0,"ocean_custom_logo_tablet_max_width":0,"ocean_custom_logo_mobile_max_width":0,"ocean_custom_logo_max_height":0,"ocean_custom_logo_tablet_max_height":0,"ocean_custom_logo_mobile_max_height":0,"ocean_header_custom_menu":"0","ocean_menu_typo_font_family":"0","ocean_menu_typo_font_subset":"","ocean_menu_typo_font_size":0,"ocean_menu_typo_font_size_tablet":0,"ocean_menu_typo_font_size_mobile":0,"ocean_menu_typo_font_size_unit":"px","ocean_menu_typo_font_weight":"","ocean_menu_typo_font_weight_tablet":"","ocean_menu_typo_font_weight_mobile":"","ocean_menu_typo_transform":"","ocean_menu_typo_transform_tablet":"","ocean_menu_typo_transform_mobile":"","ocean_menu_typo_line_height":0,"ocean_menu_typo_line_height_tablet":0,"ocean_menu_typo_line_height_mobile":0,"ocean_menu_typo_line_height_unit":"","ocean_menu_typo_spacing":0,"ocean_menu_typo_spacing_tablet":0,"ocean_menu_typo_spacing_mobile":0,"ocean_menu_typo_spacing_unit":"","ocean_menu_link_color":"","ocean_menu_link_color_hover":"","ocean_menu_link_color_active":"","ocean_menu_link_background":"","ocean_menu_link_hover_background":"","ocean_menu_link_active_background":"","ocean_menu_social_links_bg":"","ocean_menu_social_hover_links_bg":"","ocean_menu_social_links_color":"","ocean_menu_social_hover_links_color":"","ocean_disable_title":"on","ocean_disable_heading":"default","ocean_post_title":"","ocean_post_subheading":"","ocean_post_title_style":"","ocean_post_title_background_color":"","ocean_post_title_background":0,"ocean_post_title_bg_image_position":"","ocean_post_title_bg_image_attachment":"","ocean_post_title_bg_image_repeat":"","ocean_post_title_bg_image_size":"","ocean_post_title_height":0,"ocean_post_title_bg_overlay":0.5,"ocean_post_title_bg_overlay_color":"","ocean_disable_breadcrumbs":"default","ocean_breadcrumbs_color":"","ocean_breadcrumbs_separator_color":"","ocean_breadcrumbs_links_color":"","ocean_breadcrumbs_links_hover_color":"","ocean_display_footer_widgets":"default","ocean_display_footer_bottom":"default","ocean_custom_footer_template":"0","footnotes":""},"class_list":["post-1288","page","type-page","status-publish","hentry","entry"],"_links":{"self":[{"href":"https:\/\/vakbit.com\/hu\/wp-json\/wp\/v2\/pages\/1288","targetHints":{"allow":["GET"]}}],"collection":[{"href":"https:\/\/vakbit.com\/hu\/wp-json\/wp\/v2\/pages"}],"about":[{"href":"https:\/\/vakbit.com\/hu\/wp-json\/wp\/v2\/types\/page"}],"author":[{"embeddable":true,"href":"https:\/\/vakbit.com\/hu\/wp-json\/wp\/v2\/users\/1"}],"replies":[{"embeddable":true,"href":"https:\/\/vakbit.com\/hu\/wp-json\/wp\/v2\/comments?post=1288"}],"version-history":[{"count":10,"href":"https:\/\/vakbit.com\/hu\/wp-json\/wp\/v2\/pages\/1288\/revisions"}],"predecessor-version":[{"id":1522,"href":"https:\/\/vakbit.com\/hu\/wp-json\/wp\/v2\/pages\/1288\/revisions\/1522"}],"wp:attachment":[{"href":"https:\/\/vakbit.com\/hu\/wp-json\/wp\/v2\/media?parent=1288"}],"curies":[{"name":"wp","href":"https:\/\/api.w.org\/{rel}","templated":true}]}}