{"id":1295,"date":"2025-03-27T16:02:25","date_gmt":"2025-03-27T16:02:25","guid":{"rendered":"https:\/\/vakbit.com\/?page_id=1295"},"modified":"2025-12-23T22:08:26","modified_gmt":"2025-12-23T22:08:26","slug":"splosni-pogoji","status":"publish","type":"page","link":"https:\/\/vakbit.com\/hu\/splosni-pogoji\/","title":{"rendered":"Splo\u0161ni pogoji"},"content":{"rendered":"<div data-elementor-type=\"wp-page\" data-elementor-id=\"1295\" class=\"elementor elementor-1295\" data-elementor-post-type=\"page\">\n\t\t\t\t\t\t<section class=\"elementor-section elementor-top-section elementor-element elementor-element-23cd4f0 elementor-section-boxed elementor-section-height-default elementor-section-height-default\" data-id=\"23cd4f0\" data-element_type=\"section\" id=\"about\" data-settings=\"{&quot;background_background&quot;:&quot;gradient&quot;}\">\n\t\t\t\t\t\t<div class=\"elementor-container elementor-column-gap-default\">\n\t\t\t\t\t<div class=\"elementor-column elementor-col-100 elementor-top-column elementor-element elementor-element-9f48ae0\" data-id=\"9f48ae0\" data-element_type=\"column\">\n\t\t\t<div class=\"elementor-widget-wrap elementor-element-populated\">\n\t\t\t\t\t\t<div class=\"elementor-element elementor-element-6d7bb30 elementor-widget elementor-widget-heading\" data-id=\"6d7bb30\" data-element_type=\"widget\" data-widget_type=\"heading.default\">\n\t\t\t\t<div class=\"elementor-widget-container\">\n\t\t\t\t\t<h2 class=\"elementor-heading-title elementor-size-default\">\u00c1ltal\u00e1nos Szerz\u0151d\u00e9si Felt\u00e9telek<\/h2>\t\t\t\t<\/div>\n\t\t\t\t<\/div>\n\t\t\t\t<div class=\"elementor-element elementor-element-0c8563b elementor-widget elementor-widget-text-editor\" data-id=\"0c8563b\" data-element_type=\"widget\" data-widget_type=\"text-editor.default\">\n\t\t\t\t<div class=\"elementor-widget-container\">\n\t\t\t\t\t\t\t\t\t<p>Ezek a felt\u00e9telek a Vakbit weboldal haszn\u00e1lat\u00e1nak szab\u00e1lyait \u00e9s el\u0151\u00edr\u00e1sait \u00edrj\u00e1k le, amely a https:\/\/vakbit.com\/ c\u00edmen tal\u00e1lhat\u00f3, valamint annak minden aldomainj\u00e9t. A weboldal el\u00e9r\u00e9s\u00e9vel felt\u00e9telezz\u00fck, hogy \u00d6n elfogadja ezeket a felt\u00e9teleket. Ha nem \u00e9rt egyet az ezen az oldalon szerepl\u0151 \u00f6sszes felt\u00e9tellel, ne folytassa a https:\/\/vakbit.com\/ weboldal haszn\u00e1lat\u00e1t.<\/p><p>A k\u00f6vetkez\u0151 terminol\u00f3gia vonatkozik a jelen \u00c1ltal\u00e1nos Szerz\u0151d\u00e9si Felt\u00e9telekre, az Adatv\u00e9delmi Nyilatkozatra \u00e9s a Jogi nyilatkozatra, valamint az \u00f6sszes Meg\u00e1llapod\u00e1sra: Az \"\u00d6n\" \u00e9s az \"\u00d6n\" kifejez\u00e9s \u00d6nre, a weboldalra bejelentkez\u0151 \u00e9s a T\u00e1rsas\u00e1g \u00c1ltal\u00e1nos Szerz\u0151d\u00e9si Felt\u00e9teleinek megfelel\u0151 szem\u00e9lyre vonatkozik. A \"V\u00e1llalat\", \"Mi\", \"Mi\", \"Mi\u00e9nk\" \u00e9s \"Mi\" a v\u00e1llalatunkra utal. \"F\u00e9l\", \"Felek\" vagy \"Mi\" az \u00fcgyf\u00e9lre \u00e9s r\u00e1nk egyar\u00e1nt vonatkozik. Minden kifejez\u00e9s az aj\u00e1nlatra, elfogad\u00e1sra \u00e9s a fizet\u00e9s ellen\u00e9rt\u00e9k\u00e9re vonatkozik, amely ahhoz sz\u00fcks\u00e9ges, hogy a folyamatot a mi seg\u00edts\u00e9g\u00fcnkkel az \u00fcgyf\u00e9lnek a legmegfelel\u0151bb m\u00f3don v\u00e1llaljuk, azzal a kifejezett c\u00e9llal, hogy az \u00fcgyf\u00e9l ig\u00e9nyeit kiel\u00e9g\u00edts\u00fck a megadott szolg\u00e1ltat\u00e1sok ny\u00fajt\u00e1sa sor\u00e1n, \u00f6sszhangban \u00e9s az \u00e9rv\u00e9nyes szlov\u00e9niai joggal. A fenti terminol\u00f3gia vagy m\u00e1s szavak haszn\u00e1lata egyes sz\u00e1mban, t\u00f6bbes sz\u00e1mban, nagybet\u0171vel \u00e9s\/vagy \u0151\/\u0151 vagy \u0151k felcser\u00e9lhet\u0151nek tekintend\u0151k, \u00e9s ez\u00e9rt ugyanarra vonatkoznak.<\/p><p>S\u00fctik<\/p><p>A weboldal s\u00fctiket haszn\u00e1l. A https:\/\/vakbit.com oldalra val\u00f3 bel\u00e9p\u00e9ssel \u00d6n beleegyezik a s\u00fctik haszn\u00e1lat\u00e1ba a Vakbit szab\u00e1lyzat\u00e1nak \u00e9s a weboldalon tal\u00e1lhat\u00f3 adatv\u00e9delmi szab\u00e1lyzatnak megfelel\u0151en. A legt\u00f6bb interakt\u00edv weboldal cookie-kat haszn\u00e1l, hogy minden egyes l\u00e1togat\u00e1skor \u00f6sszegy\u0171jtse a felhaszn\u00e1l\u00f3 adatait. Weboldalunkon s\u00fctiket haszn\u00e1lunk, hogy lehet\u0151v\u00e9 tegy\u00fck bizonyos ter\u00fcletek m\u0171k\u00f6d\u00e9s\u00e9t, \u00e9s megk\u00f6nny\u00edts\u00fck a l\u00e1togat\u00f3k sz\u00e1m\u00e1ra a weboldal haszn\u00e1lat\u00e1t. Egyes kapcsolt\/rekl\u00e1moz\u00f3 partnereink is haszn\u00e1lhatnak harmadik f\u00e9lt\u0151l sz\u00e1rmaz\u00f3 s\u00fctiket.<\/p><p>Licenc<\/p><p>Elt\u00e9r\u0151 rendelkez\u00e9s hi\u00e1ny\u00e1ban a Vakbit \u00e9s\/vagy a weboldal licencad\u00f3i a szellemi tulajdonjogok tulajdonosai a https:\/\/vakbit.com\/ weboldalon tal\u00e1lhat\u00f3 valamennyi anyag tekintet\u00e9ben. Minden szellemi tulajdonjog fenntartva. \u00d6n a https:\/\/vakbit.com\/ oldalon kereszt\u00fcl saj\u00e1t szem\u00e9lyes haszn\u00e1latra f\u00e9rhet hozz\u00e1, a jelen \u00e1ltal\u00e1nos szerz\u0151d\u00e9si felt\u00e9telekben meghat\u00e1rozott korl\u00e1toz\u00e1sokkal.<\/p><p>Nem szabad:<\/p><p>A https:\/\/vakbit.com\/brez oldalr\u00f3l sz\u00e1rmaz\u00f3 anyagok enged\u00e9ly n\u00e9lk\u00fcli k\u00f6zz\u00e9t\u00e9tele.<br \/>enged\u00e9ly n\u00e9lk\u00fcl eladni, b\u00e9rbe adni vagy allicencbe adni a https:\/\/vakbit.com\/brez anyag\u00e1t.<br \/>A https:\/\/vakbit.com\/brez oldalr\u00f3l sz\u00e1rmaz\u00f3 anyagok enged\u00e9ly n\u00e9lk\u00fcli m\u00e1sol\u00e1sa, sokszoros\u00edt\u00e1sa vagy m\u00e1sol\u00e1sa.<br \/>A https:\/\/vakbit.com\/brez oldal tartalm\u00e1nak enged\u00e9ly n\u00e9lk\u00fcli terjeszt\u00e9se.<\/p><p>A jelen meg\u00e1llapod\u00e1s a jelen meg\u00e1llapod\u00e1s napj\u00e1n vagy a weboldalunkra t\u00f6rt\u00e9n\u0151 azonnali meg\u00e9rkez\u00e9skor l\u00e9p hat\u00e1lyba.<\/p><p>A weboldal egyes r\u00e9szei lehet\u0151s\u00e9get biztos\u00edtanak a felhaszn\u00e1l\u00f3knak arra, hogy a weboldal bizonyos ter\u00fcletein v\u00e9lem\u00e9nyeket \u00e9s inform\u00e1ci\u00f3kat tegyenek k\u00f6zz\u00e9 \u00e9s cser\u00e9ljenek ki. A Vakbit nem sz\u0171ri, nem szerkeszti, nem teszi k\u00f6zz\u00e9 \u00e9s nem vizsg\u00e1lja fel\u00fcl a hozz\u00e1sz\u00f3l\u00e1sokat a weboldalon val\u00f3 megjelen\u00e9s\u00fck el\u0151tt. A hozz\u00e1sz\u00f3l\u00e1sok nem t\u00fckr\u00f6zik a Vakbit, annak \u00fcgyn\u00f6kei \u00e9s\/vagy kapcsolt v\u00e1llalkoz\u00e1sai n\u00e9zeteit \u00e9s v\u00e9lem\u00e9ny\u00e9t. A hozz\u00e1sz\u00f3l\u00e1sok a v\u00e9lem\u00e9nyt k\u00f6zz\u00e9tev\u0151 szem\u00e9ly n\u00e9zeteit \u00e9s v\u00e9lem\u00e9ny\u00e9t t\u00fckr\u00f6zik. Az alkalmazand\u00f3 jogszab\u00e1lyok \u00e1ltal megengedett m\u00e9rt\u00e9kben a Vakbit nem felel\u0151s a megjegyz\u00e9sek\u00e9rt, illetve a weboldalon t\u00f6rt\u00e9n\u0151 felhaszn\u00e1l\u00e1s \u00e9s\/vagy a megjegyz\u00e9sek k\u00f6zz\u00e9t\u00e9tele \u00e9s\/vagy megjelen\u00e9se miatt felmer\u00fcl\u0151 \u00e9s\/vagy elszenvedett felel\u0151ss\u00e9gek\u00e9rt, k\u00e1rok\u00e9rt vagy k\u00f6lts\u00e9gek\u00e9rt.<\/p><p>A Vakbit fenntartja a jogot, hogy minden hozz\u00e1sz\u00f3l\u00e1st ellen\u0151rizzen, \u00e9s elt\u00e1vol\u00edtson minden olyan hozz\u00e1sz\u00f3l\u00e1st, amely nem megfelel\u0151nek, s\u00e9rt\u0151nek vagy a jelen felhaszn\u00e1l\u00e1si felt\u00e9telek megs\u00e9rt\u00e9s\u00e9nek min\u0151s\u00fcl.<\/p><p>\u00d6n garant\u00e1lja \u00e9s kijelenti, hogy:<\/p><p>\u00d6n jogosult arra, hogy hozz\u00e1sz\u00f3l\u00e1sokat tegyen k\u00f6zz\u00e9 weboldalunkon, \u00e9s rendelkezik az ehhez sz\u00fcks\u00e9ges enged\u00e9lyekkel \u00e9s hozz\u00e1j\u00e1rul\u00e1sokkal;<br \/>a megjegyz\u00e9sek nem s\u00e9rtik a szellemi tulajdonjogokat, bele\u00e9rtve harmadik felek szerz\u0151i jogait, szabadalmait vagy v\u00e9djegykorl\u00e1toz\u00e1sait;<br \/>a hozz\u00e1sz\u00f3l\u00e1sok nem tartalmaznak becs\u00fclets\u00e9rt\u0151, r\u00e1galmaz\u00f3, s\u00e9rt\u0151, illetlen vagy m\u00e1s m\u00f3don jogellenes, a mag\u00e1n\u00e9letet s\u00e9rt\u0151 anyagokat;<br \/>a hozz\u00e1sz\u00f3l\u00e1sok nem haszn\u00e1lhat\u00f3k fel \u00e9rt\u00e9kes\u00edt\u00e9sre val\u00f3 felh\u00edv\u00e1sra vagy prom\u00f3ci\u00f3ra, illetve kereskedelmi vagy illeg\u00e1lis tev\u00e9kenys\u00e9gek bemutat\u00e1s\u00e1ra.<\/p><p>A hozz\u00e1sz\u00f3l\u00e1s bek\u00fcld\u00e9s\u00e9vel \u00d6n nem kiz\u00e1r\u00f3lagos enged\u00e9lyt ad a Vakbitnek arra, hogy az \u00d6n hozz\u00e1sz\u00f3l\u00e1sait b\u00e1rmilyen form\u00e1ban, m\u00e9di\u00e1ban vagy form\u00e1tumban felhaszn\u00e1lja, reproduk\u00e1lja, m\u00f3dos\u00edtsa, \u00e9s felhatalmazza m\u00e1sokat arra, hogy felhaszn\u00e1lj\u00e1k, reproduk\u00e1lj\u00e1k \u00e9s m\u00f3dos\u00edts\u00e1k.<\/p><p>\u00a0<\/p><p><br \/>Hiperhivatkoz\u00e1sok a tartalmainkra<\/p><p>A k\u00f6vetkez\u0151 szervezetek el\u0151zetes \u00edr\u00e1sbeli enged\u00e9ly n\u00e9lk\u00fcl hivatkozhatnak weboldalunkra:<\/p><p>korm\u00e1nyzati szervek;<br \/>keres\u0151motorok;<br \/>h\u00edrek;<br \/>online k\u00f6nyvt\u00e1rak forgalmaz\u00f3i, amelyek ugyan\u00fagy hivatkozhatnak a weboldalunkra, mint ahogyan m\u00e1s, nyilv\u00e1nosan jegyzett v\u00e1llalatok weboldalaira is hiperlinket helyeznek; \u00e9s<br \/>akkredit\u00e1lt v\u00e1llalkoz\u00e1sok az eg\u00e9sz rendszerben, kiv\u00e9ve a nonprofit szervezeteket, a j\u00f3t\u00e9konys\u00e1gi bev\u00e1s\u00e1rl\u00f3k\u00f6zpontokat \u00e9s a j\u00f3t\u00e9konys\u00e1gi adom\u00e1nygy\u0171jt\u0151 csoportokat, amelyek nem hivatkozhatnak a weboldalunkra.<\/p><p>Ezek a szervezetek hivatkozhatnak a honlapunkra, kiadv\u00e1nyainkra vagy m\u00e1s weboldalon tal\u00e1lhat\u00f3 inform\u00e1ci\u00f3kra, am\u00edg a hivatkoz\u00e1s fenn\u00e1ll: (a) semmilyen m\u00f3don nem f\u00e9lrevezet\u0151; (b) nem sugallja hamisan a hivatkoz\u00f3 f\u00e9l \u00e9s term\u00e9kei \u00e9s\/vagy szolg\u00e1ltat\u00e1sai szponzor\u00e1l\u00e1s\u00e1t, j\u00f3v\u00e1hagy\u00e1s\u00e1t vagy j\u00f3v\u00e1hagy\u00e1s\u00e1t; \u00e9s (c) illeszkedik a hivatkoz\u00f3 f\u00e9l webhely\u00e9nek kontextus\u00e1ba.<\/p><p>A k\u00f6vetkez\u0151 t\u00edpus\u00fa szervezetek egy\u00e9b linkk\u00e9relmeit is figyelembe vehetj\u00fck \u00e9s j\u00f3v\u00e1hagyhatjuk:<\/p><p>\u00e1ltal\u00e1nosan ismert fogyaszt\u00f3i \u00e9s\/vagy \u00fczleti inform\u00e1ci\u00f3s forr\u00e1sok;<br \/>dot.com k\u00f6z\u00f6ss\u00e9gek<br \/>j\u00f3t\u00e9konys\u00e1gi szervezeteket k\u00e9pvisel\u0151 egyes\u00fcletek vagy m\u00e1s csoportok;<br \/>online c\u00edmt\u00e1r forgalmaz\u00f3k;<br \/>internetes port\u00e1lok;<br \/>k\u00f6nyvvizsg\u00e1l\u00f3, jogi \u00e9s tan\u00e1csad\u00f3 c\u00e9gek; \u00e9s<br \/>oktat\u00e1si int\u00e9zm\u00e9nyek \u00e9s szakmai sz\u00f6vets\u00e9gek.<\/p><p>Az ilyen szervezetekt\u0151l \u00e9rkez\u0151 linkk\u00e9relmeket akkor hagyjuk j\u00f3v\u00e1, ha ezt meg\u00e1llap\u00edtjuk: (a) a link nem vetne r\u00e1nk vagy akkredit\u00e1lt v\u00e1llalkoz\u00e1sainkra n\u00e9zve kedvez\u0151tlen f\u00e9nyt; (b) a szervezetnek nincs negat\u00edv el\u0151\u00e9lete vel\u00fcnk szemben; (c) a hiperlink l\u00e1that\u00f3s\u00e1g\u00e1b\u00f3l sz\u00e1rmaz\u00f3 el\u0151ny sz\u00e1munkra kompenz\u00e1lja a Vakbit hi\u00e1ny\u00e1t, \u00e9s (d) a link \u00e1ltal\u00e1nos forr\u00e1sinform\u00e1ci\u00f3kkal \u00f6sszef\u00fcgg\u00e9sben van.<\/p><p>Ezek a szervezetek hivatkozhatnak a honlapunkra, amennyiben a hivatkoz\u00e1s: (a) semmilyen m\u00f3don nem f\u00e9lrevezet\u0151; (b) nem sugallja hamisan a hivatkoz\u00f3 f\u00e9l \u00e9s term\u00e9keinek vagy szolg\u00e1ltat\u00e1sainak szponzor\u00e1l\u00e1s\u00e1t, j\u00f3v\u00e1hagy\u00e1s\u00e1t vagy j\u00f3v\u00e1hagy\u00e1s\u00e1t; \u00e9s (c) illeszkedik a hivatkoz\u00f3 f\u00e9l oldal\u00e1nak kontextus\u00e1ba. Ha \u00d6n a fent felsorolt szervezetek egyike, \u00e9s szeretne linkelni a weboldalunkra, akkor err\u0151l \u00e9rtes\u00edtenie kell minket a Vakbitnek k\u00fcld\u00f6tt e-mailben.<\/p><p>K\u00e9rj\u00fck, adja meg az \u00d6n nev\u00e9t, szervezet\u00e9nek nev\u00e9t, el\u00e9rhet\u0151s\u00e9g\u00e9t \u00e9s weboldal\u00e1nak URL-c\u00edm\u00e9t, valamint az \u00f6sszes olyan URL-c\u00edm list\u00e1j\u00e1t, amelyr\u0151l a mi weboldalunkra k\u00edv\u00e1n hivatkozni, \u00e9s a weboldalunkon tal\u00e1lhat\u00f3 azon URL-c\u00edmek list\u00e1j\u00e1t, amelyekre hivatkozni szeretne. K\u00e9rj\u00fck, hogy a v\u00e1laszad\u00e1sra 2-3 hetet sz\u00e1njon.<\/p><p>Az enged\u00e9lyezett szervezetek hiperlinket helyezhetnek el a weboldalunkon:<\/p><p>a c\u00e9g\u00fcnk nev\u00e9nek vagy<br \/>egy olyan egys\u00e9ges forr\u00e1skeres\u0151 haszn\u00e1lat\u00e1val, amely hivatkozik r\u00e1, vagy<br \/>a weboldalunk b\u00e1rmely m\u00e1s olyan le\u00edr\u00e1s\u00e1nak haszn\u00e1lata, amely a linkel\u0151 f\u00e9l weboldal\u00e1n tal\u00e1lhat\u00f3 tartalom kontextus\u00e1ban \u00e9s form\u00e1tum\u00e1ban relev\u00e1ns.<\/p><p>Hacsak nincs v\u00e9djegyhaszn\u00e1lati licencszerz\u0151d\u00e9s, a Vakbit log\u00f3 vagy m\u00e1s tartalom haszn\u00e1lata nem megengedett a linkhez.<\/p><p>iFrame<\/p><p>\u00d6n nem hozhat l\u00e9tre kereteket weboldalunk k\u00f6r\u00fcl semmilyen m\u00f3don, amely megv\u00e1ltoztatja weboldalunk vizu\u00e1lis megjelen\u00e9s\u00e9t vagy megjelen\u00e9s\u00e9t el\u0151zetes j\u00f3v\u00e1hagy\u00e1sunk \u00e9s \u00edr\u00e1sbeli enged\u00e9ly\u00fcnk n\u00e9lk\u00fcl.<\/p><p>Tartalmi felel\u0151ss\u00e9g<\/p><p>Nem vagyunk felel\u0151sek a weboldal\u00e1n megjelen\u0151 tartalmak\u00e9rt. \u00d6n v\u00e1llalja, hogy megv\u00e9d minket minden olyan \u00e1ll\u00edt\u00e1ssal szemben, amely az \u00d6n weboldal\u00e1n jelenik meg. Nem jelenhetnek meg olyan linkek semmilyen weboldalon, amelyek hamisnak, obszc\u00e9nnek vagy b\u0171ncselekm\u00e9nynek \u00e9rtelmezhet\u0151k, vagy amelyek harmadik f\u00e9l jogait s\u00e9rtik, m\u00e1s m\u00f3don megs\u00e9rtik, vagy azok megs\u00e9rt\u00e9s\u00e9t vagy m\u00e1s m\u00f3don t\u00f6rt\u00e9n\u0151 megs\u00e9rt\u00e9s\u00e9t szorgalmazz\u00e1k.<\/p><p>Jogfenntart\u00e1s<\/p><p>Fenntartjuk a jogot arra, hogy az \u00f6sszes link vagy a weboldalunkra mutat\u00f3 b\u00e1rmely konkr\u00e9t link elt\u00e1vol\u00edt\u00e1s\u00e1t k\u00e9rhess\u00fck. \u00d6n v\u00e1llalja, hogy k\u00e9r\u00e9sre azonnal elt\u00e1vol\u00edtja a weboldalunkra mutat\u00f3 \u00f6sszes linket. Fenntartjuk tov\u00e1bb\u00e1 a jogot, hogy b\u00e1rmikor megv\u00e1ltoztassuk ezeket a felt\u00e9teleket \u00e9s a linkel\u00e9si szab\u00e1lyzatot. Azzal, hogy tov\u00e1bbra is linkel weboldalunkra, \u00d6n elfogadja, hogy a jelen felt\u00e9telek \u00e9s kik\u00f6t\u00e9sek k\u00f6telez\u0151 \u00e9rv\u00e9ny\u0171ek, \u00e9s k\u00f6veti azokat.<\/p><p>Linkek elt\u00e1vol\u00edt\u00e1sa a weboldalunkr\u00f3l<\/p><p>Ha b\u00e1rmilyen okb\u00f3l s\u00e9rt\u0151 linket tal\u00e1l a weboldalunkon, b\u00e1rmikor felveheti vel\u00fcnk a kapcsolatot \u00e9s t\u00e1j\u00e9koztathat minket. A linkek elt\u00e1vol\u00edt\u00e1s\u00e1ra vonatkoz\u00f3 k\u00e9r\u00e9seket megfontoljuk, de nem vagyunk k\u00f6telesek k\u00f6zvetlen\u00fcl \u00d6nnek v\u00e1laszolni. Nem garant\u00e1ljuk a weboldalon tal\u00e1lhat\u00f3 inform\u00e1ci\u00f3k helyess\u00e9g\u00e9t, teljess\u00e9g\u00e9t vagy pontoss\u00e1g\u00e1t; nem v\u00e1llalunk garanci\u00e1t arra sem, hogy a weboldal el\u00e9rhet\u0151 marad, illetve hogy a weboldalon tal\u00e1lhat\u00f3 anyagokat naprak\u00e9szen tartjuk.<\/p><p>Felel\u0151ss\u00e9gi nyilatkozat<\/p><p>Az alkalmazand\u00f3 jog \u00e1ltal megengedett legteljesebb m\u00e9rt\u00e9kben kiz\u00e1runk minden, a weboldalunkkal \u00e9s a weboldal haszn\u00e1lat\u00e1val kapcsolatos kijelent\u00e9st, garanci\u00e1t \u00e9s felt\u00e9telt. A jelen kiz\u00e1r\u00f3 nyilatkozatban foglaltak k\u00f6z\u00fcl semmi sem:<\/p><p>A felel\u0151ss\u00e9g korl\u00e1toz\u00e1sai \u00e9s tilalmai, amelyek ebben a szakaszban \u00e9s a jelen nyilatkozat m\u00e1s pontjaiban szerepelnek: (a) az el\u0151z\u0151 bekezd\u00e9sben foglaltak szerint alkalmazand\u00f3k; \u00e9s (b) a nyilatkozat alapj\u00e1n felmer\u00fcl\u0151 valamennyi felel\u0151ss\u00e9gre vonatkoznak, bele\u00e9rtve a szerz\u0151d\u00e9ses felel\u0151ss\u00e9get, amely szerz\u0151d\u00e9sb\u0151l, jogellenes k\u00e1rokoz\u00e1sb\u00f3l \u00e9s t\u00f6rv\u00e9nyes k\u00f6telezetts\u00e9gszeg\u00e9sb\u0151l ered.<\/p><p>Am\u00edg a weboldal \u00e9s a weboldalon tal\u00e1lhat\u00f3 inform\u00e1ci\u00f3k \u00e9s szolg\u00e1ltat\u00e1sok ingyenesen el\u00e9rhet\u0151k, nem v\u00e1llalunk felel\u0151ss\u00e9get semmilyen vesztes\u00e9g\u00e9rt vagy k\u00e1r\u00e9rt.<\/p><p>Fogyaszt\u00f3i jogvit\u00e1k peren k\u00edv\u00fcli rendez\u00e9se<\/p><p>A jogszab\u00e1lyi el\u0151\u00edr\u00e1sokkal \u00f6sszhangban a Vakbit nem ismeri el egyetlen b\u00edr\u00f3s\u00e1gon k\u00edv\u00fcli fogyaszt\u00f3i vitarendez\u00e9si szolg\u00e1ltat\u00f3t sem illet\u00e9kesnek a fogyaszt\u00f3k \u00e1ltal a b\u00edr\u00f3s\u00e1gon k\u00edv\u00fcli fogyaszt\u00f3i vitarendez\u00e9sr\u0151l sz\u00f3l\u00f3 t\u00f6rv\u00e9ny alapj\u00e1n kezdem\u00e9nyezett fogyaszt\u00f3i jogvit\u00e1k rendez\u00e9s\u00e9re. A v\u00e1llalat mint \u00e1ru- \u00e9s szolg\u00e1ltat\u00e1sny\u00fajt\u00f3 a honlapj\u00e1n k\u00f6zz\u00e9teszi az online fogyaszt\u00f3i vitarendez\u00e9si platformra (SRPS) mutat\u00f3 elektronikus linket. A platform a fogyaszt\u00f3k sz\u00e1m\u00e1ra el\u00e9rhet\u0151 a http:\/\/ec.europa.eu\/odr elektronikus linken. Ez a rendelkez\u00e9s a fogyaszt\u00f3i jogvit\u00e1k b\u00edr\u00f3s\u00e1gon k\u00edv\u00fcli rendez\u00e9s\u00e9r\u0151l sz\u00f3l\u00f3 t\u00f6rv\u00e9nyb\u0151l, a fogyaszt\u00f3i jogvit\u00e1k online vitarendez\u00e9s\u00e9r\u0151l \u00e9s a 2016\/2004\/EK rendelet m\u00f3dos\u00edt\u00e1s\u00e1r\u00f3l sz\u00f3l\u00f3 524\/2013\/EU eur\u00f3pai parlamenti \u00e9s tan\u00e1csi rendeletb\u0151l \u00e9s a 200. sz. ir\u00e1nyelvb\u0151l ered.<\/p>\t\t\t\t\t\t\t\t<\/div>\n\t\t\t\t<\/div>\n\t\t\t\t\t<\/div>\n\t\t<\/div>\n\t\t\t\t\t<\/div>\n\t\t<\/section>\n\t\t\t\t<\/div>","protected":false},"excerpt":{"rendered":"<p>General Terms and Conditions These terms describe the rules and regulations for using the Vakbit website, located at https:\/\/vakbit.com\/ and all of its subdomains. By accessing this website, we assume that you accept these terms. If you do not agree with all the terms and conditions stated on this page, do not continue to use [&hellip;]<\/p>","protected":false},"author":1,"featured_media":0,"parent":0,"menu_order":0,"comment_status":"closed","ping_status":"closed","template":"","meta":{"_seopress_robots_primary_cat":"","_seopress_titles_title":"","_seopress_titles_desc":"","_seopress_robots_index":"","ocean_post_layout":"full-screen","ocean_both_sidebars_style":"","ocean_both_sidebars_content_width":0,"ocean_both_sidebars_sidebars_width":0,"ocean_sidebar":"0","ocean_second_sidebar":"0","ocean_disable_margins":"enable","ocean_add_body_class":"","ocean_shortcode_before_top_bar":"","ocean_shortcode_after_top_bar":"","ocean_shortcode_before_header":"","ocean_shortcode_after_header":"","ocean_has_shortcode":"","ocean_shortcode_after_title":"","ocean_shortcode_before_footer_widgets":"","ocean_shortcode_after_footer_widgets":"","ocean_shortcode_before_footer_bottom":"","ocean_shortcode_after_footer_bottom":"","ocean_display_top_bar":"default","ocean_display_header":"default","ocean_header_style":"transparent","ocean_center_header_left_menu":"0","ocean_custom_header_template":"0","ocean_custom_logo":0,"ocean_custom_retina_logo":0,"ocean_custom_logo_max_width":0,"ocean_custom_logo_tablet_max_width":0,"ocean_custom_logo_mobile_max_width":0,"ocean_custom_logo_max_height":0,"ocean_custom_logo_tablet_max_height":0,"ocean_custom_logo_mobile_max_height":0,"ocean_header_custom_menu":"0","ocean_menu_typo_font_family":"0","ocean_menu_typo_font_subset":"","ocean_menu_typo_font_size":0,"ocean_menu_typo_font_size_tablet":0,"ocean_menu_typo_font_size_mobile":0,"ocean_menu_typo_font_size_unit":"px","ocean_menu_typo_font_weight":"","ocean_menu_typo_font_weight_tablet":"","ocean_menu_typo_font_weight_mobile":"","ocean_menu_typo_transform":"","ocean_menu_typo_transform_tablet":"","ocean_menu_typo_transform_mobile":"","ocean_menu_typo_line_height":0,"ocean_menu_typo_line_height_tablet":0,"ocean_menu_typo_line_height_mobile":0,"ocean_menu_typo_line_height_unit":"","ocean_menu_typo_spacing":0,"ocean_menu_typo_spacing_tablet":0,"ocean_menu_typo_spacing_mobile":0,"ocean_menu_typo_spacing_unit":"","ocean_menu_link_color":"","ocean_menu_link_color_hover":"","ocean_menu_link_color_active":"","ocean_menu_link_background":"","ocean_menu_link_hover_background":"","ocean_menu_link_active_background":"","ocean_menu_social_links_bg":"","ocean_menu_social_hover_links_bg":"","ocean_menu_social_links_color":"","ocean_menu_social_hover_links_color":"","ocean_disable_title":"on","ocean_disable_heading":"default","ocean_post_title":"","ocean_post_subheading":"","ocean_post_title_style":"","ocean_post_title_background_color":"","ocean_post_title_background":0,"ocean_post_title_bg_image_position":"","ocean_post_title_bg_image_attachment":"","ocean_post_title_bg_image_repeat":"","ocean_post_title_bg_image_size":"","ocean_post_title_height":0,"ocean_post_title_bg_overlay":0.5,"ocean_post_title_bg_overlay_color":"","ocean_disable_breadcrumbs":"default","ocean_breadcrumbs_color":"","ocean_breadcrumbs_separator_color":"","ocean_breadcrumbs_links_color":"","ocean_breadcrumbs_links_hover_color":"","ocean_display_footer_widgets":"default","ocean_display_footer_bottom":"default","ocean_custom_footer_template":"0","footnotes":""},"class_list":["post-1295","page","type-page","status-publish","hentry","entry"],"_links":{"self":[{"href":"https:\/\/vakbit.com\/hu\/wp-json\/wp\/v2\/pages\/1295","targetHints":{"allow":["GET"]}}],"collection":[{"href":"https:\/\/vakbit.com\/hu\/wp-json\/wp\/v2\/pages"}],"about":[{"href":"https:\/\/vakbit.com\/hu\/wp-json\/wp\/v2\/types\/page"}],"author":[{"embeddable":true,"href":"https:\/\/vakbit.com\/hu\/wp-json\/wp\/v2\/users\/1"}],"replies":[{"embeddable":true,"href":"https:\/\/vakbit.com\/hu\/wp-json\/wp\/v2\/comments?post=1295"}],"version-history":[{"count":10,"href":"https:\/\/vakbit.com\/hu\/wp-json\/wp\/v2\/pages\/1295\/revisions"}],"predecessor-version":[{"id":1532,"href":"https:\/\/vakbit.com\/hu\/wp-json\/wp\/v2\/pages\/1295\/revisions\/1532"}],"wp:attachment":[{"href":"https:\/\/vakbit.com\/hu\/wp-json\/wp\/v2\/media?parent=1295"}],"curies":[{"name":"wp","href":"https:\/\/api.w.org\/{rel}","templated":true}]}}