{"id":1282,"date":"2025-03-27T15:33:00","date_gmt":"2025-03-27T15:33:00","guid":{"rendered":"https:\/\/vakbit.com\/?page_id=1282"},"modified":"2025-12-23T22:00:01","modified_gmt":"2025-12-23T22:00:01","slug":"politika-zasebnosti","status":"publish","type":"page","link":"https:\/\/vakbit.com\/it\/politika-zasebnosti\/","title":{"rendered":"Politika zasebnosti"},"content":{"rendered":"<div data-elementor-type=\"wp-page\" data-elementor-id=\"1282\" class=\"elementor elementor-1282\" data-elementor-post-type=\"page\">\n\t\t\t\t\t\t<section class=\"elementor-section elementor-top-section elementor-element elementor-element-23cd4f0 elementor-section-boxed elementor-section-height-default elementor-section-height-default\" data-id=\"23cd4f0\" data-element_type=\"section\" id=\"about\" data-settings=\"{&quot;background_background&quot;:&quot;gradient&quot;}\">\n\t\t\t\t\t\t<div class=\"elementor-container elementor-column-gap-default\">\n\t\t\t\t\t<div class=\"elementor-column elementor-col-100 elementor-top-column elementor-element elementor-element-9f48ae0\" data-id=\"9f48ae0\" data-element_type=\"column\">\n\t\t\t<div class=\"elementor-widget-wrap elementor-element-populated\">\n\t\t\t\t\t\t<div class=\"elementor-element elementor-element-6d7bb30 elementor-widget elementor-widget-heading\" data-id=\"6d7bb30\" data-element_type=\"widget\" data-widget_type=\"heading.default\">\n\t\t\t\t<div class=\"elementor-widget-container\">\n\t\t\t\t\t<h2 class=\"elementor-heading-title elementor-size-default\">Informativa sulla privacy<\/h2>\t\t\t\t<\/div>\n\t\t\t\t<\/div>\n\t\t\t\t<div class=\"elementor-element elementor-element-0c8563b elementor-widget elementor-widget-text-editor\" data-id=\"0c8563b\" data-element_type=\"widget\" data-widget_type=\"text-editor.default\">\n\t\t\t\t<div class=\"elementor-widget-container\">\n\t\t\t\t\t\t\t\t\t<p>DI COSA ABBIAMO BISOGNO<br \/>La nostra politica sulla privacy regola l'uso e l'archiviazione dei dati. \u00c8 possibile consultare la nostra politica sulla privacy alla pagina Informativa sulla privacy (vedi allegato sotto). L'azienda \u00e8 il titolare del trattamento dei dati personali che tratta (soggetto interessato: voi, acquirenti, visitatori, ecc.). Raccogliamo i seguenti tipi di dati personali:<\/p><p>Indirizzo e-mail;<br \/>Nome e cognome, indirizzo, indirizzo e-mail e numero di telefono;<br \/>Dettagli del metodo di pagamento, come i dati della carta di credito o di debito, PayPal e altri metodi di pagamento;<br \/>Copie di documenti personali che confermano l'esattezza dei dati personali;<br \/>Cookie;<br \/>Tracciamento delle visite di Google Analytics, Yandex e Cloudflare;<br \/>Link a profili personali su gruppi di social media.<br \/>Raccogliamo ogni tipo di dati personali in base alla necessit\u00e0 e con il consenso separato.<\/p><p>PERCH\u00c9 NE ABBIAMO BISOGNO<br \/>I vostri dati personali ci servono per i seguenti servizi:<\/p><p>Indirizzo e-mail per rispondere alle vostre e-mail o ai messaggi inviati tramite i moduli di contatto;<br \/>Indirizzo e-mail per l'invio di offerte e newsletter;<br \/>Nome e cognome, indirizzo, indirizzo e-mail e numero di telefono per l'accettazione di prenotazioni, richieste e invio di offerte o per soddisfare altre richieste;<br \/>Nome e cognome, indirizzo, indirizzo e-mail e numero di telefono per l'acquisto di carte regalo, buoni o servizi e articoli relativi alla nostra offerta;<br \/>Dettagli sulle modalit\u00e0 di pagamento e copie di documenti personali per l'esecuzione dei servizi;<br \/>Indirizzo e-mail per il marketing automatizzato (conferma delle prenotazioni, ringraziamento per le registrazioni, ecc;)<br \/>Cookie per il funzionamento dei siti web;<br \/>Comunicazione tramite gruppi sociali con profili personali che confermano una connessione con noi;<br \/>Nome e cognome, indirizzo, indirizzo e-mail e numero di telefono per giochi a premi occasionali o altre campagne promozionali, previo consenso dell'utente;<br \/>Dati aggregati di Google Analytics o Yandex Direct e Cloudflare per il tracciamento delle visite e l'analisi interna, che utilizzeremo per migliorare i contenuti.<br \/>COSA FACCIAMO CON I DATI PERSONALI<br \/>L'hosting e l'archiviazione dei dati sono forniti da https:\/\/easytask.si\/, situato nell'Unione Europea (Germania).<\/p><p>Nessuna terza parte ha accesso ai vostri dati, a meno che non sia richiesto dalla legge.<\/p><p>PER QUANTO TEMPO LO CONSERVIAMO<br \/>Sul nostro sito web utilizziamo cookie persistenti per i link ai servizi sociali e ad altri fornitori di \"condivisione\", nonch\u00e9 cookie che consentono di accedere ripetutamente ai contenuti preferiti sul nostro sito web.<\/p><p>QUALI SONO I VOSTRI DIRITTI<br \/>Se ritenete che i dati personali in nostro possesso siano errati o incompleti, avete la possibilit\u00e0 di richiedere la revisione, la correzione o la cancellazione di tali dati. Vi preghiamo di contattarci tramite (Modulo di richiesta di accesso ai dati). Se desiderate presentare un reclamo sul modo in cui abbiamo trattato i vostri dati personali, contattate il responsabile della protezione dei dati o il contatto per la protezione dei dati (DPC) presso la societ\u00e0.<\/p><p>Il nostro DPC esaminer\u00e0 il vostro reclamo e vi informer\u00e0 dell'esito. Se ritenete ancora che i vostri dati personali non siano stati trattati in conformit\u00e0 alla legge, potete contattare l'Information Commissioner e presentare un reclamo. \u00c8 possibile richiedere l'accesso alle politiche e ai documenti relativi alla privacy utilizzando l'apposito modulo disponibile alla pagina Informativa sulla privacy.<\/p><p>Documenti correlati:<\/p><p>Politica di protezione dei dati personali<br \/>Politica di conservazione dei dati personali (su richiesta via e-mail o di persona)<br \/>Piano di conservazione dei dati personali (su richiesta via e-mail o di persona)<br \/>Informativa sulla privacy<br \/>Termini e condizioni<br \/>Modulo di consenso<br \/>Modulo di ritiro del consenso<\/p><p><br \/>Versione del documento: 1.0<\/p>\t\t\t\t\t\t\t\t<\/div>\n\t\t\t\t<\/div>\n\t\t\t\t\t<\/div>\n\t\t<\/div>\n\t\t\t\t\t<\/div>\n\t\t<\/section>\n\t\t\t\t<\/div>","protected":false},"excerpt":{"rendered":"<p>Privacy Policy WHAT WE NEEDOur privacy policy governs the use and storage of data. You can view our privacy policy on the Privacy Notice page (see attachment below). The company is the controller of the personal data it processes (data subject: you, the buyer, visitor, etc.). We collect the following types of personal data: Email [&hellip;]<\/p>","protected":false},"author":1,"featured_media":0,"parent":0,"menu_order":0,"comment_status":"closed","ping_status":"closed","template":"","meta":{"_seopress_robots_primary_cat":"","_seopress_titles_title":"","_seopress_titles_desc":"","_seopress_robots_index":"","ocean_post_layout":"full-screen","ocean_both_sidebars_style":"","ocean_both_sidebars_content_width":0,"ocean_both_sidebars_sidebars_width":0,"ocean_sidebar":"0","ocean_second_sidebar":"0","ocean_disable_margins":"enable","ocean_add_body_class":"","ocean_shortcode_before_top_bar":"","ocean_shortcode_after_top_bar":"","ocean_shortcode_before_header":"","ocean_shortcode_after_header":"","ocean_has_shortcode":"","ocean_shortcode_after_title":"","ocean_shortcode_before_footer_widgets":"","ocean_shortcode_after_footer_widgets":"","ocean_shortcode_before_footer_bottom":"","ocean_shortcode_after_footer_bottom":"","ocean_display_top_bar":"default","ocean_display_header":"default","ocean_header_style":"transparent","ocean_center_header_left_menu":"0","ocean_custom_header_template":"0","ocean_custom_logo":0,"ocean_custom_retina_logo":0,"ocean_custom_logo_max_width":0,"ocean_custom_logo_tablet_max_width":0,"ocean_custom_logo_mobile_max_width":0,"ocean_custom_logo_max_height":0,"ocean_custom_logo_tablet_max_height":0,"ocean_custom_logo_mobile_max_height":0,"ocean_header_custom_menu":"0","ocean_menu_typo_font_family":"0","ocean_menu_typo_font_subset":"","ocean_menu_typo_font_size":0,"ocean_menu_typo_font_size_tablet":0,"ocean_menu_typo_font_size_mobile":0,"ocean_menu_typo_font_size_unit":"px","ocean_menu_typo_font_weight":"","ocean_menu_typo_font_weight_tablet":"","ocean_menu_typo_font_weight_mobile":"","ocean_menu_typo_transform":"","ocean_menu_typo_transform_tablet":"","ocean_menu_typo_transform_mobile":"","ocean_menu_typo_line_height":0,"ocean_menu_typo_line_height_tablet":0,"ocean_menu_typo_line_height_mobile":0,"ocean_menu_typo_line_height_unit":"","ocean_menu_typo_spacing":0,"ocean_menu_typo_spacing_tablet":0,"ocean_menu_typo_spacing_mobile":0,"ocean_menu_typo_spacing_unit":"","ocean_menu_link_color":"","ocean_menu_link_color_hover":"","ocean_menu_link_color_active":"","ocean_menu_link_background":"","ocean_menu_link_hover_background":"","ocean_menu_link_active_background":"","ocean_menu_social_links_bg":"","ocean_menu_social_hover_links_bg":"","ocean_menu_social_links_color":"","ocean_menu_social_hover_links_color":"","ocean_disable_title":"on","ocean_disable_heading":"default","ocean_post_title":"","ocean_post_subheading":"","ocean_post_title_style":"","ocean_post_title_background_color":"","ocean_post_title_background":0,"ocean_post_title_bg_image_position":"","ocean_post_title_bg_image_attachment":"","ocean_post_title_bg_image_repeat":"","ocean_post_title_bg_image_size":"","ocean_post_title_height":0,"ocean_post_title_bg_overlay":0.5,"ocean_post_title_bg_overlay_color":"","ocean_disable_breadcrumbs":"default","ocean_breadcrumbs_color":"","ocean_breadcrumbs_separator_color":"","ocean_breadcrumbs_links_color":"","ocean_breadcrumbs_links_hover_color":"","ocean_display_footer_widgets":"default","ocean_display_footer_bottom":"default","ocean_custom_footer_template":"0","footnotes":""},"class_list":["post-1282","page","type-page","status-publish","hentry","entry"],"_links":{"self":[{"href":"https:\/\/vakbit.com\/it\/wp-json\/wp\/v2\/pages\/1282","targetHints":{"allow":["GET"]}}],"collection":[{"href":"https:\/\/vakbit.com\/it\/wp-json\/wp\/v2\/pages"}],"about":[{"href":"https:\/\/vakbit.com\/it\/wp-json\/wp\/v2\/types\/page"}],"author":[{"embeddable":true,"href":"https:\/\/vakbit.com\/it\/wp-json\/wp\/v2\/users\/1"}],"replies":[{"embeddable":true,"href":"https:\/\/vakbit.com\/it\/wp-json\/wp\/v2\/comments?post=1282"}],"version-history":[{"count":7,"href":"https:\/\/vakbit.com\/it\/wp-json\/wp\/v2\/pages\/1282\/revisions"}],"predecessor-version":[{"id":1525,"href":"https:\/\/vakbit.com\/it\/wp-json\/wp\/v2\/pages\/1282\/revisions\/1525"}],"wp:attachment":[{"href":"https:\/\/vakbit.com\/it\/wp-json\/wp\/v2\/media?parent=1282"}],"curies":[{"name":"wp","href":"https:\/\/api.w.org\/{rel}","templated":true}]}}