{"id":1295,"date":"2025-03-27T16:02:25","date_gmt":"2025-03-27T16:02:25","guid":{"rendered":"https:\/\/vakbit.com\/?page_id=1295"},"modified":"2025-12-23T22:08:26","modified_gmt":"2025-12-23T22:08:26","slug":"splosni-pogoji","status":"publish","type":"page","link":"https:\/\/vakbit.com\/it\/splosni-pogoji\/","title":{"rendered":"Pogoji di Splo\u0161ni"},"content":{"rendered":"<div data-elementor-type=\"wp-page\" data-elementor-id=\"1295\" class=\"elementor elementor-1295\" data-elementor-post-type=\"page\">\n\t\t\t\t\t\t<section class=\"elementor-section elementor-top-section elementor-element elementor-element-23cd4f0 elementor-section-boxed elementor-section-height-default elementor-section-height-default\" data-id=\"23cd4f0\" data-element_type=\"section\" id=\"about\" data-settings=\"{&quot;background_background&quot;:&quot;gradient&quot;}\">\n\t\t\t\t\t\t<div class=\"elementor-container elementor-column-gap-default\">\n\t\t\t\t\t<div class=\"elementor-column elementor-col-100 elementor-top-column elementor-element elementor-element-9f48ae0\" data-id=\"9f48ae0\" data-element_type=\"column\">\n\t\t\t<div class=\"elementor-widget-wrap elementor-element-populated\">\n\t\t\t\t\t\t<div class=\"elementor-element elementor-element-6d7bb30 elementor-widget elementor-widget-heading\" data-id=\"6d7bb30\" data-element_type=\"widget\" data-widget_type=\"heading.default\">\n\t\t\t\t<div class=\"elementor-widget-container\">\n\t\t\t\t\t<h2 class=\"elementor-heading-title elementor-size-default\">Termini e condizioni generali<\/h2>\t\t\t\t<\/div>\n\t\t\t\t<\/div>\n\t\t\t\t<div class=\"elementor-element elementor-element-0c8563b elementor-widget elementor-widget-text-editor\" data-id=\"0c8563b\" data-element_type=\"widget\" data-widget_type=\"text-editor.default\">\n\t\t\t\t<div class=\"elementor-widget-container\">\n\t\t\t\t\t\t\t\t\t<p>I presenti termini descrivono le norme e i regolamenti per l'utilizzo del sito web di Vakbit, situato all'indirizzo https:\/\/vakbit.com\/ e di tutti i suoi sottodomini. Accedendo a questo sito web, si presume che l'utente accetti tali termini. Se non si accettano tutti i termini e le condizioni indicati in questa pagina, non continuare a utilizzare https:\/\/vakbit.com\/.<\/p><p>La seguente terminologia si applica ai presenti Termini e condizioni, all'Informativa sulla privacy e all'Avviso di esclusione di responsabilit\u00e0 e a tutti i contratti: \"Lei\" e \"Suo\" si riferiscono a Lei, la persona che accede a questo sito web e che \u00e8 conforme ai Termini e condizioni della Societ\u00e0. \"Azienda\", \"Noi\", \"Noi\", \"Nostro\" e \"Noi\" si riferiscono alla nostra azienda. \"Parte\", \"Parti\" o \"Noi\" si riferiscono sia al cliente che a noi. Tutti i termini si riferiscono all'offerta, all'accettazione e al corrispettivo del pagamento necessario per intraprendere il processo di assistenza al cliente nel modo pi\u00f9 appropriato, con l'obiettivo esplicito di soddisfare le esigenze del cliente nella fornitura dei servizi indicati, in conformit\u00e0 e nel rispetto della legge vigente in Slovenia. L'uso della terminologia di cui sopra o di altre parole al singolare, al plurale, la capitalizzazione e\/o il lui\/lei sono considerati intercambiabili e quindi si riferiscono alla stessa cosa.<\/p><p>Biscotti<\/p><p>Il sito web utilizza i cookie. Accedendo al sito https:\/\/vakbit.com, l'utente accetta l'uso dei cookie in conformit\u00e0 con la politica di Vakbit e l'informativa sulla privacy del sito web. La maggior parte dei siti web interattivi utilizza i cookie per raccogliere i dati dell'utente ad ogni visita. Sul nostro sito web utilizziamo i cookie per consentire la funzionalit\u00e0 di alcune aree e per facilitare l'utilizzo del sito da parte dei visitatori. Anche alcuni dei nostri partner affiliati\/pubblicitari possono utilizzare cookie di terze parti.<\/p><p>Licenza<\/p><p>Se non diversamente indicato, Vakbit e\/o i suoi licenziatari del sito web sono i proprietari dei diritti di propriet\u00e0 intellettuale di tutto il materiale presente su https:\/\/vakbit.com\/. Tutti i diritti di propriet\u00e0 intellettuale sono riservati. L'utente pu\u00f2 accedere a questo sito https:\/\/vakbit.com\/ per uso personale, nel rispetto delle restrizioni stabilite nei presenti termini e condizioni.<\/p><p>Non \u00e8 possibile:<\/p><p>Pubblicare materiale da https:\/\/vakbit.com\/brez senza autorizzazione.<br \/>Vendere, affittare o concedere in sublicenza il materiale di https:\/\/vakbit.com\/brez senza autorizzazione.<br \/>Riprodurre, duplicare o copiare materiale da https:\/\/vakbit.com\/brez senza autorizzazione.<br \/>Ridistribuire il contenuto di https:\/\/vakbit.com\/brez senza autorizzazione.<\/p><p>Il presente contratto entrer\u00e0 in vigore alla data dello stesso o all'arrivo immediato sul nostro sito web.<\/p><p>Alcune parti di questo sito web offrono agli utenti la possibilit\u00e0 di pubblicare e scambiare opinioni e informazioni in determinate aree del sito. Vakbit non filtra, modifica, pubblica o rivede i commenti prima della loro presenza sul sito web. I commenti non riflettono i punti di vista e le opinioni di Vakbit, dei suoi agenti e\/o affiliati. I commenti riflettono i punti di vista e le opinioni della persona che li pubblica. Nella misura consentita dalla legge applicabile, Vakbit non \u00e8 responsabile dei commenti o di qualsiasi responsabilit\u00e0, danno o spesa sostenuta e\/o subita in seguito all'uso e\/o alla pubblicazione e\/o all'apparizione di commenti su questo sito web.<\/p><p>Vakbit si riserva il diritto di monitorare tutti i commenti e di rimuovere qualsiasi commento che possa essere considerato inappropriato, offensivo o in violazione dei presenti termini e condizioni.<\/p><p>L'utente garantisce e dichiara che:<\/p><p>siete autorizzati a pubblicare commenti sul nostro sito web e disponete delle autorizzazioni e dei consensi necessari per farlo;<br \/>i commenti non violano alcun diritto di propriet\u00e0 intellettuale, compresi i diritti d'autore, i brevetti e i marchi di fabbrica di terzi;<br \/>i commenti non contengano materiale diffamatorio, calunnioso, offensivo, indecente o comunque illegale che violi la privacy;<br \/>i commenti non saranno utilizzati per sollecitare o promuovere vendite o presentare attivit\u00e0 commerciali o illegali.<\/p><p>Inviando un commento, l'utente concede a Vakbit una licenza non esclusiva per utilizzare, riprodurre, modificare e autorizzare altri a utilizzare, riprodurre e modificare i suoi commenti in qualsiasi forma, media o formato.<\/p><p>\u00a0<\/p><p><br \/>Collegamenti ipertestuali ai nostri contenuti<\/p><p>Le seguenti organizzazioni possono collegarsi al nostro sito web senza previa autorizzazione scritta:<\/p><p>agenzie governative;<br \/>motori di ricerca;<br \/>notizie;<br \/>distributori di elenchi online che possono collegarsi al nostro sito web nello stesso modo in cui si collegano ai siti web di altre societ\u00e0 quotate in borsa; e<br \/>le aziende accreditate in tutto il sistema, ad eccezione delle organizzazioni no-profit, dei centri commerciali di beneficenza e dei gruppi di raccolta fondi di beneficenza, che non possono collegarsi al nostro sito web.<\/p><p>Queste organizzazioni possono inserire un link alla nostra home page, alle nostre pubblicazioni o ad altre informazioni del sito web, a condizione che il link: (a) non sia in alcun modo fuorviante; (b) non implichi falsamente la sponsorizzazione, l'avallo o l'approvazione del linkante e dei suoi prodotti e\/o servizi; e (c) si inserisca nel contesto del sito del linkante.<\/p><p>Possiamo prendere in considerazione e approvare altre richieste di link da parte dei seguenti tipi di organizzazioni:<\/p><p>fonti di informazione sui consumatori e\/o sulle imprese generalmente conosciute;<br \/>comunit\u00e0 dot.com<br \/>associazioni o altri gruppi che rappresentano organizzazioni caritatevoli;<br \/>distributori di elenchi online;<br \/>portali internet;<br \/>societ\u00e0 di contabilit\u00e0, studi legali e di consulenza; e<br \/>istituzioni educative e associazioni di categoria.<\/p><p>Approviamo le richieste di link da parte di queste organizzazioni se stabiliamo che: (a) il link non ci faccia apparire sfavorevoli a noi stessi o alle nostre aziende accreditate; (b) l'organizzazione non abbia precedenti negativi con noi; (c) il beneficio per noi derivante dalla visibilit\u00e0 del collegamento ipertestuale compensi l'assenza di Vakbit e (d) il link sia nel contesto di informazioni generali sulle risorse.<\/p><p>Queste organizzazioni possono collegarsi alla nostra home page a condizione che il link: (a) non sia in alcun modo fuorviante; (b) non implichi falsamente la sponsorizzazione, l'avallo o l'approvazione del linkante e dei suoi prodotti o servizi; e (c) si inserisca nel contesto del sito del linkante. Se siete una delle organizzazioni sopra elencate e siete interessati a collegarvi al nostro sito web, dovete comunicarcelo inviando un'e-mail a Vakbit.<\/p><p>Vi preghiamo di includere il vostro nome, il nome della vostra organizzazione, le informazioni di contatto e l'URL del vostro sito web, un elenco di tutti gli URL da cui intendete collegarvi al nostro sito web e un elenco degli URL del nostro sito web a cui vorreste collegarvi. Si prega di attendere 2-3 settimane per una risposta.<\/p><p>Le organizzazioni autorizzate possono collegarsi al nostro sito web tramite hyperlink:<\/p><p>utilizzando il nome della nostra azienda o<br \/>utilizzando un localizzatore uniforme di risorse che rimanda ad esso o<br \/>utilizzando qualsiasi altra descrizione del nostro sito web che sia pertinente al contesto e al formato del contenuto del sito web del linkante.<\/p><p>A meno che non esista un accordo di licenza del marchio, l'uso del logo Vakbit o di altri contenuti non sar\u00e0 consentito per il link.<\/p><p>iFrame<\/p><p>Non \u00e8 consentito creare cornici intorno al nostro sito web in qualsiasi modo che alteri la presentazione visiva o l'aspetto del nostro sito web senza la nostra preventiva approvazione e autorizzazione scritta.<\/p><p>Responsabilit\u00e0 dei contenuti<\/p><p>Non siamo responsabili per i contenuti che appaiono sul vostro sito web. L'utente accetta di proteggerci e difenderci da tutte le rivendicazioni che appaiono sul suo sito web. Su qualsiasi sito web non possono comparire link che possano essere interpretati come falsi, osceni o criminali, o che infrangano, violino in altro modo o sostengano l'infrazione o altra violazione dei diritti di terzi.<\/p><p>Riserva di diritti<\/p><p>Ci riserviamo il diritto di richiedere la rimozione di tutti i link o di un particolare link al nostro sito web. L'utente accetta di rimuovere immediatamente tutti i link al nostro sito web su richiesta. Ci riserviamo inoltre il diritto di modificare i presenti termini e condizioni e la politica di collegamento in qualsiasi momento. Continuando a collegarvi al nostro sito web, accettate di essere vincolati e di seguire questi termini e condizioni.<\/p><p>Rimozione di link dal nostro sito web<\/p><p>Se sul nostro sito web trovate un link offensivo per qualsiasi motivo, siete liberi di contattarci e informarci in qualsiasi momento. Prenderemo in considerazione le richieste di rimozione dei link, ma non siamo obbligati a rispondere direttamente all'utente. Non garantiamo che le informazioni contenute in questo sito web siano corrette, n\u00e9 ne garantiamo la completezza o l'accuratezza; n\u00e9 ci impegniamo a garantire che il sito web rimanga disponibile o che il materiale presente sul sito web sia aggiornato.<\/p><p>Dichiarazione di non responsabilit\u00e0<\/p><p>Nella misura massima consentita dalla legge applicabile, escludiamo tutte le dichiarazioni, garanzie e condizioni relative al nostro sito web e all'uso di questo sito web. Nulla di quanto contenuto nella presente clausola di esclusione della responsabilit\u00e0:<\/p><p>Le limitazioni e i divieti di responsabilit\u00e0 stabiliti in questa sezione e in altre parti della presente clausola di esclusione della responsabilit\u00e0: (a) si applicano al paragrafo precedente; e (b) regolano tutte le responsabilit\u00e0 derivanti dalla clausola di esclusione della responsabilit\u00e0, comprese le responsabilit\u00e0 contrattuali derivanti da contratto, illecito civile e violazione di obblighi di legge.<\/p><p>Finch\u00e9 il sito web e le informazioni e i servizi presenti sul sito sono disponibili gratuitamente, non saremo responsabili di eventuali perdite o danni.<\/p><p>Risoluzione extragiudiziale delle controversie dei consumatori<\/p><p>In conformit\u00e0 alle disposizioni di legge, Vakbit non riconosce alcun fornitore di servizi di risoluzione extragiudiziale delle controversie dei consumatori come competente per la risoluzione delle controversie dei consumatori che questi ultimi possono avviare ai sensi della legge sulla risoluzione extragiudiziale delle controversie dei consumatori. In qualit\u00e0 di fornitore di beni e servizi, la societ\u00e0 pubblica sul proprio sito web un link elettronico alla piattaforma online per la risoluzione delle controversie dei consumatori (SRPS). La piattaforma \u00e8 disponibile per i consumatori al link elettronico http:\/\/ec.europa.eu\/odr. Questa disposizione deriva dalla Legge sulla risoluzione extragiudiziale delle controversie dei consumatori, dal Regolamento (UE) n. 524\/2013 del Parlamento europeo e del Consiglio sulla risoluzione delle controversie online dei consumatori e che modifica il Regolamento (CE) n. 2016\/2004 e dalla Direttiva 200.\/...\/CE del Parlamento europeo e del Consiglio.<\/p>\t\t\t\t\t\t\t\t<\/div>\n\t\t\t\t<\/div>\n\t\t\t\t\t<\/div>\n\t\t<\/div>\n\t\t\t\t\t<\/div>\n\t\t<\/section>\n\t\t\t\t<\/div>","protected":false},"excerpt":{"rendered":"<p>General Terms and Conditions These terms describe the rules and regulations for using the Vakbit website, located at https:\/\/vakbit.com\/ and all of its subdomains. By accessing this website, we assume that you accept these terms. If you do not agree with all the terms and conditions stated on this page, do not continue to use [&hellip;]<\/p>","protected":false},"author":1,"featured_media":0,"parent":0,"menu_order":0,"comment_status":"closed","ping_status":"closed","template":"","meta":{"_seopress_robots_primary_cat":"","_seopress_titles_title":"","_seopress_titles_desc":"","_seopress_robots_index":"","ocean_post_layout":"full-screen","ocean_both_sidebars_style":"","ocean_both_sidebars_content_width":0,"ocean_both_sidebars_sidebars_width":0,"ocean_sidebar":"0","ocean_second_sidebar":"0","ocean_disable_margins":"enable","ocean_add_body_class":"","ocean_shortcode_before_top_bar":"","ocean_shortcode_after_top_bar":"","ocean_shortcode_before_header":"","ocean_shortcode_after_header":"","ocean_has_shortcode":"","ocean_shortcode_after_title":"","ocean_shortcode_before_footer_widgets":"","ocean_shortcode_after_footer_widgets":"","ocean_shortcode_before_footer_bottom":"","ocean_shortcode_after_footer_bottom":"","ocean_display_top_bar":"default","ocean_display_header":"default","ocean_header_style":"transparent","ocean_center_header_left_menu":"0","ocean_custom_header_template":"0","ocean_custom_logo":0,"ocean_custom_retina_logo":0,"ocean_custom_logo_max_width":0,"ocean_custom_logo_tablet_max_width":0,"ocean_custom_logo_mobile_max_width":0,"ocean_custom_logo_max_height":0,"ocean_custom_logo_tablet_max_height":0,"ocean_custom_logo_mobile_max_height":0,"ocean_header_custom_menu":"0","ocean_menu_typo_font_family":"0","ocean_menu_typo_font_subset":"","ocean_menu_typo_font_size":0,"ocean_menu_typo_font_size_tablet":0,"ocean_menu_typo_font_size_mobile":0,"ocean_menu_typo_font_size_unit":"px","ocean_menu_typo_font_weight":"","ocean_menu_typo_font_weight_tablet":"","ocean_menu_typo_font_weight_mobile":"","ocean_menu_typo_transform":"","ocean_menu_typo_transform_tablet":"","ocean_menu_typo_transform_mobile":"","ocean_menu_typo_line_height":0,"ocean_menu_typo_line_height_tablet":0,"ocean_menu_typo_line_height_mobile":0,"ocean_menu_typo_line_height_unit":"","ocean_menu_typo_spacing":0,"ocean_menu_typo_spacing_tablet":0,"ocean_menu_typo_spacing_mobile":0,"ocean_menu_typo_spacing_unit":"","ocean_menu_link_color":"","ocean_menu_link_color_hover":"","ocean_menu_link_color_active":"","ocean_menu_link_background":"","ocean_menu_link_hover_background":"","ocean_menu_link_active_background":"","ocean_menu_social_links_bg":"","ocean_menu_social_hover_links_bg":"","ocean_menu_social_links_color":"","ocean_menu_social_hover_links_color":"","ocean_disable_title":"on","ocean_disable_heading":"default","ocean_post_title":"","ocean_post_subheading":"","ocean_post_title_style":"","ocean_post_title_background_color":"","ocean_post_title_background":0,"ocean_post_title_bg_image_position":"","ocean_post_title_bg_image_attachment":"","ocean_post_title_bg_image_repeat":"","ocean_post_title_bg_image_size":"","ocean_post_title_height":0,"ocean_post_title_bg_overlay":0.5,"ocean_post_title_bg_overlay_color":"","ocean_disable_breadcrumbs":"default","ocean_breadcrumbs_color":"","ocean_breadcrumbs_separator_color":"","ocean_breadcrumbs_links_color":"","ocean_breadcrumbs_links_hover_color":"","ocean_display_footer_widgets":"default","ocean_display_footer_bottom":"default","ocean_custom_footer_template":"0","footnotes":""},"class_list":["post-1295","page","type-page","status-publish","hentry","entry"],"_links":{"self":[{"href":"https:\/\/vakbit.com\/it\/wp-json\/wp\/v2\/pages\/1295","targetHints":{"allow":["GET"]}}],"collection":[{"href":"https:\/\/vakbit.com\/it\/wp-json\/wp\/v2\/pages"}],"about":[{"href":"https:\/\/vakbit.com\/it\/wp-json\/wp\/v2\/types\/page"}],"author":[{"embeddable":true,"href":"https:\/\/vakbit.com\/it\/wp-json\/wp\/v2\/users\/1"}],"replies":[{"embeddable":true,"href":"https:\/\/vakbit.com\/it\/wp-json\/wp\/v2\/comments?post=1295"}],"version-history":[{"count":10,"href":"https:\/\/vakbit.com\/it\/wp-json\/wp\/v2\/pages\/1295\/revisions"}],"predecessor-version":[{"id":1532,"href":"https:\/\/vakbit.com\/it\/wp-json\/wp\/v2\/pages\/1295\/revisions\/1532"}],"wp:attachment":[{"href":"https:\/\/vakbit.com\/it\/wp-json\/wp\/v2\/media?parent=1295"}],"curies":[{"name":"wp","href":"https:\/\/api.w.org\/{rel}","templated":true}]}}