{"id":1282,"date":"2025-03-27T15:33:00","date_gmt":"2025-03-27T15:33:00","guid":{"rendered":"https:\/\/vakbit.com\/?page_id=1282"},"modified":"2025-12-23T22:00:01","modified_gmt":"2025-12-23T22:00:01","slug":"politika-zasebnosti","status":"publish","type":"page","link":"https:\/\/vakbit.com\/lt\/politika-zasebnosti\/","title":{"rendered":"Politika privatumo"},"content":{"rendered":"<div data-elementor-type=\"wp-page\" data-elementor-id=\"1282\" class=\"elementor elementor-1282\" data-elementor-post-type=\"page\">\n\t\t\t\t\t\t<section class=\"elementor-section elementor-top-section elementor-element elementor-element-23cd4f0 elementor-section-boxed elementor-section-height-default elementor-section-height-default\" data-id=\"23cd4f0\" data-element_type=\"section\" id=\"about\" data-settings=\"{&quot;background_background&quot;:&quot;gradient&quot;}\">\n\t\t\t\t\t\t<div class=\"elementor-container elementor-column-gap-default\">\n\t\t\t\t\t<div class=\"elementor-column elementor-col-100 elementor-top-column elementor-element elementor-element-9f48ae0\" data-id=\"9f48ae0\" data-element_type=\"column\">\n\t\t\t<div class=\"elementor-widget-wrap elementor-element-populated\">\n\t\t\t\t\t\t<div class=\"elementor-element elementor-element-6d7bb30 elementor-widget elementor-widget-heading\" data-id=\"6d7bb30\" data-element_type=\"widget\" data-widget_type=\"heading.default\">\n\t\t\t\t<div class=\"elementor-widget-container\">\n\t\t\t\t\t<h2 class=\"elementor-heading-title elementor-size-default\">Privatumo politika<\/h2>\t\t\t\t<\/div>\n\t\t\t\t<\/div>\n\t\t\t\t<div class=\"elementor-element elementor-element-0c8563b elementor-widget elementor-widget-text-editor\" data-id=\"0c8563b\" data-element_type=\"widget\" data-widget_type=\"text-editor.default\">\n\t\t\t\t<div class=\"elementor-widget-container\">\n\t\t\t\t\t\t\t\t\t<p>KO MUMS REIKIA<br \/>M\u016bs\u0173 privatumo politika reglamentuoja duomen\u0173 naudojim\u0105 ir saugojim\u0105. Su m\u016bs\u0173 privatumo politika galite susipa\u017einti privatumo prane\u0161imo puslapyje (\u017er. pried\u0105 toliau). Bendrov\u0117 yra jos tvarkom\u0173 asmens duomen\u0173 valdytoja (duomen\u0173 subjektas: j\u016bs, pirk\u0117jas, lankytojas ir t. t.). Mes renkame \u0161i\u0173 r\u016b\u0161i\u0173 asmens duomenis:<\/p><p>El. pa\u0161to adresas;<br \/>Vardas, pavard\u0117, adresas, el. pa\u0161to adresas ir telefono numeris;<br \/>Mok\u0117jimo b\u016bdo duomenys, pavyzd\u017eiui, kredito ar debeto kortel\u0117s, \"PayPal\" ir kiti mok\u0117jimo b\u016bdai;<br \/>Asmens dokument\u0173, patvirtinan\u010di\u0173 asmens duomen\u0173 tikslum\u0105, kopijos;<br \/>Slapukai;<br \/>\"Google Analytics\", \"Yandex\" ir \"Cloudflare\" apsilankym\u0173 steb\u0117jimas;<br \/>Nuorodos \u012f asmeninius profilius socialin\u0117s \u017einiasklaidos grup\u0117se.<br \/>Kiekvien\u0105 asmens duomen\u0173 r\u016b\u0161\u012f renkame pagal poreik\u012f ir gav\u0119 atskir\u0105 sutikim\u0105.<\/p><p>KOD\u0116L TAI REIKIA<br \/>J\u016bs\u0173 asmens duomenys mums reikalingi \u0161ioms paslaugoms teikti:<\/p><p>El. pa\u0161to adresas, kuriuo atsakoma \u012f j\u016bs\u0173 el. lai\u0161kus arba prane\u0161imus, siun\u010diamus per kontaktines formas;<br \/>el. pa\u0161to adresas, kuriuo siun\u010diami pasi\u016blymai ir el. naujienlai\u0161kiai;<br \/>Vardas ir pavard\u0117, adresas, el. pa\u0161to adresas ir telefono numeris, kad b\u016bt\u0173 galima priimti u\u017esakymus, u\u017eklausas, si\u0173sti pasi\u016blymus arba vykdyti kitus j\u016bs\u0173 pra\u0161ymus;<br \/>vardas ir pavard\u0117, adresas, el. pa\u0161to adresas ir telefono numeris perkant dovan\u0173 korteles, kuponus arba paslaugas ir prekes, susijusias su m\u016bs\u0173 pasi\u016blymu;<br \/>Mok\u0117jimo b\u016bdo duomenys ir asmens dokument\u0173, susijusi\u0173 su paslaug\u0173 teikimu, kopijos;<br \/>El. pa\u0161to adresas automatinei rinkodarai (u\u017esakym\u0173 patvirtinimas, pad\u0117ka u\u017e registracij\u0105 ir pan.);<br \/>Slapukai, skirti svetaini\u0173 veikimui;<br \/>bendravimas per socialines grupes su asmeniniais profiliais, kurie patvirtina ry\u0161\u012f su mumis;<br \/>vardas ir pavard\u0117, adresas, el. pa\u0161to adresas ir telefono numeris retkar\u010diais organizuojamiems priz\u0173 \u017eaidimams ar kitoms reklamin\u0117ms kampanijoms, gavus i\u0161ankstin\u012f j\u016bs\u0173 sutikim\u0105;<br \/>Apibendrinti duomenys i\u0161 \"Google Analytics\" arba \"Yandex Direct\" ir \"Cloudflare\", skirti apsilankym\u0173 steb\u0117jimui ir vidinei analizei, kuriuos naudosime turinio tobulinimui.<br \/>K\u0104 DAROME SU ASMENS DUOMENIMIS<br \/>Duomen\u0173 prieglob\u0105 ir saugykl\u0105 teikia Europos S\u0105jungoje (Vokietijoje) esanti https:\/\/easytask.si\/.<\/p><p>Jokia tre\u010dioji \u0161alis neturi prieigos prie j\u016bs\u0173 duomen\u0173, nebent to reikalauja \u012fstatymai.<\/p><p>KIEK LAIKO J\u012e SAUGOME<br \/>Savo svetain\u0117je naudojame nuolatinius slapukus, skirtus nuorodoms \u012f socialines paslaugas ir kitus dalijimosi paslaug\u0173 teik\u0117jus, taip pat slapukus, kurie padeda pakartotinai pasiekti m\u0117gstam\u0105 m\u016bs\u0173 svetain\u0117s turin\u012f.<\/p><p>KOKIOS YRA J\u016aS\u0172 TEIS\u0116S<br \/>Jei manote, kad m\u016bs\u0173 turimi j\u016bs\u0173 asmens duomenys yra neteisingi arba nei\u0161sam\u016bs, galite pra\u0161yti juos per\u017ei\u016br\u0117ti, i\u0161taisyti arba i\u0161trinti. Susisiekite su mumis per (Pra\u0161ymo d\u0117l prieigos prie duomen\u0173 form\u0105). Jei norite pateikti skund\u0105 d\u0117l to, kaip tvarkome j\u016bs\u0173 asmens duomenis, kreipkit\u0117s \u012f duomen\u0173 apsaugos pareig\u016bn\u0105 arba duomen\u0173 apsaugos kontaktin\u012f asmen\u012f (DPC) \u012fmon\u0117je.<\/p><p>Tuomet m\u016bs\u0173 DPC i\u0161nagrin\u0117s j\u016bs\u0173 skund\u0105 ir informuos jus apie rezultatus. Jei vis dar manote, kad j\u016bs\u0173 asmens duomenys buvo tvarkomi nesilaikant \u012fstatym\u0173, galite kreiptis \u012f Informacijos komisar\u0105 ir pateikti jam skund\u0105. Naudodamiesi specialia forma, kuri\u0105 rasite privatumo prane\u0161imo puslapyje, galite pra\u0161yti leisti susipa\u017einti su su privatumo politika ir dokumentais.<\/p><p>Susij\u0119 dokumentai:<\/p><p>Asmens duomen\u0173 apsaugos politika<br \/>Asmens duomen\u0173 saugojimo politika (papra\u0161ius el. pa\u0161tu arba asmeni\u0161kai)<br \/>Asmens duomen\u0173 saugojimo grafikas (pateikus pra\u0161ym\u0105 el. pa\u0161tu arba asmeni\u0161kai)<br \/>Privatumo prane\u0161imas<br \/>Taisykl\u0117s ir s\u0105lygos<br \/>Sutikimo forma<br \/>Sutikimo at\u0161aukimo forma<\/p><p><br \/>Dokumento versija: 1.0<\/p>\t\t\t\t\t\t\t\t<\/div>\n\t\t\t\t<\/div>\n\t\t\t\t\t<\/div>\n\t\t<\/div>\n\t\t\t\t\t<\/div>\n\t\t<\/section>\n\t\t\t\t<\/div>","protected":false},"excerpt":{"rendered":"<p>Privacy Policy WHAT WE NEEDOur privacy policy governs the use and storage of data. You can view our privacy policy on the Privacy Notice page (see attachment below). The company is the controller of the personal data it processes (data subject: you, the buyer, visitor, etc.). We collect the following types of personal data: Email [&hellip;]<\/p>","protected":false},"author":1,"featured_media":0,"parent":0,"menu_order":0,"comment_status":"closed","ping_status":"closed","template":"","meta":{"_seopress_robots_primary_cat":"","_seopress_titles_title":"","_seopress_titles_desc":"","_seopress_robots_index":"","ocean_post_layout":"full-screen","ocean_both_sidebars_style":"","ocean_both_sidebars_content_width":0,"ocean_both_sidebars_sidebars_width":0,"ocean_sidebar":"0","ocean_second_sidebar":"0","ocean_disable_margins":"enable","ocean_add_body_class":"","ocean_shortcode_before_top_bar":"","ocean_shortcode_after_top_bar":"","ocean_shortcode_before_header":"","ocean_shortcode_after_header":"","ocean_has_shortcode":"","ocean_shortcode_after_title":"","ocean_shortcode_before_footer_widgets":"","ocean_shortcode_after_footer_widgets":"","ocean_shortcode_before_footer_bottom":"","ocean_shortcode_after_footer_bottom":"","ocean_display_top_bar":"default","ocean_display_header":"default","ocean_header_style":"transparent","ocean_center_header_left_menu":"0","ocean_custom_header_template":"0","ocean_custom_logo":0,"ocean_custom_retina_logo":0,"ocean_custom_logo_max_width":0,"ocean_custom_logo_tablet_max_width":0,"ocean_custom_logo_mobile_max_width":0,"ocean_custom_logo_max_height":0,"ocean_custom_logo_tablet_max_height":0,"ocean_custom_logo_mobile_max_height":0,"ocean_header_custom_menu":"0","ocean_menu_typo_font_family":"0","ocean_menu_typo_font_subset":"","ocean_menu_typo_font_size":0,"ocean_menu_typo_font_size_tablet":0,"ocean_menu_typo_font_size_mobile":0,"ocean_menu_typo_font_size_unit":"px","ocean_menu_typo_font_weight":"","ocean_menu_typo_font_weight_tablet":"","ocean_menu_typo_font_weight_mobile":"","ocean_menu_typo_transform":"","ocean_menu_typo_transform_tablet":"","ocean_menu_typo_transform_mobile":"","ocean_menu_typo_line_height":0,"ocean_menu_typo_line_height_tablet":0,"ocean_menu_typo_line_height_mobile":0,"ocean_menu_typo_line_height_unit":"","ocean_menu_typo_spacing":0,"ocean_menu_typo_spacing_tablet":0,"ocean_menu_typo_spacing_mobile":0,"ocean_menu_typo_spacing_unit":"","ocean_menu_link_color":"","ocean_menu_link_color_hover":"","ocean_menu_link_color_active":"","ocean_menu_link_background":"","ocean_menu_link_hover_background":"","ocean_menu_link_active_background":"","ocean_menu_social_links_bg":"","ocean_menu_social_hover_links_bg":"","ocean_menu_social_links_color":"","ocean_menu_social_hover_links_color":"","ocean_disable_title":"on","ocean_disable_heading":"default","ocean_post_title":"","ocean_post_subheading":"","ocean_post_title_style":"","ocean_post_title_background_color":"","ocean_post_title_background":0,"ocean_post_title_bg_image_position":"","ocean_post_title_bg_image_attachment":"","ocean_post_title_bg_image_repeat":"","ocean_post_title_bg_image_size":"","ocean_post_title_height":0,"ocean_post_title_bg_overlay":0.5,"ocean_post_title_bg_overlay_color":"","ocean_disable_breadcrumbs":"default","ocean_breadcrumbs_color":"","ocean_breadcrumbs_separator_color":"","ocean_breadcrumbs_links_color":"","ocean_breadcrumbs_links_hover_color":"","ocean_display_footer_widgets":"default","ocean_display_footer_bottom":"default","ocean_custom_footer_template":"0","footnotes":""},"class_list":["post-1282","page","type-page","status-publish","hentry","entry"],"_links":{"self":[{"href":"https:\/\/vakbit.com\/lt\/wp-json\/wp\/v2\/pages\/1282","targetHints":{"allow":["GET"]}}],"collection":[{"href":"https:\/\/vakbit.com\/lt\/wp-json\/wp\/v2\/pages"}],"about":[{"href":"https:\/\/vakbit.com\/lt\/wp-json\/wp\/v2\/types\/page"}],"author":[{"embeddable":true,"href":"https:\/\/vakbit.com\/lt\/wp-json\/wp\/v2\/users\/1"}],"replies":[{"embeddable":true,"href":"https:\/\/vakbit.com\/lt\/wp-json\/wp\/v2\/comments?post=1282"}],"version-history":[{"count":7,"href":"https:\/\/vakbit.com\/lt\/wp-json\/wp\/v2\/pages\/1282\/revisions"}],"predecessor-version":[{"id":1525,"href":"https:\/\/vakbit.com\/lt\/wp-json\/wp\/v2\/pages\/1282\/revisions\/1525"}],"wp:attachment":[{"href":"https:\/\/vakbit.com\/lt\/wp-json\/wp\/v2\/media?parent=1282"}],"curies":[{"name":"wp","href":"https:\/\/api.w.org\/{rel}","templated":true}]}}