{"id":1295,"date":"2025-03-27T16:02:25","date_gmt":"2025-03-27T16:02:25","guid":{"rendered":"https:\/\/vakbit.com\/?page_id=1295"},"modified":"2025-12-23T22:08:26","modified_gmt":"2025-12-23T22:08:26","slug":"splosni-pogoji","status":"publish","type":"page","link":"https:\/\/vakbit.com\/lt\/splosni-pogoji\/","title":{"rendered":"Bendrieji reikalavimai"},"content":{"rendered":"<div data-elementor-type=\"wp-page\" data-elementor-id=\"1295\" class=\"elementor elementor-1295\" data-elementor-post-type=\"page\">\n\t\t\t\t\t\t<section class=\"elementor-section elementor-top-section elementor-element elementor-element-23cd4f0 elementor-section-boxed elementor-section-height-default elementor-section-height-default\" data-id=\"23cd4f0\" data-element_type=\"section\" id=\"about\" data-settings=\"{&quot;background_background&quot;:&quot;gradient&quot;}\">\n\t\t\t\t\t\t<div class=\"elementor-container elementor-column-gap-default\">\n\t\t\t\t\t<div class=\"elementor-column elementor-col-100 elementor-top-column elementor-element elementor-element-9f48ae0\" data-id=\"9f48ae0\" data-element_type=\"column\">\n\t\t\t<div class=\"elementor-widget-wrap elementor-element-populated\">\n\t\t\t\t\t\t<div class=\"elementor-element elementor-element-6d7bb30 elementor-widget elementor-widget-heading\" data-id=\"6d7bb30\" data-element_type=\"widget\" data-widget_type=\"heading.default\">\n\t\t\t\t<div class=\"elementor-widget-container\">\n\t\t\t\t\t<h2 class=\"elementor-heading-title elementor-size-default\">Bendrosios s\u0105lygos<\/h2>\t\t\t\t<\/div>\n\t\t\t\t<\/div>\n\t\t\t\t<div class=\"elementor-element elementor-element-0c8563b elementor-widget elementor-widget-text-editor\" data-id=\"0c8563b\" data-element_type=\"widget\" data-widget_type=\"text-editor.default\">\n\t\t\t\t<div class=\"elementor-widget-container\">\n\t\t\t\t\t\t\t\t\t<p>\u0160iose s\u0105lygose apra\u0161omos \"Vakbit\" svetain\u0117s, esan\u010dios adresu https:\/\/vakbit.com\/, ir vis\u0173 jos subdomen\u0173 naudojimo taisykl\u0117s ir nuostatos. Naudodamiesi \u0161ia svetaine laikome, kad sutinkate su \u0161iomis s\u0105lygomis. Jei nesutinkate su visomis \u0161iame puslapyje nurodytomis s\u0105lygomis, toliau nesinaudokite https:\/\/vakbit.com\/.<\/p><p>\u0160ioms S\u0105lygoms ir nuostatoms, privatumo parei\u0161kimui, prane\u0161imui apie atsakomyb\u0117s atsisakym\u0105 ir visoms Sutartims taikoma \u0161i terminologija: \"J\u016bs\" ir \"J\u016bs\u0173\" rei\u0161kia Jus, asmen\u012f, prisijungus\u012f prie \u0161ios svetain\u0117s ir atitinkant\u012f Bendrov\u0117s S\u0105lygas ir nuostatas. \"Bendrov\u0117\", \"Mes\", \"Mes\", \"M\u016bs\u0173\" ir \"Mes\" rei\u0161kia m\u016bs\u0173 bendrov\u0119. \"\u0160alis\", \"\u0160alys\" arba \"Mes\" rei\u0161kia ir klient\u0105, ir mus pa\u010dius. Visos s\u0105lygos rei\u0161kia pasi\u016blym\u0105, sutikim\u0105 ir mok\u0117jim\u0105, b\u016btin\u0105 m\u016bs\u0173 pagalbos klientui procesui prad\u0117ti tinkamiausiu b\u016bdu, turint ai\u0161k\u0173 tiksl\u0105 patenkinti kliento poreikius teikiant nurodytas paslaugas pagal Slov\u0117nijoje galiojan\u010dius \u012fstatymus ir laikantis j\u0173. Bet koks pirmiau min\u0117t\u0173 termin\u0173 ar kit\u0173 \u017eod\u017ei\u0173 vartojimas vienaskaitos, daugiskaitos, did\u017eiosios raid\u0117s ir (arba) jis (jie) arba jie laikomi pakei\u010diamais, tod\u0117l rei\u0161kia t\u0105 pat\u012f.<\/p><p>Slapukai<\/p><p>Svetain\u0117je naudojami slapukai. Prisijungdami prie https:\/\/vakbit.com, j\u016bs sutikote, kad slapukai b\u016bt\u0173 naudojami pagal \"Vakbit\" politik\u0105 ir svetain\u0117je pateikt\u0105 privatumo politik\u0105. Dauguma interaktyvi\u0173 svetaini\u0173 naudoja slapukus, kad kiekvieno apsilankymo metu surinkt\u0173 naudotojo duomenis. Savo svetain\u0117je slapukus naudojame tam, kad b\u016bt\u0173 \u012fgalintas tam tikr\u0173 sri\u010di\u0173 funkcionalumas ir kad lankytojams b\u016bt\u0173 lengviau naudotis m\u016bs\u0173 svetaine. Kai kurie m\u016bs\u0173 partneriai ir (arba) reklamos partneriai taip pat gali naudoti tre\u010di\u0173j\u0173 \u0161ali\u0173 slapukus.<\/p><p>Licencija<\/p><p>Jei nenurodyta kitaip, \"Vakbit\" ir (arba) jos interneto svetain\u0117s licencij\u0173 teik\u0117jai yra visos https:\/\/vakbit.com\/ esan\u010dios med\u017eiagos intelektin\u0117s nuosavyb\u0117s teisi\u0173 savininkai. Visos intelektin\u0117s nuosavyb\u0117s teis\u0117s yra saugomos. Galite naudotis \u0161ia svetaine https:\/\/vakbit.com\/ savo asmeniniam naudojimui, laikydamiesi \u0161iose taisykl\u0117se ir s\u0105lygose nustatyt\u0173 apribojim\u0173.<\/p><p>Galite to nedaryti:<\/p><p>skelbti med\u017eiag\u0105 i\u0161 https:\/\/vakbit.com\/brez be leidimo.<br \/>Parduoti, nuomoti ar sublicencijuoti https:\/\/vakbit.com\/brez med\u017eiag\u0105 be leidimo.<br \/>be leidimo dauginti, kopijuoti ar kopijuoti med\u017eiag\u0105 i\u0161 https:\/\/vakbit.com\/brez.<br \/>be leidimo platinti https:\/\/vakbit.com\/brez turin\u012f.<\/p><p>\u0160i sutartis \u012fsigalioja nuo \u0161ios sutarties pasira\u0161ymo dienos arba i\u0161 karto atvykus \u012f m\u016bs\u0173 svetain\u0119.<\/p><p>Kai kuriose \u0161ios svetain\u0117s dalyse naudotojams suteikiama galimyb\u0117 skelbti ir keistis nuomon\u0117mis bei informacija tam tikrose svetain\u0117s vietose. \"Vakbit\" nefiltruoja, neredaguoja, neskelbia ir neper\u017ei\u016bri komentar\u0173 prie\u0161 juos pateikiant svetain\u0117je. Komentarai neatspindi \"Vakbit\", jos atstov\u0173 ir (arba) filial\u0173 po\u017ei\u016bri\u0173 ir nuomoni\u0173. Komentarai atspindi juos skelbian\u010dio asmens po\u017ei\u016br\u012f ir nuomon\u0119. Tiek, kiek leid\u017eia galiojantys \u012fstatymai, \"Vakbit\" neatsako u\u017e komentarus ar bet koki\u0105 atsakomyb\u0119, \u017eal\u0105 ar i\u0161laidas, patirtas ir (arba) patirtas d\u0117l bet kokio komentar\u0173 naudojimo ir (arba) skelbimo ir (arba) pasirodymo \u0161ioje svetain\u0117je.<\/p><p>\"Vakbit\" pasilieka teis\u0119 steb\u0117ti visus komentarus ir pa\u0161alinti bet kokius komentarus, kurie gali b\u016bti laikomi netinkamais, \u012f\u017eeid\u017eian\u010diais arba pa\u017eeid\u017eian\u010diais \u0161ias s\u0105lygas.<\/p><p>J\u016bs garantuojate ir patvirtinate, kad:<\/p><p>turite teis\u0119 skelbti komentarus m\u016bs\u0173 svetain\u0117je ir turite tam reikalingus leidimus bei sutikimus;<br \/>komentarai nepa\u017eeid\u017eia joki\u0173 intelektin\u0117s nuosavyb\u0117s teisi\u0173, \u012fskaitant tre\u010di\u0173j\u0173 \u0161ali\u0173 autori\u0173 teisi\u0173, patent\u0173 ar preki\u0173 \u017eenkl\u0173 apribojimus;<br \/>komentaruose n\u0117ra jokios \u0161mei\u017eiki\u0161kos, \u012f\u017eeid\u017eian\u010dios, \u012f\u017eeid\u017eian\u010dios, nepadorios ar kitaip neteis\u0117tos med\u017eiagos, pa\u017eeid\u017eian\u010dios privatum\u0105;<br \/>komentarai nebus naudojami pra\u0161ant ar skatinant pardavimus arba pristatant komercin\u0119 ar neteis\u0117t\u0105 veikl\u0105.<\/p><p>Pateikdami komentar\u0105 suteikiate \"Vakbit\" nei\u0161imtin\u0119 licencij\u0105 naudoti, atkurti, keisti ir leisti kitiems naudoti, atkurti ir keisti j\u016bs\u0173 komentarus bet kokiomis formomis, laikmenomis ar formatais.<\/p><p>\u00a0<\/p><p><br \/>Nuorodos \u012f m\u016bs\u0173 turin\u012f<\/p><p>Toliau i\u0161vardytos organizacijos gali pateikti nuorodas \u012f m\u016bs\u0173 svetain\u0119 be i\u0161ankstinio ra\u0161ti\u0161ko leidimo:<\/p><p>vyriausybin\u0117s agent\u016bros;<br \/>paie\u0161kos varikliai;<br \/>naujienos;<br \/>internetini\u0173 \u017einyn\u0173 platintojai, kurie gali pateikti nuorodas \u012f m\u016bs\u0173 svetain\u0119 taip pat, kaip ir nuorodas \u012f kit\u0173 vie\u0161ai kotiruojam\u0173 bendrovi\u0173 svetaines; ir<br \/>akredituotos \u012fmon\u0117s visoje sistemoje, i\u0161skyrus ne pelno siekian\u010dias organizacijas, labdaros prekybos centrus ir labdaros l\u0117\u0161\u0173 rinkimo grupes, kurios negali tur\u0117ti nuorod\u0173 \u012f m\u016bs\u0173 svetain\u0119.<\/p><p>\u0160ios organizacijos gali pateikti nuorod\u0105 \u012f m\u016bs\u0173 pagrindin\u012f puslap\u012f, leidinius ar kit\u0105 svetain\u0117s informacij\u0105, jei nuoroda yra: (a) jokiu b\u016bdu n\u0117ra klaidinanti; (b) neteisingai nerei\u0161kia, kad nuorod\u0105 pateikusios \u0161alies ir jos produkt\u0173 ir (arba) paslaug\u0173 r\u0117mimas, patvirtinimas ar pritarimas; ir (c) atitinka nuorod\u0105 pateikusios \u0161alies svetain\u0117s kontekst\u0105.<\/p><p>Galime apsvarstyti ir patvirtinti kit\u0173 tip\u0173 organizacij\u0173 pra\u0161ymus d\u0117l nuorod\u0173:<\/p><p>visuotinai \u017einomus vartotoj\u0173 ir (arba) verslo informacijos \u0161altinius;<br \/>dot.com bendruomen\u0117s<br \/>asociacijos ar kitos labdaros organizacijoms atstovaujan\u010dios grup\u0117s;<br \/>internetini\u0173 katalog\u0173 platintojai;<br \/>interneto portalai;<br \/>apskaitos, teis\u0117s ir konsultacin\u0117s \u012fmon\u0117s.<br \/>\u0161vietimo \u012fstaigoms ir prekybos asociacijoms.<\/p><p>\u0160i\u0173 organizacij\u0173 nuorod\u0173 pra\u0161ymus patvirtinsime, jei tai nustatysime: (a) d\u0117l nuorodos mes nepasirodysime nepalankiai sau ar m\u016bs\u0173 akredituotoms \u012fmon\u0117ms; (b) organizacija neturi joki\u0173 neigiam\u0173 \u012fra\u0161\u0173 m\u016bs\u0173 at\u017evilgiu; (c) hipersaito nuorodos matomumo nauda mums kompensuos Vakbit nebuvim\u0105 ir (d) nuoroda yra bendro pob\u016bd\u017eio informacijos apie i\u0161teklius kontekste.<\/p><p>\u0160ios organizacijos gali pateikti nuorod\u0105 \u012f m\u016bs\u0173 pagrindin\u012f puslap\u012f, jei nuoroda: (a) jokiu b\u016bdu n\u0117ra klaidinanti; (b) neteisingai nerei\u0161kia, kad nuorod\u0105 pateikusi \u0161alis ir jos produktai ar paslaugos yra remiami, tvirtinami ar patvirtinami; ir (c) atitinka nuorod\u0105 pateikusios \u0161alies svetain\u0117s kontekst\u0105. Jei esate viena i\u0161 pirmiau i\u0161vardyt\u0173 organizacij\u0173 ir norite pateikti nuorod\u0105 \u012f m\u016bs\u0173 svetain\u0119, turite prane\u0161ti mums apie tai el. pa\u0161tu \"Vakbit\".<\/p><p>Nurodykite savo vard\u0105, pavard\u0119, organizacijos pavadinim\u0105, kontaktin\u0119 informacij\u0105 ir savo svetain\u0117s URL, vis\u0173 URL, i\u0161 kuri\u0173 ketinate pateikti nuorod\u0105 \u012f m\u016bs\u0173 svetain\u0119, s\u0105ra\u0161\u0105 ir m\u016bs\u0173 svetain\u0117s URL, \u012f kuriuos nor\u0117tum\u0117te pateikti nuorod\u0105, s\u0105ra\u0161\u0105. Atsakymo laukite 2-3 savaites.<\/p><p>Patvirtintos organizacijos gali pateikti nuorodas \u012f m\u016bs\u0173 svetain\u0119:<\/p><p>naudojant m\u016bs\u0173 \u012fmon\u0117s pavadinim\u0105 arba<br \/>naudojant vienod\u0105 i\u0161tekli\u0173 lokatori\u0173, kuris pateikia nuorod\u0105 \u012f j\u012f, arba<br \/>naudojant bet kok\u012f kit\u0105 m\u016bs\u0173 svetain\u0117s apra\u0161ym\u0105, kuris yra tinkamas atsi\u017evelgiant \u012f susiejan\u010dios \u0161alies svetain\u0117s turinio kontekst\u0105 ir format\u0105.<\/p><p>Jei n\u0117ra sudaryta preki\u0173 \u017eenklo licencijos sutartis, nuorodoje neleid\u017eiama naudoti \"Vakbit\" logotipo ar kito turinio.<\/p><p>iFrame<\/p><p>Be m\u016bs\u0173 i\u0161ankstinio patvirtinimo ir ra\u0161ti\u0161ko leidimo negalite kurti r\u0117meli\u0173 aplink m\u016bs\u0173 svetain\u0119, kurie pakeist\u0173 m\u016bs\u0173 svetain\u0117s vaizdin\u012f pateikim\u0105 ar i\u0161vaizd\u0105.<\/p><p>Atsakomyb\u0117 u\u017e turin\u012f<\/p><p>Mes neatsakome u\u017e jok\u012f j\u016bs\u0173 svetain\u0117je rodom\u0105 turin\u012f. J\u016bs sutinkate mus apsaugoti ir ginti nuo vis\u0173 pretenzij\u0173, pateikt\u0173 j\u016bs\u0173 svetain\u0117je. Jokioje interneto svetain\u0117je negalima pateikti nuorod\u0173, kurios gali b\u016bti interpretuojamos kaip melagingos, nepadorios ar nusikalstamos arba pa\u017eeid\u017eian\u010dios, kitaip pa\u017eeid\u017eian\u010dios ar propaguojan\u010dios bet koki\u0173 tre\u010di\u0173j\u0173 \u0161ali\u0173 teisi\u0173 pa\u017eeidim\u0105 ar kitok\u012f pa\u017eeidim\u0105.<\/p><p>Teisi\u0173 i\u0161lyga<\/p><p>Pasiliekame teis\u0119 reikalauti, kad pa\u0161alintum\u0117te visas nuorodas arba bet kuri\u0105 konkre\u010di\u0105 nuorod\u0105 \u012f m\u016bs\u0173 svetain\u0119. J\u016bs sutinkate nedelsdami pa\u0161alinti visas nuorodas \u012f m\u016bs\u0173 svetain\u0119, jei to bus pareikalauta. Taip pat pasiliekame teis\u0119 bet kuriuo metu keisti \u0161ias s\u0105lygas ir nuorod\u0173 politik\u0105. Toliau pateikdami nuorodas \u012f m\u016bs\u0173 svetain\u0119, j\u016bs sutinkate laikytis \u0161i\u0173 s\u0105lyg\u0173 ir nuostat\u0173.<\/p><p>Nuorod\u0173 pa\u0161alinimas i\u0161 m\u016bs\u0173 svetain\u0117s<\/p><p>Jei m\u016bs\u0173 svetain\u0117je radote nuorod\u0105, kuri d\u0117l koki\u0173 nors prie\u017eas\u010di\u0173 yra \u012f\u017eeid\u017eianti, galite bet kada susisiekti su mumis ir informuoti. Apsvarstysime pra\u0161ymus pa\u0161alinti nuorodas, ta\u010diau neprivalome atsakyti jums tiesiogiai. Mes negarantuojame, kad \u0161ioje svetain\u0117je pateikta informacija yra teisinga, negarantuojame jos i\u0161samumo ar tikslumo; taip pat negarantuojame, kad svetain\u0117 i\u0161liks prieinama ir kad joje pateikta med\u017eiaga bus nuolat atnaujinama.<\/p><p>Atsakomyb\u0117s apribojimas<\/p><p>Kiek tai leid\u017eia galiojantys \u012fstatymai, mes atmetame visus parei\u0161kimus, garantijas ir s\u0105lygas, susijusias su m\u016bs\u0173 svetaine ir \u0161ios svetain\u0117s naudojimu. Jokia \u0161ios atsakomyb\u0117s atsisakymo nuostata:<\/p><p>\u0160iame skyriuje ir kitose \u0161io atsisakymo nuo atsakomyb\u0117s vietose nustatyti atsakomyb\u0117s apribojimai ir draudimai: (a) taikomi ankstesn\u0117je pastraipoje; ir (b) taikomi visiems \u012fsipareigojimams, atsirandantiems pagal \u0161\u012f atsisakym\u0105 nuo atsakomyb\u0117s, \u012fskaitant sutartinius \u012fsipareigojimus, atsirandan\u010dius d\u0117l sutarties, delikto ir \u012fstatymin\u0117s pareigos pa\u017eeidimo.<\/p><p>Kol svetain\u0117 ir joje esanti informacija bei paslaugos yra nemokamos, mes neatsakome u\u017e jokius nuostolius ar \u017eal\u0105.<\/p><p>Vartojimo gin\u010d\u0173 neteisminis sprendimas<\/p><p>Vadovaudamasi teis\u0117s aktais, \"Vakbit\" nepripa\u017e\u012fsta n\u0117 vieno vartojimo gin\u010d\u0173 neteisminio sprendimo paslaug\u0173 teik\u0117jo kompetentingu spr\u0119sti vartojimo gin\u010dus, kuriuos vartotojai gali inicijuoti pagal Vartojimo gin\u010d\u0173 neteisminio sprendimo \u012fstatym\u0105. Bendrov\u0117, kaip preki\u0173 ir paslaug\u0173 teik\u0117ja, savo interneto svetain\u0117je skelbia elektronin\u0119 nuorod\u0105 \u012f internetin\u0119 vartotoj\u0173 gin\u010d\u0173 sprendimo platform\u0105 (SRPS). Vartotojai su \u0161ia platforma gali susipa\u017einti elektronin\u0117je nuorodoje http:\/\/ec.europa.eu\/odr. \u0160i tvarka kyla i\u0161 Vartojimo gin\u010d\u0173 neteisminio sprendimo \u012fstatymo, Europos Parlamento ir Tarybos reglamento (ES) Nr. 524\/2013 d\u0117l elektroninio vartotoj\u0173 gin\u010d\u0173 sprendimo, kuriuo i\u0161 dalies kei\u010diamas Reglamentas (EB) Nr. 2016\/2004 ir Direktyva 200.<\/p>\t\t\t\t\t\t\t\t<\/div>\n\t\t\t\t<\/div>\n\t\t\t\t\t<\/div>\n\t\t<\/div>\n\t\t\t\t\t<\/div>\n\t\t<\/section>\n\t\t\t\t<\/div>","protected":false},"excerpt":{"rendered":"<p>General Terms and Conditions These terms describe the rules and regulations for using the Vakbit website, located at https:\/\/vakbit.com\/ and all of its subdomains. By accessing this website, we assume that you accept these terms. If you do not agree with all the terms and conditions stated on this page, do not continue to use [&hellip;]<\/p>","protected":false},"author":1,"featured_media":0,"parent":0,"menu_order":0,"comment_status":"closed","ping_status":"closed","template":"","meta":{"_seopress_robots_primary_cat":"","_seopress_titles_title":"","_seopress_titles_desc":"","_seopress_robots_index":"","ocean_post_layout":"full-screen","ocean_both_sidebars_style":"","ocean_both_sidebars_content_width":0,"ocean_both_sidebars_sidebars_width":0,"ocean_sidebar":"0","ocean_second_sidebar":"0","ocean_disable_margins":"enable","ocean_add_body_class":"","ocean_shortcode_before_top_bar":"","ocean_shortcode_after_top_bar":"","ocean_shortcode_before_header":"","ocean_shortcode_after_header":"","ocean_has_shortcode":"","ocean_shortcode_after_title":"","ocean_shortcode_before_footer_widgets":"","ocean_shortcode_after_footer_widgets":"","ocean_shortcode_before_footer_bottom":"","ocean_shortcode_after_footer_bottom":"","ocean_display_top_bar":"default","ocean_display_header":"default","ocean_header_style":"transparent","ocean_center_header_left_menu":"0","ocean_custom_header_template":"0","ocean_custom_logo":0,"ocean_custom_retina_logo":0,"ocean_custom_logo_max_width":0,"ocean_custom_logo_tablet_max_width":0,"ocean_custom_logo_mobile_max_width":0,"ocean_custom_logo_max_height":0,"ocean_custom_logo_tablet_max_height":0,"ocean_custom_logo_mobile_max_height":0,"ocean_header_custom_menu":"0","ocean_menu_typo_font_family":"0","ocean_menu_typo_font_subset":"","ocean_menu_typo_font_size":0,"ocean_menu_typo_font_size_tablet":0,"ocean_menu_typo_font_size_mobile":0,"ocean_menu_typo_font_size_unit":"px","ocean_menu_typo_font_weight":"","ocean_menu_typo_font_weight_tablet":"","ocean_menu_typo_font_weight_mobile":"","ocean_menu_typo_transform":"","ocean_menu_typo_transform_tablet":"","ocean_menu_typo_transform_mobile":"","ocean_menu_typo_line_height":0,"ocean_menu_typo_line_height_tablet":0,"ocean_menu_typo_line_height_mobile":0,"ocean_menu_typo_line_height_unit":"","ocean_menu_typo_spacing":0,"ocean_menu_typo_spacing_tablet":0,"ocean_menu_typo_spacing_mobile":0,"ocean_menu_typo_spacing_unit":"","ocean_menu_link_color":"","ocean_menu_link_color_hover":"","ocean_menu_link_color_active":"","ocean_menu_link_background":"","ocean_menu_link_hover_background":"","ocean_menu_link_active_background":"","ocean_menu_social_links_bg":"","ocean_menu_social_hover_links_bg":"","ocean_menu_social_links_color":"","ocean_menu_social_hover_links_color":"","ocean_disable_title":"on","ocean_disable_heading":"default","ocean_post_title":"","ocean_post_subheading":"","ocean_post_title_style":"","ocean_post_title_background_color":"","ocean_post_title_background":0,"ocean_post_title_bg_image_position":"","ocean_post_title_bg_image_attachment":"","ocean_post_title_bg_image_repeat":"","ocean_post_title_bg_image_size":"","ocean_post_title_height":0,"ocean_post_title_bg_overlay":0.5,"ocean_post_title_bg_overlay_color":"","ocean_disable_breadcrumbs":"default","ocean_breadcrumbs_color":"","ocean_breadcrumbs_separator_color":"","ocean_breadcrumbs_links_color":"","ocean_breadcrumbs_links_hover_color":"","ocean_display_footer_widgets":"default","ocean_display_footer_bottom":"default","ocean_custom_footer_template":"0","footnotes":""},"class_list":["post-1295","page","type-page","status-publish","hentry","entry"],"_links":{"self":[{"href":"https:\/\/vakbit.com\/lt\/wp-json\/wp\/v2\/pages\/1295","targetHints":{"allow":["GET"]}}],"collection":[{"href":"https:\/\/vakbit.com\/lt\/wp-json\/wp\/v2\/pages"}],"about":[{"href":"https:\/\/vakbit.com\/lt\/wp-json\/wp\/v2\/types\/page"}],"author":[{"embeddable":true,"href":"https:\/\/vakbit.com\/lt\/wp-json\/wp\/v2\/users\/1"}],"replies":[{"embeddable":true,"href":"https:\/\/vakbit.com\/lt\/wp-json\/wp\/v2\/comments?post=1295"}],"version-history":[{"count":10,"href":"https:\/\/vakbit.com\/lt\/wp-json\/wp\/v2\/pages\/1295\/revisions"}],"predecessor-version":[{"id":1532,"href":"https:\/\/vakbit.com\/lt\/wp-json\/wp\/v2\/pages\/1295\/revisions\/1532"}],"wp:attachment":[{"href":"https:\/\/vakbit.com\/lt\/wp-json\/wp\/v2\/media?parent=1295"}],"curies":[{"name":"wp","href":"https:\/\/api.w.org\/{rel}","templated":true}]}}