{"id":1282,"date":"2025-03-27T15:33:00","date_gmt":"2025-03-27T15:33:00","guid":{"rendered":"https:\/\/vakbit.com\/?page_id=1282"},"modified":"2025-12-23T22:00:01","modified_gmt":"2025-12-23T22:00:01","slug":"politika-zasebnosti","status":"publish","type":"page","link":"https:\/\/vakbit.com\/lv\/politika-zasebnosti\/","title":{"rendered":"Priv\u0101tuma politika"},"content":{"rendered":"<div data-elementor-type=\"wp-page\" data-elementor-id=\"1282\" class=\"elementor elementor-1282\" data-elementor-post-type=\"page\">\n\t\t\t\t\t\t<section class=\"elementor-section elementor-top-section elementor-element elementor-element-23cd4f0 elementor-section-boxed elementor-section-height-default elementor-section-height-default\" data-id=\"23cd4f0\" data-element_type=\"section\" id=\"about\" data-settings=\"{&quot;background_background&quot;:&quot;gradient&quot;}\">\n\t\t\t\t\t\t<div class=\"elementor-container elementor-column-gap-default\">\n\t\t\t\t\t<div class=\"elementor-column elementor-col-100 elementor-top-column elementor-element elementor-element-9f48ae0\" data-id=\"9f48ae0\" data-element_type=\"column\">\n\t\t\t<div class=\"elementor-widget-wrap elementor-element-populated\">\n\t\t\t\t\t\t<div class=\"elementor-element elementor-element-6d7bb30 elementor-widget elementor-widget-heading\" data-id=\"6d7bb30\" data-element_type=\"widget\" data-widget_type=\"heading.default\">\n\t\t\t\t<div class=\"elementor-widget-container\">\n\t\t\t\t\t<h2 class=\"elementor-heading-title elementor-size-default\">Konfidencialit\u0101tes politika<\/h2>\t\t\t\t<\/div>\n\t\t\t\t<\/div>\n\t\t\t\t<div class=\"elementor-element elementor-element-0c8563b elementor-widget elementor-widget-text-editor\" data-id=\"0c8563b\" data-element_type=\"widget\" data-widget_type=\"text-editor.default\">\n\t\t\t\t<div class=\"elementor-widget-container\">\n\t\t\t\t\t\t\t\t\t<p>KAS MUMS NEPIECIE\u0160AMAIS<br \/>M\u016bsu konfidencialit\u0101tes politika reglament\u0113 datu izmanto\u0161anu un glab\u0101\u0161anu. Ar m\u016bsu konfidencialit\u0101tes politiku varat iepaz\u012bties lap\u0101 Pazi\u0146ojums par konfidencialit\u0101ti (skat\u012bt zem\u0101k pievienoto pielikumu). Uz\u0146\u0113mums ir apstr\u0101d\u0101to personas datu p\u0101rzinis (datu subjekts: j\u016bs, pirc\u0113js, apmekl\u0113t\u0101js utt.). M\u0113s apkopojam \u0161\u0101dus personas datu veidus:<\/p><p>E-pasta adrese;<br \/>V\u0101rds, uzv\u0101rds, adrese, e-pasta adrese un t\u0101lru\u0146a numurs;<br \/>Maks\u0101juma metodes inform\u0101cija, piem\u0113ram, kred\u012btkartes vai debetkartes inform\u0101cija, PayPal un citas maks\u0101jumu metodes;<br \/>Personas dokumentu kopijas, kas apliecina personas datu pareiz\u012bbu;<br \/>S\u012bkfaili;<br \/>Google Analytics, Yandex un Cloudflare apmekl\u0113jumu izseko\u0161ana;<br \/>Saites uz person\u012bgajiem profiliem soci\u0101lo mediju grup\u0101s.<br \/>Katra veida personas datus m\u0113s v\u0101cam atbilsto\u0161i nepiecie\u0161am\u012bbai un ar atsevi\u0161\u0137u piekri\u0161anu.<\/p><p>K\u0100P\u0112C ESAM TO NEPIECIE\u0160AMA<br \/>J\u016bsu personas dati mums ir nepiecie\u0161ami \u0161\u0101du pakalpojumu snieg\u0161anai:<\/p><p>E-pasta adrese, lai atbild\u0113tu uz j\u016bsu e-pastiem vai zi\u0146ojumiem, kas nos\u016bt\u012bti, izmantojot kontaktu veidlapas;<br \/>E-pasta adrese pied\u0101v\u0101jumu un e-informat\u012bvo bi\u013cetenu s\u016bt\u012b\u0161anai;<br \/>V\u0101rds un uzv\u0101rds, adrese, e-pasta adrese un t\u0101lru\u0146a numurs, lai pie\u0146emtu rezerv\u0101cijas, piepras\u012bjumus un nos\u016bt\u012btu pied\u0101v\u0101jumus vai saist\u012bb\u0101 ar citu j\u016bsu piepras\u012bjumu izpildi;<br \/>V\u0101rds un uzv\u0101rds, adrese, e-pasta adrese un t\u0101lru\u0146a numurs, lai ieg\u0101d\u0101tos d\u0101vanu kartes, kuponus vai pakalpojumus un preces, kas saist\u012btas ar m\u016bsu pied\u0101v\u0101jumu;<br \/>Maks\u0101juma metodes inform\u0101cija un personas dokumentu kopijas par pakalpojumu snieg\u0161anu;<br \/>E-pasta adrese automatiz\u0113tai tirgved\u012bbai (rezerv\u0101ciju apstiprin\u0101jums, pateic\u012bba par re\u0123istr\u0101ciju u. c.);<br \/>S\u012bkfaili t\u012bmek\u013ca viet\u0146u darb\u012bbai;<br \/>Sazi\u0146a, izmantojot soci\u0101l\u0101s grupas ar person\u012bgajiem profiliem, kas apstiprina saikni ar mums;<br \/>V\u0101rds un uzv\u0101rds, adrese, e-pasta adrese un t\u0101lru\u0146a numurs gad\u012bjuma balvu sp\u0113l\u0113m vai cit\u0101m rekl\u0101mas kampa\u0146\u0101m ar j\u016bsu iepriek\u0161\u0113ju piekri\u0161anu;<br \/>Apkopotie dati no Google Analytics vai Yandex Direct un Cloudflare apmekl\u0113jumu izseko\u0161anai un iek\u0161\u0113jai anal\u012bzei, kurus m\u0113s izmantosim satura uzlabo\u0161anai.<br \/>KO M\u0112S DAR\u0100M AR PERSONAS DATIEM<br \/>Datu mitin\u0101\u0161anu un glab\u0101\u0161anu nodro\u0161ina https:\/\/easytask.si\/, kas atrodas Eiropas Savien\u012bb\u0101 (V\u0101cij\u0101).<\/p><p>Tre\u0161\u0101m person\u0101m nav piek\u013cuves j\u016bsu datiem, ja vien tas nav noteikts ar likumu.<\/p><p>CIK ILGI M\u0112S TO UZGLAB\u0100JAM<br \/>M\u016bsu vietn\u0113 m\u0113s izmantojam past\u0101v\u012bgos s\u012bkfailus sait\u0113m uz soci\u0101lajiem pakalpojumiem un citiem koplieto\u0161anas pakalpojumu sniedz\u0113jiem, k\u0101 ar\u012b s\u012bkfailus, kas pal\u012bdz jums atk\u0101rtoti piek\u013c\u016bt iecien\u012bt\u0101kajam saturam m\u016bsu vietn\u0113.<\/p><p>K\u0100DAS IR J\u016aSU TIES\u012aBAS<br \/>Ja uzskat\u0101t, ka m\u016bsu r\u012bc\u012bb\u0101 eso\u0161ie j\u016bsu personas dati ir nepareizi vai nepiln\u012bgi, jums ir iesp\u0113ja piepras\u012bt \u0161o datu p\u0101rskat\u012b\u0161anu, labo\u0161anu vai dz\u0113\u0161anu. L\u016bdzu, sazinieties ar mums, izmantojot (datu piek\u013cuves piepras\u012bjuma veidlapu). Ja v\u0113laties iesniegt s\u016bdz\u012bbu par to, k\u0101 esam apstr\u0101d\u0101ju\u0161i j\u016bsu personas datus, l\u016bdzu, sazinieties ar datu aizsardz\u012bbas inspektoru vai datu aizsardz\u012bbas kontaktpersonu (DAP) uz\u0146\u0113mum\u0101.<\/p><p>P\u0113c tam m\u016bsu DPC izskat\u012bs j\u016bsu s\u016bdz\u012bbu un inform\u0113s j\u016bs par izn\u0101kumu. Ja joproj\u0101m uzskat\u0101t, ka j\u016bsu personas dati nav apstr\u0101d\u0101ti saska\u0146\u0101 ar likumu, varat sazin\u0101ties ar inform\u0101cijas komis\u0101ru un iesniegt s\u016bdz\u012bbu. J\u016bs varat piepras\u012bt piek\u013cuvi ar priv\u0101tumu saist\u012bt\u0101m politik\u0101m un dokumentiem, izmantojot \u012bpa\u0161o veidlapu, kas pieejama Priv\u0101tuma pazi\u0146ojuma lap\u0101.<\/p><p>Saist\u012btie dokumenti:<\/p><p>Personas datu aizsardz\u012bbas politika<br \/>Personas datu saglab\u0101\u0161anas politika (p\u0113c piepras\u012bjuma pa e-pastu vai person\u012bgi)<br \/>Personas datu glab\u0101\u0161anas grafiks (p\u0113c piepras\u012bjuma pa e-pastu vai person\u012bgi)<br \/>Pazi\u0146ojums par konfidencialit\u0101ti<br \/>Noteikumi un nosac\u012bjumi<br \/>Piekri\u0161anas veidlapa<br \/>Piekri\u0161anas atsauk\u0161anas veidlapa<\/p><p><br \/>Dokumenta versija: 1.0<\/p>\t\t\t\t\t\t\t\t<\/div>\n\t\t\t\t<\/div>\n\t\t\t\t\t<\/div>\n\t\t<\/div>\n\t\t\t\t\t<\/div>\n\t\t<\/section>\n\t\t\t\t<\/div>","protected":false},"excerpt":{"rendered":"<p>Privacy Policy WHAT WE NEEDOur privacy policy governs the use and storage of data. You can view our privacy policy on the Privacy Notice page (see attachment below). The company is the controller of the personal data it processes (data subject: you, the buyer, visitor, etc.). We collect the following types of personal data: Email [&hellip;]<\/p>","protected":false},"author":1,"featured_media":0,"parent":0,"menu_order":0,"comment_status":"closed","ping_status":"closed","template":"","meta":{"_seopress_robots_primary_cat":"","_seopress_titles_title":"","_seopress_titles_desc":"","_seopress_robots_index":"","ocean_post_layout":"full-screen","ocean_both_sidebars_style":"","ocean_both_sidebars_content_width":0,"ocean_both_sidebars_sidebars_width":0,"ocean_sidebar":"0","ocean_second_sidebar":"0","ocean_disable_margins":"enable","ocean_add_body_class":"","ocean_shortcode_before_top_bar":"","ocean_shortcode_after_top_bar":"","ocean_shortcode_before_header":"","ocean_shortcode_after_header":"","ocean_has_shortcode":"","ocean_shortcode_after_title":"","ocean_shortcode_before_footer_widgets":"","ocean_shortcode_after_footer_widgets":"","ocean_shortcode_before_footer_bottom":"","ocean_shortcode_after_footer_bottom":"","ocean_display_top_bar":"default","ocean_display_header":"default","ocean_header_style":"transparent","ocean_center_header_left_menu":"0","ocean_custom_header_template":"0","ocean_custom_logo":0,"ocean_custom_retina_logo":0,"ocean_custom_logo_max_width":0,"ocean_custom_logo_tablet_max_width":0,"ocean_custom_logo_mobile_max_width":0,"ocean_custom_logo_max_height":0,"ocean_custom_logo_tablet_max_height":0,"ocean_custom_logo_mobile_max_height":0,"ocean_header_custom_menu":"0","ocean_menu_typo_font_family":"0","ocean_menu_typo_font_subset":"","ocean_menu_typo_font_size":0,"ocean_menu_typo_font_size_tablet":0,"ocean_menu_typo_font_size_mobile":0,"ocean_menu_typo_font_size_unit":"px","ocean_menu_typo_font_weight":"","ocean_menu_typo_font_weight_tablet":"","ocean_menu_typo_font_weight_mobile":"","ocean_menu_typo_transform":"","ocean_menu_typo_transform_tablet":"","ocean_menu_typo_transform_mobile":"","ocean_menu_typo_line_height":0,"ocean_menu_typo_line_height_tablet":0,"ocean_menu_typo_line_height_mobile":0,"ocean_menu_typo_line_height_unit":"","ocean_menu_typo_spacing":0,"ocean_menu_typo_spacing_tablet":0,"ocean_menu_typo_spacing_mobile":0,"ocean_menu_typo_spacing_unit":"","ocean_menu_link_color":"","ocean_menu_link_color_hover":"","ocean_menu_link_color_active":"","ocean_menu_link_background":"","ocean_menu_link_hover_background":"","ocean_menu_link_active_background":"","ocean_menu_social_links_bg":"","ocean_menu_social_hover_links_bg":"","ocean_menu_social_links_color":"","ocean_menu_social_hover_links_color":"","ocean_disable_title":"on","ocean_disable_heading":"default","ocean_post_title":"","ocean_post_subheading":"","ocean_post_title_style":"","ocean_post_title_background_color":"","ocean_post_title_background":0,"ocean_post_title_bg_image_position":"","ocean_post_title_bg_image_attachment":"","ocean_post_title_bg_image_repeat":"","ocean_post_title_bg_image_size":"","ocean_post_title_height":0,"ocean_post_title_bg_overlay":0.5,"ocean_post_title_bg_overlay_color":"","ocean_disable_breadcrumbs":"default","ocean_breadcrumbs_color":"","ocean_breadcrumbs_separator_color":"","ocean_breadcrumbs_links_color":"","ocean_breadcrumbs_links_hover_color":"","ocean_display_footer_widgets":"default","ocean_display_footer_bottom":"default","ocean_custom_footer_template":"0","footnotes":""},"class_list":["post-1282","page","type-page","status-publish","hentry","entry"],"_links":{"self":[{"href":"https:\/\/vakbit.com\/lv\/wp-json\/wp\/v2\/pages\/1282","targetHints":{"allow":["GET"]}}],"collection":[{"href":"https:\/\/vakbit.com\/lv\/wp-json\/wp\/v2\/pages"}],"about":[{"href":"https:\/\/vakbit.com\/lv\/wp-json\/wp\/v2\/types\/page"}],"author":[{"embeddable":true,"href":"https:\/\/vakbit.com\/lv\/wp-json\/wp\/v2\/users\/1"}],"replies":[{"embeddable":true,"href":"https:\/\/vakbit.com\/lv\/wp-json\/wp\/v2\/comments?post=1282"}],"version-history":[{"count":7,"href":"https:\/\/vakbit.com\/lv\/wp-json\/wp\/v2\/pages\/1282\/revisions"}],"predecessor-version":[{"id":1525,"href":"https:\/\/vakbit.com\/lv\/wp-json\/wp\/v2\/pages\/1282\/revisions\/1525"}],"wp:attachment":[{"href":"https:\/\/vakbit.com\/lv\/wp-json\/wp\/v2\/media?parent=1282"}],"curies":[{"name":"wp","href":"https:\/\/api.w.org\/{rel}","templated":true}]}}