{"id":1295,"date":"2025-03-27T16:02:25","date_gmt":"2025-03-27T16:02:25","guid":{"rendered":"https:\/\/vakbit.com\/?page_id=1295"},"modified":"2025-12-23T22:08:26","modified_gmt":"2025-12-23T22:08:26","slug":"splosni-pogoji","status":"publish","type":"page","link":"https:\/\/vakbit.com\/lv\/splosni-pogoji\/","title":{"rendered":"Visp\u0101r\u0113jie nosac\u012bjumi"},"content":{"rendered":"<div data-elementor-type=\"wp-page\" data-elementor-id=\"1295\" class=\"elementor elementor-1295\" data-elementor-post-type=\"page\">\n\t\t\t\t\t\t<section class=\"elementor-section elementor-top-section elementor-element elementor-element-23cd4f0 elementor-section-boxed elementor-section-height-default elementor-section-height-default\" data-id=\"23cd4f0\" data-element_type=\"section\" id=\"about\" data-settings=\"{&quot;background_background&quot;:&quot;gradient&quot;}\">\n\t\t\t\t\t\t<div class=\"elementor-container elementor-column-gap-default\">\n\t\t\t\t\t<div class=\"elementor-column elementor-col-100 elementor-top-column elementor-element elementor-element-9f48ae0\" data-id=\"9f48ae0\" data-element_type=\"column\">\n\t\t\t<div class=\"elementor-widget-wrap elementor-element-populated\">\n\t\t\t\t\t\t<div class=\"elementor-element elementor-element-6d7bb30 elementor-widget elementor-widget-heading\" data-id=\"6d7bb30\" data-element_type=\"widget\" data-widget_type=\"heading.default\">\n\t\t\t\t<div class=\"elementor-widget-container\">\n\t\t\t\t\t<h2 class=\"elementor-heading-title elementor-size-default\">Visp\u0101r\u012bgie noteikumi un nosac\u012bjumi<\/h2>\t\t\t\t<\/div>\n\t\t\t\t<\/div>\n\t\t\t\t<div class=\"elementor-element elementor-element-0c8563b elementor-widget elementor-widget-text-editor\" data-id=\"0c8563b\" data-element_type=\"widget\" data-widget_type=\"text-editor.default\">\n\t\t\t\t<div class=\"elementor-widget-container\">\n\t\t\t\t\t\t\t\t\t<p>\u0160ajos noteikumos ir aprakst\u012bti Vakbit t\u012bmek\u013ca vietnes, kas atrodas https:\/\/vakbit.com\/ un vis\u0101s t\u0101s apak\u0161dom\u0113n\u0101s, lieto\u0161anas noteikumi un noteikumi. Piek\u013c\u016bstot \u0161ai vietnei, m\u0113s pie\u0146emam, ka j\u016bs piekr\u012btat \u0161iem noteikumiem. Ja nepiekr\u012btat visiem \u0161aj\u0101 lap\u0101 min\u0113tajiem noteikumiem un nosac\u012bjumiem, neturpiniet izmantot https:\/\/vakbit.com\/.<\/p><p>Uz \u0161iem Noteikumiem un nosac\u012bjumiem, Pazi\u0146ojumu par konfidencialit\u0101ti un Pazi\u0146ojumu par atteik\u0161anos no atbild\u012bbas, k\u0101 ar\u012b visiem L\u012bgumiem attiecas \u0161\u0101da terminolo\u0123ija: \"J\u016bs\" un \"J\u016bsu\" attiecas uz Jums, personu, kas piesl\u0113dzas \u0161ai t\u012bmek\u013ca vietnei un iev\u0113ro Sabiedr\u012bbas Noteikumus un nosac\u012bjumus. \"Uz\u0146\u0113mums\", \"M\u0113s\", \"M\u0113s\", \"M\u016bsu\" un \"Mums\" attiecas uz m\u016bsu uz\u0146\u0113mumu. \"Puse\", \"Puses\" vai \"M\u0113s\" attiecas gan uz klientu, gan uz mums. Visi termini attiecas uz pied\u0101v\u0101jumu, pie\u0146em\u0161anu un samaksas veik\u0161anu, kas nepiecie\u0161ama, lai uzs\u0101ktu m\u016bsu pal\u012bdz\u012bbas procesu klientam vispiem\u0113rot\u0101kaj\u0101 veid\u0101, ar skaidru m\u0113r\u0137i apmierin\u0101t klienta vajadz\u012bbas, sniedzot nor\u0101d\u012btos pakalpojumus saska\u0146\u0101 ar Slov\u0113nij\u0101 sp\u0113k\u0101 eso\u0161ajiem ties\u012bbu aktiem un iev\u0113rojot tos. Jebkur\u0161 iepriek\u0161 min\u0113t\u0101s terminolo\u0123ijas vai citu v\u0101rdu lietojums vienskaitl\u012b, daudzskaitl\u012b, ar lielo s\u0101kumburtu un\/vai vi\u0146\u0161\/vi\u0146a, vai tie tiek uzskat\u012bti par savstarp\u0113ji aizvietojamiem un t\u0101d\u0113j\u0101di attiecas uz to pa\u0161u.<\/p><p>S\u012bkfaili<\/p><p>T\u012bmek\u013ca vietn\u0113 tiek izmantotas s\u012bkdatnes. Piek\u013c\u016bstot t\u012bmek\u013ca vietnei https:\/\/vakbit.com, j\u016bs piekr\u012btat s\u012bkdat\u0146u izmanto\u0161anai saska\u0146\u0101 ar Vakbit politiku un t\u012bmek\u013ca vietnes priv\u0101tuma politiku. Liel\u0101k\u0101 da\u013ca interakt\u012bvo t\u012bmek\u013ca viet\u0146u izmanto s\u012bkfailus, lai apkopotu lietot\u0101ja inform\u0101ciju par katru apmekl\u0113jumu. M\u0113s sav\u0101 t\u012bmek\u013ca vietn\u0113 izmantojam s\u012bkfailus, lai nodro\u0161in\u0101tu noteiktu jomu funkcionalit\u0101ti un atvieglotu apmekl\u0113t\u0101jiem m\u016bsu t\u012bmek\u013ca vietnes lieto\u0161anu. Da\u017ei m\u016bsu sadarb\u012bbas\/rekl\u0101mas partneri var izmantot ar\u012b tre\u0161o pu\u0161u s\u012bkfailus.<\/p><p>Licence<\/p><p>Ja vien nav nor\u0101d\u012bts cit\u0101di, Vakbit un\/vai t\u0101s t\u012bmek\u013ca vietnes licen\u010du izsniedz\u0113jiem pieder intelektu\u0101l\u0101 \u012bpa\u0161uma ties\u012bbas uz visiem https:\/\/vakbit.com\/ public\u0113tajiem materi\u0101liem. Visas intelektu\u0101l\u0101 \u012bpa\u0161uma ties\u012bbas ir aizsarg\u0101tas. J\u016bs varat piek\u013c\u016bt \u0161im t\u012bmek\u013ca vietnei https:\/\/vakbit.com\/ person\u012bgai lieto\u0161anai, iev\u0113rojot \u0161ajos noteikumos un nosac\u012bjumos noteiktos ierobe\u017eojumus.<\/p><p>J\u016bs to nedr\u012bkstat dar\u012bt:<\/p><p>public\u0113t materi\u0101lus no https:\/\/vakbit.com\/brez bez at\u013caujas.<br \/>p\u0101rdot, iznom\u0101t vai licenc\u0113t https:\/\/vakbit.com\/brez materi\u0101lus bez at\u013caujas.<br \/>Reproduc\u0113t, pavairot vai kop\u0113t materi\u0101lus no https:\/\/vakbit.com\/brez bez at\u013caujas.<br \/>P\u0101rdal\u012bt saturu no https:\/\/vakbit.com\/brez bez at\u013caujas.<\/p><p>\u0160is l\u012bgums st\u0101jas sp\u0113k\u0101 \u0161\u0101 l\u012bguma nosl\u0113g\u0161anas dien\u0101 vai p\u0113c t\u016bl\u012bt\u0113jas iera\u0161an\u0101s m\u016bsu t\u012bmek\u013ca vietn\u0113.<\/p><p>Da\u017e\u0101s \u0161\u012bs t\u012bmek\u013ca vietnes da\u013c\u0101s lietot\u0101ji var public\u0113t un apmain\u012bties ar viedok\u013ciem un inform\u0101ciju noteikt\u0101s t\u012bmek\u013ca vietnes sada\u013c\u0101s. Vakbit nefiltr\u0113, neredi\u0123\u0113, nepublic\u0113 un nep\u0101rskata koment\u0101rus pirms to ievieto\u0161anas t\u012bmek\u013ca vietn\u0113. Koment\u0101ri neatspogu\u013co Vakbit, t\u0101s p\u0101rst\u0101vju un\/vai saist\u012bto uz\u0146\u0113mumu uzskatus un viedok\u013cus. Koment\u0101ri atspogu\u013co personas, kas public\u0113 savu viedokli, uzskatus un viedokli. Cikt\u0101l to pie\u013cauj piem\u0113rojamie ties\u012bbu akti, Vakbit nav atbild\u012bgs par koment\u0101riem vai jebk\u0101du atbild\u012bbu, kait\u0113jumu vai izdevumiem, kas radu\u0161ies un\/vai radu\u0161ies koment\u0101ru izmanto\u0161anas un\/vai public\u0113\u0161anas un\/vai par\u0101d\u012b\u0161an\u0101s \u0161aj\u0101 t\u012bmek\u013ca vietn\u0113 rezult\u0101t\u0101.<\/p><p>Vakbit patur ties\u012bbas uzraudz\u012bt visus koment\u0101rus un dz\u0113st koment\u0101rus, kas var tikt uzskat\u012bti par nepiem\u0113rotiem, aizskaro\u0161iem vai p\u0101rk\u0101pjo\u0161iem \u0161os noteikumus un nosac\u012bjumus.<\/p><p>J\u016bs garant\u0113jat un apliecin\u0101t, ka:<\/p><p>jums ir ties\u012bbas public\u0113t koment\u0101rus m\u016bsu t\u012bmek\u013ca vietn\u0113, un jums ir nepiecie\u0161am\u0101s at\u013caujas un piekri\u0161ana to dar\u012bt;<br \/>koment\u0101ri nep\u0101rk\u0101pj nek\u0101das intelektu\u0101l\u0101 \u012bpa\u0161uma ties\u012bbas, tostarp tre\u0161o personu autorties\u012bbas, patentu vai pre\u010du z\u012bmju ierobe\u017eojumus;<br \/>koment\u0101ri nesatur apmelojo\u0161us, apmelojo\u0161us, aizvainojo\u0161us, nepiekl\u0101j\u012bgus vai cit\u0101di nelikum\u012bgus materi\u0101lus, kas aizskar priv\u0101tumu;<br \/>koment\u0101ri netiks izmantoti, lai piepras\u012btu vai veicin\u0101tu p\u0101rdo\u0161anu vai komerci\u0101las vai nelikum\u012bgas darb\u012bbas.<\/p><p>Ies\u016btot koment\u0101ru, j\u016bs pie\u0161\u0137irat Vakbit neekskluz\u012bvu licenci izmantot, reproduc\u0113t, modific\u0113t un at\u013caut citiem izmantot, reproduc\u0113t un modific\u0113t j\u016bsu koment\u0101rus jebkur\u0101 form\u0101, medij\u0101 vai form\u0101t\u0101.<\/p><p>\u00a0<\/p><p><br \/>Hipersaites uz m\u016bsu saturu<\/p><p>T\u0101l\u0101k nor\u0101d\u012bt\u0101s organiz\u0101cijas var pievienot saites uz m\u016bsu vietni bez iepriek\u0161\u0113jas rakstiskas at\u013caujas:<\/p><p>vald\u012bbas a\u0123ent\u016bras;<br \/>mekl\u0113t\u0101jprogrammas;<br \/>jaunumi;<br \/>tie\u0161saistes uzzi\u0146u izplat\u012bt\u0101ji, kas var izveidot saiti uz m\u016bsu t\u012bmek\u013ca vietni t\u0101d\u0101 pa\u0161\u0101 veid\u0101, k\u0101 tie veido hipersaites uz citu publiski kot\u0113tu uz\u0146\u0113mumu t\u012bmek\u013ca vietn\u0113m; un<br \/>akredit\u0113tiem uz\u0146\u0113mumiem vis\u0101 sist\u0113m\u0101, iz\u0146emot bezpe\u013c\u0146as organiz\u0101cijas, labdar\u012bbas tirdzniec\u012bbas centrus un labdar\u012bbas l\u012bdzek\u013cu v\u0101k\u0161anas grupas, kas nedr\u012bkst izmantot hipersaites uz m\u016bsu vietni.<\/p><p>\u0160\u012bs organiz\u0101cijas var pievienot saiti uz m\u016bsu m\u0101jas lapu, publik\u0101cij\u0101m vai citu t\u012bmek\u013ca vietnes inform\u0101ciju, ja vien saite ir pievienota: (a) nek\u0101d\u0101 veid\u0101 nav maldino\u0161a; (b) nepatiesi nenor\u0101da, ka t\u0101 sponsor\u0113, atbalsta vai apstiprina saikni saturo\u0161o pusi un t\u0101s produktus un\/vai pakalpojumus; un (c) iek\u013caujas saikni saturo\u0161\u0101s puses vietnes kontekst\u0101.<\/p><p>M\u0113s varam izskat\u012bt un apstiprin\u0101t citus saitei piepras\u012bjumus no \u0161\u0101da veida organiz\u0101cij\u0101m:<\/p><p>visp\u0101rzin\u0101miem pat\u0113r\u0113t\u0101ju un\/vai uz\u0146\u0113m\u0113jdarb\u012bbas inform\u0101cijas avotiem;<br \/>dot.com kopienas<br \/>asoci\u0101cijas vai citas grupas, kas p\u0101rst\u0101v labdar\u012bbas organiz\u0101cijas;<br \/>tie\u0161saistes kataloga izplat\u012bt\u0101ji;<br \/>interneta port\u0101los;<br \/>gr\u0101matved\u012bbas, juridiskie un konsult\u0101ciju uz\u0146\u0113mumi; un<br \/>izgl\u012bt\u012bbas iest\u0101d\u0113m un tirdzniec\u012bbas asoci\u0101cij\u0101m.<\/p><p>M\u0113s apstiprin\u0101sim \u0161o organiz\u0101ciju saites piepras\u012bjumus, ja konstat\u0113sim, ka: (a) saite nerad\u012bs mums vai m\u016bsu akredit\u0113tajiem uz\u0146\u0113mumiem nelabv\u0113l\u012bgu iespaidu; (b) organiz\u0101cijai nav negat\u012bvu ierakstu m\u016bsu kont\u0101; (c) ieguvums, ko m\u0113s g\u016bsim no hipersaites redzam\u012bbas, kompens\u0113s Vakbitu tr\u016bkumu; un (d) saite ir visp\u0101r\u0113jas resursu inform\u0101cijas kontekst\u0101.<\/p><p>\u0160\u012bs organiz\u0101cijas var pievienot saiti uz m\u016bsu m\u0101jas lapu, ja vien saite: (a) nek\u0101d\u0101 veid\u0101 nav maldino\u0161a; (b) nepatiesi nenor\u0101da, ka t\u0101 sponsor\u0113, atbalsta vai apstiprina saikni saturo\u0161o pusi un t\u0101s produktus vai pakalpojumus; un (c) iek\u013caujas saikni saturo\u0161\u0101s puses vietnes kontekst\u0101. Ja esat viena no iepriek\u0161 min\u0113taj\u0101m organiz\u0101cij\u0101m un v\u0113laties izveidot saiti uz m\u016bsu vietni, jums par to j\u0101pazi\u0146o, nos\u016btot e-pastu uz Vakbit.<\/p><p>L\u016bdzu, nor\u0101diet savu v\u0101rdu un uzv\u0101rdu, organiz\u0101cijas nosaukumu, kontaktinform\u0101ciju un savas t\u012bmek\u013ca vietnes URL, sarakstu ar visiem URL, no kuriem pl\u0101nojat izveidot saiti uz m\u016bsu t\u012bmek\u013ca vietni, un sarakstu ar URL m\u016bsu t\u012bmek\u013ca vietn\u0113, uz kuriem v\u0113laties izveidot saiti. L\u016bdzu, paredziet 2-3 ned\u0113\u013cas, lai sa\u0146emtu atbildi.<\/p><p>Apstiprin\u0101tas organiz\u0101cijas var izveidot hipersaites uz m\u016bsu vietni:<\/p><p>izmantojot m\u016bsu uz\u0146\u0113muma nosaukumu vai<br \/>izmantojot vienotu resursu mekl\u0113t\u0101ju, kas uz to nor\u0101da saiti, vai<br \/>izmantojot jebkuru citu m\u016bsu vietnes aprakstu, kas ir atbilsto\u0161s saiknes puses vietnes satura kontekst\u0101 un form\u0101t\u0101.<\/p><p>Ja vien nav nosl\u0113gts licences l\u012bgums par pre\u010du z\u012bmi, Vakbit logotipa vai cita satura izmanto\u0161ana sait\u0113 nav at\u013cauta.<\/p><p>iFrame<\/p><p>Bez m\u016bsu iepriek\u0161\u0113ja apstiprin\u0101juma un rakstiskas at\u013caujas j\u016bs nedr\u012bkstat izveidot r\u0101mjus ap m\u016bsu vietni, kas jebk\u0101d\u0101 veid\u0101 izmaina m\u016bsu vietnes vizu\u0101lo noform\u0113jumu vai izskatu.<\/p><p>Atbild\u012bba par saturu<\/p><p>M\u0113s neesam atbild\u012bgi par saturu, kas par\u0101d\u0101s j\u016bsu vietn\u0113. J\u016bs piekr\u012btat aizsarg\u0101t un aizst\u0101v\u0113t m\u016bs pret vis\u0101m pretenzij\u0101m, kas par\u0101d\u0101s j\u016bsu t\u012bmek\u013ca vietn\u0113. Nevien\u0101 t\u012bmek\u013ca vietn\u0113 nedr\u012bkst par\u0101d\u012bties saites, kas var tikt interpret\u0113tas k\u0101 nepatiesas, nepiekl\u0101j\u012bgas vai noziedz\u012bgas, vai kas p\u0101rk\u0101pj, cit\u0101di p\u0101rk\u0101pj vai propagand\u0113 tre\u0161o personu ties\u012bbu p\u0101rk\u0101pumu vai citu p\u0101rk\u0101pumu.<\/p><p>Ties\u012bbu rezerv\u0113\u0161ana<\/p><p>M\u0113s paturam ties\u012bbas piepras\u012bt, lai j\u016bs dz\u0113stu visas saites vai k\u0101du konkr\u0113tu saiti uz m\u016bsu vietni. J\u016bs piekr\u012btat p\u0113c piepras\u012bjuma nekav\u0113joties dz\u0113st visas saites uz m\u016bsu vietni. M\u0113s ar\u012b paturam ties\u012bbas jebkur\u0101 laik\u0101 main\u012bt \u0161os noteikumus un nosac\u012bjumus, k\u0101 ar\u012b sai\u0161u politiku. Turpinot izmantot saites uz m\u016bsu t\u012bmek\u013ca vietni, j\u016bs piekr\u012btat iev\u0113rot \u0161os noteikumus un nosac\u012bjumus.<\/p><p>Saites no\u0146em\u0161ana no m\u016bsu vietnes<\/p><p>Ja m\u016bsu vietn\u0113 atrodat k\u0101du saiti, kas jebk\u0101da iemesla d\u0113\u013c ir aizskaro\u0161a, varat jebkur\u0101 laik\u0101 sazin\u0101ties ar mums un inform\u0113t par to. M\u0113s izskat\u012bsim piepras\u012bjumus par sai\u0161u dz\u0113\u0161anu, ta\u010du mums nav pien\u0101kuma atbild\u0113t jums tie\u0161i. M\u0113s negarant\u0113jam, ka \u0161aj\u0101 t\u012bmek\u013ca vietn\u0113 sniegt\u0101 inform\u0101cija ir pareiza, k\u0101 ar\u012b negarant\u0113jam t\u0101s piln\u012bgumu vai precizit\u0101ti; m\u0113s ar\u012b nesol\u0101m nodro\u0161in\u0101t, ka t\u012bmek\u013ca vietne b\u016bs pieejama un ka taj\u0101 pieejamie materi\u0101li tiks atjaunin\u0101ti.<\/p><p>Atruna<\/p><p>Piem\u0113rojamajos ties\u012bbu aktos at\u013cautaj\u0101 apjom\u0101 m\u0113s izsl\u0113dzam visus apgalvojumus, garantijas un nosac\u012bjumus, kas attiecas uz m\u016bsu vietni un \u0161\u012bs vietnes izmanto\u0161anu. Nekas \u0161aj\u0101 atrun\u0101:<\/p><p>Atbild\u012bbas ierobe\u017eojumi un aizliegumi, kas noteikti \u0161aj\u0101 sada\u013c\u0101 un citur \u0161aj\u0101 atrun\u0101: (a) attiecas uz iepriek\u0161\u0113jo punktu; un (b) reglament\u0113 visas saist\u012bbas, kas izriet no atrunas, tostarp l\u012bgumsaist\u012bbas, kas izriet no l\u012bguma, delikta un likum\u0101 noteikt\u0101 pien\u0101kuma p\u0101rk\u0101puma.<\/p><p>Kam\u0113r t\u012bmek\u013ca vietne un taj\u0101 pieejam\u0101 inform\u0101cija un pakalpojumi ir pieejami bez maksas, m\u0113s neesam atbild\u012bgi par jebk\u0101diem zaud\u0113jumiem vai boj\u0101jumiem.<\/p><p>Pat\u0113r\u0113t\u0101ju str\u012bdu \u0101rpustiesas iz\u0161\u0137ir\u0161ana<\/p><p>Saska\u0146\u0101 ar normat\u012bvajiem aktiem Vakbit neatz\u012bst nevienu \u0101rpustiesas pat\u0113r\u0113t\u0101ju str\u012bdu risin\u0101t\u0101ju par kompetentu risin\u0101t pat\u0113r\u0113t\u0101ju str\u012bdus, kurus pat\u0113r\u0113t\u0101ji var ierosin\u0101t saska\u0146\u0101 ar Pat\u0113r\u0113t\u0101ju str\u012bdu \u0101rpustiesas risin\u0101\u0161anas likumu. Uz\u0146\u0113mums k\u0101 pre\u010du un pakalpojumu sniedz\u0113js sav\u0101 t\u012bmek\u013ca vietn\u0113 public\u0113 elektronisko saiti uz pat\u0113r\u0113t\u0101ju str\u012bdu iz\u0161\u0137ir\u0161anas tie\u0161saistes platformu (SRPS). Platforma pat\u0113r\u0113t\u0101jiem ir pieejama elektroniskaj\u0101 sait\u0113 http:\/\/ec.europa.eu\/odr. \u0160\u012b k\u0101rt\u012bba izriet no Likuma par \u0101rpustiesas pat\u0113r\u0113t\u0101ju str\u012bdu iz\u0161\u0137ir\u0161anu, Eiropas Parlamenta un Padomes Regulas (ES) Nr. 524\/2013 par pat\u0113r\u0113t\u0101ju str\u012bdu iz\u0161\u0137ir\u0161anu tie\u0161saist\u0113 un groz\u012bjumiem Regul\u0101 (EK) Nr. 2016\/2004 un Direkt\u012bvas 200.<\/p>\t\t\t\t\t\t\t\t<\/div>\n\t\t\t\t<\/div>\n\t\t\t\t\t<\/div>\n\t\t<\/div>\n\t\t\t\t\t<\/div>\n\t\t<\/section>\n\t\t\t\t<\/div>","protected":false},"excerpt":{"rendered":"<p>General Terms and Conditions These terms describe the rules and regulations for using the Vakbit website, located at https:\/\/vakbit.com\/ and all of its subdomains. By accessing this website, we assume that you accept these terms. If you do not agree with all the terms and conditions stated on this page, do not continue to use [&hellip;]<\/p>","protected":false},"author":1,"featured_media":0,"parent":0,"menu_order":0,"comment_status":"closed","ping_status":"closed","template":"","meta":{"_seopress_robots_primary_cat":"","_seopress_titles_title":"","_seopress_titles_desc":"","_seopress_robots_index":"","ocean_post_layout":"full-screen","ocean_both_sidebars_style":"","ocean_both_sidebars_content_width":0,"ocean_both_sidebars_sidebars_width":0,"ocean_sidebar":"0","ocean_second_sidebar":"0","ocean_disable_margins":"enable","ocean_add_body_class":"","ocean_shortcode_before_top_bar":"","ocean_shortcode_after_top_bar":"","ocean_shortcode_before_header":"","ocean_shortcode_after_header":"","ocean_has_shortcode":"","ocean_shortcode_after_title":"","ocean_shortcode_before_footer_widgets":"","ocean_shortcode_after_footer_widgets":"","ocean_shortcode_before_footer_bottom":"","ocean_shortcode_after_footer_bottom":"","ocean_display_top_bar":"default","ocean_display_header":"default","ocean_header_style":"transparent","ocean_center_header_left_menu":"0","ocean_custom_header_template":"0","ocean_custom_logo":0,"ocean_custom_retina_logo":0,"ocean_custom_logo_max_width":0,"ocean_custom_logo_tablet_max_width":0,"ocean_custom_logo_mobile_max_width":0,"ocean_custom_logo_max_height":0,"ocean_custom_logo_tablet_max_height":0,"ocean_custom_logo_mobile_max_height":0,"ocean_header_custom_menu":"0","ocean_menu_typo_font_family":"0","ocean_menu_typo_font_subset":"","ocean_menu_typo_font_size":0,"ocean_menu_typo_font_size_tablet":0,"ocean_menu_typo_font_size_mobile":0,"ocean_menu_typo_font_size_unit":"px","ocean_menu_typo_font_weight":"","ocean_menu_typo_font_weight_tablet":"","ocean_menu_typo_font_weight_mobile":"","ocean_menu_typo_transform":"","ocean_menu_typo_transform_tablet":"","ocean_menu_typo_transform_mobile":"","ocean_menu_typo_line_height":0,"ocean_menu_typo_line_height_tablet":0,"ocean_menu_typo_line_height_mobile":0,"ocean_menu_typo_line_height_unit":"","ocean_menu_typo_spacing":0,"ocean_menu_typo_spacing_tablet":0,"ocean_menu_typo_spacing_mobile":0,"ocean_menu_typo_spacing_unit":"","ocean_menu_link_color":"","ocean_menu_link_color_hover":"","ocean_menu_link_color_active":"","ocean_menu_link_background":"","ocean_menu_link_hover_background":"","ocean_menu_link_active_background":"","ocean_menu_social_links_bg":"","ocean_menu_social_hover_links_bg":"","ocean_menu_social_links_color":"","ocean_menu_social_hover_links_color":"","ocean_disable_title":"on","ocean_disable_heading":"default","ocean_post_title":"","ocean_post_subheading":"","ocean_post_title_style":"","ocean_post_title_background_color":"","ocean_post_title_background":0,"ocean_post_title_bg_image_position":"","ocean_post_title_bg_image_attachment":"","ocean_post_title_bg_image_repeat":"","ocean_post_title_bg_image_size":"","ocean_post_title_height":0,"ocean_post_title_bg_overlay":0.5,"ocean_post_title_bg_overlay_color":"","ocean_disable_breadcrumbs":"default","ocean_breadcrumbs_color":"","ocean_breadcrumbs_separator_color":"","ocean_breadcrumbs_links_color":"","ocean_breadcrumbs_links_hover_color":"","ocean_display_footer_widgets":"default","ocean_display_footer_bottom":"default","ocean_custom_footer_template":"0","footnotes":""},"class_list":["post-1295","page","type-page","status-publish","hentry","entry"],"_links":{"self":[{"href":"https:\/\/vakbit.com\/lv\/wp-json\/wp\/v2\/pages\/1295","targetHints":{"allow":["GET"]}}],"collection":[{"href":"https:\/\/vakbit.com\/lv\/wp-json\/wp\/v2\/pages"}],"about":[{"href":"https:\/\/vakbit.com\/lv\/wp-json\/wp\/v2\/types\/page"}],"author":[{"embeddable":true,"href":"https:\/\/vakbit.com\/lv\/wp-json\/wp\/v2\/users\/1"}],"replies":[{"embeddable":true,"href":"https:\/\/vakbit.com\/lv\/wp-json\/wp\/v2\/comments?post=1295"}],"version-history":[{"count":10,"href":"https:\/\/vakbit.com\/lv\/wp-json\/wp\/v2\/pages\/1295\/revisions"}],"predecessor-version":[{"id":1532,"href":"https:\/\/vakbit.com\/lv\/wp-json\/wp\/v2\/pages\/1295\/revisions\/1532"}],"wp:attachment":[{"href":"https:\/\/vakbit.com\/lv\/wp-json\/wp\/v2\/media?parent=1295"}],"curies":[{"name":"wp","href":"https:\/\/api.w.org\/{rel}","templated":true}]}}