{"id":1282,"date":"2025-03-27T15:33:00","date_gmt":"2025-03-27T15:33:00","guid":{"rendered":"https:\/\/vakbit.com\/?page_id=1282"},"modified":"2025-12-23T22:00:01","modified_gmt":"2025-12-23T22:00:01","slug":"politika-zasebnosti","status":"publish","type":"page","link":"https:\/\/vakbit.com\/pl\/politika-zasebnosti\/","title":{"rendered":"Politika zasebnosti"},"content":{"rendered":"<div data-elementor-type=\"wp-page\" data-elementor-id=\"1282\" class=\"elementor elementor-1282\" data-elementor-post-type=\"page\">\n\t\t\t\t\t\t<section class=\"elementor-section elementor-top-section elementor-element elementor-element-23cd4f0 elementor-section-boxed elementor-section-height-default elementor-section-height-default\" data-id=\"23cd4f0\" data-element_type=\"section\" id=\"about\" data-settings=\"{&quot;background_background&quot;:&quot;gradient&quot;}\">\n\t\t\t\t\t\t<div class=\"elementor-container elementor-column-gap-default\">\n\t\t\t\t\t<div class=\"elementor-column elementor-col-100 elementor-top-column elementor-element elementor-element-9f48ae0\" data-id=\"9f48ae0\" data-element_type=\"column\">\n\t\t\t<div class=\"elementor-widget-wrap elementor-element-populated\">\n\t\t\t\t\t\t<div class=\"elementor-element elementor-element-6d7bb30 elementor-widget elementor-widget-heading\" data-id=\"6d7bb30\" data-element_type=\"widget\" data-widget_type=\"heading.default\">\n\t\t\t\t<div class=\"elementor-widget-container\">\n\t\t\t\t\t<h2 class=\"elementor-heading-title elementor-size-default\">Polityka prywatno\u015bci<\/h2>\t\t\t\t<\/div>\n\t\t\t\t<\/div>\n\t\t\t\t<div class=\"elementor-element elementor-element-0c8563b elementor-widget elementor-widget-text-editor\" data-id=\"0c8563b\" data-element_type=\"widget\" data-widget_type=\"text-editor.default\">\n\t\t\t\t<div class=\"elementor-widget-container\">\n\t\t\t\t\t\t\t\t\t<p>CZEGO POTRZEBUJEMY<br \/>Nasza polityka prywatno\u015bci reguluje wykorzystanie i przechowywanie danych. Z nasz\u0105 polityk\u0105 prywatno\u015bci mo\u017cna zapozna\u0107 si\u0119 na stronie Polityka prywatno\u015bci (patrz za\u0142\u0105cznik poni\u017cej). Firma jest administratorem danych osobowych, kt\u00f3re przetwarza (osoba, kt\u00f3rej dane dotycz\u0105: u\u017cytkownik, kupuj\u0105cy, odwiedzaj\u0105cy itp.) Gromadzimy nast\u0119puj\u0105ce rodzaje danych osobowych:<\/p><p>Adres e-mail;<br \/>Imi\u0119 i nazwisko, adres, adres e-mail i numer telefonu;<br \/>Szczeg\u00f3\u0142y metody p\u0142atno\u015bci, takie jak dane karty kredytowej lub debetowej, PayPal i inne metody p\u0142atno\u015bci;<br \/>Kopie dokument\u00f3w potwierdzaj\u0105cych prawdziwo\u015b\u0107 danych osobowych;<br \/>Pliki cookie;<br \/>\u015aledzenie odwiedzin przez Google Analytics, Yandex i Cloudflare;<br \/>Linki do osobistych profili w grupach medi\u00f3w spo\u0142eczno\u015bciowych.<br \/>Gromadzimy ka\u017cdy rodzaj danych osobowych w zale\u017cno\u015bci od potrzeb i za odr\u0119bn\u0105 zgod\u0105.<\/p><p>DLACZEGO TEGO POTRZEBUJEMY<br \/>Dane osobowe u\u017cytkownika s\u0105 nam potrzebne do \u015bwiadczenia nast\u0119puj\u0105cych us\u0142ug:<\/p><p>Adres e-mail s\u0142u\u017c\u0105cy do odpowiadania na wiadomo\u015bci e-mail lub wiadomo\u015bci wysy\u0142ane za po\u015brednictwem formularzy kontaktowych;<br \/>Adres e-mail do wysy\u0142ania ofert i biuletyn\u00f3w elektronicznych;<br \/>Imi\u0119 i nazwisko, adres, adres e-mail i numer telefonu w celu przyjmowania rezerwacji, zapyta\u0144 i wysy\u0142ania ofert lub w zwi\u0105zku z realizacj\u0105 innych \u017c\u0105da\u0144 u\u017cytkownika;<br \/>Imi\u0119 i nazwisko, adres, adres e-mail i numer telefonu do zakupu kart podarunkowych, voucher\u00f3w lub us\u0142ug i przedmiot\u00f3w zwi\u0105zanych z nasz\u0105 ofert\u0105;<br \/>Szczeg\u00f3\u0142y metody p\u0142atno\u015bci i kopie dokument\u00f3w osobistych w celu realizacji us\u0142ug;<br \/>Adres e-mail na potrzeby zautomatyzowanego marketingu (potwierdzenie rezerwacji, podzi\u0119kowanie za rejestracj\u0119 itp.);<br \/>Pliki cookie do funkcjonowania stron internetowych;<br \/>Komunikacja za po\u015brednictwem grup spo\u0142eczno\u015bciowych z profilami osobistymi, kt\u00f3re potwierdzaj\u0105 po\u0142\u0105czenie z nami;<br \/>Imi\u0119 i nazwisko, adres, adres e-mail i numer telefonu na potrzeby okazjonalnych gier z nagrodami lub innych kampanii promocyjnych za uprzedni\u0105 zgod\u0105 u\u017cytkownika;<br \/>Zagregowane dane z Google Analytics lub Yandex Direct i Cloudflare do \u015bledzenia odwiedzin i wewn\u0119trznych analiz, kt\u00f3re b\u0119dziemy wykorzystywa\u0107 do ulepszania tre\u015bci.<br \/>CO ROBIMY Z DANYMI OSOBOWYMI<br \/>Hosting i przechowywanie danych zapewnia https:\/\/easytask.si\/ z siedzib\u0105 w Unii Europejskiej (Niemcy).<\/p><p>\u017badna strona trzecia nie ma dost\u0119pu do danych u\u017cytkownika, chyba \u017ce jest to wymagane przez prawo.<\/p><p>JAK D\u0141UGO GO PRZECHOWUJEMY?<br \/>Na naszej stronie internetowej u\u017cywamy trwa\u0142ych plik\u00f3w cookie dla link\u00f3w do serwis\u00f3w spo\u0142eczno\u015bciowych i innych dostawc\u00f3w us\u0142ug \"udost\u0119pniania\", a tak\u017ce plik\u00f3w cookie, kt\u00f3re pomagaj\u0105 u\u017cytkownikowi wielokrotnie uzyskiwa\u0107 dost\u0119p do ulubionych tre\u015bci na naszej stronie internetowej.<\/p><p>JAKIE S\u0104 TWOJE PRAWA<br \/>Je\u015bli u\u017cytkownik uwa\u017ca, \u017ce przechowywane przez nas jego dane osobowe s\u0105 nieprawid\u0142owe lub niekompletne, mo\u017ce za\u017c\u0105da\u0107 ich weryfikacji, poprawienia lub usuni\u0119cia. W tym celu nale\u017cy skontaktowa\u0107 si\u0119 z nami za po\u015brednictwem (Formularz wniosku o dost\u0119p do danych). Je\u015bli chcesz z\u0142o\u017cy\u0107 skarg\u0119 dotycz\u0105c\u0105 sposobu przetwarzania przez nas Twoich danych osobowych, skontaktuj si\u0119 z inspektorem ochrony danych lub osob\u0105 kontaktow\u0105 ds. ochrony danych (DPC) w firmie.<\/p><p>Nast\u0119pnie nasz DPC rozpatrzy skarg\u0119 i poinformuje u\u017cytkownika o jej wyniku. Je\u015bli nadal uwa\u017casz, \u017ce Twoje dane osobowe nie by\u0142y przetwarzane zgodnie z prawem, mo\u017cesz skontaktowa\u0107 si\u0119 z komisarzem ds. informacji i z\u0142o\u017cy\u0107 do niego skarg\u0119. Mo\u017cesz poprosi\u0107 o dost\u0119p do polityk i dokument\u00f3w zwi\u0105zanych z prywatno\u015bci\u0105, korzystaj\u0105c ze specjalnego formularza dost\u0119pnego na stronie Informacje o ochronie prywatno\u015bci.<\/p><p>Powi\u0105zane dokumenty:<\/p><p>Polityka ochrony danych osobowych<br \/>Polityka przechowywania danych osobowych (na \u017c\u0105danie poczt\u0105 elektroniczn\u0105 lub osobi\u015bcie)<br \/>Harmonogram przechowywania danych osobowych (na \u017c\u0105danie poczt\u0105 elektroniczn\u0105 lub osobi\u015bcie)<br \/>Informacja o ochronie prywatno\u015bci<br \/>Zasady i warunki<br \/>Formularz zgody<br \/>Formularz wycofania zgody<\/p><p><br \/>Wersja dokumentu: 1.0<\/p>\t\t\t\t\t\t\t\t<\/div>\n\t\t\t\t<\/div>\n\t\t\t\t\t<\/div>\n\t\t<\/div>\n\t\t\t\t\t<\/div>\n\t\t<\/section>\n\t\t\t\t<\/div>","protected":false},"excerpt":{"rendered":"<p>Privacy Policy WHAT WE NEEDOur privacy policy governs the use and storage of data. You can view our privacy policy on the Privacy Notice page (see attachment below). The company is the controller of the personal data it processes (data subject: you, the buyer, visitor, etc.). We collect the following types of personal data: Email [&hellip;]<\/p>","protected":false},"author":1,"featured_media":0,"parent":0,"menu_order":0,"comment_status":"closed","ping_status":"closed","template":"","meta":{"_seopress_robots_primary_cat":"","_seopress_titles_title":"","_seopress_titles_desc":"","_seopress_robots_index":"","ocean_post_layout":"full-screen","ocean_both_sidebars_style":"","ocean_both_sidebars_content_width":0,"ocean_both_sidebars_sidebars_width":0,"ocean_sidebar":"0","ocean_second_sidebar":"0","ocean_disable_margins":"enable","ocean_add_body_class":"","ocean_shortcode_before_top_bar":"","ocean_shortcode_after_top_bar":"","ocean_shortcode_before_header":"","ocean_shortcode_after_header":"","ocean_has_shortcode":"","ocean_shortcode_after_title":"","ocean_shortcode_before_footer_widgets":"","ocean_shortcode_after_footer_widgets":"","ocean_shortcode_before_footer_bottom":"","ocean_shortcode_after_footer_bottom":"","ocean_display_top_bar":"default","ocean_display_header":"default","ocean_header_style":"transparent","ocean_center_header_left_menu":"0","ocean_custom_header_template":"0","ocean_custom_logo":0,"ocean_custom_retina_logo":0,"ocean_custom_logo_max_width":0,"ocean_custom_logo_tablet_max_width":0,"ocean_custom_logo_mobile_max_width":0,"ocean_custom_logo_max_height":0,"ocean_custom_logo_tablet_max_height":0,"ocean_custom_logo_mobile_max_height":0,"ocean_header_custom_menu":"0","ocean_menu_typo_font_family":"0","ocean_menu_typo_font_subset":"","ocean_menu_typo_font_size":0,"ocean_menu_typo_font_size_tablet":0,"ocean_menu_typo_font_size_mobile":0,"ocean_menu_typo_font_size_unit":"px","ocean_menu_typo_font_weight":"","ocean_menu_typo_font_weight_tablet":"","ocean_menu_typo_font_weight_mobile":"","ocean_menu_typo_transform":"","ocean_menu_typo_transform_tablet":"","ocean_menu_typo_transform_mobile":"","ocean_menu_typo_line_height":0,"ocean_menu_typo_line_height_tablet":0,"ocean_menu_typo_line_height_mobile":0,"ocean_menu_typo_line_height_unit":"","ocean_menu_typo_spacing":0,"ocean_menu_typo_spacing_tablet":0,"ocean_menu_typo_spacing_mobile":0,"ocean_menu_typo_spacing_unit":"","ocean_menu_link_color":"","ocean_menu_link_color_hover":"","ocean_menu_link_color_active":"","ocean_menu_link_background":"","ocean_menu_link_hover_background":"","ocean_menu_link_active_background":"","ocean_menu_social_links_bg":"","ocean_menu_social_hover_links_bg":"","ocean_menu_social_links_color":"","ocean_menu_social_hover_links_color":"","ocean_disable_title":"on","ocean_disable_heading":"default","ocean_post_title":"","ocean_post_subheading":"","ocean_post_title_style":"","ocean_post_title_background_color":"","ocean_post_title_background":0,"ocean_post_title_bg_image_position":"","ocean_post_title_bg_image_attachment":"","ocean_post_title_bg_image_repeat":"","ocean_post_title_bg_image_size":"","ocean_post_title_height":0,"ocean_post_title_bg_overlay":0.5,"ocean_post_title_bg_overlay_color":"","ocean_disable_breadcrumbs":"default","ocean_breadcrumbs_color":"","ocean_breadcrumbs_separator_color":"","ocean_breadcrumbs_links_color":"","ocean_breadcrumbs_links_hover_color":"","ocean_display_footer_widgets":"default","ocean_display_footer_bottom":"default","ocean_custom_footer_template":"0","footnotes":""},"class_list":["post-1282","page","type-page","status-publish","hentry","entry"],"_links":{"self":[{"href":"https:\/\/vakbit.com\/pl\/wp-json\/wp\/v2\/pages\/1282","targetHints":{"allow":["GET"]}}],"collection":[{"href":"https:\/\/vakbit.com\/pl\/wp-json\/wp\/v2\/pages"}],"about":[{"href":"https:\/\/vakbit.com\/pl\/wp-json\/wp\/v2\/types\/page"}],"author":[{"embeddable":true,"href":"https:\/\/vakbit.com\/pl\/wp-json\/wp\/v2\/users\/1"}],"replies":[{"embeddable":true,"href":"https:\/\/vakbit.com\/pl\/wp-json\/wp\/v2\/comments?post=1282"}],"version-history":[{"count":7,"href":"https:\/\/vakbit.com\/pl\/wp-json\/wp\/v2\/pages\/1282\/revisions"}],"predecessor-version":[{"id":1525,"href":"https:\/\/vakbit.com\/pl\/wp-json\/wp\/v2\/pages\/1282\/revisions\/1525"}],"wp:attachment":[{"href":"https:\/\/vakbit.com\/pl\/wp-json\/wp\/v2\/media?parent=1282"}],"curies":[{"name":"wp","href":"https:\/\/api.w.org\/{rel}","templated":true}]}}