{"id":1295,"date":"2025-03-27T16:02:25","date_gmt":"2025-03-27T16:02:25","guid":{"rendered":"https:\/\/vakbit.com\/?page_id=1295"},"modified":"2025-12-23T22:08:26","modified_gmt":"2025-12-23T22:08:26","slug":"splosni-pogoji","status":"publish","type":"page","link":"https:\/\/vakbit.com\/pl\/splosni-pogoji\/","title":{"rendered":"Splo\u0161ni pogoji"},"content":{"rendered":"<div data-elementor-type=\"wp-page\" data-elementor-id=\"1295\" class=\"elementor elementor-1295\" data-elementor-post-type=\"page\">\n\t\t\t\t\t\t<section class=\"elementor-section elementor-top-section elementor-element elementor-element-23cd4f0 elementor-section-boxed elementor-section-height-default elementor-section-height-default\" data-id=\"23cd4f0\" data-element_type=\"section\" id=\"about\" data-settings=\"{&quot;background_background&quot;:&quot;gradient&quot;}\">\n\t\t\t\t\t\t<div class=\"elementor-container elementor-column-gap-default\">\n\t\t\t\t\t<div class=\"elementor-column elementor-col-100 elementor-top-column elementor-element elementor-element-9f48ae0\" data-id=\"9f48ae0\" data-element_type=\"column\">\n\t\t\t<div class=\"elementor-widget-wrap elementor-element-populated\">\n\t\t\t\t\t\t<div class=\"elementor-element elementor-element-6d7bb30 elementor-widget elementor-widget-heading\" data-id=\"6d7bb30\" data-element_type=\"widget\" data-widget_type=\"heading.default\">\n\t\t\t\t<div class=\"elementor-widget-container\">\n\t\t\t\t\t<h2 class=\"elementor-heading-title elementor-size-default\">Og\u00f3lne warunki handlowe<\/h2>\t\t\t\t<\/div>\n\t\t\t\t<\/div>\n\t\t\t\t<div class=\"elementor-element elementor-element-0c8563b elementor-widget elementor-widget-text-editor\" data-id=\"0c8563b\" data-element_type=\"widget\" data-widget_type=\"text-editor.default\">\n\t\t\t\t<div class=\"elementor-widget-container\">\n\t\t\t\t\t\t\t\t\t<p>Niniejsze warunki opisuj\u0105 zasady i przepisy dotycz\u0105ce korzystania z witryny internetowej Vakbit, znajduj\u0105cej si\u0119 pod adresem https:\/\/vakbit.com\/ i wszystkich jej subdomen. Uzyskuj\u0105c dost\u0119p do tej witryny, zak\u0142adamy, \u017ce akceptujesz te warunki. Je\u015bli nie zgadzasz si\u0119 ze wszystkimi warunkami okre\u015blonymi na tej stronie, nie kontynuuj korzystania z https:\/\/vakbit.com\/.<\/p><p>Poni\u017csza terminologia ma zastosowanie do niniejszych Warunk\u00f3w, O\u015bwiadczenia o ochronie prywatno\u015bci i Zastrze\u017cenia oraz wszystkich Um\u00f3w: \"Ty\" i \"Tw\u00f3j\" odnosz\u0105 si\u0119 do Ciebie, osoby loguj\u0105cej si\u0119 na tej stronie internetowej i przestrzegaj\u0105cej Regulaminu Sp\u00f3\u0142ki. \"Firma\", \"Nas\", \"My\", \"Nasz\" i \"Nas\" odnosz\u0105 si\u0119 do naszej firmy. \"Strona\", \"Strony\" lub \"My\" odnosz\u0105 si\u0119 zar\u00f3wno do klienta, jak i do nas. Wszystkie terminy odnosz\u0105 si\u0119 do oferty, akceptacji i uwzgl\u0119dnienia p\u0142atno\u015bci niezb\u0119dnych do podj\u0119cia procesu naszej pomocy klientowi w najbardziej odpowiedni spos\u00f3b, w wyra\u017anym celu zaspokojenia potrzeb klienta w zakresie \u015bwiadczenia okre\u015blonych us\u0142ug zgodnie z obowi\u0105zuj\u0105cym prawem S\u0142owenii. Wszelkie u\u017cycie powy\u017cszej terminologii lub innych s\u0142\u00f3w w liczbie pojedynczej, mnogiej, kapitalizacji i \/ lub on \/ ona s\u0105 traktowane jako zamienne i dlatego odnosz\u0105 si\u0119 do tego samego.<\/p><p>Pliki cookie<\/p><p>Strona korzysta z plik\u00f3w cookies. Wchodz\u0105c na stron\u0119 https:\/\/vakbit.com u\u017cytkownik wyra\u017ca zgod\u0119 na wykorzystywanie plik\u00f3w cookies zgodnie z polityk\u0105 firmy Vakbit oraz polityk\u0105 prywatno\u015bci na stronie. Wi\u0119kszo\u015b\u0107 interaktywnych witryn internetowych wykorzystuje pliki cookie do gromadzenia danych u\u017cytkownika podczas ka\u017cdej wizyty. U\u017cywamy plik\u00f3w cookie na naszej stronie internetowej, aby umo\u017cliwi\u0107 funkcjonalno\u015b\u0107 niekt\u00f3rych obszar\u00f3w i u\u0142atwi\u0107 odwiedzaj\u0105cym korzystanie z naszej strony internetowej. Niekt\u00f3rzy z naszych partner\u00f3w stowarzyszonych\/reklamowych mog\u0105 r\u00f3wnie\u017c u\u017cywa\u0107 plik\u00f3w cookie stron trzecich.<\/p><p>Licencja<\/p><p>O ile nie zaznaczono inaczej, Vakbit i\/lub jego licencjodawcy s\u0105 w\u0142a\u015bcicielami praw w\u0142asno\u015bci intelektualnej do wszystkich materia\u0142\u00f3w na stronie https:\/\/vakbit.com\/. Wszelkie prawa w\u0142asno\u015bci intelektualnej s\u0105 zastrze\u017cone. U\u017cytkownik mo\u017ce uzyska\u0107 dost\u0119p do tej witryny za po\u015brednictwem https:\/\/vakbit.com\/ na w\u0142asny u\u017cytek, z zastrze\u017ceniem ogranicze\u0144 okre\u015blonych w niniejszych warunkach.<\/p><p>Nie mo\u017cesz:<\/p><p>Publikowanie materia\u0142\u00f3w ze strony https:\/\/vakbit.com\/brez bez pozwolenia.<br \/>Sprzedawa\u0107, wypo\u017cycza\u0107 lub udziela\u0107 sublicencji na materia\u0142y ze strony https:\/\/vakbit.com\/brez bez zezwolenia.<br \/>Powielanie, powielanie lub kopiowanie materia\u0142\u00f3w ze strony https:\/\/vakbit.com\/brez bez zezwolenia.<br \/>Redystrybucji tre\u015bci ze strony https:\/\/vakbit.com\/brez bez zezwolenia.<\/p><p>Niniejsza umowa wchodzi w \u017cycie z dniem jej zawarcia lub z chwil\u0105 natychmiastowego wej\u015bcia na nasz\u0105 stron\u0119 internetow\u0105.<\/p><p>Cz\u0119\u015bci tej witryny oferuj\u0105 u\u017cytkownikom mo\u017cliwo\u015b\u0107 publikowania i wymiany opinii i informacji w niekt\u00f3rych obszarach witryny. Vakbit nie filtruje, nie edytuje, nie publikuje ani nie przegl\u0105da komentarzy przed ich obecno\u015bci\u0105 na stronie internetowej. Komentarze nie odzwierciedlaj\u0105 pogl\u0105d\u00f3w i opinii Vakbit, jej agent\u00f3w i \/ lub podmiot\u00f3w stowarzyszonych. Komentarze odzwierciedlaj\u0105 pogl\u0105dy i opinie osoby publikuj\u0105cej swoj\u0105 opini\u0119. W zakresie dozwolonym przez obowi\u0105zuj\u0105ce prawo, Vakbit nie ponosi odpowiedzialno\u015bci za komentarze lub jak\u0105kolwiek odpowiedzialno\u015b\u0107, szkody lub wydatki poniesione i\/lub poniesione w wyniku jakiegokolwiek u\u017cycia i\/lub opublikowania i\/lub pojawienia si\u0119 komentarzy na tej stronie.<\/p><p>Vakbit zastrzega sobie prawo do monitorowania wszystkich komentarzy i usuwania wszelkich komentarzy, kt\u00f3re mog\u0105 zosta\u0107 uznane za nieodpowiednie, obra\u017aliwe lub naruszaj\u0105ce niniejsze warunki.<\/p><p>U\u017cytkownik gwarantuje i o\u015bwiadcza, \u017ce<\/p><p>u\u017cytkownik jest uprawniony do publikowania komentarzy na naszej stronie internetowej i posiada niezb\u0119dne do tego uprawnienia i zgody;<br \/>komentarze nie naruszaj\u0105 \u017cadnych praw w\u0142asno\u015bci intelektualnej, w tym praw autorskich, patent\u00f3w lub znak\u00f3w towarowych os\u00f3b trzecich;<br \/>komentarze nie zawieraj\u0105 \u017cadnych znies\u0142awiaj\u0105cych, oszczerczych, obra\u017aliwych, nieprzyzwoitych lub w inny spos\u00f3b nielegalnych materia\u0142\u00f3w, kt\u00f3re naruszaj\u0105 prywatno\u015b\u0107;<br \/>komentarze nie b\u0119d\u0105 wykorzystywane do pozyskiwania lub promowania sprzeda\u017cy lub prezentowania dzia\u0142a\u0144 komercyjnych lub niezgodnych z prawem.<\/p><p>Przesy\u0142aj\u0105c komentarz, u\u017cytkownik udziela Vakbit niewy\u0142\u0105cznej licencji na u\u017cywanie, powielanie, modyfikowanie i upowa\u017cnianie innych os\u00f3b do u\u017cywania, powielania i modyfikowania komentarzy w dowolnej formie, mediach lub formatach.<\/p><p>\u00a0<\/p><p><br \/>Hiper\u0142\u0105cza do naszych tre\u015bci<\/p><p>Nast\u0119puj\u0105ce organizacje mog\u0105 zamieszcza\u0107 \u0142\u0105cza do naszej witryny bez uprzedniej pisemnej zgody:<\/p><p>agencje rz\u0105dowe;<br \/>wyszukiwarki;<br \/>aktualno\u015bci;<br \/>dystrybutorzy katalog\u00f3w online, kt\u00f3rzy mog\u0105 umieszcza\u0107 linki do naszej strony internetowej w taki sam spos\u00f3b, w jaki umieszczaj\u0105 hiper\u0142\u0105cza do stron internetowych innych sp\u00f3\u0142ek notowanych na gie\u0142dzie; oraz<br \/>akredytowane firmy w ca\u0142ym systemie, z wyj\u0105tkiem organizacji non-profit, charytatywnych centr\u00f3w handlowych i grup zbieraj\u0105cych fundusze na cele charytatywne, kt\u00f3re nie mog\u0105 umieszcza\u0107 hiper\u0142\u0105czy do naszej witryny.<\/p><p>Organizacje te mog\u0105 zamieszcza\u0107 \u0142\u0105cza do naszej strony g\u0142\u00f3wnej, publikacji lub innych informacji w witrynie, o ile \u0142\u0105cze takie (a) nie wprowadza w b\u0142\u0105d w \u017caden spos\u00f3b; (b) nie sugeruje fa\u0142szywie sponsorowania, poparcia lub zatwierdzenia strony linkuj\u0105cej i jej produkt\u00f3w i\/lub us\u0142ug; oraz (c) pasuje do kontekstu strony strony linkuj\u0105cej.<\/p><p>Mo\u017cemy rozpatrywa\u0107 i zatwierdza\u0107 inne pro\u015bby o linki od nast\u0119puj\u0105cych typ\u00f3w organizacji:<\/p><p>og\u00f3lnie znane \u017ar\u00f3d\u0142a informacji konsumenckich i\/lub biznesowych;<br \/>spo\u0142eczno\u015bci dot.com<br \/>stowarzyszenia lub inne grupy reprezentuj\u0105ce organizacje charytatywne;<br \/>dystrybutorzy katalog\u00f3w online;<br \/>portale internetowe;<br \/>firmy ksi\u0119gowe, prawnicze i konsultingowe; oraz<br \/>instytucje edukacyjne i stowarzyszenia handlowe.<\/p><p>Zatwierdzimy pro\u015bby o link od tych organizacji, je\u015bli stwierdzimy, \u017ce: (a) link nie sprawi, \u017ce b\u0119dziemy wygl\u0105da\u0107 niekorzystnie dla siebie lub naszych akredytowanych firm; (b) organizacja nie ma \u017cadnych negatywnych zapis\u00f3w z nami; (c) korzy\u015b\u0107 dla nas z widoczno\u015bci hiper\u0142\u0105cza rekompensuje nieobecno\u015b\u0107 Vakbit, oraz (d) link jest w kontek\u015bcie og\u00f3lnych informacji o zasobach.<\/p><p>Organizacje te mog\u0105 zamieszcza\u0107 odno\u015bniki do naszej strony g\u0142\u00f3wnej, o ile odno\u015bniki te: (a) nie wprowadza w b\u0142\u0105d w \u017caden spos\u00f3b; (b) nie sugeruje fa\u0142szywie sponsorowania, poparcia lub zatwierdzenia strony linkuj\u0105cej i jej produkt\u00f3w lub us\u0142ug; oraz (c) pasuje do kontekstu strony linkuj\u0105cej. Je\u015bli jeste\u015b jedn\u0105 z organizacji wymienionych powy\u017cej i jeste\u015b zainteresowany linkowaniem do naszej strony internetowej, musisz nas o tym powiadomi\u0107, wysy\u0142aj\u0105c wiadomo\u015b\u0107 e-mail do Vakbit.<\/p><p>Prosimy o podanie imienia i nazwiska, nazwy organizacji, danych kontaktowych i adresu URL witryny, listy wszystkich adres\u00f3w URL, z kt\u00f3rych zamierzaj\u0105 Pa\u0144stwo po\u0142\u0105czy\u0107 si\u0119 z nasz\u0105 witryn\u0105, oraz listy adres\u00f3w URL w naszej witrynie, do kt\u00f3rych chcieliby Pa\u0144stwo utworzy\u0107 \u0142\u0105cza. Czas oczekiwania na odpowied\u017a wynosi 2-3 tygodnie.<\/p><p>Zatwierdzone organizacje mog\u0105 zamieszcza\u0107 hiper\u0142\u0105cza do naszej witryny:<\/p><p>u\u017cywaj\u0105c nazwy naszej firmy lub<br \/>przy u\u017cyciu jednolitego lokalizatora zasob\u00f3w, kt\u00f3ry do niego prowadzi lub<br \/>korzystanie z wszelkich innych opis\u00f3w naszej strony internetowej, kt\u00f3re s\u0105 istotne w kontek\u015bcie i formacie tre\u015bci na stronie internetowej strony odsy\u0142aj\u0105cej.<\/p><p>O ile nie istnieje umowa licencyjna na znak towarowy, u\u017cycie logo Vakbit lub innych tre\u015bci nie b\u0119dzie dozwolone w linku.<\/p><p>iFrame<\/p><p>U\u017cytkownik nie mo\u017ce tworzy\u0107 ramek wok\u00f3\u0142 naszej witryny w jakikolwiek spos\u00f3b, kt\u00f3ry zmienia wizualn\u0105 prezentacj\u0119 lub wygl\u0105d naszej witryny bez naszej uprzedniej zgody i pisemnego zezwolenia.<\/p><p>Odpowiedzialno\u015b\u0107 za tre\u015b\u0107<\/p><p>Nie ponosimy odpowiedzialno\u015bci za tre\u015bci pojawiaj\u0105ce si\u0119 w witrynie u\u017cytkownika. U\u017cytkownik zgadza si\u0119 chroni\u0107 i broni\u0107 nas przed wszelkimi roszczeniami, kt\u00f3re pojawiaj\u0105 si\u0119 na jego stronie internetowej. \u017badne linki nie mog\u0105 pojawia\u0107 si\u0119 na \u017cadnej stronie internetowej, kt\u00f3ra mo\u017ce by\u0107 interpretowana jako fa\u0142szywa, obsceniczna lub przest\u0119pcza, lub kt\u00f3ra narusza, w inny spos\u00f3b narusza lub popiera naruszenie lub inne naruszenie jakichkolwiek praw os\u00f3b trzecich.<\/p><p>Zastrze\u017cenie praw<\/p><p>Zastrzegamy sobie prawo do za\u017c\u0105dania od u\u017cytkownika usuni\u0119cia wszystkich link\u00f3w lub poszczeg\u00f3lnych link\u00f3w do naszej witryny. U\u017cytkownik wyra\u017ca zgod\u0119 na natychmiastowe usuni\u0119cie wszystkich link\u00f3w do naszej witryny na \u017c\u0105danie. Zastrzegamy sobie r\u00f3wnie\u017c prawo do zmiany niniejszych warunk\u00f3w i zasad linkowania w dowolnym momencie. Kontynuuj\u0105c linkowanie do naszej strony internetowej, u\u017cytkownik wyra\u017ca zgod\u0119 na przestrzeganie niniejszych warunk\u00f3w.<\/p><p>Usuwanie link\u00f3w z naszej strony internetowej<\/p><p>W przypadku znalezienia na naszej stronie internetowej linku, kt\u00f3ry z jakiegokolwiek powodu jest obra\u017aliwy, u\u017cytkownik mo\u017ce w dowolnym momencie skontaktowa\u0107 si\u0119 z nami i poinformowa\u0107 nas o tym. Rozwa\u017cymy pro\u015bby o usuni\u0119cie link\u00f3w, ale nie jeste\u015bmy zobowi\u0105zani do udzielenia bezpo\u015bredniej odpowiedzi. Nie gwarantujemy, \u017ce informacje na tej stronie s\u0105 poprawne, ani nie gwarantujemy ich kompletno\u015bci lub dok\u0142adno\u015bci; nie obiecujemy r\u00f3wnie\u017c, \u017ce strona b\u0119dzie nadal dost\u0119pna lub \u017ce materia\u0142y na stronie b\u0119d\u0105 aktualizowane.<\/p><p>Zastrze\u017cenie<\/p><p>W najszerszym zakresie dozwolonym przez obowi\u0105zuj\u0105ce prawo wy\u0142\u0105czamy wszelkie o\u015bwiadczenia, gwarancje i warunki zwi\u0105zane z nasz\u0105 witryn\u0105 internetow\u0105 i korzystaniem z niej. \u017badne z postanowie\u0144 niniejszego wy\u0142\u0105czenia odpowiedzialno\u015bci nie b\u0119dzie<\/p><p>Ograniczenia i zakazy odpowiedzialno\u015bci okre\u015blone w tej sekcji i w innych miejscach niniejszego wy\u0142\u0105czenia odpowiedzialno\u015bci: (a) maj\u0105 zastosowanie w poprzednim akapicie; oraz (b) reguluj\u0105 wszystkie zobowi\u0105zania wynikaj\u0105ce z wy\u0142\u0105czenia odpowiedzialno\u015bci, w tym zobowi\u0105zania umowne wynikaj\u0105ce z umowy, czynu niedozwolonego i naruszenia obowi\u0105zk\u00f3w ustawowych.<\/p><p>Tak d\u0142ugo, jak strona internetowa oraz informacje i us\u0142ugi na stronie internetowej s\u0105 dost\u0119pne bezp\u0142atnie, nie ponosimy odpowiedzialno\u015bci za jakiekolwiek straty lub szkody.<\/p><p>Pozas\u0105dowe rozstrzyganie spor\u00f3w konsumenckich<\/p><p>Zgodnie z przepisami prawa Vakbit nie uznaje \u017cadnego podmiotu \u015bwiadcz\u0105cego us\u0142ugi pozas\u0105dowego rozwi\u0105zywania spor\u00f3w konsumenckich za w\u0142a\u015bciwy do rozstrzygania spor\u00f3w konsumenckich, kt\u00f3re konsumenci mog\u0105 wszczyna\u0107 zgodnie z ustaw\u0105 o pozas\u0105dowym rozwi\u0105zywaniu spor\u00f3w konsumenckich. Jako dostawca towar\u00f3w i us\u0142ug, sp\u00f3\u0142ka publikuje na swojej stronie internetowej link elektroniczny do internetowej platformy rozstrzygania spor\u00f3w konsumenckich (SRPS). Platforma jest dost\u0119pna dla konsument\u00f3w pod linkiem elektronicznym http:\/\/ec.europa.eu\/odr. Rozwi\u0105zanie to wynika z ustawy o pozas\u0105dowym rozwi\u0105zywaniu spor\u00f3w konsumenckich, rozporz\u0105dzenia Parlamentu Europejskiego i Rady (UE) nr 524\/2013 w sprawie internetowego systemu rozstrzygania spor\u00f3w konsumenckich oraz zmiany rozporz\u0105dzenia (WE) nr 2016\/2004 i dyrektywy 200.<\/p>\t\t\t\t\t\t\t\t<\/div>\n\t\t\t\t<\/div>\n\t\t\t\t\t<\/div>\n\t\t<\/div>\n\t\t\t\t\t<\/div>\n\t\t<\/section>\n\t\t\t\t<\/div>","protected":false},"excerpt":{"rendered":"<p>General Terms and Conditions These terms describe the rules and regulations for using the Vakbit website, located at https:\/\/vakbit.com\/ and all of its subdomains. By accessing this website, we assume that you accept these terms. If you do not agree with all the terms and conditions stated on this page, do not continue to use [&hellip;]<\/p>","protected":false},"author":1,"featured_media":0,"parent":0,"menu_order":0,"comment_status":"closed","ping_status":"closed","template":"","meta":{"_seopress_robots_primary_cat":"","_seopress_titles_title":"","_seopress_titles_desc":"","_seopress_robots_index":"","ocean_post_layout":"full-screen","ocean_both_sidebars_style":"","ocean_both_sidebars_content_width":0,"ocean_both_sidebars_sidebars_width":0,"ocean_sidebar":"0","ocean_second_sidebar":"0","ocean_disable_margins":"enable","ocean_add_body_class":"","ocean_shortcode_before_top_bar":"","ocean_shortcode_after_top_bar":"","ocean_shortcode_before_header":"","ocean_shortcode_after_header":"","ocean_has_shortcode":"","ocean_shortcode_after_title":"","ocean_shortcode_before_footer_widgets":"","ocean_shortcode_after_footer_widgets":"","ocean_shortcode_before_footer_bottom":"","ocean_shortcode_after_footer_bottom":"","ocean_display_top_bar":"default","ocean_display_header":"default","ocean_header_style":"transparent","ocean_center_header_left_menu":"0","ocean_custom_header_template":"0","ocean_custom_logo":0,"ocean_custom_retina_logo":0,"ocean_custom_logo_max_width":0,"ocean_custom_logo_tablet_max_width":0,"ocean_custom_logo_mobile_max_width":0,"ocean_custom_logo_max_height":0,"ocean_custom_logo_tablet_max_height":0,"ocean_custom_logo_mobile_max_height":0,"ocean_header_custom_menu":"0","ocean_menu_typo_font_family":"0","ocean_menu_typo_font_subset":"","ocean_menu_typo_font_size":0,"ocean_menu_typo_font_size_tablet":0,"ocean_menu_typo_font_size_mobile":0,"ocean_menu_typo_font_size_unit":"px","ocean_menu_typo_font_weight":"","ocean_menu_typo_font_weight_tablet":"","ocean_menu_typo_font_weight_mobile":"","ocean_menu_typo_transform":"","ocean_menu_typo_transform_tablet":"","ocean_menu_typo_transform_mobile":"","ocean_menu_typo_line_height":0,"ocean_menu_typo_line_height_tablet":0,"ocean_menu_typo_line_height_mobile":0,"ocean_menu_typo_line_height_unit":"","ocean_menu_typo_spacing":0,"ocean_menu_typo_spacing_tablet":0,"ocean_menu_typo_spacing_mobile":0,"ocean_menu_typo_spacing_unit":"","ocean_menu_link_color":"","ocean_menu_link_color_hover":"","ocean_menu_link_color_active":"","ocean_menu_link_background":"","ocean_menu_link_hover_background":"","ocean_menu_link_active_background":"","ocean_menu_social_links_bg":"","ocean_menu_social_hover_links_bg":"","ocean_menu_social_links_color":"","ocean_menu_social_hover_links_color":"","ocean_disable_title":"on","ocean_disable_heading":"default","ocean_post_title":"","ocean_post_subheading":"","ocean_post_title_style":"","ocean_post_title_background_color":"","ocean_post_title_background":0,"ocean_post_title_bg_image_position":"","ocean_post_title_bg_image_attachment":"","ocean_post_title_bg_image_repeat":"","ocean_post_title_bg_image_size":"","ocean_post_title_height":0,"ocean_post_title_bg_overlay":0.5,"ocean_post_title_bg_overlay_color":"","ocean_disable_breadcrumbs":"default","ocean_breadcrumbs_color":"","ocean_breadcrumbs_separator_color":"","ocean_breadcrumbs_links_color":"","ocean_breadcrumbs_links_hover_color":"","ocean_display_footer_widgets":"default","ocean_display_footer_bottom":"default","ocean_custom_footer_template":"0","footnotes":""},"class_list":["post-1295","page","type-page","status-publish","hentry","entry"],"_links":{"self":[{"href":"https:\/\/vakbit.com\/pl\/wp-json\/wp\/v2\/pages\/1295","targetHints":{"allow":["GET"]}}],"collection":[{"href":"https:\/\/vakbit.com\/pl\/wp-json\/wp\/v2\/pages"}],"about":[{"href":"https:\/\/vakbit.com\/pl\/wp-json\/wp\/v2\/types\/page"}],"author":[{"embeddable":true,"href":"https:\/\/vakbit.com\/pl\/wp-json\/wp\/v2\/users\/1"}],"replies":[{"embeddable":true,"href":"https:\/\/vakbit.com\/pl\/wp-json\/wp\/v2\/comments?post=1295"}],"version-history":[{"count":10,"href":"https:\/\/vakbit.com\/pl\/wp-json\/wp\/v2\/pages\/1295\/revisions"}],"predecessor-version":[{"id":1532,"href":"https:\/\/vakbit.com\/pl\/wp-json\/wp\/v2\/pages\/1295\/revisions\/1532"}],"wp:attachment":[{"href":"https:\/\/vakbit.com\/pl\/wp-json\/wp\/v2\/media?parent=1295"}],"curies":[{"name":"wp","href":"https:\/\/api.w.org\/{rel}","templated":true}]}}