{"id":1282,"date":"2025-03-27T15:33:00","date_gmt":"2025-03-27T15:33:00","guid":{"rendered":"https:\/\/vakbit.com\/?page_id=1282"},"modified":"2025-12-23T22:00:01","modified_gmt":"2025-12-23T22:00:01","slug":"politika-zasebnosti","status":"publish","type":"page","link":"https:\/\/vakbit.com\/pt\/politika-zasebnosti\/","title":{"rendered":"Pol\u00edtica de seguran\u00e7a"},"content":{"rendered":"<div data-elementor-type=\"wp-page\" data-elementor-id=\"1282\" class=\"elementor elementor-1282\" data-elementor-post-type=\"page\">\n\t\t\t\t\t\t<section class=\"elementor-section elementor-top-section elementor-element elementor-element-23cd4f0 elementor-section-boxed elementor-section-height-default elementor-section-height-default\" data-id=\"23cd4f0\" data-element_type=\"section\" id=\"about\" data-settings=\"{&quot;background_background&quot;:&quot;gradient&quot;}\">\n\t\t\t\t\t\t<div class=\"elementor-container elementor-column-gap-default\">\n\t\t\t\t\t<div class=\"elementor-column elementor-col-100 elementor-top-column elementor-element elementor-element-9f48ae0\" data-id=\"9f48ae0\" data-element_type=\"column\">\n\t\t\t<div class=\"elementor-widget-wrap elementor-element-populated\">\n\t\t\t\t\t\t<div class=\"elementor-element elementor-element-6d7bb30 elementor-widget elementor-widget-heading\" data-id=\"6d7bb30\" data-element_type=\"widget\" data-widget_type=\"heading.default\">\n\t\t\t\t<div class=\"elementor-widget-container\">\n\t\t\t\t\t<h2 class=\"elementor-heading-title elementor-size-default\">Pol\u00edtica de privacidade<\/h2>\t\t\t\t<\/div>\n\t\t\t\t<\/div>\n\t\t\t\t<div class=\"elementor-element elementor-element-0c8563b elementor-widget elementor-widget-text-editor\" data-id=\"0c8563b\" data-element_type=\"widget\" data-widget_type=\"text-editor.default\">\n\t\t\t\t<div class=\"elementor-widget-container\">\n\t\t\t\t\t\t\t\t\t<p>O QUE NECESSITAMOS<br \/>A nossa pol\u00edtica de privacidade rege a utiliza\u00e7\u00e3o e o armazenamento de dados. Pode consultar a nossa pol\u00edtica de privacidade na p\u00e1gina Aviso de privacidade (ver anexo abaixo). A empresa \u00e9 a respons\u00e1vel pelo tratamento dos dados pessoais que processa (titular dos dados: o utilizador, o comprador, o visitante, etc.). Recolhemos os seguintes tipos de dados pessoais:<\/p><p>Endere\u00e7o de correio eletr\u00f3nico;<br \/>Nome pr\u00f3prio e apelido, endere\u00e7o, endere\u00e7o eletr\u00f3nico e n\u00famero de telefone;<br \/>Detalhes do m\u00e9todo de pagamento, tais como detalhes do cart\u00e3o de cr\u00e9dito ou d\u00e9bito, PayPal e outros m\u00e9todos de pagamento;<br \/>C\u00f3pias de documentos pessoais que confirmem a exatid\u00e3o dos dados pessoais;<br \/>Cookies;<br \/>Controlo de visitas Google Analytics, Yandex e Cloudflare;<br \/>Liga\u00e7\u00f5es para perfis pessoais em grupos de redes sociais.<br \/>Recolhemos cada tipo de dados pessoais de acordo com a necessidade e com um consentimento separado.<\/p><p>POR QUE PRECISAMOS DELE<br \/>Precisamos dos seus dados pessoais para os seguintes servi\u00e7os:<\/p><p>Endere\u00e7o de e-mail para responder aos seus e-mails ou mensagens enviadas atrav\u00e9s de formul\u00e1rios de contacto;<br \/>Endere\u00e7o de correio eletr\u00f3nico para envio de ofertas e boletins informativos electr\u00f3nicos;<br \/>Nome e apelido, morada, endere\u00e7o de correio eletr\u00f3nico e n\u00famero de telefone para aceitar reservas, pedidos de informa\u00e7\u00e3o e envio de ofertas ou para satisfazer os seus outros pedidos;<br \/>Nome e apelido, morada, endere\u00e7o de correio eletr\u00f3nico e n\u00famero de telefone para comprar cart\u00f5es de oferta, vales ou servi\u00e7os e artigos relacionados com a nossa oferta;<br \/>Dados sobre o modo de pagamento e c\u00f3pias de documentos pessoais para a presta\u00e7\u00e3o de servi\u00e7os;<br \/>Endere\u00e7o de correio eletr\u00f3nico para marketing automatizado (confirma\u00e7\u00e3o de reservas, agradecimento por registos, etc.);<br \/>Cookies para o funcionamento dos s\u00edtios Web;<br \/>Comunica\u00e7\u00e3o atrav\u00e9s de grupos sociais com perfis pessoais que confirmam uma liga\u00e7\u00e3o connosco;<br \/>Nome e apelido, morada, endere\u00e7o de correio eletr\u00f3nico e n\u00famero de telefone para jogos de pr\u00e9mios ocasionais ou outras campanhas promocionais com o seu consentimento pr\u00e9vio;<br \/>Dados agregados do Google Analytics ou do Yandex Diret e do Cloudflare para controlo de visitas e an\u00e1lise interna, que utilizaremos para melhorar o conte\u00fado.<br \/>O QUE FAZEMOS COM OS DADOS PESSOAIS<br \/>O alojamento e o armazenamento de dados s\u00e3o fornecidos por https:\/\/easytask.si\/, localizado na Uni\u00e3o Europeia (Alemanha).<\/p><p>Nenhum terceiro tem acesso aos dados do utilizador, a menos que tal seja exigido por lei.<\/p><p>DURANTE QUANTO TEMPO O ARMAZENAMOS<br \/>No nosso s\u00edtio Web, utilizamos cookies persistentes para liga\u00e7\u00f5es a servi\u00e7os sociais e outros fornecedores de \"partilha\", bem como cookies que o ajudam a aceder repetidamente aos seus conte\u00fados favoritos no nosso s\u00edtio Web.<\/p><p>QUAIS S\u00c3O OS SEUS DIREITOS<br \/>Se considerar que os dados pessoais que temos sobre si est\u00e3o incorrectos ou incompletos, tem a op\u00e7\u00e3o de solicitar a revis\u00e3o, corre\u00e7\u00e3o ou elimina\u00e7\u00e3o desses dados. Para tal, contacte-nos atrav\u00e9s do (Formul\u00e1rio de pedido de acesso aos dados). Se desejar apresentar uma queixa sobre a forma como process\u00e1mos os seus dados pessoais, contacte o Respons\u00e1vel pela Prote\u00e7\u00e3o de Dados ou o Contacto para a Prote\u00e7\u00e3o de Dados (DPC) na empresa.<\/p><p>A nossa DPC analisar\u00e1 ent\u00e3o a sua queixa e inform\u00e1-lo-\u00e1 do resultado. Se continuar a acreditar que os seus dados pessoais n\u00e3o foram processados de acordo com a lei, pode contactar o Comiss\u00e1rio da Informa\u00e7\u00e3o e apresentar-lhe uma queixa. Pode solicitar o acesso a pol\u00edticas e documentos relacionados com a privacidade utilizando o formul\u00e1rio especial dispon\u00edvel na p\u00e1gina Aviso de Privacidade.<\/p><p>Documentos relacionados:<\/p><p>Pol\u00edtica de prote\u00e7\u00e3o de dados pessoais<br \/>Pol\u00edtica de conserva\u00e7\u00e3o de dados pessoais (mediante pedido por correio eletr\u00f3nico ou pessoalmente)<br \/>Calend\u00e1rio de conserva\u00e7\u00e3o de dados pessoais (mediante pedido por correio eletr\u00f3nico ou pessoalmente)<br \/>Aviso de privacidade<br \/>Termos e condi\u00e7\u00f5es<br \/>Formul\u00e1rio de consentimento<br \/>Formul\u00e1rio de retirada de consentimento<\/p><p><br \/>Vers\u00e3o do documento: 1.0<\/p>\t\t\t\t\t\t\t\t<\/div>\n\t\t\t\t<\/div>\n\t\t\t\t\t<\/div>\n\t\t<\/div>\n\t\t\t\t\t<\/div>\n\t\t<\/section>\n\t\t\t\t<\/div>","protected":false},"excerpt":{"rendered":"<p>Privacy Policy WHAT WE NEEDOur privacy policy governs the use and storage of data. You can view our privacy policy on the Privacy Notice page (see attachment below). The company is the controller of the personal data it processes (data subject: you, the buyer, visitor, etc.). We collect the following types of personal data: Email [&hellip;]<\/p>","protected":false},"author":1,"featured_media":0,"parent":0,"menu_order":0,"comment_status":"closed","ping_status":"closed","template":"","meta":{"_seopress_robots_primary_cat":"","_seopress_titles_title":"","_seopress_titles_desc":"","_seopress_robots_index":"","ocean_post_layout":"full-screen","ocean_both_sidebars_style":"","ocean_both_sidebars_content_width":0,"ocean_both_sidebars_sidebars_width":0,"ocean_sidebar":"0","ocean_second_sidebar":"0","ocean_disable_margins":"enable","ocean_add_body_class":"","ocean_shortcode_before_top_bar":"","ocean_shortcode_after_top_bar":"","ocean_shortcode_before_header":"","ocean_shortcode_after_header":"","ocean_has_shortcode":"","ocean_shortcode_after_title":"","ocean_shortcode_before_footer_widgets":"","ocean_shortcode_after_footer_widgets":"","ocean_shortcode_before_footer_bottom":"","ocean_shortcode_after_footer_bottom":"","ocean_display_top_bar":"default","ocean_display_header":"default","ocean_header_style":"transparent","ocean_center_header_left_menu":"0","ocean_custom_header_template":"0","ocean_custom_logo":0,"ocean_custom_retina_logo":0,"ocean_custom_logo_max_width":0,"ocean_custom_logo_tablet_max_width":0,"ocean_custom_logo_mobile_max_width":0,"ocean_custom_logo_max_height":0,"ocean_custom_logo_tablet_max_height":0,"ocean_custom_logo_mobile_max_height":0,"ocean_header_custom_menu":"0","ocean_menu_typo_font_family":"0","ocean_menu_typo_font_subset":"","ocean_menu_typo_font_size":0,"ocean_menu_typo_font_size_tablet":0,"ocean_menu_typo_font_size_mobile":0,"ocean_menu_typo_font_size_unit":"px","ocean_menu_typo_font_weight":"","ocean_menu_typo_font_weight_tablet":"","ocean_menu_typo_font_weight_mobile":"","ocean_menu_typo_transform":"","ocean_menu_typo_transform_tablet":"","ocean_menu_typo_transform_mobile":"","ocean_menu_typo_line_height":0,"ocean_menu_typo_line_height_tablet":0,"ocean_menu_typo_line_height_mobile":0,"ocean_menu_typo_line_height_unit":"","ocean_menu_typo_spacing":0,"ocean_menu_typo_spacing_tablet":0,"ocean_menu_typo_spacing_mobile":0,"ocean_menu_typo_spacing_unit":"","ocean_menu_link_color":"","ocean_menu_link_color_hover":"","ocean_menu_link_color_active":"","ocean_menu_link_background":"","ocean_menu_link_hover_background":"","ocean_menu_link_active_background":"","ocean_menu_social_links_bg":"","ocean_menu_social_hover_links_bg":"","ocean_menu_social_links_color":"","ocean_menu_social_hover_links_color":"","ocean_disable_title":"on","ocean_disable_heading":"default","ocean_post_title":"","ocean_post_subheading":"","ocean_post_title_style":"","ocean_post_title_background_color":"","ocean_post_title_background":0,"ocean_post_title_bg_image_position":"","ocean_post_title_bg_image_attachment":"","ocean_post_title_bg_image_repeat":"","ocean_post_title_bg_image_size":"","ocean_post_title_height":0,"ocean_post_title_bg_overlay":0.5,"ocean_post_title_bg_overlay_color":"","ocean_disable_breadcrumbs":"default","ocean_breadcrumbs_color":"","ocean_breadcrumbs_separator_color":"","ocean_breadcrumbs_links_color":"","ocean_breadcrumbs_links_hover_color":"","ocean_display_footer_widgets":"default","ocean_display_footer_bottom":"default","ocean_custom_footer_template":"0","footnotes":""},"class_list":["post-1282","page","type-page","status-publish","hentry","entry"],"_links":{"self":[{"href":"https:\/\/vakbit.com\/pt\/wp-json\/wp\/v2\/pages\/1282","targetHints":{"allow":["GET"]}}],"collection":[{"href":"https:\/\/vakbit.com\/pt\/wp-json\/wp\/v2\/pages"}],"about":[{"href":"https:\/\/vakbit.com\/pt\/wp-json\/wp\/v2\/types\/page"}],"author":[{"embeddable":true,"href":"https:\/\/vakbit.com\/pt\/wp-json\/wp\/v2\/users\/1"}],"replies":[{"embeddable":true,"href":"https:\/\/vakbit.com\/pt\/wp-json\/wp\/v2\/comments?post=1282"}],"version-history":[{"count":7,"href":"https:\/\/vakbit.com\/pt\/wp-json\/wp\/v2\/pages\/1282\/revisions"}],"predecessor-version":[{"id":1525,"href":"https:\/\/vakbit.com\/pt\/wp-json\/wp\/v2\/pages\/1282\/revisions\/1525"}],"wp:attachment":[{"href":"https:\/\/vakbit.com\/pt\/wp-json\/wp\/v2\/media?parent=1282"}],"curies":[{"name":"wp","href":"https:\/\/api.w.org\/{rel}","templated":true}]}}