{"id":1288,"date":"2025-03-27T15:54:47","date_gmt":"2025-03-27T15:54:47","guid":{"rendered":"https:\/\/vakbit.com\/?page_id=1288"},"modified":"2025-12-23T21:57:00","modified_gmt":"2025-12-23T21:57:00","slug":"kolofon","status":"publish","type":"page","link":"https:\/\/vakbit.com\/pt\/kolofon\/","title":{"rendered":"Kolofon"},"content":{"rendered":"<div data-elementor-type=\"wp-page\" data-elementor-id=\"1288\" class=\"elementor elementor-1288\" data-elementor-post-type=\"page\">\n\t\t\t\t\t\t<section class=\"elementor-section elementor-top-section elementor-element elementor-element-23cd4f0 elementor-section-boxed elementor-section-height-default elementor-section-height-default\" data-id=\"23cd4f0\" data-element_type=\"section\" id=\"about\" data-settings=\"{&quot;background_background&quot;:&quot;gradient&quot;}\">\n\t\t\t\t\t\t<div class=\"elementor-container elementor-column-gap-default\">\n\t\t\t\t\t<div class=\"elementor-column elementor-col-100 elementor-top-column elementor-element elementor-element-9f48ae0\" data-id=\"9f48ae0\" data-element_type=\"column\">\n\t\t\t<div class=\"elementor-widget-wrap elementor-element-populated\">\n\t\t\t\t\t\t<div class=\"elementor-element elementor-element-6d7bb30 elementor-widget elementor-widget-heading\" data-id=\"6d7bb30\" data-element_type=\"widget\" data-widget_type=\"heading.default\">\n\t\t\t\t<div class=\"elementor-widget-container\">\n\t\t\t\t\t<h2 class=\"elementor-heading-title elementor-size-default\">Impresum<\/h2>\t\t\t\t<\/div>\n\t\t\t\t<\/div>\n\t\t\t\t<div class=\"elementor-element elementor-element-0c8563b elementor-widget elementor-widget-text-editor\" data-id=\"0c8563b\" data-element_type=\"widget\" data-widget_type=\"text-editor.default\">\n\t\t\t\t<div class=\"elementor-widget-container\">\n\t\t\t\t\t\t\t\t\t<p>Este s\u00edtio Web foi elaborado por n\u00f3s pr\u00f3prios em colabora\u00e7\u00e3o com o nosso fornecedor de servi\u00e7os Web.<\/p><p>Objetivo do s\u00edtio Web<br \/>As informa\u00e7\u00f5es contidas neste s\u00edtio Web s\u00e3o de natureza promocional e est\u00e3o relacionadas com as actividades principais para as quais estamos registados. Comprometemo-nos a garantir que as informa\u00e7\u00f5es contidas neste s\u00edtio Web s\u00e3o exactas, fi\u00e1veis e de elevada qualidade.<br \/>N\u00e3o nos responsabilizamos por eventuais erros tipogr\u00e1ficos e reservamo-nos o direito de alterar o conte\u00fado em qualquer altura e sem aviso pr\u00e9vio, caso n\u00e3o esteja de acordo com a pol\u00edtica da nossa empresa.<\/p><p>Direito de utiliza\u00e7\u00e3o<br \/>O s\u00edtio Web e todo o seu conte\u00fado est\u00e3o protegidos por direitos de propriedade industrial e intelectual. Todas as informa\u00e7\u00f5es, textos, imagens ou outros elementos gr\u00e1ficos presentes neste s\u00edtio Web podem ser utilizados exclusivamente para seu uso pessoal e n\u00e3o comercial e n\u00e3o podem ser reproduzidos, modificados, distribu\u00eddos, licenciados ou publicados sob qualquer forma para qualquer outro fim que n\u00e3o a visualiza\u00e7\u00e3o, sem a autoriza\u00e7\u00e3o pr\u00e9via por escrito do administrador.<\/p><p>Assun\u00e7\u00e3o de responsabilidades<br \/>Ao conceber o s\u00edtio Web, esfor\u00e7amo-nos por garantir que as informa\u00e7\u00f5es s\u00e3o actualizadas e exactas. N\u00e3o garantimos a sua exatid\u00e3o e integridade e n\u00e3o assumimos qualquer responsabilidade decorrente da sua utiliza\u00e7\u00e3o. Todos os utilizadores utilizam o conte\u00fado publicado por sua pr\u00f3pria conta e risco.<br \/>Reservamo-nos o direito de alterar o conte\u00fado do nosso s\u00edtio Web em qualquer altura, de qualquer forma, por qualquer motivo e sem aviso pr\u00e9vio.<\/p><p>Implementa\u00e7\u00e3o tecnol\u00f3gica<br \/>A implementa\u00e7\u00e3o tecnol\u00f3gica foi assegurada por uma ag\u00eancia de programa\u00e7\u00e3o e design em colabora\u00e7\u00e3o com a nossa empresa.<\/p>\t\t\t\t\t\t\t\t<\/div>\n\t\t\t\t<\/div>\n\t\t\t\t\t<\/div>\n\t\t<\/div>\n\t\t\t\t\t<\/div>\n\t\t<\/section>\n\t\t\t\t<\/div>","protected":false},"excerpt":{"rendered":"<p>Impresum We have prepared this website ourselves in collaboration with our web service provider. Purpose of the websiteThe information on this website is of a promotional nature and relates to the core activities for which we are registered. We undertake to ensure that the information on this website is accurate, reliable, and of high quality.We [&hellip;]<\/p>","protected":false},"author":1,"featured_media":0,"parent":0,"menu_order":0,"comment_status":"closed","ping_status":"closed","template":"","meta":{"_seopress_robots_primary_cat":"","_seopress_titles_title":"","_seopress_titles_desc":"","_seopress_robots_index":"","ocean_post_layout":"full-screen","ocean_both_sidebars_style":"","ocean_both_sidebars_content_width":0,"ocean_both_sidebars_sidebars_width":0,"ocean_sidebar":"0","ocean_second_sidebar":"0","ocean_disable_margins":"enable","ocean_add_body_class":"","ocean_shortcode_before_top_bar":"","ocean_shortcode_after_top_bar":"","ocean_shortcode_before_header":"","ocean_shortcode_after_header":"","ocean_has_shortcode":"","ocean_shortcode_after_title":"","ocean_shortcode_before_footer_widgets":"","ocean_shortcode_after_footer_widgets":"","ocean_shortcode_before_footer_bottom":"","ocean_shortcode_after_footer_bottom":"","ocean_display_top_bar":"default","ocean_display_header":"default","ocean_header_style":"transparent","ocean_center_header_left_menu":"0","ocean_custom_header_template":"0","ocean_custom_logo":0,"ocean_custom_retina_logo":0,"ocean_custom_logo_max_width":0,"ocean_custom_logo_tablet_max_width":0,"ocean_custom_logo_mobile_max_width":0,"ocean_custom_logo_max_height":0,"ocean_custom_logo_tablet_max_height":0,"ocean_custom_logo_mobile_max_height":0,"ocean_header_custom_menu":"0","ocean_menu_typo_font_family":"0","ocean_menu_typo_font_subset":"","ocean_menu_typo_font_size":0,"ocean_menu_typo_font_size_tablet":0,"ocean_menu_typo_font_size_mobile":0,"ocean_menu_typo_font_size_unit":"px","ocean_menu_typo_font_weight":"","ocean_menu_typo_font_weight_tablet":"","ocean_menu_typo_font_weight_mobile":"","ocean_menu_typo_transform":"","ocean_menu_typo_transform_tablet":"","ocean_menu_typo_transform_mobile":"","ocean_menu_typo_line_height":0,"ocean_menu_typo_line_height_tablet":0,"ocean_menu_typo_line_height_mobile":0,"ocean_menu_typo_line_height_unit":"","ocean_menu_typo_spacing":0,"ocean_menu_typo_spacing_tablet":0,"ocean_menu_typo_spacing_mobile":0,"ocean_menu_typo_spacing_unit":"","ocean_menu_link_color":"","ocean_menu_link_color_hover":"","ocean_menu_link_color_active":"","ocean_menu_link_background":"","ocean_menu_link_hover_background":"","ocean_menu_link_active_background":"","ocean_menu_social_links_bg":"","ocean_menu_social_hover_links_bg":"","ocean_menu_social_links_color":"","ocean_menu_social_hover_links_color":"","ocean_disable_title":"on","ocean_disable_heading":"default","ocean_post_title":"","ocean_post_subheading":"","ocean_post_title_style":"","ocean_post_title_background_color":"","ocean_post_title_background":0,"ocean_post_title_bg_image_position":"","ocean_post_title_bg_image_attachment":"","ocean_post_title_bg_image_repeat":"","ocean_post_title_bg_image_size":"","ocean_post_title_height":0,"ocean_post_title_bg_overlay":0.5,"ocean_post_title_bg_overlay_color":"","ocean_disable_breadcrumbs":"default","ocean_breadcrumbs_color":"","ocean_breadcrumbs_separator_color":"","ocean_breadcrumbs_links_color":"","ocean_breadcrumbs_links_hover_color":"","ocean_display_footer_widgets":"default","ocean_display_footer_bottom":"default","ocean_custom_footer_template":"0","footnotes":""},"class_list":["post-1288","page","type-page","status-publish","hentry","entry"],"_links":{"self":[{"href":"https:\/\/vakbit.com\/pt\/wp-json\/wp\/v2\/pages\/1288","targetHints":{"allow":["GET"]}}],"collection":[{"href":"https:\/\/vakbit.com\/pt\/wp-json\/wp\/v2\/pages"}],"about":[{"href":"https:\/\/vakbit.com\/pt\/wp-json\/wp\/v2\/types\/page"}],"author":[{"embeddable":true,"href":"https:\/\/vakbit.com\/pt\/wp-json\/wp\/v2\/users\/1"}],"replies":[{"embeddable":true,"href":"https:\/\/vakbit.com\/pt\/wp-json\/wp\/v2\/comments?post=1288"}],"version-history":[{"count":10,"href":"https:\/\/vakbit.com\/pt\/wp-json\/wp\/v2\/pages\/1288\/revisions"}],"predecessor-version":[{"id":1522,"href":"https:\/\/vakbit.com\/pt\/wp-json\/wp\/v2\/pages\/1288\/revisions\/1522"}],"wp:attachment":[{"href":"https:\/\/vakbit.com\/pt\/wp-json\/wp\/v2\/media?parent=1288"}],"curies":[{"name":"wp","href":"https:\/\/api.w.org\/{rel}","templated":true}]}}