{"id":1295,"date":"2025-03-27T16:02:25","date_gmt":"2025-03-27T16:02:25","guid":{"rendered":"https:\/\/vakbit.com\/?page_id=1295"},"modified":"2025-12-23T22:08:26","modified_gmt":"2025-12-23T22:08:26","slug":"splosni-pogoji","status":"publish","type":"page","link":"https:\/\/vakbit.com\/pt\/splosni-pogoji\/","title":{"rendered":"Jogos de azar"},"content":{"rendered":"<div data-elementor-type=\"wp-page\" data-elementor-id=\"1295\" class=\"elementor elementor-1295\" data-elementor-post-type=\"page\">\n\t\t\t\t\t\t<section class=\"elementor-section elementor-top-section elementor-element elementor-element-23cd4f0 elementor-section-boxed elementor-section-height-default elementor-section-height-default\" data-id=\"23cd4f0\" data-element_type=\"section\" id=\"about\" data-settings=\"{&quot;background_background&quot;:&quot;gradient&quot;}\">\n\t\t\t\t\t\t<div class=\"elementor-container elementor-column-gap-default\">\n\t\t\t\t\t<div class=\"elementor-column elementor-col-100 elementor-top-column elementor-element elementor-element-9f48ae0\" data-id=\"9f48ae0\" data-element_type=\"column\">\n\t\t\t<div class=\"elementor-widget-wrap elementor-element-populated\">\n\t\t\t\t\t\t<div class=\"elementor-element elementor-element-6d7bb30 elementor-widget elementor-widget-heading\" data-id=\"6d7bb30\" data-element_type=\"widget\" data-widget_type=\"heading.default\">\n\t\t\t\t<div class=\"elementor-widget-container\">\n\t\t\t\t\t<h2 class=\"elementor-heading-title elementor-size-default\">Termos e condi\u00e7\u00f5es gerais<\/h2>\t\t\t\t<\/div>\n\t\t\t\t<\/div>\n\t\t\t\t<div class=\"elementor-element elementor-element-0c8563b elementor-widget elementor-widget-text-editor\" data-id=\"0c8563b\" data-element_type=\"widget\" data-widget_type=\"text-editor.default\">\n\t\t\t\t<div class=\"elementor-widget-container\">\n\t\t\t\t\t\t\t\t\t<p>Estes termos descrevem as regras e regulamentos para a utiliza\u00e7\u00e3o do website da Vakbit, localizado em https:\/\/vakbit.com\/ e todos os seus subdom\u00ednios. Ao aceder a este website, assumimos que o utilizador aceita estes termos. Se n\u00e3o concordar com todos os termos e condi\u00e7\u00f5es indicados nesta p\u00e1gina, n\u00e3o continue a utilizar https:\/\/vakbit.com\/.<\/p><p>A seguinte terminologia aplica-se aos presentes Termos e Condi\u00e7\u00f5es, Declara\u00e7\u00e3o de Privacidade e Aviso de Exonera\u00e7\u00e3o de Responsabilidade e a todos os Acordos: \"Voc\u00ea\" e \"Seu\" referem-se a si, a pessoa que acede a este s\u00edtio Web e est\u00e1 em conformidade com os Termos e Condi\u00e7\u00f5es da Empresa. \"Empresa\", \"N\u00f3s pr\u00f3prios\", \"N\u00f3s\", \"Nosso\" e \"N\u00f3s\" referem-se \u00e0 nossa empresa. \"Parte\", \"Partes\" ou \"N\u00f3s\" referem-se tanto ao cliente como a n\u00f3s pr\u00f3prios. Todos os termos referem-se \u00e0 oferta, aceita\u00e7\u00e3o e considera\u00e7\u00e3o do pagamento necess\u00e1rio para levar a cabo o processo da nossa assist\u00eancia ao cliente da forma mais adequada, com o objetivo expresso de satisfazer as necessidades do cliente na presta\u00e7\u00e3o dos servi\u00e7os indicados, de acordo com e sujeito \u00e0 legisla\u00e7\u00e3o em vigor na Eslov\u00e9nia. Qualquer utiliza\u00e7\u00e3o da terminologia acima referida ou de outras palavras no singular, no plural, em mai\u00fasculas e\/ou em \"ele\/ela\" ou \"eles\" s\u00e3o consideradas intercambi\u00e1veis e, por conseguinte, referem-se ao mesmo.<\/p><p>Biscoitos<\/p><p>O s\u00edtio Web utiliza cookies. Ao aceder a https:\/\/vakbit.com, o utilizador concorda com a utiliza\u00e7\u00e3o de cookies de acordo com a pol\u00edtica da Vakbit e a pol\u00edtica de privacidade do website. A maioria dos sites interactivos utiliza cookies para recolher os dados do utilizador em cada visita. Utilizamos cookies no nosso website para permitir a funcionalidade de certas \u00e1reas e para facilitar a utiliza\u00e7\u00e3o do nosso website pelos visitantes. Alguns dos nossos parceiros afiliados\/publicit\u00e1rios podem tamb\u00e9m utilizar cookies de terceiros.<\/p><p>Licen\u00e7a<\/p><p>Salvo indica\u00e7\u00e3o em contr\u00e1rio, a Vakbit e\/ou os seus licenciadores do s\u00edtio Web s\u00e3o os propriet\u00e1rios dos direitos de propriedade intelectual de todo o material em https:\/\/vakbit.com\/. Todos os direitos de propriedade intelectual s\u00e3o reservados. O utilizador pode aceder a este site atrav\u00e9s de https:\/\/vakbit.com\/ para seu uso pessoal, sujeito \u00e0s restri\u00e7\u00f5es estabelecidas nestes termos e condi\u00e7\u00f5es.<\/p><p>N\u00e3o pode:<\/p><p>Publicar material de https:\/\/vakbit.com\/brez sem autoriza\u00e7\u00e3o.<br \/>Vender, alugar ou sublicenciar material de https:\/\/vakbit.com\/brez sem autoriza\u00e7\u00e3o.<br \/>Reproduzir, duplicar ou copiar material de https:\/\/vakbit.com\/brez sem autoriza\u00e7\u00e3o.<br \/>Redistribuir o conte\u00fado de https:\/\/vakbit.com\/brez sem permiss\u00e3o.<\/p><p>O presente acordo entra em vigor a partir da data do presente acordo ou da sua chegada imediata ao nosso s\u00edtio Web.<\/p><p>Partes deste site oferecem aos utilizadores a oportunidade de publicar e trocar opini\u00f5es e informa\u00e7\u00f5es em determinadas \u00e1reas do site. A Vakbit n\u00e3o filtra, edita, publica ou rev\u00ea coment\u00e1rios antes da sua presen\u00e7a no website. Os coment\u00e1rios n\u00e3o reflectem os pontos de vista e opini\u00f5es de Vakbit, seus agentes e \/ ou afiliados. Os coment\u00e1rios reflectem os pontos de vista e opini\u00f5es da pessoa que publica a sua opini\u00e3o. Na medida do permitido pela lei aplic\u00e1vel, a Vakbit n\u00e3o \u00e9 respons\u00e1vel pelos coment\u00e1rios ou qualquer responsabilidade, dano ou despesa incorrida e\/ou sofrida como resultado de qualquer uso e\/ou publica\u00e7\u00e3o e\/ou aparecimento de coment\u00e1rios neste website.<\/p><p>A Vakbit reserva-se o direito de monitorizar todos os coment\u00e1rios e remover quaisquer coment\u00e1rios que possam ser considerados inapropriados, ofensivos ou que violem estes termos e condi\u00e7\u00f5es.<\/p><p>O utilizador garante e declara que:<\/p><p>tem o direito de publicar coment\u00e1rios no nosso s\u00edtio Web e tem as autoriza\u00e7\u00f5es e os consentimentos necess\u00e1rios para o fazer;<br \/>os coment\u00e1rios n\u00e3o infringem quaisquer direitos de propriedade intelectual, incluindo restri\u00e7\u00f5es de direitos de autor, patentes ou marcas registadas de terceiros;<br \/>os coment\u00e1rios n\u00e3o cont\u00eam qualquer material difamat\u00f3rio, calunioso, ofensivo, indecente ou ilegal que viole a privacidade;<br \/>os coment\u00e1rios n\u00e3o ser\u00e3o utilizados para solicitar ou promover vendas ou apresentar actividades comerciais ou ilegais.<\/p><p>Ao enviar um coment\u00e1rio, o utilizador concede \u00e0 Vakbit uma licen\u00e7a n\u00e3o exclusiva para usar, reproduzir, modificar e autorizar outros a usar, reproduzir e modificar os seus coment\u00e1rios em todas e quaisquer formas, meios ou formatos.<\/p><p>\u00a0<\/p><p><br \/>Hiperliga\u00e7\u00f5es para o nosso conte\u00fado<\/p><p>As seguintes organiza\u00e7\u00f5es podem estabelecer liga\u00e7\u00f5es ao nosso s\u00edtio Web sem autoriza\u00e7\u00e3o pr\u00e9via por escrito:<\/p><p>ag\u00eancias governamentais;<br \/>motores de busca;<br \/>not\u00edcias;<br \/>distribuidores de diret\u00f3rios online que podem estabelecer liga\u00e7\u00f5es ao nosso s\u00edtio Web da mesma forma que estabelecem liga\u00e7\u00f5es aos s\u00edtios Web de outras empresas cotadas na bolsa; e<br \/>empresas acreditadas em todo o sistema, com exce\u00e7\u00e3o de organiza\u00e7\u00f5es sem fins lucrativos, centros comerciais de benefic\u00eancia e grupos de angaria\u00e7\u00e3o de fundos de benefic\u00eancia, que n\u00e3o podem estabelecer hiperliga\u00e7\u00f5es para o nosso s\u00edtio Web.<\/p><p>Estas organiza\u00e7\u00f5es podem estabelecer liga\u00e7\u00f5es \u00e0 nossa p\u00e1gina inicial, publica\u00e7\u00f5es ou outras informa\u00e7\u00f5es do s\u00edtio Web, desde que a liga\u00e7\u00e3o (a) n\u00e3o seja enganosa de forma alguma; (b) n\u00e3o implique falsamente o patroc\u00ednio, o endosso ou a aprova\u00e7\u00e3o da parte que estabelece a liga\u00e7\u00e3o e dos seus produtos e\/ou servi\u00e7os; e (c) se enquadre no contexto do s\u00edtio da parte que estabelece a liga\u00e7\u00e3o.<\/p><p>Podemos considerar e aprovar outros pedidos de liga\u00e7\u00e3o dos seguintes tipos de organiza\u00e7\u00f5es:<\/p><p>fontes de informa\u00e7\u00e3o geralmente conhecidas dos consumidores e\/ou das empresas;<br \/>comunidades ponto.com<br \/>associa\u00e7\u00f5es ou outros grupos que representem organiza\u00e7\u00f5es de benefic\u00eancia;<br \/>distribuidores de diret\u00f3rios em linha;<br \/>portais de Internet;<br \/>empresas de contabilidade, advocacia e consultoria; e<br \/>institui\u00e7\u00f5es de ensino e associa\u00e7\u00f5es profissionais.<\/p><p>Aprovaremos os pedidos de hiperliga\u00e7\u00e3o destas organiza\u00e7\u00f5es se determinarmos que: (a) a hiperliga\u00e7\u00e3o n\u00e3o nos prejudica a n\u00f3s pr\u00f3prios ou \u00e0s nossas empresas acreditadas; (b) a organiza\u00e7\u00e3o n\u00e3o tem quaisquer registos negativos connosco; (c) o benef\u00edcio para n\u00f3s da visibilidade da hiperliga\u00e7\u00e3o compensa a aus\u00eancia da Vakbit, e (d) a hiperliga\u00e7\u00e3o est\u00e1 no contexto de informa\u00e7\u00e3o geral sobre recursos.<\/p><p>Estas organiza\u00e7\u00f5es podem estabelecer liga\u00e7\u00f5es \u00e0 nossa p\u00e1gina inicial, desde que a liga\u00e7\u00e3o: (a) n\u00e3o seja enganador de forma alguma; (b) n\u00e3o implique falsamente o patroc\u00ednio, endosso ou aprova\u00e7\u00e3o da parte que faz o link e seus produtos ou servi\u00e7os; e (c) se encaixe no contexto do site da parte que faz o link. Se o utilizador \u00e9 uma das organiza\u00e7\u00f5es listadas acima e est\u00e1 interessado em estabelecer um link para o nosso site, deve notificar-nos enviando um e-mail para Vakbit.<\/p><p>Inclua o seu nome, o nome da sua organiza\u00e7\u00e3o, informa\u00e7\u00f5es de contacto e o URL do seu s\u00edtio Web, uma lista de todos os URL a partir dos quais pretende estabelecer uma liga\u00e7\u00e3o ao nosso s\u00edtio Web e uma lista dos URL do nosso s\u00edtio Web aos quais gostaria de estabelecer uma liga\u00e7\u00e3o. Aguarde uma resposta de 2 a 3 semanas.<\/p><p>As organiza\u00e7\u00f5es aprovadas podem criar hiperliga\u00e7\u00f5es para o nosso s\u00edtio Web:<\/p><p>utilizando o nome da nossa empresa ou<br \/>utilizando um localizador uniforme de recursos que remeta para ele ou<br \/>utilizar qualquer outra descri\u00e7\u00e3o do nosso s\u00edtio Web que seja relevante no contexto e no formato do conte\u00fado do s\u00edtio Web da parte que estabelece a liga\u00e7\u00e3o.<\/p><p>A menos que exista um acordo de licen\u00e7a de marca registada, a utiliza\u00e7\u00e3o do log\u00f3tipo da Vakbit ou de outros conte\u00fados n\u00e3o ser\u00e1 permitida para a liga\u00e7\u00e3o.<\/p><p>iFrame<\/p><p>O utilizador n\u00e3o pode criar molduras em torno do nosso s\u00edtio Web de forma a alterar a apresenta\u00e7\u00e3o visual ou o aspeto do nosso s\u00edtio Web sem a nossa aprova\u00e7\u00e3o pr\u00e9via e autoriza\u00e7\u00e3o por escrito.<\/p><p>Responsabilidade pelo conte\u00fado<\/p><p>N\u00e3o somos respons\u00e1veis por qualquer conte\u00fado que apare\u00e7a no seu s\u00edtio Web. O utilizador concorda em proteger-nos e defender-nos contra todas as reclama\u00e7\u00f5es que apare\u00e7am no seu s\u00edtio Web. N\u00e3o podem aparecer liga\u00e7\u00f5es em qualquer s\u00edtio Web que possam ser interpretadas como falsas, obscenas ou criminosas, ou que infrinjam, violem ou defendam a infra\u00e7\u00e3o ou outra viola\u00e7\u00e3o de quaisquer direitos de terceiros.<\/p><p>Reserva de direitos<\/p><p>Reservamo-nos o direito de solicitar que o utilizador remova todas as liga\u00e7\u00f5es ou qualquer liga\u00e7\u00e3o espec\u00edfica ao nosso s\u00edtio Web. O utilizador concorda em remover imediatamente todas as liga\u00e7\u00f5es ao nosso s\u00edtio Web, mediante pedido. Tamb\u00e9m nos reservamos o direito de alterar estes termos e condi\u00e7\u00f5es e a pol\u00edtica de liga\u00e7\u00e3o em qualquer altura. Ao continuar a estabelecer uma liga\u00e7\u00e3o ao nosso s\u00edtio Web, o utilizador concorda em respeitar e seguir estes termos e condi\u00e7\u00f5es.<\/p><p>Remo\u00e7\u00e3o de liga\u00e7\u00f5es do nosso s\u00edtio Web<\/p><p>Se encontrar alguma liga\u00e7\u00e3o no nosso s\u00edtio Web que seja ofensiva por qualquer motivo, pode contactar-nos e informar-nos em qualquer altura. Teremos em considera\u00e7\u00e3o os pedidos de remo\u00e7\u00e3o de liga\u00e7\u00f5es, mas n\u00e3o somos obrigados a responder-lhe diretamente. N\u00e3o garantimos que as informa\u00e7\u00f5es contidas neste s\u00edtio Web estejam corretas, nem garantimos a sua exaustividade ou exatid\u00e3o; tamb\u00e9m n\u00e3o prometemos assegurar que o s\u00edtio Web permane\u00e7a dispon\u00edvel ou que o material no s\u00edtio Web seja mantido atualizado.<\/p><p>Declara\u00e7\u00e3o de exonera\u00e7\u00e3o de responsabilidade<\/p><p>Na medida m\u00e1xima permitida pela legisla\u00e7\u00e3o aplic\u00e1vel, exclu\u00edmos todas as representa\u00e7\u00f5es, garantias e condi\u00e7\u00f5es relacionadas com o nosso s\u00edtio Web e a utiliza\u00e7\u00e3o do mesmo. Nada nesta declara\u00e7\u00e3o de exonera\u00e7\u00e3o de responsabilidade ser\u00e1:<\/p><p>As limita\u00e7\u00f5es e proibi\u00e7\u00f5es de responsabilidade estabelecidas nesta sec\u00e7\u00e3o e noutras partes da presente declara\u00e7\u00e3o de exonera\u00e7\u00e3o de responsabilidade: (a) aplicam-se no par\u00e1grafo anterior; e (b) regem todas as responsabilidades decorrentes da declara\u00e7\u00e3o de exonera\u00e7\u00e3o de responsabilidade, incluindo responsabilidades contratuais decorrentes de contrato, delito e viola\u00e7\u00e3o de deveres legais.<\/p><p>Enquanto o s\u00edtio Web e as informa\u00e7\u00f5es e servi\u00e7os nele contidos estiverem dispon\u00edveis gratuitamente, n\u00e3o seremos respons\u00e1veis por quaisquer perdas ou danos.<\/p><p>Resolu\u00e7\u00e3o extrajudicial de lit\u00edgios de consumo<\/p><p>De acordo com os regulamentos legais, a Vakbit n\u00e3o reconhece qualquer prestador de servi\u00e7os de resolu\u00e7\u00e3o extrajudicial de lit\u00edgios de consumo como competente para resolver lit\u00edgios de consumo que os consumidores possam iniciar de acordo com a Lei de Resolu\u00e7\u00e3o Extrajudicial de Lit\u00edgios de Consumo. Enquanto fornecedor de bens e servi\u00e7os, a empresa publica no seu s\u00edtio Web uma liga\u00e7\u00e3o eletr\u00f3nica para a plataforma de resolu\u00e7\u00e3o de lit\u00edgios de consumo em linha (SRPS). A plataforma est\u00e1 dispon\u00edvel para os consumidores na liga\u00e7\u00e3o eletr\u00f3nica http:\/\/ec.europa.eu\/odr. Esta disposi\u00e7\u00e3o decorre da Lei relativa \u00e0 resolu\u00e7\u00e3o extrajudicial de lit\u00edgios de consumo, do Regulamento (UE) n.\u00ba 524\/2013 do Parlamento Europeu e do Conselho relativo \u00e0 resolu\u00e7\u00e3o de lit\u00edgios de consumo em linha e que altera o Regulamento (CE) n.\u00ba 2016\/2004 e a Diretiva 200.<\/p>\t\t\t\t\t\t\t\t<\/div>\n\t\t\t\t<\/div>\n\t\t\t\t\t<\/div>\n\t\t<\/div>\n\t\t\t\t\t<\/div>\n\t\t<\/section>\n\t\t\t\t<\/div>","protected":false},"excerpt":{"rendered":"<p>General Terms and Conditions These terms describe the rules and regulations for using the Vakbit website, located at https:\/\/vakbit.com\/ and all of its subdomains. By accessing this website, we assume that you accept these terms. If you do not agree with all the terms and conditions stated on this page, do not continue to use [&hellip;]<\/p>","protected":false},"author":1,"featured_media":0,"parent":0,"menu_order":0,"comment_status":"closed","ping_status":"closed","template":"","meta":{"_seopress_robots_primary_cat":"","_seopress_titles_title":"","_seopress_titles_desc":"","_seopress_robots_index":"","ocean_post_layout":"full-screen","ocean_both_sidebars_style":"","ocean_both_sidebars_content_width":0,"ocean_both_sidebars_sidebars_width":0,"ocean_sidebar":"0","ocean_second_sidebar":"0","ocean_disable_margins":"enable","ocean_add_body_class":"","ocean_shortcode_before_top_bar":"","ocean_shortcode_after_top_bar":"","ocean_shortcode_before_header":"","ocean_shortcode_after_header":"","ocean_has_shortcode":"","ocean_shortcode_after_title":"","ocean_shortcode_before_footer_widgets":"","ocean_shortcode_after_footer_widgets":"","ocean_shortcode_before_footer_bottom":"","ocean_shortcode_after_footer_bottom":"","ocean_display_top_bar":"default","ocean_display_header":"default","ocean_header_style":"transparent","ocean_center_header_left_menu":"0","ocean_custom_header_template":"0","ocean_custom_logo":0,"ocean_custom_retina_logo":0,"ocean_custom_logo_max_width":0,"ocean_custom_logo_tablet_max_width":0,"ocean_custom_logo_mobile_max_width":0,"ocean_custom_logo_max_height":0,"ocean_custom_logo_tablet_max_height":0,"ocean_custom_logo_mobile_max_height":0,"ocean_header_custom_menu":"0","ocean_menu_typo_font_family":"0","ocean_menu_typo_font_subset":"","ocean_menu_typo_font_size":0,"ocean_menu_typo_font_size_tablet":0,"ocean_menu_typo_font_size_mobile":0,"ocean_menu_typo_font_size_unit":"px","ocean_menu_typo_font_weight":"","ocean_menu_typo_font_weight_tablet":"","ocean_menu_typo_font_weight_mobile":"","ocean_menu_typo_transform":"","ocean_menu_typo_transform_tablet":"","ocean_menu_typo_transform_mobile":"","ocean_menu_typo_line_height":0,"ocean_menu_typo_line_height_tablet":0,"ocean_menu_typo_line_height_mobile":0,"ocean_menu_typo_line_height_unit":"","ocean_menu_typo_spacing":0,"ocean_menu_typo_spacing_tablet":0,"ocean_menu_typo_spacing_mobile":0,"ocean_menu_typo_spacing_unit":"","ocean_menu_link_color":"","ocean_menu_link_color_hover":"","ocean_menu_link_color_active":"","ocean_menu_link_background":"","ocean_menu_link_hover_background":"","ocean_menu_link_active_background":"","ocean_menu_social_links_bg":"","ocean_menu_social_hover_links_bg":"","ocean_menu_social_links_color":"","ocean_menu_social_hover_links_color":"","ocean_disable_title":"on","ocean_disable_heading":"default","ocean_post_title":"","ocean_post_subheading":"","ocean_post_title_style":"","ocean_post_title_background_color":"","ocean_post_title_background":0,"ocean_post_title_bg_image_position":"","ocean_post_title_bg_image_attachment":"","ocean_post_title_bg_image_repeat":"","ocean_post_title_bg_image_size":"","ocean_post_title_height":0,"ocean_post_title_bg_overlay":0.5,"ocean_post_title_bg_overlay_color":"","ocean_disable_breadcrumbs":"default","ocean_breadcrumbs_color":"","ocean_breadcrumbs_separator_color":"","ocean_breadcrumbs_links_color":"","ocean_breadcrumbs_links_hover_color":"","ocean_display_footer_widgets":"default","ocean_display_footer_bottom":"default","ocean_custom_footer_template":"0","footnotes":""},"class_list":["post-1295","page","type-page","status-publish","hentry","entry"],"_links":{"self":[{"href":"https:\/\/vakbit.com\/pt\/wp-json\/wp\/v2\/pages\/1295","targetHints":{"allow":["GET"]}}],"collection":[{"href":"https:\/\/vakbit.com\/pt\/wp-json\/wp\/v2\/pages"}],"about":[{"href":"https:\/\/vakbit.com\/pt\/wp-json\/wp\/v2\/types\/page"}],"author":[{"embeddable":true,"href":"https:\/\/vakbit.com\/pt\/wp-json\/wp\/v2\/users\/1"}],"replies":[{"embeddable":true,"href":"https:\/\/vakbit.com\/pt\/wp-json\/wp\/v2\/comments?post=1295"}],"version-history":[{"count":10,"href":"https:\/\/vakbit.com\/pt\/wp-json\/wp\/v2\/pages\/1295\/revisions"}],"predecessor-version":[{"id":1532,"href":"https:\/\/vakbit.com\/pt\/wp-json\/wp\/v2\/pages\/1295\/revisions\/1532"}],"wp:attachment":[{"href":"https:\/\/vakbit.com\/pt\/wp-json\/wp\/v2\/media?parent=1295"}],"curies":[{"name":"wp","href":"https:\/\/api.w.org\/{rel}","templated":true}]}}