{"id":1282,"date":"2025-03-27T15:33:00","date_gmt":"2025-03-27T15:33:00","guid":{"rendered":"https:\/\/vakbit.com\/?page_id=1282"},"modified":"2025-12-23T22:00:01","modified_gmt":"2025-12-23T22:00:01","slug":"politika-zasebnosti","status":"publish","type":"page","link":"https:\/\/vakbit.com\/ro\/politika-zasebnosti\/","title":{"rendered":"Politika zasebnosti"},"content":{"rendered":"<div data-elementor-type=\"wp-page\" data-elementor-id=\"1282\" class=\"elementor elementor-1282\" data-elementor-post-type=\"page\">\n\t\t\t\t\t\t<section class=\"elementor-section elementor-top-section elementor-element elementor-element-23cd4f0 elementor-section-boxed elementor-section-height-default elementor-section-height-default\" data-id=\"23cd4f0\" data-element_type=\"section\" id=\"about\" data-settings=\"{&quot;background_background&quot;:&quot;gradient&quot;}\">\n\t\t\t\t\t\t<div class=\"elementor-container elementor-column-gap-default\">\n\t\t\t\t\t<div class=\"elementor-column elementor-col-100 elementor-top-column elementor-element elementor-element-9f48ae0\" data-id=\"9f48ae0\" data-element_type=\"column\">\n\t\t\t<div class=\"elementor-widget-wrap elementor-element-populated\">\n\t\t\t\t\t\t<div class=\"elementor-element elementor-element-6d7bb30 elementor-widget elementor-widget-heading\" data-id=\"6d7bb30\" data-element_type=\"widget\" data-widget_type=\"heading.default\">\n\t\t\t\t<div class=\"elementor-widget-container\">\n\t\t\t\t\t<h2 class=\"elementor-heading-title elementor-size-default\">Politica de confiden\u021bialitate<\/h2>\t\t\t\t<\/div>\n\t\t\t\t<\/div>\n\t\t\t\t<div class=\"elementor-element elementor-element-0c8563b elementor-widget elementor-widget-text-editor\" data-id=\"0c8563b\" data-element_type=\"widget\" data-widget_type=\"text-editor.default\">\n\t\t\t\t<div class=\"elementor-widget-container\">\n\t\t\t\t\t\t\t\t\t<p>DE CE AVEM NEVOIE<br \/>Politica noastr\u0103 de confiden\u021bialitate reglementeaz\u0103 utilizarea \u0219i stocarea datelor. Pute\u021bi consulta politica noastr\u0103 de confiden\u021bialitate pe pagina Notificare privind confiden\u021bialitatea (a se vedea ata\u0219amentul de mai jos). Compania este operatorul datelor cu caracter personal pe care le prelucreaz\u0103 (persoana vizat\u0103: dumneavoastr\u0103, cump\u0103r\u0103torul, vizitatorul etc.). Colect\u0103m urm\u0103toarele tipuri de date cu caracter personal:<\/p><p>Adresa de e-mail;<br \/>Numele \u0219i prenumele, adresa, adresa de e-mail \u0219i num\u0103rul de telefon;<br \/>Detalii privind metoda de plat\u0103, cum ar fi detaliile cardului de credit sau de debit, PayPal \u0219i alte metode de plat\u0103;<br \/>Copii ale documentelor personale care confirm\u0103 exactitatea datelor cu caracter personal;<br \/>Cookie-uri;<br \/>Urm\u0103rirea vizitelor Google Analytics, Yandex \u0219i Cloudflare;<br \/>Linkuri c\u0103tre profiluri personale pe grupuri de socializare.<br \/>Colect\u0103m fiecare tip de date cu caracter personal \u00een func\u021bie de necesitate \u0219i cu consim\u021b\u0103m\u00e2nt separat.<\/p><p>DE CE AVEM NEVOIE DE EL<br \/>Avem nevoie de datele dumneavoastr\u0103 cu caracter personal pentru urm\u0103toarele servicii:<\/p><p>Adresa de e-mail pentru a r\u0103spunde la e-mailurile sau mesajele trimise prin intermediul formularelor de contact;<br \/>Adresa de e-mail pentru trimiterea de oferte \u0219i buletine informative electronice;<br \/>Numele \u0219i prenumele, adresa, adresa de e-mail \u0219i num\u0103rul de telefon pentru a accepta rezerv\u0103ri, solicit\u0103ri de informa\u021bii \u0219i pentru a trimite oferte sau \u00een leg\u0103tur\u0103 cu \u00eendeplinirea altor solicit\u0103ri ale dvs;<br \/>Numele \u0219i prenumele, adresa, adresa de e-mail \u0219i num\u0103rul de telefon pentru achizi\u021bionarea de carduri cadou, vouchere sau servicii \u0219i articole legate de oferta noastr\u0103;<br \/>Detalii privind metoda de plat\u0103 \u0219i copii ale documentelor personale pentru prestarea serviciilor;<br \/>Adresa de e-mail pentru marketing automat (confirmarea rezerv\u0103rilor, mul\u021bumiri pentru \u00eenregistr\u0103ri etc.);<br \/>Cookie-uri pentru func\u021bionarea site-urilor web;<br \/>Comunicarea prin intermediul grupurilor sociale cu profiluri personale care confirm\u0103 o leg\u0103tur\u0103 cu noi;<br \/>Numele \u0219i prenumele, adresa, adresa de e-mail \u0219i num\u0103rul de telefon pentru jocuri cu premii ocazionale sau alte campanii promo\u021bionale, cu acordul dumneavoastr\u0103 prealabil;<br \/>Date agregate de la Google Analytics sau Yandex Direct \u0219i Cloudflare pentru urm\u0103rirea vizitelor \u0219i analiz\u0103 intern\u0103, pe care le vom utiliza pentru a \u00eembun\u0103t\u0103\u021bi con\u021binutul.<br \/>CE FACEM CU DATELE CU CARACTER PERSONAL<br \/>G\u0103zduirea \u0219i stocarea datelor este asigurat\u0103 de https:\/\/easytask.si\/, situat \u00een Uniunea European\u0103 (Germania).<\/p><p>Niciun ter\u021b nu are acces la datele dumneavoastr\u0103, cu excep\u021bia cazului \u00een care acest lucru este impus de lege.<\/p><p>C\u00c2T TIMP \u00ceL STOC\u0102M<br \/>Pe site-ul nostru web, utiliz\u0103m module cookie persistente pentru linkurile c\u0103tre serviciile sociale \u0219i al\u021bi furnizori de \"partajare\", precum \u0219i module cookie care v\u0103 ajut\u0103 s\u0103 accesa\u021bi \u00een mod repetat con\u021binutul dvs. preferat de pe site-ul nostru web.<\/p><p>CARE SUNT DREPTURILE DUMNEAVOASTR\u0102<br \/>Dac\u0103 considera\u021bi c\u0103 datele cu caracter personal pe care le de\u021binem despre dumneavoastr\u0103 sunt incorecte sau incomplete, ave\u021bi op\u021biunea de a solicita revizuirea, corectarea sau \u0219tergerea acestor date. V\u0103 rug\u0103m s\u0103 ne contacta\u021bi prin (Data Access Request Form). Dac\u0103 dori\u021bi s\u0103 depune\u021bi o pl\u00e2ngere cu privire la modul \u00een care v-am prelucrat datele cu caracter personal, v\u0103 rug\u0103m s\u0103 contacta\u021bi responsabilul cu protec\u021bia datelor sau persoana de contact pentru protec\u021bia datelor (DPC) la sediul companiei.<\/p><p>DPC-ul nostru va analiza apoi pl\u00e2ngerea dvs. \u0219i v\u0103 va informa cu privire la rezultat. Dac\u0103 \u00eenc\u0103 mai crede\u021bi c\u0103 datele dvs. cu caracter personal nu au fost prelucrate \u00een conformitate cu legea, pute\u021bi contacta Comisarul pentru Informa\u021bii \u0219i depune o pl\u00e2ngere la acesta. Pute\u021bi solicita acces la politicile \u0219i documentele legate de confiden\u021bialitate utiliz\u00e2nd formularul special disponibil pe pagina Notificare privind confiden\u021bialitatea.<\/p><p>Documente conexe:<\/p><p>Politica de protec\u021bie a datelor cu caracter personal<br \/>Politica de p\u0103strare a datelor cu caracter personal (la cerere prin e-mail sau personal)<br \/>Programul de p\u0103strare a datelor cu caracter personal (la cerere prin e-mail sau personal)<br \/>Notificare privind confiden\u021bialitatea<br \/>Termeni \u0219i condi\u021bii<br \/>Formular de consim\u021b\u0103m\u00e2nt<br \/>Formular de retragere a consim\u021b\u0103m\u00e2ntului<\/p><p><br \/>Versiunea documentului: 1.0<\/p>\t\t\t\t\t\t\t\t<\/div>\n\t\t\t\t<\/div>\n\t\t\t\t\t<\/div>\n\t\t<\/div>\n\t\t\t\t\t<\/div>\n\t\t<\/section>\n\t\t\t\t<\/div>","protected":false},"excerpt":{"rendered":"<p>Privacy Policy WHAT WE NEEDOur privacy policy governs the use and storage of data. You can view our privacy policy on the Privacy Notice page (see attachment below). The company is the controller of the personal data it processes (data subject: you, the buyer, visitor, etc.). We collect the following types of personal data: Email [&hellip;]<\/p>","protected":false},"author":1,"featured_media":0,"parent":0,"menu_order":0,"comment_status":"closed","ping_status":"closed","template":"","meta":{"_seopress_robots_primary_cat":"","_seopress_titles_title":"","_seopress_titles_desc":"","_seopress_robots_index":"","ocean_post_layout":"full-screen","ocean_both_sidebars_style":"","ocean_both_sidebars_content_width":0,"ocean_both_sidebars_sidebars_width":0,"ocean_sidebar":"0","ocean_second_sidebar":"0","ocean_disable_margins":"enable","ocean_add_body_class":"","ocean_shortcode_before_top_bar":"","ocean_shortcode_after_top_bar":"","ocean_shortcode_before_header":"","ocean_shortcode_after_header":"","ocean_has_shortcode":"","ocean_shortcode_after_title":"","ocean_shortcode_before_footer_widgets":"","ocean_shortcode_after_footer_widgets":"","ocean_shortcode_before_footer_bottom":"","ocean_shortcode_after_footer_bottom":"","ocean_display_top_bar":"default","ocean_display_header":"default","ocean_header_style":"transparent","ocean_center_header_left_menu":"0","ocean_custom_header_template":"0","ocean_custom_logo":0,"ocean_custom_retina_logo":0,"ocean_custom_logo_max_width":0,"ocean_custom_logo_tablet_max_width":0,"ocean_custom_logo_mobile_max_width":0,"ocean_custom_logo_max_height":0,"ocean_custom_logo_tablet_max_height":0,"ocean_custom_logo_mobile_max_height":0,"ocean_header_custom_menu":"0","ocean_menu_typo_font_family":"0","ocean_menu_typo_font_subset":"","ocean_menu_typo_font_size":0,"ocean_menu_typo_font_size_tablet":0,"ocean_menu_typo_font_size_mobile":0,"ocean_menu_typo_font_size_unit":"px","ocean_menu_typo_font_weight":"","ocean_menu_typo_font_weight_tablet":"","ocean_menu_typo_font_weight_mobile":"","ocean_menu_typo_transform":"","ocean_menu_typo_transform_tablet":"","ocean_menu_typo_transform_mobile":"","ocean_menu_typo_line_height":0,"ocean_menu_typo_line_height_tablet":0,"ocean_menu_typo_line_height_mobile":0,"ocean_menu_typo_line_height_unit":"","ocean_menu_typo_spacing":0,"ocean_menu_typo_spacing_tablet":0,"ocean_menu_typo_spacing_mobile":0,"ocean_menu_typo_spacing_unit":"","ocean_menu_link_color":"","ocean_menu_link_color_hover":"","ocean_menu_link_color_active":"","ocean_menu_link_background":"","ocean_menu_link_hover_background":"","ocean_menu_link_active_background":"","ocean_menu_social_links_bg":"","ocean_menu_social_hover_links_bg":"","ocean_menu_social_links_color":"","ocean_menu_social_hover_links_color":"","ocean_disable_title":"on","ocean_disable_heading":"default","ocean_post_title":"","ocean_post_subheading":"","ocean_post_title_style":"","ocean_post_title_background_color":"","ocean_post_title_background":0,"ocean_post_title_bg_image_position":"","ocean_post_title_bg_image_attachment":"","ocean_post_title_bg_image_repeat":"","ocean_post_title_bg_image_size":"","ocean_post_title_height":0,"ocean_post_title_bg_overlay":0.5,"ocean_post_title_bg_overlay_color":"","ocean_disable_breadcrumbs":"default","ocean_breadcrumbs_color":"","ocean_breadcrumbs_separator_color":"","ocean_breadcrumbs_links_color":"","ocean_breadcrumbs_links_hover_color":"","ocean_display_footer_widgets":"default","ocean_display_footer_bottom":"default","ocean_custom_footer_template":"0","footnotes":""},"class_list":["post-1282","page","type-page","status-publish","hentry","entry"],"_links":{"self":[{"href":"https:\/\/vakbit.com\/ro\/wp-json\/wp\/v2\/pages\/1282","targetHints":{"allow":["GET"]}}],"collection":[{"href":"https:\/\/vakbit.com\/ro\/wp-json\/wp\/v2\/pages"}],"about":[{"href":"https:\/\/vakbit.com\/ro\/wp-json\/wp\/v2\/types\/page"}],"author":[{"embeddable":true,"href":"https:\/\/vakbit.com\/ro\/wp-json\/wp\/v2\/users\/1"}],"replies":[{"embeddable":true,"href":"https:\/\/vakbit.com\/ro\/wp-json\/wp\/v2\/comments?post=1282"}],"version-history":[{"count":7,"href":"https:\/\/vakbit.com\/ro\/wp-json\/wp\/v2\/pages\/1282\/revisions"}],"predecessor-version":[{"id":1525,"href":"https:\/\/vakbit.com\/ro\/wp-json\/wp\/v2\/pages\/1282\/revisions\/1525"}],"wp:attachment":[{"href":"https:\/\/vakbit.com\/ro\/wp-json\/wp\/v2\/media?parent=1282"}],"curies":[{"name":"wp","href":"https:\/\/api.w.org\/{rel}","templated":true}]}}