{"id":1295,"date":"2025-03-27T16:02:25","date_gmt":"2025-03-27T16:02:25","guid":{"rendered":"https:\/\/vakbit.com\/?page_id=1295"},"modified":"2025-12-23T22:08:26","modified_gmt":"2025-12-23T22:08:26","slug":"splosni-pogoji","status":"publish","type":"page","link":"https:\/\/vakbit.com\/ro\/splosni-pogoji\/","title":{"rendered":"Splo\u0161ni pogoji"},"content":{"rendered":"<div data-elementor-type=\"wp-page\" data-elementor-id=\"1295\" class=\"elementor elementor-1295\" data-elementor-post-type=\"page\">\n\t\t\t\t\t\t<section class=\"elementor-section elementor-top-section elementor-element elementor-element-23cd4f0 elementor-section-boxed elementor-section-height-default elementor-section-height-default\" data-id=\"23cd4f0\" data-element_type=\"section\" id=\"about\" data-settings=\"{&quot;background_background&quot;:&quot;gradient&quot;}\">\n\t\t\t\t\t\t<div class=\"elementor-container elementor-column-gap-default\">\n\t\t\t\t\t<div class=\"elementor-column elementor-col-100 elementor-top-column elementor-element elementor-element-9f48ae0\" data-id=\"9f48ae0\" data-element_type=\"column\">\n\t\t\t<div class=\"elementor-widget-wrap elementor-element-populated\">\n\t\t\t\t\t\t<div class=\"elementor-element elementor-element-6d7bb30 elementor-widget elementor-widget-heading\" data-id=\"6d7bb30\" data-element_type=\"widget\" data-widget_type=\"heading.default\">\n\t\t\t\t<div class=\"elementor-widget-container\">\n\t\t\t\t\t<h2 class=\"elementor-heading-title elementor-size-default\">Termeni \u0219i condi\u021bii generale<\/h2>\t\t\t\t<\/div>\n\t\t\t\t<\/div>\n\t\t\t\t<div class=\"elementor-element elementor-element-0c8563b elementor-widget elementor-widget-text-editor\" data-id=\"0c8563b\" data-element_type=\"widget\" data-widget_type=\"text-editor.default\">\n\t\t\t\t<div class=\"elementor-widget-container\">\n\t\t\t\t\t\t\t\t\t<p>Ace\u0219ti termeni descriu regulile \u0219i reglement\u0103rile de utilizare a site-ului Vakbit, situat la adresa https:\/\/vakbit.com\/ \u0219i a tuturor subdomeniilor sale. Prin accesarea acestui site, presupunem c\u0103 accepta\u021bi ace\u0219ti termeni. Dac\u0103 nu sunte\u021bi de acord cu to\u021bi termenii \u0219i condi\u021biile men\u021bionate pe aceast\u0103 pagin\u0103, nu continua\u021bi s\u0103 utiliza\u021bi https:\/\/vakbit.com\/.<\/p><p>Urm\u0103toarea terminologie se aplic\u0103 acestor Termeni \u0219i condi\u021bii, Declara\u021biei de confiden\u021bialitate \u0219i Avizului de exonerare de r\u0103spundere \u0219i tuturor Acordurilor: \"Dumneavoastr\u0103\" \u0219i \"Dumneavoastr\u0103\" se refer\u0103 la dumneavoastr\u0103, persoana care se conecteaz\u0103 la acest site web \u0219i care respect\u0103 Termenii \u0219i condi\u021biile companiei. \"Compania\", \"Noi \u00een\u0219ine\", \"Noi\", \"Al nostru\" \u0219i \"Noi\" se refer\u0103 la compania noastr\u0103. \"Parte\", \"P\u0103r\u021bi\" sau \"Noi\" se refer\u0103 at\u00e2t la client, c\u00e2t \u0219i la noi. To\u021bi termenii se refer\u0103 la oferta, acceptarea \u0219i luarea \u00een considerare a pl\u0103\u021bii necesare pentru a \u00eentreprinde procesul de asisten\u021b\u0103 din partea noastr\u0103 pentru client \u00een modul cel mai adecvat, cu scopul expres de a satisface nevoile clientului \u00een ceea ce prive\u0219te furnizarea serviciilor men\u021bionate \u00een conformitate cu \u0219i sub rezerva legisla\u021biei \u00een vigoare din Slovenia. Orice utilizare a terminologiei de mai sus sau a altor cuvinte la singular, plural, majuscule \u0219i\/sau el\/ea sau acestea sunt considerate interschimbabile \u0219i, prin urmare, se refer\u0103 la acela\u0219i lucru.<\/p><p>Cookie-uri<\/p><p>Site-ul utilizeaz\u0103 module cookie. Prin accesarea https:\/\/vakbit.com, sunte\u021bi de acord cu utilizarea modulelor cookie \u00een conformitate cu politica Vakbit \u0219i cu politica de confiden\u021bialitate de pe site. Majoritatea site-urilor web interactive utilizeaz\u0103 module cookie pentru a colecta detaliile utilizatorului pentru fiecare vizit\u0103. Utiliz\u0103m module cookie pe site-ul nostru web pentru a permite func\u021bionalitatea anumitor zone \u0219i pentru a facilita vizitatorilor utilizarea site-ului nostru web. Unii dintre partenerii no\u0219tri afilia\u021bi\/de publicitate pot utiliza, de asemenea, module cookie ter\u021b\u0103 parte.<\/p><p>Licen\u021b\u0103<\/p><p>Cu excep\u021bia cazului \u00een care se men\u021bioneaz\u0103 altfel, Vakbit \u0219i\/sau licen\u021biatorii site-ului s\u0103u sunt de\u021bin\u0103torii drepturilor de proprietate intelectual\u0103 pentru toate materialele de pe https:\/\/vakbit.com\/. Toate drepturile de proprietate intelectual\u0103 sunt rezervate. Pute\u021bi accesa acest material prin intermediul https:\/\/vakbit.com\/ pentru uz personal, sub rezerva restric\u021biilor stabilite \u00een ace\u0219ti termeni \u0219i condi\u021bii.<\/p><p>Poate c\u0103 nu:<\/p><p>Publica\u021bi materiale de pe https:\/\/vakbit.com\/brez f\u0103r\u0103 permisiune.<br \/>S\u0103 vinde\u021bi, s\u0103 \u00eenchiria\u021bi sau s\u0103 sublicen\u021bia\u021bi materiale de la https:\/\/vakbit.com\/brez f\u0103r\u0103 permisiune.<br \/>Reproducerea, duplicarea sau copierea materialelor de pe https:\/\/vakbit.com\/brez f\u0103r\u0103 permisiune.<br \/>Redistribui\u021bi con\u021binutul de pe https:\/\/vakbit.com\/brez f\u0103r\u0103 permisiune.<\/p><p>Prezentul acord intr\u0103 \u00een vigoare la data intr\u0103rii \u00een vigoare a prezentului acord sau la sosirea imediat\u0103 pe site-ul nostru.<\/p><p>Unele p\u0103r\u021bi ale acestui site ofer\u0103 utilizatorilor posibilitatea de a publica \u0219i de a face schimb de opinii \u0219i informa\u021bii \u00een anumite zone ale site-ului. Vakbit nu filtreaz\u0103, editeaz\u0103, public\u0103 sau revizuie\u0219te comentariile \u00eenainte de prezen\u021ba lor pe site. Comentariile nu reflect\u0103 punctele de vedere \u0219i opiniile Vakbit, ale agen\u021bilor \u0219i\/sau afilia\u021bilor s\u0103i. Comentariile reflect\u0103 punctele de vedere \u0219i opiniile persoanei care posteaz\u0103 opinia lor. \u00cen m\u0103sura permis\u0103 de legisla\u021bia aplicabil\u0103, Vakbit nu este responsabil pentru comentarii sau pentru orice r\u0103spundere, daune sau cheltuieli suportate \u0219i\/sau suferite ca urmare a utiliz\u0103rii \u0219i\/sau post\u0103rii \u0219i\/sau apari\u021biei comentariilor pe acest site.<\/p><p>Vakbit \u00ee\u0219i rezerv\u0103 dreptul de a monitoriza toate comentariile \u0219i de a elimina orice comentariu care poate fi considerat inadecvat, ofensator sau care \u00eencalc\u0103 ace\u0219ti termeni \u0219i condi\u021bii.<\/p><p>Garanta\u021bi \u0219i declara\u021bi c\u0103:<\/p><p>ave\u021bi dreptul de a posta comentarii pe site-ul nostru web \u0219i ave\u021bi permisiunile \u0219i consim\u021b\u0103mintele necesare pentru a face acest lucru;<br \/>comentariile nu \u00eencalc\u0103 niciun drept de proprietate intelectual\u0103, inclusiv restric\u021bii privind drepturile de autor, brevetele sau m\u0103rcile comerciale ale ter\u021bilor;<br \/>comentariile nu con\u021bin materiale def\u0103im\u0103toare, calomnioase, ofensatoare, indecente sau ilegale care \u00eencalc\u0103 via\u021ba privat\u0103;<br \/>comentariile nu vor fi utilizate pentru a solicita sau promova v\u00e2nz\u0103ri sau pentru a prezenta activit\u0103\u021bi comerciale sau ilegale.<\/p><p>Prin trimiterea unui comentariu, acorda\u021bi Vakbit o licen\u021b\u0103 neexclusiv\u0103 de a utiliza, reproduce, modifica \u0219i autoriza alte persoane s\u0103 utilizeze, reproduc\u0103 \u0219i modifice comentariile dvs. \u00een orice form\u0103, suport sau format.<\/p><p>\u00a0<\/p><p><br \/>Hiperleg\u0103turi c\u0103tre con\u021binutul nostru<\/p><p>Urm\u0103toarele organiza\u021bii pot avea linkuri c\u0103tre site-ul nostru f\u0103r\u0103 permisiune scris\u0103 prealabil\u0103:<\/p><p>agen\u021biile guvernamentale;<br \/>motoare de c\u0103utare;<br \/>\u0219tiri;<br \/>distribuitori de anuare online care pot face link c\u0103tre site-ul nostru web \u00een acela\u0219i mod \u00een care fac hyperlink c\u0103tre site-urile web ale altor societ\u0103\u021bi cotate la burs\u0103; \u0219i<br \/>\u00eentreprinderi acreditate \u00een \u00eentregul sistem, cu excep\u021bia organiza\u021biilor non-profit, a centrelor comerciale caritabile \u0219i a grupurilor de str\u00e2ngere de fonduri caritabile, care nu pot face hyperlink c\u0103tre site-ul nostru web.<\/p><p>Aceste organiza\u021bii se pot conecta la pagina noastr\u0103 de pornire, la publica\u021bii sau la alte informa\u021bii de pe site-ul nostru, at\u00e2ta timp c\u00e2t leg\u0103tura: (a) nu este \u00een\u0219el\u0103toare \u00een niciun fel; (b) nu implic\u0103 \u00een mod fals sponsorizarea, sus\u021binerea sau aprobarea p\u0103r\u021bii care face leg\u0103tura \u0219i a produselor \u0219i\/sau serviciilor acesteia; \u0219i (c) se \u00eencadreaz\u0103 \u00een contextul site-ului p\u0103r\u021bii care face leg\u0103tura.<\/p><p>Putem lua \u00een considerare \u0219i aproba alte cereri de link din partea urm\u0103toarelor tipuri de organiza\u021bii:<\/p><p>surse de informa\u021bii general cunoscute destinate consumatorilor \u0219i\/sau \u00eentreprinderilor;<br \/>comunit\u0103\u021bi dot.com<br \/>asocia\u021bii sau alte grupuri care reprezint\u0103 organiza\u021bii caritabile;<br \/>distribuitori de directoare online;<br \/>portaluri de internet;<br \/>firme de contabilitate, de avocatur\u0103 \u0219i de consultan\u021b\u0103; \u0219i<br \/>institu\u021bii de \u00eenv\u0103\u021b\u0103m\u00e2nt \u0219i asocia\u021bii profesionale.<\/p><p>Vom aproba cererile de link din partea acestor organiza\u021bii dac\u0103 vom stabili c\u0103: (a) link-ul nu ne-ar face s\u0103 avem o imagine nefavorabil\u0103 despre noi sau despre afacerile noastre acreditate; (b) organiza\u021bia nu are \u00eenregistr\u0103ri negative cu noi; (c) beneficiul pe care ni-l aduce vizibilitatea hiperlinkului compenseaz\u0103 absen\u021ba Vakbit \u0219i (d) link-ul este \u00een contextul informa\u021biilor generale despre resurse.<\/p><p>Aceste organiza\u021bii pot avea un link c\u0103tre pagina noastr\u0103 principal\u0103 at\u00e2ta timp c\u00e2t link-ul: (a) nu este \u00een\u0219el\u0103toare \u00een niciun fel; (b) nu implic\u0103 \u00een mod fals sponsorizarea, sus\u021binerea sau aprobarea p\u0103r\u021bii care face leg\u0103tura \u0219i a produselor sau serviciilor sale; \u0219i (c) se \u00eencadreaz\u0103 \u00een contextul site-ului p\u0103r\u021bii care face leg\u0103tura. Dac\u0103 sunte\u021bi una dintre organiza\u021biile enumerate mai sus \u0219i sunte\u021bi interesat s\u0103 v\u0103 conecta\u021bi la site-ul nostru, trebuie s\u0103 ne notifica\u021bi prin trimiterea unui e-mail la Vakbit.<\/p><p>V\u0103 rug\u0103m s\u0103 include\u021bi numele dvs., numele organiza\u021biei dvs., informa\u021biile de contact \u0219i URL-ul site-ului dvs. web, o list\u0103 a tuturor URL-urilor de la care inten\u021biona\u021bi s\u0103 v\u0103 conecta\u021bi la site-ul nostru web \u0219i o list\u0103 a URL-urilor de pe site-ul nostru web la care a\u021bi dori s\u0103 v\u0103 conecta\u021bi. V\u0103 rug\u0103m s\u0103 acorda\u021bi 2-3 s\u0103pt\u0103m\u00e2ni pentru un r\u0103spuns.<\/p><p>Organiza\u021biile aprobate pot face hyperlink c\u0103tre site-ul nostru:<\/p><p>folosind numele companiei noastre sau<br \/>utiliz\u00e2nd un localizator uniform de resurse care face leg\u0103tura cu acesta sau<br \/>utilizarea oric\u0103rei alte descrieri a site-ului nostru web care este relevant\u0103 \u00een contextul \u0219i formatul con\u021binutului de pe site-ul web al p\u0103r\u021bii care face leg\u0103tura.<\/p><p>Cu excep\u021bia cazului \u00een care exist\u0103 un acord de licen\u021b\u0103 a m\u0103rcii comerciale, utilizarea logo-ului Vakbit sau a altui con\u021binut nu va fi permis\u0103 pentru link.<\/p><p>iFrame<\/p><p>Nu ave\u021bi voie s\u0103 crea\u021bi cadre \u00een jurul site-ului nostru web \u00een niciun mod care s\u0103 modifice prezentarea vizual\u0103 sau aspectul site-ului nostru web f\u0103r\u0103 aprobarea noastr\u0103 prealabil\u0103 \u0219i permisiunea scris\u0103.<\/p><p>Responsabilitatea privind con\u021binutul<\/p><p>Nu suntem responsabili pentru niciun con\u021binut care apare pe site-ul dvs. web. Sunte\u021bi de acord s\u0103 ne proteja\u021bi \u0219i s\u0103 ne ap\u0103ra\u021bi \u00eempotriva tuturor reclama\u021biilor care apar pe site-ul dvs. web. Pe niciun site web nu pot ap\u0103rea linkuri care pot fi interpretate ca fiind false, obscene sau criminale sau care \u00eencalc\u0103, violeaz\u0103 \u00een alt mod sau sus\u021bin \u00eenc\u0103lcarea sau alte \u00eenc\u0103lc\u0103ri ale drepturilor unor ter\u021be p\u0103r\u021bi.<\/p><p>Rezervarea drepturilor<\/p><p>Ne rezerv\u0103m dreptul de a v\u0103 solicita s\u0103 elimina\u021bi toate leg\u0103turile sau o anumit\u0103 leg\u0103tur\u0103 c\u0103tre site-ul nostru. Sunte\u021bi de acord s\u0103 elimina\u021bi imediat toate linkurile c\u0103tre site-ul nostru la cerere. De asemenea, ne rezerv\u0103m dreptul de a modifica \u00een orice moment ace\u0219ti termeni \u0219i condi\u021bii \u0219i politica privind leg\u0103turile. Continu\u00e2nd s\u0103 v\u0103 conecta\u021bi la site-ul nostru, sunte\u021bi de acord s\u0103 respecta\u021bi \u0219i s\u0103 respecta\u021bi ace\u0219ti termeni \u0219i condi\u021bii.<\/p><p>Eliminarea linkurilor de pe site-ul nostru<\/p><p>Dac\u0103 g\u0103si\u021bi un link pe site-ul nostru care este ofensator din orice motiv, sunte\u021bi liber s\u0103 ne contacta\u021bi \u0219i s\u0103 ne informa\u021bi \u00een orice moment. Vom lua \u00een considerare cererile de eliminare a link-urilor, dar nu suntem obliga\u021bi s\u0103 v\u0103 r\u0103spundem direct. Nu garant\u0103m c\u0103 informa\u021biile de pe acest site web sunt corecte, nici c\u0103 sunt complete sau exacte; nici nu promitem s\u0103 ne asigur\u0103m c\u0103 site-ul web r\u0103m\u00e2ne disponibil sau c\u0103 materialele de pe site sunt actualizate.<\/p><p>Disclaimer<\/p><p>\u00cen m\u0103sura maxim\u0103 permis\u0103 de legea aplicabil\u0103, excludem toate declara\u021biile, garan\u021biile \u0219i condi\u021biile referitoare la site-ul nostru \u0219i la utilizarea acestui site. Nimic din aceast\u0103 clauz\u0103 de exonerare de r\u0103spundere nu va:<\/p><p>Limit\u0103rile \u0219i interdic\u021biile de r\u0103spundere stabilite \u00een aceast\u0103 sec\u021biune \u0219i \u00een alte p\u0103r\u021bi ale acestei clauze de exonerare de r\u0103spundere: (a) se aplic\u0103 \u00een paragraful anterior; \u0219i (b) reglementeaz\u0103 toate r\u0103spunderile care decurg din aceast\u0103 clauz\u0103 de exonerare de r\u0103spundere, inclusiv r\u0103spunderile contractuale care decurg din contract, delict \u0219i \u00eenc\u0103lcarea obliga\u021biilor legale.<\/p><p>At\u00e2t timp c\u00e2t site-ul web \u0219i informa\u021biile \u0219i serviciile de pe site sunt disponibile gratuit, nu vom fi responsabili pentru nicio pierdere sau daun\u0103.<\/p><p>Solu\u021bionarea extrajudiciar\u0103 a litigiilor \u00een materie de consum<\/p><p>\u00cen conformitate cu reglement\u0103rile legale, Vakbit nu recunoa\u0219te niciun furnizor de solu\u021bionare extrajudiciar\u0103 a litigiilor de consum ca fiind competent s\u0103 solu\u021bioneze litigiile de consum pe care consumatorii le pot ini\u021bia \u00een conformitate cu Legea privind solu\u021bionarea extrajudiciar\u0103 a litigiilor de consum. \u00cen calitate de furnizor de bunuri \u0219i servicii, societatea public\u0103 pe site-ul s\u0103u un link electronic c\u0103tre platforma online de solu\u021bionare a litigiilor de consum (SRPS). Platforma este disponibil\u0103 consumatorilor la link-ul electronic http:\/\/ec.europa.eu\/odr. Acest acord decurge din Legea privind solu\u021bionarea extrajudiciar\u0103 a litigiilor \u00een materie de consum, Regulamentul (UE) nr. 524\/2013 al Parlamentului European \u0219i al Consiliului privind solu\u021bionarea online a litigiilor \u00een materie de consum \u0219i de modificare a Regulamentului (CE) nr. 2016\/2004 \u0219i Directiva 200.<\/p>\t\t\t\t\t\t\t\t<\/div>\n\t\t\t\t<\/div>\n\t\t\t\t\t<\/div>\n\t\t<\/div>\n\t\t\t\t\t<\/div>\n\t\t<\/section>\n\t\t\t\t<\/div>","protected":false},"excerpt":{"rendered":"<p>General Terms and Conditions These terms describe the rules and regulations for using the Vakbit website, located at https:\/\/vakbit.com\/ and all of its subdomains. By accessing this website, we assume that you accept these terms. If you do not agree with all the terms and conditions stated on this page, do not continue to use [&hellip;]<\/p>","protected":false},"author":1,"featured_media":0,"parent":0,"menu_order":0,"comment_status":"closed","ping_status":"closed","template":"","meta":{"_seopress_robots_primary_cat":"","_seopress_titles_title":"","_seopress_titles_desc":"","_seopress_robots_index":"","ocean_post_layout":"full-screen","ocean_both_sidebars_style":"","ocean_both_sidebars_content_width":0,"ocean_both_sidebars_sidebars_width":0,"ocean_sidebar":"0","ocean_second_sidebar":"0","ocean_disable_margins":"enable","ocean_add_body_class":"","ocean_shortcode_before_top_bar":"","ocean_shortcode_after_top_bar":"","ocean_shortcode_before_header":"","ocean_shortcode_after_header":"","ocean_has_shortcode":"","ocean_shortcode_after_title":"","ocean_shortcode_before_footer_widgets":"","ocean_shortcode_after_footer_widgets":"","ocean_shortcode_before_footer_bottom":"","ocean_shortcode_after_footer_bottom":"","ocean_display_top_bar":"default","ocean_display_header":"default","ocean_header_style":"transparent","ocean_center_header_left_menu":"0","ocean_custom_header_template":"0","ocean_custom_logo":0,"ocean_custom_retina_logo":0,"ocean_custom_logo_max_width":0,"ocean_custom_logo_tablet_max_width":0,"ocean_custom_logo_mobile_max_width":0,"ocean_custom_logo_max_height":0,"ocean_custom_logo_tablet_max_height":0,"ocean_custom_logo_mobile_max_height":0,"ocean_header_custom_menu":"0","ocean_menu_typo_font_family":"0","ocean_menu_typo_font_subset":"","ocean_menu_typo_font_size":0,"ocean_menu_typo_font_size_tablet":0,"ocean_menu_typo_font_size_mobile":0,"ocean_menu_typo_font_size_unit":"px","ocean_menu_typo_font_weight":"","ocean_menu_typo_font_weight_tablet":"","ocean_menu_typo_font_weight_mobile":"","ocean_menu_typo_transform":"","ocean_menu_typo_transform_tablet":"","ocean_menu_typo_transform_mobile":"","ocean_menu_typo_line_height":0,"ocean_menu_typo_line_height_tablet":0,"ocean_menu_typo_line_height_mobile":0,"ocean_menu_typo_line_height_unit":"","ocean_menu_typo_spacing":0,"ocean_menu_typo_spacing_tablet":0,"ocean_menu_typo_spacing_mobile":0,"ocean_menu_typo_spacing_unit":"","ocean_menu_link_color":"","ocean_menu_link_color_hover":"","ocean_menu_link_color_active":"","ocean_menu_link_background":"","ocean_menu_link_hover_background":"","ocean_menu_link_active_background":"","ocean_menu_social_links_bg":"","ocean_menu_social_hover_links_bg":"","ocean_menu_social_links_color":"","ocean_menu_social_hover_links_color":"","ocean_disable_title":"on","ocean_disable_heading":"default","ocean_post_title":"","ocean_post_subheading":"","ocean_post_title_style":"","ocean_post_title_background_color":"","ocean_post_title_background":0,"ocean_post_title_bg_image_position":"","ocean_post_title_bg_image_attachment":"","ocean_post_title_bg_image_repeat":"","ocean_post_title_bg_image_size":"","ocean_post_title_height":0,"ocean_post_title_bg_overlay":0.5,"ocean_post_title_bg_overlay_color":"","ocean_disable_breadcrumbs":"default","ocean_breadcrumbs_color":"","ocean_breadcrumbs_separator_color":"","ocean_breadcrumbs_links_color":"","ocean_breadcrumbs_links_hover_color":"","ocean_display_footer_widgets":"default","ocean_display_footer_bottom":"default","ocean_custom_footer_template":"0","footnotes":""},"class_list":["post-1295","page","type-page","status-publish","hentry","entry"],"_links":{"self":[{"href":"https:\/\/vakbit.com\/ro\/wp-json\/wp\/v2\/pages\/1295","targetHints":{"allow":["GET"]}}],"collection":[{"href":"https:\/\/vakbit.com\/ro\/wp-json\/wp\/v2\/pages"}],"about":[{"href":"https:\/\/vakbit.com\/ro\/wp-json\/wp\/v2\/types\/page"}],"author":[{"embeddable":true,"href":"https:\/\/vakbit.com\/ro\/wp-json\/wp\/v2\/users\/1"}],"replies":[{"embeddable":true,"href":"https:\/\/vakbit.com\/ro\/wp-json\/wp\/v2\/comments?post=1295"}],"version-history":[{"count":10,"href":"https:\/\/vakbit.com\/ro\/wp-json\/wp\/v2\/pages\/1295\/revisions"}],"predecessor-version":[{"id":1532,"href":"https:\/\/vakbit.com\/ro\/wp-json\/wp\/v2\/pages\/1295\/revisions\/1532"}],"wp:attachment":[{"href":"https:\/\/vakbit.com\/ro\/wp-json\/wp\/v2\/media?parent=1295"}],"curies":[{"name":"wp","href":"https:\/\/api.w.org\/{rel}","templated":true}]}}