{"id":1282,"date":"2025-03-27T15:33:00","date_gmt":"2025-03-27T15:33:00","guid":{"rendered":"https:\/\/vakbit.com\/?page_id=1282"},"modified":"2025-12-23T22:00:01","modified_gmt":"2025-12-23T22:00:01","slug":"politika-zasebnosti","status":"publish","type":"page","link":"https:\/\/vakbit.com\/sk\/politika-zasebnosti\/","title":{"rendered":"Politika s\u00fakromnosti"},"content":{"rendered":"<div data-elementor-type=\"wp-page\" data-elementor-id=\"1282\" class=\"elementor elementor-1282\" data-elementor-post-type=\"page\">\n\t\t\t\t\t\t<section class=\"elementor-section elementor-top-section elementor-element elementor-element-23cd4f0 elementor-section-boxed elementor-section-height-default elementor-section-height-default\" data-id=\"23cd4f0\" data-element_type=\"section\" id=\"about\" data-settings=\"{&quot;background_background&quot;:&quot;gradient&quot;}\">\n\t\t\t\t\t\t<div class=\"elementor-container elementor-column-gap-default\">\n\t\t\t\t\t<div class=\"elementor-column elementor-col-100 elementor-top-column elementor-element elementor-element-9f48ae0\" data-id=\"9f48ae0\" data-element_type=\"column\">\n\t\t\t<div class=\"elementor-widget-wrap elementor-element-populated\">\n\t\t\t\t\t\t<div class=\"elementor-element elementor-element-6d7bb30 elementor-widget elementor-widget-heading\" data-id=\"6d7bb30\" data-element_type=\"widget\" data-widget_type=\"heading.default\">\n\t\t\t\t<div class=\"elementor-widget-container\">\n\t\t\t\t\t<h2 class=\"elementor-heading-title elementor-size-default\">Z\u00e1sady ochrany osobn\u00fdch \u00fadajov<\/h2>\t\t\t\t<\/div>\n\t\t\t\t<\/div>\n\t\t\t\t<div class=\"elementor-element elementor-element-0c8563b elementor-widget elementor-widget-text-editor\" data-id=\"0c8563b\" data-element_type=\"widget\" data-widget_type=\"text-editor.default\">\n\t\t\t\t<div class=\"elementor-widget-container\">\n\t\t\t\t\t\t\t\t\t<p>\u010cO POTREBUJEME<br \/>Na\u0161e z\u00e1sady ochrany osobn\u00fdch \u00fadajov upravuj\u00fa pou\u017e\u00edvanie a ukladanie \u00fadajov. Na\u0161e z\u00e1sady ochrany osobn\u00fdch \u00fadajov si m\u00f4\u017eete pozrie\u0165 na str\u00e1nke Ozn\u00e1menie o ochrane osobn\u00fdch \u00fadajov (pozri pr\u00edlohu ni\u017e\u0161ie). Spolo\u010dnos\u0165 je spr\u00e1vcom osobn\u00fdch \u00fadajov, ktor\u00e9 sprac\u00fava (subjekt \u00fadajov: vy, kupuj\u00faci, n\u00e1v\u0161tevn\u00edk at\u010f.). Zhroma\u017e\u010fujeme nasleduj\u00face typy osobn\u00fdch \u00fadajov:<\/p><p>E-mailov\u00e1 adresa;<br \/>Meno a priezvisko, adresa, e-mailov\u00e1 adresa a telef\u00f3nne \u010d\u00edslo;<br \/>\u00dadaje o sp\u00f4sobe platby, napr\u00edklad \u00fadaje o kreditnej alebo debetnej karte, slu\u017ebe PayPal a in\u00fdch sp\u00f4soboch platby;<br \/>K\u00f3pie osobn\u00fdch dokladov potvrdzuj\u00face spr\u00e1vnos\u0165 osobn\u00fdch \u00fadajov;<br \/>Cookies;<br \/>Sledovanie n\u00e1v\u0161tev v slu\u017eb\u00e1ch Google Analytics, Yandex a Cloudflare;<br \/>Odkazy na osobn\u00e9 profily v skupin\u00e1ch soci\u00e1lnych m\u00e9di\u00ed.<br \/>Ka\u017ed\u00fd typ osobn\u00fdch \u00fadajov zhroma\u017e\u010fujeme pod\u013ea potreby a s osobitn\u00fdm s\u00fahlasom.<\/p><p>PRE\u010cO TO POTREBUJEME<br \/>Va\u0161e osobn\u00e9 \u00fadaje potrebujeme na nasleduj\u00face slu\u017eby:<\/p><p>E-mailov\u00e1 adresa na odpovedanie na va\u0161e e-maily alebo spr\u00e1vy odoslan\u00e9 prostredn\u00edctvom kontaktn\u00fdch formul\u00e1rov;<br \/>E-mailov\u00e1 adresa na zasielanie pon\u00fak a elektronick\u00fdch noviniek;<br \/>Meno a priezvisko, adresa, e-mailov\u00e1 adresa a telef\u00f3nne \u010d\u00edslo na prij\u00edmanie rezerv\u00e1ci\u00ed, dopytov a zasielanie pon\u00fak alebo v s\u00favislosti s plnen\u00edm va\u0161ich \u010fal\u0161\u00edch po\u017eiadaviek;<br \/>Meno a priezvisko, adresa, e-mailov\u00e1 adresa a telef\u00f3nne \u010d\u00edslo na n\u00e1kup dar\u010dekov\u00fdch kariet, poukazov alebo slu\u017eieb a predmetov s\u00favisiacich s na\u0161ou ponukou;<br \/>\u00dadaje o sp\u00f4sobe platby a k\u00f3pie osobn\u00fdch dokladov na vykonanie slu\u017eieb;<br \/>E-mailov\u00e1 adresa na automatizovan\u00fd marketing (potvrdenie rezerv\u00e1cie, po\u010fakovanie za registr\u00e1ciu at\u010f.);<br \/>S\u00fabory cookie na fungovanie webov\u00fdch str\u00e1nok;<br \/>Komunik\u00e1cia prostredn\u00edctvom soci\u00e1lnych skup\u00edn s osobn\u00fdmi profilmi, ktor\u00e9 potvrdzuj\u00fa spojenie s nami;<br \/>Meno a priezvisko, adresa, e-mailov\u00e1 adresa a telef\u00f3nne \u010d\u00edslo pre pr\u00edle\u017eitostn\u00e9 hry o ceny alebo in\u00e9 propaga\u010dn\u00e9 kampane s va\u0161\u00edm predch\u00e1dzaj\u00facim s\u00fahlasom;<br \/>Agregovan\u00e9 \u00fadaje zo slu\u017eby Google Analytics alebo Yandex Direct a Cloudflare na sledovanie n\u00e1v\u0161tev a intern\u00fa anal\u00fdzu, ktor\u00e9 pou\u017eijeme na zlep\u0161enie obsahu.<br \/>\u010cO ROB\u00cdME S OSOBN\u00ddMI \u00daDAJMI<br \/>Hos\u0165ovanie a ukladanie \u00fadajov zabezpe\u010duje spolo\u010dnos\u0165 https:\/\/easytask.si\/ so s\u00eddlom v Eur\u00f3pskej \u00fanii (Nemecko).<\/p><p>\u017diadna tretia strana nem\u00e1 pr\u00edstup k va\u0161im \u00fadajom, pokia\u013e to nevy\u017eaduje z\u00e1kon.<\/p><p>AKO DLHO JU SKLADUJEME<br \/>Na na\u0161ich webov\u00fdch str\u00e1nkach pou\u017e\u00edvame trval\u00e9 s\u00fabory cookie pre odkazy na soci\u00e1lne slu\u017eby a in\u00fdch poskytovate\u013eov \"zdie\u013eania\", ako aj s\u00fabory cookie, ktor\u00e9 v\u00e1m pom\u00e1haj\u00fa opakovane pristupova\u0165 k v\u00e1\u0161mu ob\u013e\u00faben\u00e9mu obsahu na na\u0161ich webov\u00fdch str\u00e1nkach.<\/p><p>AK\u00c9 S\u00da VA\u0160E PR\u00c1VA<br \/>Ak sa domnievate, \u017ee osobn\u00e9 \u00fadaje, ktor\u00e9 o v\u00e1s uchov\u00e1vame, s\u00fa nespr\u00e1vne alebo ne\u00fapln\u00e9, m\u00e1te mo\u017enos\u0165 po\u017eiada\u0165 o presk\u00famanie, opravu alebo vymazanie t\u00fdchto \u00fadajov. Kontaktujte n\u00e1s prostredn\u00edctvom (Formul\u00e1r \u017eiadosti o pr\u00edstup k \u00fadajom). Ak sa chcete s\u0165a\u017eova\u0165 na to, ako sme spracovali va\u0161e osobn\u00e9 \u00fadaje, obr\u00e1\u0165te sa na \u00faradn\u00edka pre ochranu \u00fadajov alebo kontaktn\u00fa osobu pre ochranu \u00fadajov (DPC) v spolo\u010dnosti.<\/p><p>Na\u0161e DPC potom va\u0161u s\u0165a\u017enos\u0165 presk\u00fama a informuje v\u00e1s o v\u00fdsledku. Ak sa st\u00e1le domnievate, \u017ee va\u0161e osobn\u00e9 \u00fadaje neboli spracovan\u00e9 v s\u00falade so z\u00e1konom, m\u00f4\u017eete sa obr\u00e1ti\u0165 na komis\u00e1ra pre inform\u00e1cie a poda\u0165 mu s\u0165a\u017enos\u0165. O pr\u00edstup k z\u00e1sad\u00e1m a dokumentom t\u00fdkaj\u00facim sa ochrany osobn\u00fdch \u00fadajov m\u00f4\u017eete po\u017eiada\u0165 prostredn\u00edctvom \u0161peci\u00e1lneho formul\u00e1ra, ktor\u00fd je k dispoz\u00edcii na str\u00e1nke s inform\u00e1ciami o ochrane osobn\u00fdch \u00fadajov.<\/p><p>S\u00favisiace dokumenty:<\/p><p>Z\u00e1sady ochrany osobn\u00fdch \u00fadajov<br \/>Z\u00e1sady uchov\u00e1vania osobn\u00fdch \u00fadajov (na po\u017eiadanie e-mailom alebo osobne)<br \/>Harmonogram uchov\u00e1vania osobn\u00fdch \u00fadajov (na po\u017eiadanie e-mailom alebo osobne)<br \/>Ozn\u00e1menie o ochrane osobn\u00fdch \u00fadajov<br \/>Podmienky a pravidl\u00e1<br \/>Formul\u00e1r s\u00fahlasu<br \/>Formul\u00e1r na odvolanie s\u00fahlasu<\/p><p><br \/>Verzia dokumentu: 1.0<\/p>\t\t\t\t\t\t\t\t<\/div>\n\t\t\t\t<\/div>\n\t\t\t\t\t<\/div>\n\t\t<\/div>\n\t\t\t\t\t<\/div>\n\t\t<\/section>\n\t\t\t\t<\/div>","protected":false},"excerpt":{"rendered":"<p>Privacy Policy WHAT WE NEEDOur privacy policy governs the use and storage of data. You can view our privacy policy on the Privacy Notice page (see attachment below). The company is the controller of the personal data it processes (data subject: you, the buyer, visitor, etc.). We collect the following types of personal data: Email [&hellip;]<\/p>","protected":false},"author":1,"featured_media":0,"parent":0,"menu_order":0,"comment_status":"closed","ping_status":"closed","template":"","meta":{"_seopress_robots_primary_cat":"","_seopress_titles_title":"","_seopress_titles_desc":"","_seopress_robots_index":"","ocean_post_layout":"full-screen","ocean_both_sidebars_style":"","ocean_both_sidebars_content_width":0,"ocean_both_sidebars_sidebars_width":0,"ocean_sidebar":"0","ocean_second_sidebar":"0","ocean_disable_margins":"enable","ocean_add_body_class":"","ocean_shortcode_before_top_bar":"","ocean_shortcode_after_top_bar":"","ocean_shortcode_before_header":"","ocean_shortcode_after_header":"","ocean_has_shortcode":"","ocean_shortcode_after_title":"","ocean_shortcode_before_footer_widgets":"","ocean_shortcode_after_footer_widgets":"","ocean_shortcode_before_footer_bottom":"","ocean_shortcode_after_footer_bottom":"","ocean_display_top_bar":"default","ocean_display_header":"default","ocean_header_style":"transparent","ocean_center_header_left_menu":"0","ocean_custom_header_template":"0","ocean_custom_logo":0,"ocean_custom_retina_logo":0,"ocean_custom_logo_max_width":0,"ocean_custom_logo_tablet_max_width":0,"ocean_custom_logo_mobile_max_width":0,"ocean_custom_logo_max_height":0,"ocean_custom_logo_tablet_max_height":0,"ocean_custom_logo_mobile_max_height":0,"ocean_header_custom_menu":"0","ocean_menu_typo_font_family":"0","ocean_menu_typo_font_subset":"","ocean_menu_typo_font_size":0,"ocean_menu_typo_font_size_tablet":0,"ocean_menu_typo_font_size_mobile":0,"ocean_menu_typo_font_size_unit":"px","ocean_menu_typo_font_weight":"","ocean_menu_typo_font_weight_tablet":"","ocean_menu_typo_font_weight_mobile":"","ocean_menu_typo_transform":"","ocean_menu_typo_transform_tablet":"","ocean_menu_typo_transform_mobile":"","ocean_menu_typo_line_height":0,"ocean_menu_typo_line_height_tablet":0,"ocean_menu_typo_line_height_mobile":0,"ocean_menu_typo_line_height_unit":"","ocean_menu_typo_spacing":0,"ocean_menu_typo_spacing_tablet":0,"ocean_menu_typo_spacing_mobile":0,"ocean_menu_typo_spacing_unit":"","ocean_menu_link_color":"","ocean_menu_link_color_hover":"","ocean_menu_link_color_active":"","ocean_menu_link_background":"","ocean_menu_link_hover_background":"","ocean_menu_link_active_background":"","ocean_menu_social_links_bg":"","ocean_menu_social_hover_links_bg":"","ocean_menu_social_links_color":"","ocean_menu_social_hover_links_color":"","ocean_disable_title":"on","ocean_disable_heading":"default","ocean_post_title":"","ocean_post_subheading":"","ocean_post_title_style":"","ocean_post_title_background_color":"","ocean_post_title_background":0,"ocean_post_title_bg_image_position":"","ocean_post_title_bg_image_attachment":"","ocean_post_title_bg_image_repeat":"","ocean_post_title_bg_image_size":"","ocean_post_title_height":0,"ocean_post_title_bg_overlay":0.5,"ocean_post_title_bg_overlay_color":"","ocean_disable_breadcrumbs":"default","ocean_breadcrumbs_color":"","ocean_breadcrumbs_separator_color":"","ocean_breadcrumbs_links_color":"","ocean_breadcrumbs_links_hover_color":"","ocean_display_footer_widgets":"default","ocean_display_footer_bottom":"default","ocean_custom_footer_template":"0","footnotes":""},"class_list":["post-1282","page","type-page","status-publish","hentry","entry"],"_links":{"self":[{"href":"https:\/\/vakbit.com\/sk\/wp-json\/wp\/v2\/pages\/1282","targetHints":{"allow":["GET"]}}],"collection":[{"href":"https:\/\/vakbit.com\/sk\/wp-json\/wp\/v2\/pages"}],"about":[{"href":"https:\/\/vakbit.com\/sk\/wp-json\/wp\/v2\/types\/page"}],"author":[{"embeddable":true,"href":"https:\/\/vakbit.com\/sk\/wp-json\/wp\/v2\/users\/1"}],"replies":[{"embeddable":true,"href":"https:\/\/vakbit.com\/sk\/wp-json\/wp\/v2\/comments?post=1282"}],"version-history":[{"count":7,"href":"https:\/\/vakbit.com\/sk\/wp-json\/wp\/v2\/pages\/1282\/revisions"}],"predecessor-version":[{"id":1525,"href":"https:\/\/vakbit.com\/sk\/wp-json\/wp\/v2\/pages\/1282\/revisions\/1525"}],"wp:attachment":[{"href":"https:\/\/vakbit.com\/sk\/wp-json\/wp\/v2\/media?parent=1282"}],"curies":[{"name":"wp","href":"https:\/\/api.w.org\/{rel}","templated":true}]}}