{"id":1288,"date":"2025-03-27T15:54:47","date_gmt":"2025-03-27T15:54:47","guid":{"rendered":"https:\/\/vakbit.com\/?page_id=1288"},"modified":"2025-12-23T21:57:00","modified_gmt":"2025-12-23T21:57:00","slug":"kolofon","status":"publish","type":"page","link":"https:\/\/vakbit.com\/sk\/kolofon\/","title":{"rendered":"Kolofon"},"content":{"rendered":"<div data-elementor-type=\"wp-page\" data-elementor-id=\"1288\" class=\"elementor elementor-1288\" data-elementor-post-type=\"page\">\n\t\t\t\t\t\t<section class=\"elementor-section elementor-top-section elementor-element elementor-element-23cd4f0 elementor-section-boxed elementor-section-height-default elementor-section-height-default\" data-id=\"23cd4f0\" data-element_type=\"section\" id=\"about\" data-settings=\"{&quot;background_background&quot;:&quot;gradient&quot;}\">\n\t\t\t\t\t\t<div class=\"elementor-container elementor-column-gap-default\">\n\t\t\t\t\t<div class=\"elementor-column elementor-col-100 elementor-top-column elementor-element elementor-element-9f48ae0\" data-id=\"9f48ae0\" data-element_type=\"column\">\n\t\t\t<div class=\"elementor-widget-wrap elementor-element-populated\">\n\t\t\t\t\t\t<div class=\"elementor-element elementor-element-6d7bb30 elementor-widget elementor-widget-heading\" data-id=\"6d7bb30\" data-element_type=\"widget\" data-widget_type=\"heading.default\">\n\t\t\t\t<div class=\"elementor-widget-container\">\n\t\t\t\t\t<h2 class=\"elementor-heading-title elementor-size-default\">Impresum<\/h2>\t\t\t\t<\/div>\n\t\t\t\t<\/div>\n\t\t\t\t<div class=\"elementor-element elementor-element-0c8563b elementor-widget elementor-widget-text-editor\" data-id=\"0c8563b\" data-element_type=\"widget\" data-widget_type=\"text-editor.default\">\n\t\t\t\t<div class=\"elementor-widget-container\">\n\t\t\t\t\t\t\t\t\t<p>T\u00fato webov\u00fa str\u00e1nku sme pripravili sami v spolupr\u00e1ci s na\u0161\u00edm poskytovate\u013eom webov\u00fdch slu\u017eieb.<\/p><p>\u00da\u010del webovej str\u00e1nky<br \/>Inform\u00e1cie na tejto webovej str\u00e1nke maj\u00fa propaga\u010dn\u00fd charakter a t\u00fdkaj\u00fa sa hlavn\u00fdch \u010dinnost\u00ed, na ktor\u00e9 sme registrovan\u00ed. Zav\u00e4zujeme sa zabezpe\u010di\u0165, aby inform\u00e1cie na tejto webovej lokalite boli presn\u00e9, spo\u013eahliv\u00e9 a kvalitn\u00e9.<br \/>Nezodpoved\u00e1me za tla\u010dov\u00e9 chyby a vyhradzujeme si pr\u00e1vo kedyko\u013evek a bez predch\u00e1dzaj\u00faceho upozornenia zmeni\u0165 obsah, ak nie je v s\u00falade s politikou na\u0161ej spolo\u010dnosti.<\/p><p>Pr\u00e1vo na pou\u017e\u00edvanie<br \/>Webov\u00e9 str\u00e1nky a cel\u00fd ich obsah s\u00fa chr\u00e1nen\u00e9 pr\u00e1vami priemyseln\u00e9ho a du\u0161evn\u00e9ho vlastn\u00edctva. V\u0161etky inform\u00e1cie, texty, obr\u00e1zky alebo in\u00e9 grafick\u00e9 prvky, ktor\u00e9 sa nach\u00e1dzaj\u00fa na tejto webovej str\u00e1nke, sa m\u00f4\u017eu pou\u017e\u00edva\u0165 v\u00fdlu\u010dne na osobn\u00e9, nekomer\u010dn\u00e9 pou\u017eitie a nesm\u00fa sa reprodukova\u0165, upravova\u0165, distribuova\u0165, licencova\u0165 ani zverej\u0148ova\u0165 v akejko\u013evek forme na in\u00fd \u00fa\u010del ako na prezeranie bez predch\u00e1dzaj\u00faceho p\u00edsomn\u00e9ho s\u00fahlasu spr\u00e1vcu.<\/p><p>Prevzatie zodpovednosti<br \/>Pri tvorbe webovej str\u00e1nky sa sna\u017e\u00edme zabezpe\u010di\u0165, aby boli inform\u00e1cie aktu\u00e1lne a presn\u00e9. Nezaru\u010dujeme ich presnos\u0165 a \u00faplnos\u0165 a nenesieme \u017eiadnu zodpovednos\u0165 vypl\u00fdvaj\u00facu z ich pou\u017e\u00edvania. V\u0161etci pou\u017e\u00edvatelia pou\u017e\u00edvaj\u00fa zverejnen\u00fd obsah na vlastn\u00e9 riziko.<br \/>Vyhradzujeme si pr\u00e1vo kedyko\u013evek, ak\u00fdmko\u013evek sp\u00f4sobom, z ak\u00e9hoko\u013evek d\u00f4vodu a bez predch\u00e1dzaj\u00faceho upozornenia zmeni\u0165 obsah na\u0161ej webovej str\u00e1nky.<\/p><p>Technologick\u00e1 implement\u00e1cia<br \/>Technologick\u00fa realiz\u00e1ciu zabezpe\u010dila program\u00e1torsk\u00e1 a dizajn\u00e9rska agent\u00fara v spolupr\u00e1ci s na\u0161ou spolo\u010dnos\u0165ou.<\/p>\t\t\t\t\t\t\t\t<\/div>\n\t\t\t\t<\/div>\n\t\t\t\t\t<\/div>\n\t\t<\/div>\n\t\t\t\t\t<\/div>\n\t\t<\/section>\n\t\t\t\t<\/div>","protected":false},"excerpt":{"rendered":"<p>Impresum We have prepared this website ourselves in collaboration with our web service provider. Purpose of the websiteThe information on this website is of a promotional nature and relates to the core activities for which we are registered. We undertake to ensure that the information on this website is accurate, reliable, and of high quality.We [&hellip;]<\/p>","protected":false},"author":1,"featured_media":0,"parent":0,"menu_order":0,"comment_status":"closed","ping_status":"closed","template":"","meta":{"_seopress_robots_primary_cat":"","_seopress_titles_title":"","_seopress_titles_desc":"","_seopress_robots_index":"","ocean_post_layout":"full-screen","ocean_both_sidebars_style":"","ocean_both_sidebars_content_width":0,"ocean_both_sidebars_sidebars_width":0,"ocean_sidebar":"0","ocean_second_sidebar":"0","ocean_disable_margins":"enable","ocean_add_body_class":"","ocean_shortcode_before_top_bar":"","ocean_shortcode_after_top_bar":"","ocean_shortcode_before_header":"","ocean_shortcode_after_header":"","ocean_has_shortcode":"","ocean_shortcode_after_title":"","ocean_shortcode_before_footer_widgets":"","ocean_shortcode_after_footer_widgets":"","ocean_shortcode_before_footer_bottom":"","ocean_shortcode_after_footer_bottom":"","ocean_display_top_bar":"default","ocean_display_header":"default","ocean_header_style":"transparent","ocean_center_header_left_menu":"0","ocean_custom_header_template":"0","ocean_custom_logo":0,"ocean_custom_retina_logo":0,"ocean_custom_logo_max_width":0,"ocean_custom_logo_tablet_max_width":0,"ocean_custom_logo_mobile_max_width":0,"ocean_custom_logo_max_height":0,"ocean_custom_logo_tablet_max_height":0,"ocean_custom_logo_mobile_max_height":0,"ocean_header_custom_menu":"0","ocean_menu_typo_font_family":"0","ocean_menu_typo_font_subset":"","ocean_menu_typo_font_size":0,"ocean_menu_typo_font_size_tablet":0,"ocean_menu_typo_font_size_mobile":0,"ocean_menu_typo_font_size_unit":"px","ocean_menu_typo_font_weight":"","ocean_menu_typo_font_weight_tablet":"","ocean_menu_typo_font_weight_mobile":"","ocean_menu_typo_transform":"","ocean_menu_typo_transform_tablet":"","ocean_menu_typo_transform_mobile":"","ocean_menu_typo_line_height":0,"ocean_menu_typo_line_height_tablet":0,"ocean_menu_typo_line_height_mobile":0,"ocean_menu_typo_line_height_unit":"","ocean_menu_typo_spacing":0,"ocean_menu_typo_spacing_tablet":0,"ocean_menu_typo_spacing_mobile":0,"ocean_menu_typo_spacing_unit":"","ocean_menu_link_color":"","ocean_menu_link_color_hover":"","ocean_menu_link_color_active":"","ocean_menu_link_background":"","ocean_menu_link_hover_background":"","ocean_menu_link_active_background":"","ocean_menu_social_links_bg":"","ocean_menu_social_hover_links_bg":"","ocean_menu_social_links_color":"","ocean_menu_social_hover_links_color":"","ocean_disable_title":"on","ocean_disable_heading":"default","ocean_post_title":"","ocean_post_subheading":"","ocean_post_title_style":"","ocean_post_title_background_color":"","ocean_post_title_background":0,"ocean_post_title_bg_image_position":"","ocean_post_title_bg_image_attachment":"","ocean_post_title_bg_image_repeat":"","ocean_post_title_bg_image_size":"","ocean_post_title_height":0,"ocean_post_title_bg_overlay":0.5,"ocean_post_title_bg_overlay_color":"","ocean_disable_breadcrumbs":"default","ocean_breadcrumbs_color":"","ocean_breadcrumbs_separator_color":"","ocean_breadcrumbs_links_color":"","ocean_breadcrumbs_links_hover_color":"","ocean_display_footer_widgets":"default","ocean_display_footer_bottom":"default","ocean_custom_footer_template":"0","footnotes":""},"class_list":["post-1288","page","type-page","status-publish","hentry","entry"],"_links":{"self":[{"href":"https:\/\/vakbit.com\/sk\/wp-json\/wp\/v2\/pages\/1288","targetHints":{"allow":["GET"]}}],"collection":[{"href":"https:\/\/vakbit.com\/sk\/wp-json\/wp\/v2\/pages"}],"about":[{"href":"https:\/\/vakbit.com\/sk\/wp-json\/wp\/v2\/types\/page"}],"author":[{"embeddable":true,"href":"https:\/\/vakbit.com\/sk\/wp-json\/wp\/v2\/users\/1"}],"replies":[{"embeddable":true,"href":"https:\/\/vakbit.com\/sk\/wp-json\/wp\/v2\/comments?post=1288"}],"version-history":[{"count":10,"href":"https:\/\/vakbit.com\/sk\/wp-json\/wp\/v2\/pages\/1288\/revisions"}],"predecessor-version":[{"id":1522,"href":"https:\/\/vakbit.com\/sk\/wp-json\/wp\/v2\/pages\/1288\/revisions\/1522"}],"wp:attachment":[{"href":"https:\/\/vakbit.com\/sk\/wp-json\/wp\/v2\/media?parent=1288"}],"curies":[{"name":"wp","href":"https:\/\/api.w.org\/{rel}","templated":true}]}}