{"id":1295,"date":"2025-03-27T16:02:25","date_gmt":"2025-03-27T16:02:25","guid":{"rendered":"https:\/\/vakbit.com\/?page_id=1295"},"modified":"2025-12-23T22:08:26","modified_gmt":"2025-12-23T22:08:26","slug":"splosni-pogoji","status":"publish","type":"page","link":"https:\/\/vakbit.com\/sk\/splosni-pogoji\/","title":{"rendered":"V\u0161eobecn\u00e9 podmienky"},"content":{"rendered":"<div data-elementor-type=\"wp-page\" data-elementor-id=\"1295\" class=\"elementor elementor-1295\" data-elementor-post-type=\"page\">\n\t\t\t\t\t\t<section class=\"elementor-section elementor-top-section elementor-element elementor-element-23cd4f0 elementor-section-boxed elementor-section-height-default elementor-section-height-default\" data-id=\"23cd4f0\" data-element_type=\"section\" id=\"about\" data-settings=\"{&quot;background_background&quot;:&quot;gradient&quot;}\">\n\t\t\t\t\t\t<div class=\"elementor-container elementor-column-gap-default\">\n\t\t\t\t\t<div class=\"elementor-column elementor-col-100 elementor-top-column elementor-element elementor-element-9f48ae0\" data-id=\"9f48ae0\" data-element_type=\"column\">\n\t\t\t<div class=\"elementor-widget-wrap elementor-element-populated\">\n\t\t\t\t\t\t<div class=\"elementor-element elementor-element-6d7bb30 elementor-widget elementor-widget-heading\" data-id=\"6d7bb30\" data-element_type=\"widget\" data-widget_type=\"heading.default\">\n\t\t\t\t<div class=\"elementor-widget-container\">\n\t\t\t\t\t<h2 class=\"elementor-heading-title elementor-size-default\">V\u0161eobecn\u00e9 podmienky<\/h2>\t\t\t\t<\/div>\n\t\t\t\t<\/div>\n\t\t\t\t<div class=\"elementor-element elementor-element-0c8563b elementor-widget elementor-widget-text-editor\" data-id=\"0c8563b\" data-element_type=\"widget\" data-widget_type=\"text-editor.default\">\n\t\t\t\t<div class=\"elementor-widget-container\">\n\t\t\t\t\t\t\t\t\t<p>Tieto podmienky opisuj\u00fa pravidl\u00e1 a predpisy pou\u017e\u00edvania webovej str\u00e1nky Vakbit, ktor\u00e1 sa nach\u00e1dza na adrese https:\/\/vakbit.com\/ a v\u0161etk\u00fdch jej subdom\u00e9nach. Pr\u00edstupom na t\u00fato webov\u00fa lokalitu predpoklad\u00e1me, \u017ee tieto podmienky akceptujete. Ak nes\u00fahlas\u00edte so v\u0161etk\u00fdmi podmienkami uveden\u00fdmi na tejto str\u00e1nke, nepokra\u010dujte v pou\u017e\u00edvan\u00ed str\u00e1nky https:\/\/vakbit.com\/.<\/p><p>Nasleduj\u00faca terminol\u00f3gia sa vz\u0165ahuje na tieto Podmienky, Vyhl\u00e1senie o ochrane osobn\u00fdch \u00fadajov, Ozn\u00e1menie o odmietnut\u00ed zodpovednosti a v\u0161etky Zmluvy: \"Vy\" a \"V\u00e1\u0161\" sa vz\u0165ahuje na V\u00e1s, osobu, ktor\u00e1 sa prihl\u00e1si na t\u00fato webov\u00fa str\u00e1nku a dodr\u017eiava zmluvn\u00e9 podmienky spolo\u010dnosti. \"Spolo\u010dnos\u0165\", \"Na\u0161e\", \"My\", \"Na\u0161e\" a \"N\u00e1s\" sa vz\u0165ahuj\u00fa na na\u0161u spolo\u010dnos\u0165. \"Strana\", \"Strany\" alebo \"My\" sa vz\u0165ahuj\u00fa na z\u00e1kazn\u00edka aj na n\u00e1s. V\u0161etky pojmy sa vz\u0165ahuj\u00fa na ponuku, prijatie a \u00fahradu platieb potrebn\u00fdch na uskuto\u010dnenie procesu na\u0161ej pomoci z\u00e1kazn\u00edkovi najvhodnej\u0161\u00edm sp\u00f4sobom, s v\u00fdslovn\u00fdm cie\u013eom uspokoji\u0165 potreby z\u00e1kazn\u00edka pri poskytovan\u00ed uveden\u00fdch slu\u017eieb v s\u00falade s platn\u00fdm slovinsk\u00fdm pr\u00e1vom a na z\u00e1klade neho. Ak\u00e9ko\u013evek pou\u017eitie vy\u0161\u0161ie uvedenej terminol\u00f3gie alebo in\u00fdch slov v jednotnom, mno\u017enom \u010d\u00edsle, p\u00edsanie ve\u013ek\u00fdch p\u00edsmen a\/alebo on\/ona alebo sa pova\u017euj\u00fa za zamenite\u013en\u00e9, a preto sa vz\u0165ahuj\u00fa na to ist\u00e9.<\/p><p>Cookies<\/p><p>Webov\u00e1 str\u00e1nka pou\u017e\u00edva s\u00fabory cookie. Pr\u00edstupom na str\u00e1nku https:\/\/vakbit.com ste vyjadrili s\u00fahlas s pou\u017e\u00edvan\u00edm s\u00faborov cookie v s\u00falade so z\u00e1sadami spolo\u010dnosti Vakbit a z\u00e1sadami ochrany osobn\u00fdch \u00fadajov na webovej str\u00e1nke. V\u00e4\u010d\u0161ina interakt\u00edvnych webov\u00fdch str\u00e1nok pou\u017e\u00edva s\u00fabory cookie na zhroma\u017e\u010fovanie \u00fadajov o pou\u017e\u00edvate\u013eovi pri ka\u017edej n\u00e1v\u0161teve. Na na\u0161ej webovej lokalite pou\u017e\u00edvame s\u00fabory cookie, aby sme umo\u017enili funk\u010dnos\u0165 ur\u010dit\u00fdch oblast\u00ed a u\u013eah\u010dili n\u00e1v\u0161tevn\u00edkom pou\u017e\u00edvanie na\u0161ej webovej lokality. S\u00fabory cookie tret\u00edch str\u00e1n m\u00f4\u017eu pou\u017e\u00edva\u0165 aj niektor\u00ed z na\u0161ich pridru\u017een\u00fdch\/reklamn\u00fdch partnerov.<\/p><p>Licencia<\/p><p>Ak nie je uveden\u00e9 inak, vlastn\u00edkom pr\u00e1v du\u0161evn\u00e9ho vlastn\u00edctva na v\u0161etok materi\u00e1l na https:\/\/vakbit.com\/ je spolo\u010dnos\u0165 Vakbit a\/alebo poskytovatelia licenci\u00ed na jej webov\u00e9 str\u00e1nky. V\u0161etky pr\u00e1va du\u0161evn\u00e9ho vlastn\u00edctva s\u00fa vyhraden\u00e9. Pr\u00edstup k nim m\u00f4\u017eete z\u00edska\u0165 prostredn\u00edctvom str\u00e1nky https:\/\/vakbit.com\/ pre svoje osobn\u00e9 pou\u017eitie, pri\u010dom sa na v\u00e1s vz\u0165ahuj\u00fa obmedzenia uveden\u00e9 v t\u00fdchto podmienkach.<\/p><p>Nesmiete:<\/p><p>Publikova\u0165 materi\u00e1ly z https:\/\/vakbit.com\/brez bez povolenia.<br \/>Pred\u00e1va\u0165, prenaj\u00edma\u0165 alebo sublicencova\u0165 materi\u00e1l z https:\/\/vakbit.com\/brez bez povolenia.<br \/>Reprodukova\u0165, kop\u00edrova\u0165 alebo kop\u00edrova\u0165 materi\u00e1l z https:\/\/vakbit.com\/brez bez povolenia.<br \/>Redistribuova\u0165 obsah zo str\u00e1nky https:\/\/vakbit.com\/brez bez povolenia.<\/p><p>T\u00e1to zmluva nadob\u00fada platnos\u0165 v de\u0148 uzavretia tejto zmluvy alebo po okam\u017eitom doru\u010den\u00ed na na\u0161u webov\u00fa str\u00e1nku.<\/p><p>Niektor\u00e9 \u010dasti tejto webovej str\u00e1nky pon\u00fakaj\u00fa pou\u017e\u00edvate\u013eom mo\u017enos\u0165 zverej\u0148ova\u0165 a vymie\u0148a\u0165 si n\u00e1zory a inform\u00e1cie v ur\u010dit\u00fdch oblastiach webovej str\u00e1nky. Spolo\u010dnos\u0165 Vakbit nefiltruje, neupravuje, nezverej\u0148uje ani nekontroluje koment\u00e1re pred ich uveden\u00edm na webovej lokalite. Koment\u00e1re nevyjadruj\u00fa n\u00e1zory a stanovisk\u00e1 spolo\u010dnosti Vakbit, jej z\u00e1stupcov a\/alebo pridru\u017een\u00fdch spolo\u010dnost\u00ed. Koment\u00e1re vyjadruj\u00fa n\u00e1zory a stanovisk\u00e1 osoby, ktor\u00e1 svoj n\u00e1zor zverejnila. V rozsahu povolenom platn\u00fdmi pr\u00e1vnymi predpismi spolo\u010dnos\u0165 Vakbit nezodpoved\u00e1 za koment\u00e1re ani za \u017eiadnu zodpovednos\u0165, \u0161kodu alebo v\u00fddavky, ktor\u00e9 vznikli a\/alebo vznikli v d\u00f4sledku ak\u00e9hoko\u013evek pou\u017eitia a\/alebo zverejnenia a\/alebo objavenia sa koment\u00e1rov na tejto webovej str\u00e1nke.<\/p><p>Spolo\u010dnos\u0165 Vakbit si vyhradzuje pr\u00e1vo monitorova\u0165 v\u0161etky koment\u00e1re a odstr\u00e1ni\u0165 v\u0161etky koment\u00e1re, ktor\u00e9 m\u00f4\u017eu by\u0165 pova\u017eovan\u00e9 za nevhodn\u00e9, ur\u00e1\u017eliv\u00e9 alebo poru\u0161uj\u00face tieto podmienky.<\/p><p>Zaru\u010dujete a vyhlasujete, \u017ee:<\/p><p>ste opr\u00e1vnen\u00ed uverej\u0148ova\u0165 koment\u00e1re na na\u0161ich webov\u00fdch str\u00e1nkach a m\u00e1te na to potrebn\u00e9 povolenia a s\u00fahlasy;<br \/>koment\u00e1re neporu\u0161uj\u00fa \u017eiadne pr\u00e1va du\u0161evn\u00e9ho vlastn\u00edctva vr\u00e1tane autorsk\u00fdch pr\u00e1v, patentov alebo ochrann\u00fdch zn\u00e1mok tret\u00edch str\u00e1n;<br \/>koment\u00e1re neobsahuj\u00fa \u017eiadne hanliv\u00e9, ur\u00e1\u017eliv\u00e9, neslu\u0161n\u00e9 alebo inak nez\u00e1konn\u00e9 materi\u00e1ly, ktor\u00e9 nar\u00fa\u0161aj\u00fa s\u00fakromie;<br \/>koment\u00e1re nebud\u00fa pou\u017eit\u00e9 na nab\u00e1danie alebo podporu predaja alebo prezent\u00e1ciu komer\u010dn\u00fdch alebo nez\u00e1konn\u00fdch aktiv\u00edt.<\/p><p>Odoslan\u00edm koment\u00e1ra ude\u013eujete spolo\u010dnosti Vakbit nev\u00fdhradn\u00fa licenciu na pou\u017e\u00edvanie, reprodukciu, \u00fapravu a opr\u00e1vnenie ostatn\u00fdch pou\u017e\u00edva\u0165, reprodukova\u0165 a upravova\u0165 va\u0161e koment\u00e1re v akejko\u013evek forme, m\u00e9diu alebo form\u00e1te.<\/p><p>\u00a0<\/p><p><br \/>Hypertextov\u00e9 odkazy na n\u00e1\u0161 obsah<\/p><p>Nasleduj\u00face organiz\u00e1cie m\u00f4\u017eu odkazova\u0165 na na\u0161e webov\u00e9 str\u00e1nky bez predch\u00e1dzaj\u00faceho p\u00edsomn\u00e9ho s\u00fahlasu:<\/p><p>vl\u00e1dne agent\u00fary;<br \/>vyh\u013ead\u00e1va\u010de;<br \/>novinky;<br \/>distrib\u00fatori online katal\u00f3gov, ktor\u00ed m\u00f4\u017eu odkazova\u0165 na na\u0161e webov\u00e9 str\u00e1nky rovnak\u00fdm sp\u00f4sobom, ako odkazuj\u00fa na webov\u00e9 str\u00e1nky in\u00fdch verejne k\u00f3tovan\u00fdch spolo\u010dnost\u00ed, a<br \/>akreditovan\u00e9 podniky v celom syst\u00e9me, s v\u00fdnimkou neziskov\u00fdch organiz\u00e1ci\u00ed, charitat\u00edvnych n\u00e1kupn\u00fdch centier a charitat\u00edvnych skup\u00edn, ktor\u00e9 nesm\u00fa odkazova\u0165 na na\u0161u webov\u00fa str\u00e1nku.<\/p><p>Tieto organiz\u00e1cie m\u00f4\u017eu odkazova\u0165 na na\u0161u domovsk\u00fa str\u00e1nku, publik\u00e1cie alebo in\u00e9 inform\u00e1cie na webovej lokalite, pokia\u013e je odkaz: (a) nie je v \u017eiadnom pr\u00edpade zav\u00e1dzaj\u00faci; (b) nepravdivo nenazna\u010duje sponzorstvo, podporu alebo schv\u00e1lenie odkazuj\u00facej strany a jej produktov a\/alebo slu\u017eieb; a (c) zapad\u00e1 do kontextu str\u00e1nky odkazuj\u00facej strany.<\/p><p>M\u00f4\u017eeme zv\u00e1\u017ei\u0165 a schv\u00e1li\u0165 \u010fal\u0161ie \u017eiadosti o prepojenie od nasleduj\u00facich typov organiz\u00e1ci\u00ed:<\/p><p>v\u0161eobecne zn\u00e1me zdroje spotrebite\u013esk\u00fdch a\/alebo obchodn\u00fdch inform\u00e1ci\u00ed;<br \/>dot.com komunity<br \/>zdru\u017eenia alebo in\u00e9 skupiny zastupuj\u00face charitat\u00edvne organiz\u00e1cie;<br \/>online adres\u00e1r distrib\u00fatorov;<br \/>internetov\u00e9 port\u00e1ly;<br \/>\u00fa\u010dtovn\u00e9, pr\u00e1vne a poradensk\u00e9 firmy a<br \/>vzdel\u00e1vacie in\u0161tit\u00facie a obchodn\u00e9 zdru\u017eenia.<\/p><p>\u017diadosti o prepojenie od t\u00fdchto organiz\u00e1ci\u00ed schv\u00e1lime, ak to zist\u00edme: (b) organiz\u00e1cia nem\u00e1 u n\u00e1s \u017eiadne negat\u00edvne z\u00e1znamy; (c) pr\u00ednos pre n\u00e1s z vidite\u013enosti hypertextov\u00e9ho odkazu kompenzuje nepr\u00edtomnos\u0165 Vakbitu a (d) odkaz je v kontexte v\u0161eobecn\u00fdch inform\u00e1ci\u00ed o zdrojoch.<\/p><p>Tieto organiz\u00e1cie m\u00f4\u017eu odkazova\u0165 na na\u0161u domovsk\u00fa str\u00e1nku, pokia\u013e je odkaz: (a) nie je v \u017eiadnom pr\u00edpade zav\u00e1dzaj\u00faci; (b) nepravdivo nenazna\u010duje sponzorstvo, podporu alebo schv\u00e1lenie odkazuj\u00facej strany a jej produktov alebo slu\u017eieb; a (c) zapad\u00e1 do kontextu str\u00e1nky odkazuj\u00facej strany. Ak ste jednou z vy\u0161\u0161ie uveden\u00fdch organiz\u00e1ci\u00ed a m\u00e1te z\u00e1ujem o prepojenie na na\u0161u webov\u00fa lokalitu, mus\u00edte n\u00e1m to ozn\u00e1mi\u0165 zaslan\u00edm e-mailu na adresu spolo\u010dnosti Vakbit.<\/p><p>Uve\u010fte svoje meno, n\u00e1zov organiz\u00e1cie, kontaktn\u00e9 \u00fadaje a adresu URL svojej webovej str\u00e1nky, zoznam v\u0161etk\u00fdch adries URL, z ktor\u00fdch chcete odkazova\u0165 na na\u0161u webov\u00fa str\u00e1nku, a zoznam adries URL na na\u0161ej webovej str\u00e1nke, na ktor\u00e9 chcete odkazova\u0165. Na odpove\u010f si vyhra\u010fte 2 - 3 t\u00fd\u017edne.<\/p><p>Schv\u00e1len\u00e9 organiz\u00e1cie m\u00f4\u017eu na na\u0161u webov\u00fa lokalitu odkazova\u0165:<\/p><p>pou\u017e\u00edva\u0165 n\u00e1zov na\u0161ej spolo\u010dnosti alebo<br \/>pomocou jednotn\u00e9ho lok\u00e1tora zdrojov, ktor\u00fd na\u0148 odkazuje, alebo<br \/>pou\u017eitie ak\u00e9hoko\u013evek in\u00e9ho opisu na\u0161ej webovej str\u00e1nky, ktor\u00fd je relevantn\u00fd v kontexte a form\u00e1te obsahu na webovej str\u00e1nke odkazuj\u00facej strany.<\/p><p>Ak nie je uzavret\u00e1 licen\u010dn\u00e1 zmluva na ochrann\u00fa zn\u00e1mku, pou\u017eitie loga Vakbit alebo in\u00e9ho obsahu pre odkaz nie je povolen\u00e9.<\/p><p>iFrame<\/p><p>Bez n\u00e1\u0161ho predch\u00e1dzaj\u00faceho s\u00fahlasu a p\u00edsomn\u00e9ho povolenia nesmiete na na\u0161ej webovej lokalite vytv\u00e1ra\u0165 r\u00e1mce, ktor\u00e9 by menili vizu\u00e1lnu prezent\u00e1ciu alebo vzh\u013ead na\u0161ej webovej lokality.<\/p><p>Zodpovednos\u0165 za obsah<\/p><p>Nezodpoved\u00e1me za \u017eiadny obsah, ktor\u00fd sa zobraz\u00ed na va\u0161ej webovej lokalite. S\u00fahlas\u00edte s t\u00fdm, \u017ee n\u00e1s budete chr\u00e1ni\u0165 a br\u00e1ni\u0165 proti v\u0161etk\u00fdm tvrdeniam, ktor\u00e9 sa objavia na va\u0161ej webovej lokalite. Na \u017eiadnej webovej lokalite sa nesm\u00fa objavi\u0165 odkazy, ktor\u00e9 by sa mohli interpretova\u0165 ako nepravdiv\u00e9, obsc\u00e9nne alebo trestn\u00e9, alebo ktor\u00e9 poru\u0161uj\u00fa, inak poru\u0161uj\u00fa alebo propaguj\u00fa poru\u0161enie alebo in\u00e9 poru\u0161enie pr\u00e1v tret\u00edch str\u00e1n.<\/p><p>V\u00fdhrada pr\u00e1v<\/p><p>Vyhradzujeme si pr\u00e1vo po\u017eiada\u0165 v\u00e1s o odstr\u00e1nenie v\u0161etk\u00fdch odkazov alebo konkr\u00e9tneho odkazu na na\u0161u webov\u00fa lokalitu. S\u00fahlas\u00edte, \u017ee na po\u017eiadanie okam\u017eite odstr\u00e1nite v\u0161etky odkazy na na\u0161u webov\u00fa lokalitu. Vyhradzujeme si tie\u017e pr\u00e1vo kedyko\u013evek zmeni\u0165 tieto podmienky a z\u00e1sady odkazovania. Pokra\u010dovan\u00edm v prepojen\u00ed na na\u0161u webov\u00fa lokalitu s\u00fahlas\u00edte s t\u00fdmito podmienkami a s\u00fahlas\u00edte s ich dodr\u017eiavan\u00edm.<\/p><p>Odstr\u00e1nenie odkazov z na\u0161ej webovej str\u00e1nky<\/p><p>Ak na na\u0161ej webovej str\u00e1nke n\u00e1jdete odkaz, ktor\u00fd je z ak\u00e9hoko\u013evek d\u00f4vodu ur\u00e1\u017eliv\u00fd, m\u00f4\u017eete n\u00e1s kedyko\u013evek kontaktova\u0165 a informova\u0165. \u017diadosti o odstr\u00e1nenie odkazov zv\u00e1\u017eime, ale nie sme povinn\u00ed v\u00e1m priamo odpoveda\u0165. Nezaru\u010dujeme, \u017ee inform\u00e1cie na tejto webovej lokalite s\u00fa spr\u00e1vne, nezaru\u010dujeme ich \u00faplnos\u0165 ani presnos\u0165; nes\u013eubujeme ani to, \u017ee webov\u00e1 lokalita zostane dostupn\u00e1 alebo \u017ee materi\u00e1ly na nej bud\u00fa aktualizovan\u00e9.<\/p><p>Zrieknutie sa zodpovednosti<\/p><p>V maxim\u00e1lnom rozsahu povolenom platn\u00fdmi z\u00e1konmi vylu\u010dujeme v\u0161etky vyhl\u00e1senia, z\u00e1ruky a podmienky t\u00fdkaj\u00face sa na\u0161ej webovej str\u00e1nky a pou\u017e\u00edvania tejto webovej str\u00e1nky. Ni\u010d v tomto vyhl\u00e1sen\u00ed o vyl\u00fa\u010den\u00ed zodpovednosti:<\/p><p>Obmedzenia a z\u00e1kazy zodpovednosti uveden\u00e9 v tejto \u010dasti a na in\u00fdch miestach tohto vyhl\u00e1senia o odmietnut\u00ed zodpovednosti: (a) platia v predch\u00e1dzaj\u00facom odseku; a (b) upravuj\u00fa v\u0161etky z\u00e1v\u00e4zky vypl\u00fdvaj\u00face z tohto vyhl\u00e1senia o odmietnut\u00ed zodpovednosti vr\u00e1tane zmluvn\u00fdch z\u00e1v\u00e4zkov vypl\u00fdvaj\u00facich zo zmluvy, deliktu a poru\u0161enia z\u00e1konnej povinnosti.<\/p><p>Pokia\u013e s\u00fa webov\u00e1 str\u00e1nka a inform\u00e1cie a slu\u017eby na nej dostupn\u00e9 bezplatne, nenesieme zodpovednos\u0165 za \u017eiadnu stratu alebo \u0161kodu.<\/p><p>Mimos\u00fadne rie\u0161enie spotrebite\u013esk\u00fdch sporov<\/p><p>V s\u00falade s pr\u00e1vnymi predpismi spolo\u010dnos\u0165 Vakbit neuzn\u00e1va \u017eiadneho poskytovate\u013ea mimos\u00fadneho rie\u0161enia spotrebite\u013esk\u00fdch sporov za pr\u00edslu\u0161n\u00e9ho na rie\u0161enie spotrebite\u013esk\u00fdch sporov, ktor\u00e9 m\u00f4\u017eu spotrebitelia iniciova\u0165 v s\u00falade so z\u00e1konom o mimos\u00fadnom rie\u0161en\u00ed spotrebite\u013esk\u00fdch sporov. Spolo\u010dnos\u0165 ako poskytovate\u013e tovaru a slu\u017eieb zverej\u0148uje na svojom webovom s\u00eddle elektronick\u00fd odkaz na platformu na rie\u0161enie spotrebite\u013esk\u00fdch sporov online (SRPS). Platforma je spotrebite\u013eom k dispoz\u00edcii na elektronickom odkaze http:\/\/ec.europa.eu\/odr. T\u00e1to \u00faprava vypl\u00fdva zo z\u00e1kona o mimos\u00fadnom rie\u0161en\u00ed spotrebite\u013esk\u00fdch sporov, nariadenia Eur\u00f3pskeho parlamentu a Rady (E\u00da) \u010d. 524\/2013 o rie\u0161en\u00ed spotrebite\u013esk\u00fdch sporov online a o zmene nariadenia (ES) \u010d. 2016\/2004 a smernice 200.<\/p>\t\t\t\t\t\t\t\t<\/div>\n\t\t\t\t<\/div>\n\t\t\t\t\t<\/div>\n\t\t<\/div>\n\t\t\t\t\t<\/div>\n\t\t<\/section>\n\t\t\t\t<\/div>","protected":false},"excerpt":{"rendered":"<p>General Terms and Conditions These terms describe the rules and regulations for using the Vakbit website, located at https:\/\/vakbit.com\/ and all of its subdomains. By accessing this website, we assume that you accept these terms. If you do not agree with all the terms and conditions stated on this page, do not continue to use [&hellip;]<\/p>","protected":false},"author":1,"featured_media":0,"parent":0,"menu_order":0,"comment_status":"closed","ping_status":"closed","template":"","meta":{"_seopress_robots_primary_cat":"","_seopress_titles_title":"","_seopress_titles_desc":"","_seopress_robots_index":"","ocean_post_layout":"full-screen","ocean_both_sidebars_style":"","ocean_both_sidebars_content_width":0,"ocean_both_sidebars_sidebars_width":0,"ocean_sidebar":"0","ocean_second_sidebar":"0","ocean_disable_margins":"enable","ocean_add_body_class":"","ocean_shortcode_before_top_bar":"","ocean_shortcode_after_top_bar":"","ocean_shortcode_before_header":"","ocean_shortcode_after_header":"","ocean_has_shortcode":"","ocean_shortcode_after_title":"","ocean_shortcode_before_footer_widgets":"","ocean_shortcode_after_footer_widgets":"","ocean_shortcode_before_footer_bottom":"","ocean_shortcode_after_footer_bottom":"","ocean_display_top_bar":"default","ocean_display_header":"default","ocean_header_style":"transparent","ocean_center_header_left_menu":"0","ocean_custom_header_template":"0","ocean_custom_logo":0,"ocean_custom_retina_logo":0,"ocean_custom_logo_max_width":0,"ocean_custom_logo_tablet_max_width":0,"ocean_custom_logo_mobile_max_width":0,"ocean_custom_logo_max_height":0,"ocean_custom_logo_tablet_max_height":0,"ocean_custom_logo_mobile_max_height":0,"ocean_header_custom_menu":"0","ocean_menu_typo_font_family":"0","ocean_menu_typo_font_subset":"","ocean_menu_typo_font_size":0,"ocean_menu_typo_font_size_tablet":0,"ocean_menu_typo_font_size_mobile":0,"ocean_menu_typo_font_size_unit":"px","ocean_menu_typo_font_weight":"","ocean_menu_typo_font_weight_tablet":"","ocean_menu_typo_font_weight_mobile":"","ocean_menu_typo_transform":"","ocean_menu_typo_transform_tablet":"","ocean_menu_typo_transform_mobile":"","ocean_menu_typo_line_height":0,"ocean_menu_typo_line_height_tablet":0,"ocean_menu_typo_line_height_mobile":0,"ocean_menu_typo_line_height_unit":"","ocean_menu_typo_spacing":0,"ocean_menu_typo_spacing_tablet":0,"ocean_menu_typo_spacing_mobile":0,"ocean_menu_typo_spacing_unit":"","ocean_menu_link_color":"","ocean_menu_link_color_hover":"","ocean_menu_link_color_active":"","ocean_menu_link_background":"","ocean_menu_link_hover_background":"","ocean_menu_link_active_background":"","ocean_menu_social_links_bg":"","ocean_menu_social_hover_links_bg":"","ocean_menu_social_links_color":"","ocean_menu_social_hover_links_color":"","ocean_disable_title":"on","ocean_disable_heading":"default","ocean_post_title":"","ocean_post_subheading":"","ocean_post_title_style":"","ocean_post_title_background_color":"","ocean_post_title_background":0,"ocean_post_title_bg_image_position":"","ocean_post_title_bg_image_attachment":"","ocean_post_title_bg_image_repeat":"","ocean_post_title_bg_image_size":"","ocean_post_title_height":0,"ocean_post_title_bg_overlay":0.5,"ocean_post_title_bg_overlay_color":"","ocean_disable_breadcrumbs":"default","ocean_breadcrumbs_color":"","ocean_breadcrumbs_separator_color":"","ocean_breadcrumbs_links_color":"","ocean_breadcrumbs_links_hover_color":"","ocean_display_footer_widgets":"default","ocean_display_footer_bottom":"default","ocean_custom_footer_template":"0","footnotes":""},"class_list":["post-1295","page","type-page","status-publish","hentry","entry"],"_links":{"self":[{"href":"https:\/\/vakbit.com\/sk\/wp-json\/wp\/v2\/pages\/1295","targetHints":{"allow":["GET"]}}],"collection":[{"href":"https:\/\/vakbit.com\/sk\/wp-json\/wp\/v2\/pages"}],"about":[{"href":"https:\/\/vakbit.com\/sk\/wp-json\/wp\/v2\/types\/page"}],"author":[{"embeddable":true,"href":"https:\/\/vakbit.com\/sk\/wp-json\/wp\/v2\/users\/1"}],"replies":[{"embeddable":true,"href":"https:\/\/vakbit.com\/sk\/wp-json\/wp\/v2\/comments?post=1295"}],"version-history":[{"count":10,"href":"https:\/\/vakbit.com\/sk\/wp-json\/wp\/v2\/pages\/1295\/revisions"}],"predecessor-version":[{"id":1532,"href":"https:\/\/vakbit.com\/sk\/wp-json\/wp\/v2\/pages\/1295\/revisions\/1532"}],"wp:attachment":[{"href":"https:\/\/vakbit.com\/sk\/wp-json\/wp\/v2\/media?parent=1295"}],"curies":[{"name":"wp","href":"https:\/\/api.w.org\/{rel}","templated":true}]}}