{"id":1282,"date":"2025-03-27T15:33:00","date_gmt":"2025-03-27T15:33:00","guid":{"rendered":"https:\/\/vakbit.com\/?page_id=1282"},"modified":"2025-12-23T22:00:01","modified_gmt":"2025-12-23T22:00:01","slug":"politika-zasebnosti","status":"publish","type":"page","link":"https:\/\/vakbit.com\/sl\/politika-zasebnosti\/","title":{"rendered":"Politika zasebnosti"},"content":{"rendered":"<div data-elementor-type=\"wp-page\" data-elementor-id=\"1282\" class=\"elementor elementor-1282\" data-elementor-post-type=\"page\">\n\t\t\t\t\t\t<section class=\"elementor-section elementor-top-section elementor-element elementor-element-23cd4f0 elementor-section-boxed elementor-section-height-default elementor-section-height-default\" data-id=\"23cd4f0\" data-element_type=\"section\" id=\"about\" data-settings=\"{&quot;background_background&quot;:&quot;gradient&quot;}\">\n\t\t\t\t\t\t<div class=\"elementor-container elementor-column-gap-default\">\n\t\t\t\t\t<div class=\"elementor-column elementor-col-100 elementor-top-column elementor-element elementor-element-9f48ae0\" data-id=\"9f48ae0\" data-element_type=\"column\">\n\t\t\t<div class=\"elementor-widget-wrap elementor-element-populated\">\n\t\t\t\t\t\t<div class=\"elementor-element elementor-element-6d7bb30 elementor-widget elementor-widget-heading\" data-id=\"6d7bb30\" data-element_type=\"widget\" data-widget_type=\"heading.default\">\n\t\t\t\t<div class=\"elementor-widget-container\">\n\t\t\t\t\t<h2 class=\"elementor-heading-title elementor-size-default\">Pravilnik o zasebnosti<\/h2>\t\t\t\t<\/div>\n\t\t\t\t<\/div>\n\t\t\t\t<div class=\"elementor-element elementor-element-0c8563b elementor-widget elementor-widget-text-editor\" data-id=\"0c8563b\" data-element_type=\"widget\" data-widget_type=\"text-editor.default\">\n\t\t\t\t<div class=\"elementor-widget-container\">\n\t\t\t\t\t\t\t\t\t<p>KAJ POTREBUJEMO<br \/>Na\u0161 pravilnik o zasebnosti ureja uporabo in shranjevanje podatkov. Na\u0161 pravilnik o zasebnosti si lahko ogledate na strani z obvestilom o zasebnosti (glejte spodnjo priponko). Podjetje je upravljavec osebnih podatkov, ki jih obdeluje (posameznik, na katerega se nana\u0161ajo osebni podatki: vi, kupec, obiskovalec itd.) Zbiramo naslednje vrste osebnih podatkov:<\/p><p>Elektronski naslov;<br \/>Ime in priimek, naslov, e-po\u0161tni naslov in telefonska \u0161tevilka;<br \/>Podatki o na\u010dinu pla\u010dila, kot so podatki o kreditni ali debetni kartici, sistemu PayPal in drugih na\u010dinih pla\u010dila;<br \/>kopije osebnih dokumentov, ki potrjujejo to\u010dnost osebnih podatkov;<br \/>Pi\u0161kotki;<br \/>Sledenje obiskom v storitvah Google Analytics, Yandex in Cloudflare;<br \/>Povezave do osebnih profilov v skupinah dru\u017ebenih medijev.<br \/>Vsako vrsto osebnih podatkov zbiramo po potrebi in z lo\u010deno privolitvijo.<\/p><p>ZAKAJ JIH POTREBUJEMO<br \/>Va\u0161e osebne podatke potrebujemo za naslednje storitve:<\/p><p>e-po\u0161tni naslov za odgovarjanje na va\u0161a e-po\u0161tna sporo\u010dila ali sporo\u010dila, poslana prek kontaktnih obrazcev;<br \/>e-po\u0161tni naslov za po\u0161iljanje ponudb in e-novic;<br \/>Ime in priimek, naslov, e-po\u0161tni naslov in telefonska \u0161tevilka za sprejemanje rezervacij, poizvedb in po\u0161iljanje ponudb ali v povezavi z izpolnjevanjem drugih zahtev;<br \/>Ime in priimek, naslov, e-po\u0161tni naslov in telefonska \u0161tevilka za nakup darilnih kartic, bonov ali storitev in predmetov, povezanih z na\u0161o ponudbo;<br \/>Podatki o na\u010dinu pla\u010dila in kopije osebnih dokumentov za opravljanje storitev;<br \/>e-po\u0161tni naslov za avtomatizirano tr\u017eenje (potrditev rezervacij, zahvala za prijavo itd.);<br \/>Pi\u0161kotki za delovanje spletnih mest;<br \/>Komunikacija prek dru\u017eabnih skupin z osebnimi profili, ki potrjujejo povezavo z nami;<br \/>Ime in priimek, naslov, e-po\u0161tni naslov in telefonska \u0161tevilka za ob\u010dasne nagradne igre ali druge promocijske kampanje z va\u0161im predhodnim soglasjem;<br \/>zdru\u017eeni podatki iz storitev Google Analytics ali Yandex Direct in Cloudflare za sledenje obiskom in notranjo analitiko, ki jih bomo uporabili za izbolj\u0161anje vsebine.<br \/>KAJ PO\u010cNEMO Z OSEBNIMI PODATKI<br \/>Gostovanje in shranjevanje podatkov zagotavlja https:\/\/easytask.si\/ s sede\u017eem v Evropski uniji (Nem\u010dija).<\/p><p>Nobena tretja oseba nima dostopa do va\u0161ih podatkov, razen \u010de to zahteva zakon.<\/p><p>KAKO DOLGO GA HRANIMO<br \/>Na na\u0161em spletnem mestu uporabljamo trajne pi\u0161kotke za povezave z dru\u017eabnimi storitvami in drugimi ponudniki \"deljenja\" ter pi\u0161kotke, ki vam pomagajo pri ponovnem dostopu do priljubljene vsebine na na\u0161em spletnem mestu.<\/p><p>KAK\u0160NE SO VA\u0160E PRAVICE<br \/>\u010ce menite, da so osebni podatki, ki jih hranimo o vas, nepravilni ali nepopolni, lahko zahtevate pregled, popravek ali izbris teh podatkov. Obrnite se na nas prek (obrazec za zahtevo za dostop do podatkov). \u010ce se \u017eelite prito\u017eiti glede tega, kako smo obdelali va\u0161e osebne podatke, se obrnite na poobla\u0161\u010deno osebo za varstvo podatkov ali kontaktno osebo za varstvo podatkov (DPC) v podjetju.<\/p><p>Na\u0161 DPC bo nato pregledal va\u0161o prito\u017ebo in vas obvestil o izidu. \u010ce \u0161e vedno menite, da va\u0161i osebni podatki niso bili obdelani v skladu z zakonom, se lahko obrnete na informacijskega poobla\u0161\u010denca in pri njem vlo\u017eite prito\u017ebo. Dostop do pravilnikov in dokumentov, povezanih z zasebnostjo, lahko zahtevate s posebnim obrazcem, ki je na voljo na strani z obvestilom o zasebnosti.<\/p><p>Sorodni dokumenti:<\/p><p>Pravilnik o varstvu osebnih podatkov<br \/>Pravilnik o hrambi osebnih podatkov (na zahtevo po e-po\u0161ti ali osebno)<br \/>Na\u010drt hrambe osebnih podatkov (na zahtevo po e-po\u0161ti ali osebno)<br \/>Obvestilo o zasebnosti<br \/>Pogoji in dolo\u010dila<br \/>Obrazec za soglasje<br \/>Obrazec za umik soglasja<\/p><p><br \/>Razli\u010dica dokumenta: 1.0<\/p>\t\t\t\t\t\t\t\t<\/div>\n\t\t\t\t<\/div>\n\t\t\t\t\t<\/div>\n\t\t<\/div>\n\t\t\t\t\t<\/div>\n\t\t<\/section>\n\t\t\t\t<\/div>","protected":false},"excerpt":{"rendered":"<p>Privacy Policy WHAT WE NEEDOur privacy policy governs the use and storage of data. You can view our privacy policy on the Privacy Notice page (see attachment below). The company is the controller of the personal data it processes (data subject: you, the buyer, visitor, etc.). We collect the following types of personal data: Email [&hellip;]<\/p>","protected":false},"author":1,"featured_media":0,"parent":0,"menu_order":0,"comment_status":"closed","ping_status":"closed","template":"","meta":{"_seopress_robots_primary_cat":"","_seopress_titles_title":"","_seopress_titles_desc":"","_seopress_robots_index":"","ocean_post_layout":"full-screen","ocean_both_sidebars_style":"","ocean_both_sidebars_content_width":0,"ocean_both_sidebars_sidebars_width":0,"ocean_sidebar":"0","ocean_second_sidebar":"0","ocean_disable_margins":"enable","ocean_add_body_class":"","ocean_shortcode_before_top_bar":"","ocean_shortcode_after_top_bar":"","ocean_shortcode_before_header":"","ocean_shortcode_after_header":"","ocean_has_shortcode":"","ocean_shortcode_after_title":"","ocean_shortcode_before_footer_widgets":"","ocean_shortcode_after_footer_widgets":"","ocean_shortcode_before_footer_bottom":"","ocean_shortcode_after_footer_bottom":"","ocean_display_top_bar":"default","ocean_display_header":"default","ocean_header_style":"transparent","ocean_center_header_left_menu":"0","ocean_custom_header_template":"0","ocean_custom_logo":0,"ocean_custom_retina_logo":0,"ocean_custom_logo_max_width":0,"ocean_custom_logo_tablet_max_width":0,"ocean_custom_logo_mobile_max_width":0,"ocean_custom_logo_max_height":0,"ocean_custom_logo_tablet_max_height":0,"ocean_custom_logo_mobile_max_height":0,"ocean_header_custom_menu":"0","ocean_menu_typo_font_family":"0","ocean_menu_typo_font_subset":"","ocean_menu_typo_font_size":0,"ocean_menu_typo_font_size_tablet":0,"ocean_menu_typo_font_size_mobile":0,"ocean_menu_typo_font_size_unit":"px","ocean_menu_typo_font_weight":"","ocean_menu_typo_font_weight_tablet":"","ocean_menu_typo_font_weight_mobile":"","ocean_menu_typo_transform":"","ocean_menu_typo_transform_tablet":"","ocean_menu_typo_transform_mobile":"","ocean_menu_typo_line_height":0,"ocean_menu_typo_line_height_tablet":0,"ocean_menu_typo_line_height_mobile":0,"ocean_menu_typo_line_height_unit":"","ocean_menu_typo_spacing":0,"ocean_menu_typo_spacing_tablet":0,"ocean_menu_typo_spacing_mobile":0,"ocean_menu_typo_spacing_unit":"","ocean_menu_link_color":"","ocean_menu_link_color_hover":"","ocean_menu_link_color_active":"","ocean_menu_link_background":"","ocean_menu_link_hover_background":"","ocean_menu_link_active_background":"","ocean_menu_social_links_bg":"","ocean_menu_social_hover_links_bg":"","ocean_menu_social_links_color":"","ocean_menu_social_hover_links_color":"","ocean_disable_title":"on","ocean_disable_heading":"default","ocean_post_title":"","ocean_post_subheading":"","ocean_post_title_style":"","ocean_post_title_background_color":"","ocean_post_title_background":0,"ocean_post_title_bg_image_position":"","ocean_post_title_bg_image_attachment":"","ocean_post_title_bg_image_repeat":"","ocean_post_title_bg_image_size":"","ocean_post_title_height":0,"ocean_post_title_bg_overlay":0.5,"ocean_post_title_bg_overlay_color":"","ocean_disable_breadcrumbs":"default","ocean_breadcrumbs_color":"","ocean_breadcrumbs_separator_color":"","ocean_breadcrumbs_links_color":"","ocean_breadcrumbs_links_hover_color":"","ocean_display_footer_widgets":"default","ocean_display_footer_bottom":"default","ocean_custom_footer_template":"0","footnotes":""},"class_list":["post-1282","page","type-page","status-publish","hentry","entry"],"_links":{"self":[{"href":"https:\/\/vakbit.com\/sl\/wp-json\/wp\/v2\/pages\/1282","targetHints":{"allow":["GET"]}}],"collection":[{"href":"https:\/\/vakbit.com\/sl\/wp-json\/wp\/v2\/pages"}],"about":[{"href":"https:\/\/vakbit.com\/sl\/wp-json\/wp\/v2\/types\/page"}],"author":[{"embeddable":true,"href":"https:\/\/vakbit.com\/sl\/wp-json\/wp\/v2\/users\/1"}],"replies":[{"embeddable":true,"href":"https:\/\/vakbit.com\/sl\/wp-json\/wp\/v2\/comments?post=1282"}],"version-history":[{"count":7,"href":"https:\/\/vakbit.com\/sl\/wp-json\/wp\/v2\/pages\/1282\/revisions"}],"predecessor-version":[{"id":1525,"href":"https:\/\/vakbit.com\/sl\/wp-json\/wp\/v2\/pages\/1282\/revisions\/1525"}],"wp:attachment":[{"href":"https:\/\/vakbit.com\/sl\/wp-json\/wp\/v2\/media?parent=1282"}],"curies":[{"name":"wp","href":"https:\/\/api.w.org\/{rel}","templated":true}]}}