{"id":1295,"date":"2025-03-27T16:02:25","date_gmt":"2025-03-27T16:02:25","guid":{"rendered":"https:\/\/vakbit.com\/?page_id=1295"},"modified":"2025-12-23T22:08:26","modified_gmt":"2025-12-23T22:08:26","slug":"splosni-pogoji","status":"publish","type":"page","link":"https:\/\/vakbit.com\/sl\/splosni-pogoji\/","title":{"rendered":"Splo\u0161ni pogoji"},"content":{"rendered":"<div data-elementor-type=\"wp-page\" data-elementor-id=\"1295\" class=\"elementor elementor-1295\" data-elementor-post-type=\"page\">\n\t\t\t\t\t\t<section class=\"elementor-section elementor-top-section elementor-element elementor-element-23cd4f0 elementor-section-boxed elementor-section-height-default elementor-section-height-default\" data-id=\"23cd4f0\" data-element_type=\"section\" id=\"about\" data-settings=\"{&quot;background_background&quot;:&quot;gradient&quot;}\">\n\t\t\t\t\t\t<div class=\"elementor-container elementor-column-gap-default\">\n\t\t\t\t\t<div class=\"elementor-column elementor-col-100 elementor-top-column elementor-element elementor-element-9f48ae0\" data-id=\"9f48ae0\" data-element_type=\"column\">\n\t\t\t<div class=\"elementor-widget-wrap elementor-element-populated\">\n\t\t\t\t\t\t<div class=\"elementor-element elementor-element-6d7bb30 elementor-widget elementor-widget-heading\" data-id=\"6d7bb30\" data-element_type=\"widget\" data-widget_type=\"heading.default\">\n\t\t\t\t<div class=\"elementor-widget-container\">\n\t\t\t\t\t<h2 class=\"elementor-heading-title elementor-size-default\">Splo\u0161ni pogoji in dolo\u010dila<\/h2>\t\t\t\t<\/div>\n\t\t\t\t<\/div>\n\t\t\t\t<div class=\"elementor-element elementor-element-0c8563b elementor-widget elementor-widget-text-editor\" data-id=\"0c8563b\" data-element_type=\"widget\" data-widget_type=\"text-editor.default\">\n\t\t\t\t<div class=\"elementor-widget-container\">\n\t\t\t\t\t\t\t\t\t<p>Ti pogoji opisujejo pravila in predpise za uporabo spletnega mesta Vakbit, ki se nahaja na naslovu https:\/\/vakbit.com\/, in vseh njegovih poddomen. Z dostopom do tega spletnega mesta domnevamo, da se s temi pogoji strinjate. \u010ce se ne strinjate z vsemi pogoji, navedenimi na tej strani, ne uporabljajte ve\u010d spletne strani https:\/\/vakbit.com\/.<\/p><p>Naslednja terminologija velja za te pogoje, izjavo o zasebnosti in obvestilo o zavrnitvi odgovornosti ter vse pogodbe: V tem primeru se \"vi\" in \"va\u0161\" nana\u0161ata na vas, osebo, ki se prijavi na to spletno mesto in je v skladu s Pogoji dru\u017ebe. \"Podjetje\", \"mi\", \"mi\", \"na\u0161e\" in \"nas\" se nana\u0161ajo na na\u0161e podjetje. \"Stranka\", \"Stranke\" ali \"Mi\" se nana\u0161ajo na stranko in na nas. Vsi izrazi se nana\u0161ajo na ponudbo, sprejem in upo\u0161tevanje pla\u010dila, potrebnega za izvedbo postopka na\u0161e pomo\u010di stranki na najprimernej\u0161i na\u010din, z izrecnim namenom zadovoljitve potreb stranke pri opravljanju navedenih storitev v skladu in ob upo\u0161tevanju veljavne zakonodaje Republike Slovenije. Vsaka uporaba zgoraj navedene terminologije ali drugih besed v ednini, mno\u017eini, veliki za\u010detnici in\/ali on\/ona ali oni veljajo za medsebojno zamenljive in se zato nana\u0161ajo na isto.<\/p><p>Pi\u0161kotki<\/p><p>Spletno mesto uporablja pi\u0161kotke. Z dostopom do spletne strani https:\/\/vakbit.com se strinjate z uporabo pi\u0161kotkov v skladu z Vakbitovo politiko in politiko zasebnosti na spletni strani. Ve\u010dina interaktivnih spletnih mest uporablja pi\u0161kotke za zbiranje podatkov o uporabniku za vsak obisk. Na na\u0161em spletnem mestu uporabljamo pi\u0161kotke, da omogo\u010dimo delovanje dolo\u010denih podro\u010dij in obiskovalcem olaj\u0161amo uporabo na\u0161ega spletnega mesta. Pi\u0161kotke tretjih oseb lahko uporabljajo tudi nekateri na\u0161i pridru\u017eeni\/ogla\u0161evalski partnerji.<\/p><p>Licenca<\/p><p>\u010ce ni druga\u010de navedeno, so Vakbit in\/ali njegovi dajalci licence za spletno mesto lastniki pravic intelektualne lastnine za vse gradivo na spletni strani https:\/\/vakbit.com\/. Vse pravice intelektualne lastnine so pridr\u017eane. Do tega lahko dostopate prek spletne strani https:\/\/vakbit.com\/ za svojo osebno uporabo ob upo\u0161tevanju omejitev, dolo\u010denih v teh pogojih.<\/p><p>Ne smete:<\/p><p>brez dovoljenja objavite gradivo s spletne strani https:\/\/vakbit.com\/brez.<br \/>brez dovoljenja prodajati, dajati v najem ali podlicencirati gradivo s spletne strani https:\/\/vakbit.com\/brez.<br \/>brez dovoljenja razmno\u017eujete, podvajate ali kopirate gradivo s spletne strani https:\/\/vakbit.com\/brez.<br \/>Brez dovoljenja ne raz\u0161irjajte vsebine s spletne strani https:\/\/vakbit.com\/brez.<\/p><p>Ta pogodba za\u010dne veljati na datum te pogodbe ali ob takoj\u0161njem prihodu na na\u0161e spletno mesto.<\/p><p>Del tega spletnega mesta ponuja uporabnikom mo\u017enost objavljanja in izmenjave mnenj ter informacij na dolo\u010denih podro\u010djih spletnega mesta. Vakbit ne filtrira, ureja, objavlja ali pregleduje komentarjev, preden so ti objavljeni na spletnem mestu. Komentarji ne odra\u017eajo stali\u0161\u010d in mnenj dru\u017ebe Vakbit, njenih zastopnikov in\/ali podru\u017enic. Komentarji odra\u017eajo stali\u0161\u010da in mnenja osebe, ki je svoje mnenje objavila. V obsegu, ki ga dovoljuje veljavna zakonodaja, Vakbit ni odgovoren za komentarje ali kakr\u0161no koli odgovornost, \u0161kodo ali stro\u0161ke, nastale in\/ali utrpele zaradi uporabe in\/ali objave in\/ali pojava komentarjev na tem spletnem mestu.<\/p><p>Vakbit si pridr\u017euje pravico, da spremlja vse komentarje in odstrani vse komentarje, ki se lahko \u0161tejejo za neprimerne, \u017ealjive ali kr\u0161ijo te pogoje.<\/p><p>Zagotavljate in izjavljate, da:<\/p><p>imate pravico objavljati komentarje na na\u0161em spletnem mestu in imate za to potrebna dovoljenja in soglasja;<br \/>komentarji ne kr\u0161ijo nobenih pravic intelektualne lastnine, vklju\u010dno z omejitvami avtorskih pravic, patentov ali blagovnih znamk tretjih oseb;<br \/>komentarji ne vsebujejo \u017ealjivega, obrekovalnega, \u017ealjivega, nespodobnega ali kako druga\u010de nezakonitega gradiva, ki posega v zasebnost;<br \/>komentarji se ne bodo uporabljali za nagovarjanje ali spodbujanje prodaje ali predstavljanje komercialnih ali nezakonitih dejavnosti.<\/p><p>Z oddajo komentarja Vakbitu podeljujete neizklju\u010dno licenco za uporabo, razmno\u017eevanje, spreminjanje in poobla\u0161\u010danje drugih za uporabo, razmno\u017eevanje in spreminjanje va\u0161ih komentarjev v vseh oblikah, medijih ali formatih.<\/p><p>\u00a0<\/p><p><br \/>Hiperpovezave na na\u0161o vsebino<\/p><p>Naslednje organizacije lahko brez predhodnega pisnega dovoljenja vzpostavijo povezavo do na\u0161ega spletnega mesta:<\/p><p>vladne agencije;<br \/>iskalniki;<br \/>novice;<br \/>distributerji spletnih imenikov, ki se lahko pove\u017eejo z na\u0161im spletnim mestom na enak na\u010din, kot se povezujejo s spletnimi mesti drugih podjetij, ki kotirajo na borzi, in<br \/>akreditirana podjetja v celotnem sistemu, razen neprofitnih organizacij, dobrodelnih nakupovalnih sredi\u0161\u010d in dobrodelnih skupin za zbiranje sredstev, ki ne smejo imeti hiperpovezave na na\u0161e spletno mesto.<\/p><p>Te organizacije se lahko sklicujejo na na\u0161o doma\u010do stran, publikacije ali druge informacije na spletnem mestu, \u010de je povezava ustrezna: (a) nikakor ni zavajajo\u010da; (b) ne pomeni la\u017enega namigovanja na sponzorstvo, potrditev ali odobritev stranke, na katero se povezava nana\u0161a, in njenih izdelkov in\/ali storitev; in (c) spada v kontekst spletnega mesta stranke, na katero se povezava nana\u0161a.<\/p><p>Upo\u0161tevamo in odobrimo lahko tudi druge zahteve za povezave naslednjih vrst organizacij:<\/p><p>splo\u0161no znanih virov potro\u0161ni\u0161kih in\/ali poslovnih informacij;<br \/>skupnosti dot.com<br \/>zdru\u017eenja ali druge skupine, ki predstavljajo dobrodelne organizacije;<br \/>distributerji spletnih imenikov;<br \/>spletni portali;<br \/>ra\u010dunovodska, odvetni\u0161ka in svetovalna podjetja ter<br \/>izobra\u017eevalne ustanove in trgovinska zdru\u017eenja.<\/p><p>Zahtevke za povezave teh organizacij bomo odobrili, \u010de bomo ugotovili, da je to potrebno: (a) zaradi povezave ne bomo imeli neugodnega mnenja o sebi ali o na\u0161ih akreditiranih podjetjih; (b) organizacija pri nas nima negativnih zapisov; (c) korist, ki nam jo prina\u0161a vidnost hiperpovezave, nadomesti odsotnost Vakbita, in (d) povezava je v kontekstu splo\u0161nih informacij o virih.<\/p><p>Te organizacije se lahko pove\u017eejo z na\u0161o doma\u010do stranjo, \u010de je povezava: (a) nikakor ni zavajajo\u010da; (b) ne pomeni la\u017enega namigovanja na sponzorstvo, potrditev ali odobritev stranke, ki povezuje, in njenih izdelkov ali storitev; in (c) sodi v kontekst spletnega mesta stranke, ki povezuje. \u010ce ste ena od zgoraj na\u0161tetih organizacij in \u017eelite povezati na\u0161e spletno mesto, nas morate o tem obvestiti tako, da po\u0161ljete elektronsko sporo\u010dilo na naslov Vakbit.<\/p><p>Navedite svoje ime, ime svoje organizacije, kontaktne podatke in naslov URL svojega spletnega mesta, seznam vseh naslovov URL, s katerih nameravate vzpostaviti povezavo do na\u0161ega spletnega mesta, ter seznam naslovov URL na na\u0161em spletnem mestu, na katere \u017eelite vzpostaviti povezavo. Na odgovor lahko \u010dakate 2-3 tedne.<\/p><p>Odobrene organizacije lahko vzpostavijo hiperpovezavo na na\u0161e spletno mesto:<\/p><p>uporabo imena na\u0161ega podjetja ali<br \/>z uporabo enotnega iskalnika virov, ki vodi do njega, ali<br \/>uporabo kakr\u0161nega koli drugega opisa na\u0161ega spletnega mesta, ki je pomemben v kontekstu in obliki vsebine na spletnem mestu stranke, ki vzpostavlja povezavo.<\/p><p>\u010ce ni sklenjena licen\u010dna pogodba za blagovno znamko, uporaba logotipa Vakbit ali druge vsebine za povezavo ni dovoljena.<\/p><p>iFrame<\/p><p>Brez na\u0161e predhodne odobritve in pisnega dovoljenja ne smete ustvarjati okvirjev okoli na\u0161ega spletnega mesta na na\u010din, ki spreminja vizualno predstavitev ali videz na\u0161ega spletnega mesta.<\/p><p>Odgovornost za vsebino<\/p><p>Nismo odgovorni za nobeno vsebino, ki je prikazana na va\u0161em spletnem mestu. Strinjate se, da nas boste za\u0161\u010ditili in branili pred vsemi zahtevki, ki se pojavijo na va\u0161i spletni strani. Na nobenem spletnem mestu se ne smejo pojavljati povezave, ki bi se lahko razlagale kot la\u017ene, nespodobne ali kaznive ali ki kr\u0161ijo, druga\u010de kr\u0161ijo ali zagovarjajo kr\u0161itev ali drugo kr\u0161itev pravic tretjih oseb.<\/p><p>Pridr\u017eanje pravic<\/p><p>Pridr\u017eujemo si pravico, da od vas zahtevamo, da odstranite vse povezave ali dolo\u010deno povezavo do na\u0161ega spletnega mesta. Strinjate se, da boste na zahtevo takoj odstranili vse povezave do na\u0161ega spletnega mesta. Prav tako si pridr\u017eujemo pravico, da kadar koli spremenimo te pogoje in politiko povezav. Z nadaljnjim povezovanjem z na\u0161im spletnim mestom se strinjate, da vas ti pogoji zavezujejo in jih upo\u0161tevate.<\/p><p>Odstranjevanje povezav z na\u0161ega spletnega mesta<\/p><p>\u010ce na na\u0161em spletnem mestu najdete povezavo, ki je iz kakr\u0161nega koli razloga \u017ealjiva, nas lahko kadar koli kontaktirate in obvestite. Pro\u0161nje za odstranitev povezav bomo preu\u010dili, vendar vam nismo dol\u017eni neposredno odgovoriti. Ne jam\u010dimo, da so informacije na tem spletnem mestu pravilne, niti ne jam\u010dimo za njihovo popolnost ali to\u010dnost; prav tako ne obljubljamo, da bomo zagotovili, da bo spletno mesto \u0161e naprej na voljo ali da bo gradivo na njem posodobljeno.<\/p><p>Izjava o omejitvi odgovornosti<\/p><p>V najve\u010djem obsegu, ki ga dovoljuje veljavna zakonodaja, izklju\u010dujemo vse izjave, jamstva in pogoje v zvezi z na\u0161im spletnim mestom in uporabo tega spletnega mesta. Nobena dolo\u010dba te izjave o omejitvi odgovornosti ne bo:<\/p><p>Omejitve in prepovedi odgovornosti, dolo\u010dene v tem razdelku in drugje v tem obvestilu o omejitvi odgovornosti: (a) veljajo v prej\u0161njem odstavku; in (b) urejajo vse obveznosti, ki izhajajo iz tega obvestila o omejitvi odgovornosti, vklju\u010dno s pogodbenimi obveznostmi, ki izhajajo iz pogodbe, prekr\u0161ka in kr\u0161itve zakonskih obveznosti.<\/p><p>Dokler so spletna stran ter informacije in storitve na spletni strani na voljo brezpla\u010dno, nismo odgovorni za nobeno izgubo ali \u0161kodo.<\/p><p>Izvensodno re\u0161evanje potro\u0161ni\u0161kih sporov<\/p><p>Vakbit v skladu z zakonskimi predpisi ne priznava nobenega izvajalca izvensodnega re\u0161evanja potro\u0161ni\u0161kih sporov kot pristojnega za re\u0161evanje potro\u0161ni\u0161kih sporov, ki jih potro\u0161niki lahko spro\u017eijo v skladu z Zakonom o izvensodnem re\u0161evanju potro\u0161ni\u0161kih sporov. Dru\u017eba kot ponudnik blaga in storitev na svoji spletni strani objavlja elektronsko povezavo do platforme za spletno re\u0161evanje potro\u0161ni\u0161kih sporov (SRPS). Platforma je potro\u0161nikom na voljo na elektronski povezavi http:\/\/ec.europa.eu\/odr. Ta ureditev izhaja iz Zakona o izvensodnem re\u0161evanju potro\u0161ni\u0161kih sporov, Uredbe (EU) \u0161t. 524\/2013 Evropskega parlamenta in Sveta o spletnem re\u0161evanju potro\u0161ni\u0161kih sporov ter spremembi Uredbe (ES) \u0161t. 2016\/2004 in Direktive 200<\/p>\t\t\t\t\t\t\t\t<\/div>\n\t\t\t\t<\/div>\n\t\t\t\t\t<\/div>\n\t\t<\/div>\n\t\t\t\t\t<\/div>\n\t\t<\/section>\n\t\t\t\t<\/div>","protected":false},"excerpt":{"rendered":"<p>General Terms and Conditions These terms describe the rules and regulations for using the Vakbit website, located at https:\/\/vakbit.com\/ and all of its subdomains. By accessing this website, we assume that you accept these terms. If you do not agree with all the terms and conditions stated on this page, do not continue to use [&hellip;]<\/p>","protected":false},"author":1,"featured_media":0,"parent":0,"menu_order":0,"comment_status":"closed","ping_status":"closed","template":"","meta":{"_seopress_robots_primary_cat":"","_seopress_titles_title":"","_seopress_titles_desc":"","_seopress_robots_index":"","ocean_post_layout":"full-screen","ocean_both_sidebars_style":"","ocean_both_sidebars_content_width":0,"ocean_both_sidebars_sidebars_width":0,"ocean_sidebar":"0","ocean_second_sidebar":"0","ocean_disable_margins":"enable","ocean_add_body_class":"","ocean_shortcode_before_top_bar":"","ocean_shortcode_after_top_bar":"","ocean_shortcode_before_header":"","ocean_shortcode_after_header":"","ocean_has_shortcode":"","ocean_shortcode_after_title":"","ocean_shortcode_before_footer_widgets":"","ocean_shortcode_after_footer_widgets":"","ocean_shortcode_before_footer_bottom":"","ocean_shortcode_after_footer_bottom":"","ocean_display_top_bar":"default","ocean_display_header":"default","ocean_header_style":"transparent","ocean_center_header_left_menu":"0","ocean_custom_header_template":"0","ocean_custom_logo":0,"ocean_custom_retina_logo":0,"ocean_custom_logo_max_width":0,"ocean_custom_logo_tablet_max_width":0,"ocean_custom_logo_mobile_max_width":0,"ocean_custom_logo_max_height":0,"ocean_custom_logo_tablet_max_height":0,"ocean_custom_logo_mobile_max_height":0,"ocean_header_custom_menu":"0","ocean_menu_typo_font_family":"0","ocean_menu_typo_font_subset":"","ocean_menu_typo_font_size":0,"ocean_menu_typo_font_size_tablet":0,"ocean_menu_typo_font_size_mobile":0,"ocean_menu_typo_font_size_unit":"px","ocean_menu_typo_font_weight":"","ocean_menu_typo_font_weight_tablet":"","ocean_menu_typo_font_weight_mobile":"","ocean_menu_typo_transform":"","ocean_menu_typo_transform_tablet":"","ocean_menu_typo_transform_mobile":"","ocean_menu_typo_line_height":0,"ocean_menu_typo_line_height_tablet":0,"ocean_menu_typo_line_height_mobile":0,"ocean_menu_typo_line_height_unit":"","ocean_menu_typo_spacing":0,"ocean_menu_typo_spacing_tablet":0,"ocean_menu_typo_spacing_mobile":0,"ocean_menu_typo_spacing_unit":"","ocean_menu_link_color":"","ocean_menu_link_color_hover":"","ocean_menu_link_color_active":"","ocean_menu_link_background":"","ocean_menu_link_hover_background":"","ocean_menu_link_active_background":"","ocean_menu_social_links_bg":"","ocean_menu_social_hover_links_bg":"","ocean_menu_social_links_color":"","ocean_menu_social_hover_links_color":"","ocean_disable_title":"on","ocean_disable_heading":"default","ocean_post_title":"","ocean_post_subheading":"","ocean_post_title_style":"","ocean_post_title_background_color":"","ocean_post_title_background":0,"ocean_post_title_bg_image_position":"","ocean_post_title_bg_image_attachment":"","ocean_post_title_bg_image_repeat":"","ocean_post_title_bg_image_size":"","ocean_post_title_height":0,"ocean_post_title_bg_overlay":0.5,"ocean_post_title_bg_overlay_color":"","ocean_disable_breadcrumbs":"default","ocean_breadcrumbs_color":"","ocean_breadcrumbs_separator_color":"","ocean_breadcrumbs_links_color":"","ocean_breadcrumbs_links_hover_color":"","ocean_display_footer_widgets":"default","ocean_display_footer_bottom":"default","ocean_custom_footer_template":"0","footnotes":""},"class_list":["post-1295","page","type-page","status-publish","hentry","entry"],"_links":{"self":[{"href":"https:\/\/vakbit.com\/sl\/wp-json\/wp\/v2\/pages\/1295","targetHints":{"allow":["GET"]}}],"collection":[{"href":"https:\/\/vakbit.com\/sl\/wp-json\/wp\/v2\/pages"}],"about":[{"href":"https:\/\/vakbit.com\/sl\/wp-json\/wp\/v2\/types\/page"}],"author":[{"embeddable":true,"href":"https:\/\/vakbit.com\/sl\/wp-json\/wp\/v2\/users\/1"}],"replies":[{"embeddable":true,"href":"https:\/\/vakbit.com\/sl\/wp-json\/wp\/v2\/comments?post=1295"}],"version-history":[{"count":10,"href":"https:\/\/vakbit.com\/sl\/wp-json\/wp\/v2\/pages\/1295\/revisions"}],"predecessor-version":[{"id":1532,"href":"https:\/\/vakbit.com\/sl\/wp-json\/wp\/v2\/pages\/1295\/revisions\/1532"}],"wp:attachment":[{"href":"https:\/\/vakbit.com\/sl\/wp-json\/wp\/v2\/media?parent=1295"}],"curies":[{"name":"wp","href":"https:\/\/api.w.org\/{rel}","templated":true}]}}