{"id":1282,"date":"2025-03-27T15:33:00","date_gmt":"2025-03-27T15:33:00","guid":{"rendered":"https:\/\/vakbit.com\/?page_id=1282"},"modified":"2025-12-23T22:00:01","modified_gmt":"2025-12-23T22:00:01","slug":"politika-zasebnosti","status":"publish","type":"page","link":"https:\/\/vakbit.com\/sv\/politika-zasebnosti\/","title":{"rendered":"Politiska fr\u00e5gor"},"content":{"rendered":"<div data-elementor-type=\"wp-page\" data-elementor-id=\"1282\" class=\"elementor elementor-1282\" data-elementor-post-type=\"page\">\n\t\t\t\t\t\t<section class=\"elementor-section elementor-top-section elementor-element elementor-element-23cd4f0 elementor-section-boxed elementor-section-height-default elementor-section-height-default\" data-id=\"23cd4f0\" data-element_type=\"section\" id=\"about\" data-settings=\"{&quot;background_background&quot;:&quot;gradient&quot;}\">\n\t\t\t\t\t\t<div class=\"elementor-container elementor-column-gap-default\">\n\t\t\t\t\t<div class=\"elementor-column elementor-col-100 elementor-top-column elementor-element elementor-element-9f48ae0\" data-id=\"9f48ae0\" data-element_type=\"column\">\n\t\t\t<div class=\"elementor-widget-wrap elementor-element-populated\">\n\t\t\t\t\t\t<div class=\"elementor-element elementor-element-6d7bb30 elementor-widget elementor-widget-heading\" data-id=\"6d7bb30\" data-element_type=\"widget\" data-widget_type=\"heading.default\">\n\t\t\t\t<div class=\"elementor-widget-container\">\n\t\t\t\t\t<h2 class=\"elementor-heading-title elementor-size-default\">Integritetspolicy<\/h2>\t\t\t\t<\/div>\n\t\t\t\t<\/div>\n\t\t\t\t<div class=\"elementor-element elementor-element-0c8563b elementor-widget elementor-widget-text-editor\" data-id=\"0c8563b\" data-element_type=\"widget\" data-widget_type=\"text-editor.default\">\n\t\t\t\t<div class=\"elementor-widget-container\">\n\t\t\t\t\t\t\t\t\t<p>VAD VI BEH\u00d6VER<br \/>V\u00e5r integritetspolicy reglerar anv\u00e4ndning och lagring av data. Du kan ta del av v\u00e5r integritetspolicy p\u00e5 sidan Sekretessmeddelande (se bilaga nedan). F\u00f6retaget \u00e4r personuppgiftsansvarig f\u00f6r de personuppgifter som det behandlar (registrerad: du, k\u00f6paren, bes\u00f6karen etc.). Vi samlar in f\u00f6ljande typer av personuppgifter:<\/p><p>E-postadress;<br \/>F\u00f6r- och efternamn, adress, e-postadress och telefonnummer;<br \/>Uppgifter om betalningsmetod, t.ex. uppgifter om kredit- eller betalkort, PayPal och andra betalningsmetoder;<br \/>Kopior av personliga dokument som bekr\u00e4ftar att personuppgifterna \u00e4r korrekta;<br \/>Kakor;<br \/>Bes\u00f6kssp\u00e5rning med Google Analytics, Yandex och Cloudflare;<br \/>L\u00e4nkar till personliga profiler i grupper p\u00e5 sociala medier.<br \/>Vi samlar in varje typ av personuppgift efter behov och med separat samtycke.<\/p><p>VARF\u00d6R VI BEH\u00d6VER DET<br \/>Vi beh\u00f6ver dina personuppgifter f\u00f6r f\u00f6ljande tj\u00e4nster:<\/p><p>E-postadress f\u00f6r att svara p\u00e5 dina e-postmeddelanden eller meddelanden som skickas via kontaktformul\u00e4r;<br \/>E-postadress f\u00f6r utskick av erbjudanden och e-nyhetsbrev;<br \/>F\u00f6r- och efternamn, adress, e-postadress och telefonnummer f\u00f6r att acceptera bokningar, f\u00f6rfr\u00e5gningar och skicka erbjudanden eller i samband med att uppfylla dina andra \u00f6nskem\u00e5l;<br \/>F\u00f6r- och efternamn, adress, e-postadress och telefonnummer f\u00f6r k\u00f6p av presentkort, v\u00e4rdecheckar eller tj\u00e4nster och varor som \u00e4r relaterade till v\u00e5rt erbjudande;<br \/>Uppgifter om betalningsmetod och kopior av personliga dokument f\u00f6r utf\u00f6rande av tj\u00e4nster;<br \/>E-postadress f\u00f6r automatiserad marknadsf\u00f6ring (bekr\u00e4ftelse av bokningar, tack f\u00f6r registreringar etc.);<br \/>Cookies f\u00f6r att webbplatserna ska fungera;<br \/>Kommunikation via sociala grupper med personliga profiler som bekr\u00e4ftar en koppling till oss;<br \/>F\u00f6r- och efternamn, adress, e-postadress och telefonnummer f\u00f6r tillf\u00e4lliga prisspel eller andra reklamkampanjer med ditt f\u00f6reg\u00e5ende samtycke;<br \/>Aggregerade data fr\u00e5n Google Analytics eller Yandex Direct och Cloudflare f\u00f6r bes\u00f6kssp\u00e5rning och intern analys, som vi kommer att anv\u00e4nda f\u00f6r att f\u00f6rb\u00e4ttra inneh\u00e5llet.<br \/>VAD VI G\u00d6R MED PERSONUPPGIFTER<br \/>Datahosting och lagring tillhandah\u00e5lls av https:\/\/easytask.si\/, som ligger i Europeiska unionen (Tyskland).<\/p><p>Ingen tredje part har tillg\u00e5ng till dina uppgifter om det inte kr\u00e4vs enligt lag.<\/p><p>HUR L\u00c4NGE LAGRAR VI DET<br \/>P\u00e5 v\u00e5r webbplats anv\u00e4nder vi permanenta cookies f\u00f6r l\u00e4nkar till sociala tj\u00e4nster och andra \"delnings\"-leverant\u00f6rer, samt cookies som hj\u00e4lper dig att upprepade g\u00e5nger komma \u00e5t ditt favoritinneh\u00e5ll p\u00e5 v\u00e5r webbplats.<\/p><p>VILKA \u00c4R DINA R\u00c4TTIGHETER?<br \/>Om du anser att de personuppgifter vi har om dig \u00e4r felaktiga eller ofullst\u00e4ndiga, har du m\u00f6jlighet att beg\u00e4ra att f\u00e5 granska, korrigera eller radera dessa uppgifter. Kontakta oss via (formul\u00e4r f\u00f6r beg\u00e4ran om tillg\u00e5ng till uppgifter). Om du vill klaga p\u00e5 hur vi har behandlat dina personuppgifter, v\u00e4nligen kontakta dataskyddsombudet eller dataskyddskontakten (DPC) p\u00e5 f\u00f6retaget.<\/p><p>V\u00e5r DPC kommer sedan att granska ditt klagom\u00e5l och informera dig om resultatet. Om du fortfarande anser att dina personuppgifter inte har behandlats i enlighet med lagen kan du kontakta Information Commissioner och l\u00e4mna in ett klagom\u00e5l till dem. Du kan beg\u00e4ra tillg\u00e5ng till sekretessrelaterade policyer och dokument med hj\u00e4lp av det s\u00e4rskilda formul\u00e4r som finns p\u00e5 sidan Sekretessmeddelande.<\/p><p>Relaterade dokument:<\/p><p>Policy f\u00f6r skydd av personuppgifter<br \/>Policy f\u00f6r bevarande av personuppgifter (p\u00e5 beg\u00e4ran via e-post eller personligen)<br \/>Schema f\u00f6r bevarande av personuppgifter (p\u00e5 beg\u00e4ran via e-post eller personligen)<br \/>Meddelande om integritet<br \/>Villkor och anvisningar<br \/>Samtyckesblankett<br \/>Formul\u00e4r f\u00f6r \u00e5terkallande av samtycke<\/p><p><br \/>Dokumentversion: 1.0<\/p>\t\t\t\t\t\t\t\t<\/div>\n\t\t\t\t<\/div>\n\t\t\t\t\t<\/div>\n\t\t<\/div>\n\t\t\t\t\t<\/div>\n\t\t<\/section>\n\t\t\t\t<\/div>","protected":false},"excerpt":{"rendered":"<p>Privacy Policy WHAT WE NEEDOur privacy policy governs the use and storage of data. You can view our privacy policy on the Privacy Notice page (see attachment below). The company is the controller of the personal data it processes (data subject: you, the buyer, visitor, etc.). We collect the following types of personal data: Email [&hellip;]<\/p>","protected":false},"author":1,"featured_media":0,"parent":0,"menu_order":0,"comment_status":"closed","ping_status":"closed","template":"","meta":{"_seopress_robots_primary_cat":"","_seopress_titles_title":"","_seopress_titles_desc":"","_seopress_robots_index":"","ocean_post_layout":"full-screen","ocean_both_sidebars_style":"","ocean_both_sidebars_content_width":0,"ocean_both_sidebars_sidebars_width":0,"ocean_sidebar":"0","ocean_second_sidebar":"0","ocean_disable_margins":"enable","ocean_add_body_class":"","ocean_shortcode_before_top_bar":"","ocean_shortcode_after_top_bar":"","ocean_shortcode_before_header":"","ocean_shortcode_after_header":"","ocean_has_shortcode":"","ocean_shortcode_after_title":"","ocean_shortcode_before_footer_widgets":"","ocean_shortcode_after_footer_widgets":"","ocean_shortcode_before_footer_bottom":"","ocean_shortcode_after_footer_bottom":"","ocean_display_top_bar":"default","ocean_display_header":"default","ocean_header_style":"transparent","ocean_center_header_left_menu":"0","ocean_custom_header_template":"0","ocean_custom_logo":0,"ocean_custom_retina_logo":0,"ocean_custom_logo_max_width":0,"ocean_custom_logo_tablet_max_width":0,"ocean_custom_logo_mobile_max_width":0,"ocean_custom_logo_max_height":0,"ocean_custom_logo_tablet_max_height":0,"ocean_custom_logo_mobile_max_height":0,"ocean_header_custom_menu":"0","ocean_menu_typo_font_family":"0","ocean_menu_typo_font_subset":"","ocean_menu_typo_font_size":0,"ocean_menu_typo_font_size_tablet":0,"ocean_menu_typo_font_size_mobile":0,"ocean_menu_typo_font_size_unit":"px","ocean_menu_typo_font_weight":"","ocean_menu_typo_font_weight_tablet":"","ocean_menu_typo_font_weight_mobile":"","ocean_menu_typo_transform":"","ocean_menu_typo_transform_tablet":"","ocean_menu_typo_transform_mobile":"","ocean_menu_typo_line_height":0,"ocean_menu_typo_line_height_tablet":0,"ocean_menu_typo_line_height_mobile":0,"ocean_menu_typo_line_height_unit":"","ocean_menu_typo_spacing":0,"ocean_menu_typo_spacing_tablet":0,"ocean_menu_typo_spacing_mobile":0,"ocean_menu_typo_spacing_unit":"","ocean_menu_link_color":"","ocean_menu_link_color_hover":"","ocean_menu_link_color_active":"","ocean_menu_link_background":"","ocean_menu_link_hover_background":"","ocean_menu_link_active_background":"","ocean_menu_social_links_bg":"","ocean_menu_social_hover_links_bg":"","ocean_menu_social_links_color":"","ocean_menu_social_hover_links_color":"","ocean_disable_title":"on","ocean_disable_heading":"default","ocean_post_title":"","ocean_post_subheading":"","ocean_post_title_style":"","ocean_post_title_background_color":"","ocean_post_title_background":0,"ocean_post_title_bg_image_position":"","ocean_post_title_bg_image_attachment":"","ocean_post_title_bg_image_repeat":"","ocean_post_title_bg_image_size":"","ocean_post_title_height":0,"ocean_post_title_bg_overlay":0.5,"ocean_post_title_bg_overlay_color":"","ocean_disable_breadcrumbs":"default","ocean_breadcrumbs_color":"","ocean_breadcrumbs_separator_color":"","ocean_breadcrumbs_links_color":"","ocean_breadcrumbs_links_hover_color":"","ocean_display_footer_widgets":"default","ocean_display_footer_bottom":"default","ocean_custom_footer_template":"0","footnotes":""},"class_list":["post-1282","page","type-page","status-publish","hentry","entry"],"_links":{"self":[{"href":"https:\/\/vakbit.com\/sv\/wp-json\/wp\/v2\/pages\/1282","targetHints":{"allow":["GET"]}}],"collection":[{"href":"https:\/\/vakbit.com\/sv\/wp-json\/wp\/v2\/pages"}],"about":[{"href":"https:\/\/vakbit.com\/sv\/wp-json\/wp\/v2\/types\/page"}],"author":[{"embeddable":true,"href":"https:\/\/vakbit.com\/sv\/wp-json\/wp\/v2\/users\/1"}],"replies":[{"embeddable":true,"href":"https:\/\/vakbit.com\/sv\/wp-json\/wp\/v2\/comments?post=1282"}],"version-history":[{"count":7,"href":"https:\/\/vakbit.com\/sv\/wp-json\/wp\/v2\/pages\/1282\/revisions"}],"predecessor-version":[{"id":1525,"href":"https:\/\/vakbit.com\/sv\/wp-json\/wp\/v2\/pages\/1282\/revisions\/1525"}],"wp:attachment":[{"href":"https:\/\/vakbit.com\/sv\/wp-json\/wp\/v2\/media?parent=1282"}],"curies":[{"name":"wp","href":"https:\/\/api.w.org\/{rel}","templated":true}]}}