{"id":1295,"date":"2025-03-27T16:02:25","date_gmt":"2025-03-27T16:02:25","guid":{"rendered":"https:\/\/vakbit.com\/?page_id=1295"},"modified":"2025-12-23T22:08:26","modified_gmt":"2025-12-23T22:08:26","slug":"splosni-pogoji","status":"publish","type":"page","link":"https:\/\/vakbit.com\/sv\/splosni-pogoji\/","title":{"rendered":"Splo\u0161ni pogoji"},"content":{"rendered":"<div data-elementor-type=\"wp-page\" data-elementor-id=\"1295\" class=\"elementor elementor-1295\" data-elementor-post-type=\"page\">\n\t\t\t\t\t\t<section class=\"elementor-section elementor-top-section elementor-element elementor-element-23cd4f0 elementor-section-boxed elementor-section-height-default elementor-section-height-default\" data-id=\"23cd4f0\" data-element_type=\"section\" id=\"about\" data-settings=\"{&quot;background_background&quot;:&quot;gradient&quot;}\">\n\t\t\t\t\t\t<div class=\"elementor-container elementor-column-gap-default\">\n\t\t\t\t\t<div class=\"elementor-column elementor-col-100 elementor-top-column elementor-element elementor-element-9f48ae0\" data-id=\"9f48ae0\" data-element_type=\"column\">\n\t\t\t<div class=\"elementor-widget-wrap elementor-element-populated\">\n\t\t\t\t\t\t<div class=\"elementor-element elementor-element-6d7bb30 elementor-widget elementor-widget-heading\" data-id=\"6d7bb30\" data-element_type=\"widget\" data-widget_type=\"heading.default\">\n\t\t\t\t<div class=\"elementor-widget-container\">\n\t\t\t\t\t<h2 class=\"elementor-heading-title elementor-size-default\">Allm\u00e4nna villkor och best\u00e4mmelser<\/h2>\t\t\t\t<\/div>\n\t\t\t\t<\/div>\n\t\t\t\t<div class=\"elementor-element elementor-element-0c8563b elementor-widget elementor-widget-text-editor\" data-id=\"0c8563b\" data-element_type=\"widget\" data-widget_type=\"text-editor.default\">\n\t\t\t\t<div class=\"elementor-widget-container\">\n\t\t\t\t\t\t\t\t\t<p>Dessa villkor beskriver regler och best\u00e4mmelser f\u00f6r anv\u00e4ndning av Vakbits webbplats, som finns p\u00e5 https:\/\/vakbit.com\/ och alla dess underdom\u00e4ner. Genom att g\u00e5 in p\u00e5 denna webbplats antar vi att du accepterar dessa villkor. Om du inte accepterar alla villkor som anges p\u00e5 denna sida, forts\u00e4tt inte att anv\u00e4nda https:\/\/vakbit.com\/.<\/p><p>F\u00f6ljande terminologi g\u00e4ller f\u00f6r dessa villkor, sekretessf\u00f6rklaring och meddelande om ansvarsfriskrivning och alla avtal: \"Du\" och \"Din\" avser dig, den person som loggar in p\u00e5 denna webbplats och f\u00f6ljer f\u00f6retagets villkor och best\u00e4mmelser. \"F\u00f6retag\", \"Oss sj\u00e4lva\", \"Vi\", \"V\u00e5r\" och \"Oss\" h\u00e4nvisar till v\u00e5rt f\u00f6retag. \"Part\", \"Parter\" eller \"Oss\" avser b\u00e5de kunden och oss sj\u00e4lva. Alla villkor avser erbjudande, godk\u00e4nnande och betalning som \u00e4r n\u00f6dv\u00e4ndig f\u00f6r att genomf\u00f6ra processen f\u00f6r v\u00e5rt st\u00f6d till kunden p\u00e5 det mest l\u00e4mpliga s\u00e4ttet, med det uttryckliga syftet att tillgodose kundens behov vid tillhandah\u00e5llandet av angivna tj\u00e4nster i enlighet med och med f\u00f6rbeh\u00e5ll f\u00f6r Sloveniens g\u00e4llande lag. All anv\u00e4ndning av ovanst\u00e5ende terminologi eller andra ord i singular, plural, stor bokstav och\/eller han\/hon eller de betraktas som utbytbara och avser d\u00e4rf\u00f6r samma sak.<\/p><p>Kakor<\/p><p>Webbplatsen anv\u00e4nder cookies. Genom att g\u00e5 in p\u00e5 https:\/\/vakbit.com har du samtyckt till anv\u00e4ndningen av cookies i enlighet med Vakbits policy och integritetspolicyn p\u00e5 webbplatsen. De flesta interaktiva webbplatser anv\u00e4nder cookies f\u00f6r att samla in anv\u00e4ndarinformation f\u00f6r varje bes\u00f6k. Vi anv\u00e4nder cookies p\u00e5 v\u00e5r webbplats f\u00f6r att m\u00f6jligg\u00f6ra funktionaliteten i vissa omr\u00e5den och f\u00f6r att g\u00f6ra det enklare f\u00f6r bes\u00f6kare att anv\u00e4nda v\u00e5r webbplats. Vissa av v\u00e5ra affiliate-\/reklampartners kan ocks\u00e5 anv\u00e4nda tredjepartscookies.<\/p><p>Licens<\/p><p>Om inte annat anges \u00e4r Vakbit och\/eller dess webbplatslicensgivare \u00e4gare av de immateriella r\u00e4ttigheterna f\u00f6r allt material p\u00e5 https:\/\/vakbit.com\/. Alla immateriella r\u00e4ttigheter \u00e4r reserverade. Du kan f\u00e5 tillg\u00e5ng till detta via https:\/\/vakbit.com\/ f\u00f6r ditt eget personliga bruk, med f\u00f6rbeh\u00e5ll f\u00f6r de begr\u00e4nsningar som anges i dessa villkor.<\/p><p>Det f\u00e5r du inte:<\/p><p>Publicera material fr\u00e5n https:\/\/vakbit.com\/brez utan tillst\u00e5nd.<br \/>S\u00e4lja, hyra ut eller underlicensiera material fr\u00e5n https:\/\/vakbit.com\/brez utan tillst\u00e5nd.<br \/>Reproducera, duplicera eller kopiera material fr\u00e5n https:\/\/vakbit.com\/brez utan tillst\u00e5nd.<br \/>Vidaredistribuera inneh\u00e5ll fr\u00e5n https:\/\/vakbit.com\/brez utan tillst\u00e5nd.<\/p><p>Detta avtal tr\u00e4der i kraft p\u00e5 dagen f\u00f6r detta avtal eller vid omedelbar ankomst till v\u00e5r webbplats.<\/p><p>Delar av denna webbplats erbjuder anv\u00e4ndare m\u00f6jlighet att publicera och utbyta \u00e5sikter och information i vissa delar av webbplatsen. Vakbit filtrerar, redigerar, publicerar eller granskar inte kommentarer innan de publiceras p\u00e5 webbplatsen. Kommentarer \u00e5terspeglar inte Vakbits, dess agenters och\/eller n\u00e4rst\u00e5ende bolags \u00e5sikter och uppfattningar. Kommentarer \u00e5terspeglar \u00e5sikterna och \u00e5sikterna hos den person som publicerar sin \u00e5sikt. I den utstr\u00e4ckning som till\u00e5ts enligt till\u00e4mplig lag \u00e4r Vakbit inte ansvarigt f\u00f6r kommentarer eller n\u00e5got ansvar, skada eller kostnad som uppkommit och\/eller lidits till f\u00f6ljd av anv\u00e4ndning och\/eller publicering och\/eller utseende av kommentarer p\u00e5 denna webbplats.<\/p><p>Vakbit f\u00f6rbeh\u00e5ller sig r\u00e4tten att \u00f6vervaka alla kommentarer och ta bort alla kommentarer som kan anses vara ol\u00e4mpliga, st\u00f6tande eller i strid med dessa villkor.<\/p><p>Du garanterar och representerar att:<\/p><p>du har r\u00e4tt att publicera kommentarer p\u00e5 v\u00e5r webbplats och har de n\u00f6dv\u00e4ndiga beh\u00f6righeterna och samtyckena f\u00f6r att g\u00f6ra det;<br \/>kommentarerna inte g\u00f6r intr\u00e5ng i n\u00e5gon immateriell r\u00e4ttighet, inklusive upphovsr\u00e4tt, patent eller varum\u00e4rkesbegr\u00e4nsningar f\u00f6r tredje part;<br \/>kommentarerna inte inneh\u00e5ller n\u00e5got \u00e4rekr\u00e4nkande, f\u00f6rtalande, st\u00f6tande, oanst\u00e4ndigt eller p\u00e5 annat s\u00e4tt olagligt material som kr\u00e4nker privatlivet;<br \/>kommentarerna kommer inte att anv\u00e4ndas f\u00f6r att beg\u00e4ra eller fr\u00e4mja f\u00f6rs\u00e4ljning eller presentera kommersiell eller olaglig verksamhet.<\/p><p>Genom att skicka in en kommentar ger du Vakbit en icke-exklusiv licens att anv\u00e4nda, reproducera, modifiera och till\u00e5ta andra att anv\u00e4nda, reproducera och modifiera dina kommentarer i alla former, medier eller format.<\/p><p>\u00a0<\/p><p><br \/>Hyperl\u00e4nkar till v\u00e5rt inneh\u00e5ll<\/p><p>F\u00f6ljande organisationer f\u00e5r l\u00e4nka till v\u00e5r webbplats utan f\u00f6reg\u00e5ende skriftligt tillst\u00e5nd:<\/p><p>statliga myndigheter;<br \/>s\u00f6kmotorer;<br \/>nyheter;<br \/>distribut\u00f6rer av onlinekataloger som kan l\u00e4nka till v\u00e5r webbplats p\u00e5 samma s\u00e4tt som de l\u00e4nkar till webbplatser f\u00f6r andra b\u00f6rsnoterade bolag; och<br \/>ackrediterade f\u00f6retag i hela systemet, med undantag f\u00f6r ideella organisationer, v\u00e4lg\u00f6renhetsgallerior och v\u00e4lg\u00f6renhetsinsamlingsgrupper, som inte f\u00e5r hyperl\u00e4nka till v\u00e5r webbplats.<\/p><p>Dessa organisationer f\u00e5r l\u00e4nka till v\u00e5r hemsida, publikationer eller annan webbplatsinformation s\u00e5 l\u00e4nge som l\u00e4nken (a) inte \u00e4r vilseledande p\u00e5 n\u00e5got s\u00e4tt; (b) inte falskeligen inneb\u00e4r sponsring, st\u00f6d eller godk\u00e4nnande av den l\u00e4nkande parten och dess produkter och\/eller tj\u00e4nster; och (c) passar in i sammanhanget p\u00e5 den l\u00e4nkande partens webbplats.<\/p><p>Vi kan \u00f6verv\u00e4ga och godk\u00e4nna andra l\u00e4nkf\u00f6rfr\u00e5gningar fr\u00e5n f\u00f6ljande typer av organisationer:<\/p><p>allm\u00e4nt k\u00e4nda informationsk\u00e4llor f\u00f6r konsumenter och\/eller f\u00f6retag;<br \/>dot.com-samh\u00e4llen<br \/>f\u00f6reningar eller andra grupper som representerar v\u00e4lg\u00f6renhetsorganisationer;<br \/>distribut\u00f6rer av onlinekataloger;<br \/>internetportaler;<br \/>revisions-, advokat- och konsultf\u00f6retag, och<br \/>utbildningsinstitutioner och branschorganisationer.<\/p><p>Vi godk\u00e4nner l\u00e4nkf\u00f6rfr\u00e5gningar fr\u00e5n dessa organisationer om vi fastst\u00e4ller att: (a) l\u00e4nken inte skulle f\u00e5 oss att se of\u00f6rdelaktiga ut f\u00f6r oss sj\u00e4lva eller f\u00f6r v\u00e5ra ackrediterade f\u00f6retag; (b) organisationen inte har n\u00e5gra negativa uppgifter om oss; (c) f\u00f6rdelen f\u00f6r oss med hyperl\u00e4nkens synlighet kompenserar f\u00f6r Vakbits fr\u00e5nvaro, och (d) l\u00e4nken \u00e4r i samband med allm\u00e4n resursinformation.<\/p><p>Dessa organisationer f\u00e5r l\u00e4nka till v\u00e5r hemsida s\u00e5 l\u00e4nge som l\u00e4nken: (a) inte \u00e4r vilseledande p\u00e5 n\u00e5got s\u00e4tt; (b) inte falskeligen inneb\u00e4r sponsring, st\u00f6d eller godk\u00e4nnande av den l\u00e4nkande parten och dess produkter eller tj\u00e4nster; och (c) passar in i sammanhanget f\u00f6r den l\u00e4nkande partens webbplats. Om du \u00e4r en av de organisationer som anges ovan och \u00e4r intresserad av att l\u00e4nka till v\u00e5r webbplats m\u00e5ste du meddela oss genom att skicka ett e-postmeddelande till Vakbit.<\/p><p>V\u00e4nligen ange ditt namn, namnet p\u00e5 din organisation, kontaktuppgifter och webbadressen till din webbplats, en lista \u00f6ver alla webbadresser fr\u00e5n vilka du avser att l\u00e4nka till v\u00e5r webbplats och en lista \u00f6ver webbadresser p\u00e5 v\u00e5r webbplats som du vill l\u00e4nka till. V\u00e4nligen r\u00e4kna med 2-3 veckors svarstid.<\/p><p>Godk\u00e4nda organisationer f\u00e5r hyperl\u00e4nka till v\u00e5r webbplats:<\/p><p>anv\u00e4nda v\u00e5rt f\u00f6retagsnamn eller<br \/>med hj\u00e4lp av en enhetlig resurslokalisering som l\u00e4nkar till den eller<br \/>anv\u00e4nda n\u00e5gon annan beskrivning av v\u00e5r webbplats som \u00e4r relevant i sammanhanget och formatet f\u00f6r inneh\u00e5llet p\u00e5 den l\u00e4nkande partens webbplats.<\/p><p>Om det inte finns ett varum\u00e4rkeslicensavtal \u00e4r det inte till\u00e5tet att anv\u00e4nda Vakbits logotyp eller annat inneh\u00e5ll f\u00f6r l\u00e4nken.<\/p><p>iFrame<\/p><p>Du f\u00e5r inte skapa ramar runt v\u00e5r webbplats p\u00e5 n\u00e5got s\u00e4tt som f\u00f6r\u00e4ndrar den visuella presentationen eller utseendet p\u00e5 v\u00e5r webbplats utan v\u00e5rt f\u00f6rhandsgodk\u00e4nnande och skriftliga tillst\u00e5nd.<\/p><p>Ansvar f\u00f6r inneh\u00e5ll<\/p><p>Vi ansvarar inte f\u00f6r n\u00e5got inneh\u00e5ll som visas p\u00e5 din webbplats. Du samtycker till att skydda och f\u00f6rsvara oss mot alla anspr\u00e5k som f\u00f6rekommer p\u00e5 din webbplats. Inga l\u00e4nkar f\u00e5r visas p\u00e5 n\u00e5gon webbplats som kan tolkas som falsk, obscen eller kriminell, eller som g\u00f6r intr\u00e5ng, p\u00e5 annat s\u00e4tt bryter mot eller f\u00f6respr\u00e5kar intr\u00e5ng eller annan \u00f6vertr\u00e4delse av tredje parts r\u00e4ttigheter.<\/p><p>F\u00f6rbeh\u00e5ll f\u00f6r r\u00e4ttigheter<\/p><p>Vi f\u00f6rbeh\u00e5ller oss r\u00e4tten att beg\u00e4ra att du tar bort alla l\u00e4nkar eller n\u00e5gon s\u00e4rskild l\u00e4nk till v\u00e5r webbplats. Du samtycker till att omedelbart ta bort alla l\u00e4nkar till v\u00e5r webbplats p\u00e5 beg\u00e4ran. Vi f\u00f6rbeh\u00e5ller oss ocks\u00e5 r\u00e4tten att n\u00e4r som helst \u00e4ndra dessa villkor och l\u00e4nkpolicyn. Genom att forts\u00e4tta att l\u00e4nka till v\u00e5r webbplats samtycker du till att vara bunden av och f\u00f6lja dessa villkor.<\/p><p>Ta bort l\u00e4nkar fr\u00e5n v\u00e5r webbplats<\/p><p>Om du hittar n\u00e5gon l\u00e4nk p\u00e5 v\u00e5r webbplats som \u00e4r st\u00f6tande av n\u00e5gon anledning \u00e4r du v\u00e4lkommen att kontakta och informera oss n\u00e4r som helst. Vi kommer att \u00f6verv\u00e4ga f\u00f6rfr\u00e5gningar om att ta bort l\u00e4nkar, men vi \u00e4r inte skyldiga att svara dig direkt. Vi garanterar inte att informationen p\u00e5 denna webbplats \u00e4r korrekt, inte heller garanterar vi att den \u00e4r fullst\u00e4ndig eller korrekt; vi lovar inte heller att se till att webbplatsen f\u00f6rblir tillg\u00e4nglig eller att materialet p\u00e5 webbplatsen h\u00e5lls uppdaterat.<\/p><p>Ansvarsfriskrivning<\/p><p>I den utstr\u00e4ckning som till\u00e5ts enligt till\u00e4mplig lag utesluter vi alla utf\u00e4stelser, garantier och villkor som r\u00f6r v\u00e5r webbplats och anv\u00e4ndningen av denna webbplats. Ingenting i denna ansvarsfriskrivning kommer:<\/p><p>De begr\u00e4nsningar och f\u00f6rbud mot ansvar som anges i detta avsnitt och p\u00e5 andra st\u00e4llen i denna ansvarsfriskrivning: (a) g\u00e4ller i f\u00f6reg\u00e5ende stycke; och (b) reglerar alla skyldigheter som uppst\u00e5r enligt ansvarsfriskrivningen, inklusive avtalsenliga skyldigheter som uppst\u00e5r genom avtal, skadest\u00e5nd och brott mot lagstadgad skyldighet.<\/p><p>S\u00e5 l\u00e4nge webbplatsen och informationen och tj\u00e4nsterna p\u00e5 webbplatsen \u00e4r tillg\u00e4ngliga kostnadsfritt, \u00e4r vi inte ansvariga f\u00f6r n\u00e5gon f\u00f6rlust eller skada.<\/p><p>L\u00f6sning av konsumenttvister utanf\u00f6r domstol<\/p><p>I enlighet med lagbest\u00e4mmelser erk\u00e4nner Vakbit inte n\u00e5gon leverant\u00f6r av konsumenttvistl\u00f6sning utanf\u00f6r domstol som beh\u00f6rig att l\u00f6sa konsumenttvister som konsumenter kan initiera i enlighet med lagen om konsumenttvistl\u00f6sning utanf\u00f6r domstol. Som leverant\u00f6r av varor och tj\u00e4nster publicerar bolaget en elektronisk l\u00e4nk till onlineplattformen f\u00f6r l\u00f6sning av konsumenttvister (SRPS) p\u00e5 sin webbplats. Plattformen \u00e4r tillg\u00e4nglig f\u00f6r konsumenter p\u00e5 den elektroniska l\u00e4nken http:\/\/ec.europa.eu\/odr. Detta arrangemang h\u00e4rr\u00f6r fr\u00e5n lagen om reglering av konsumenttvister utanf\u00f6r domstol, Europaparlamentets och r\u00e5dets f\u00f6rordning (EU) nr 524\/2013 om tvistl\u00f6sning online vid konsumenttvister och om \u00e4ndring av f\u00f6rordning (EG) nr 2016\/2004 och direktiv 200.<\/p>\t\t\t\t\t\t\t\t<\/div>\n\t\t\t\t<\/div>\n\t\t\t\t\t<\/div>\n\t\t<\/div>\n\t\t\t\t\t<\/div>\n\t\t<\/section>\n\t\t\t\t<\/div>","protected":false},"excerpt":{"rendered":"<p>General Terms and Conditions These terms describe the rules and regulations for using the Vakbit website, located at https:\/\/vakbit.com\/ and all of its subdomains. By accessing this website, we assume that you accept these terms. If you do not agree with all the terms and conditions stated on this page, do not continue to use [&hellip;]<\/p>","protected":false},"author":1,"featured_media":0,"parent":0,"menu_order":0,"comment_status":"closed","ping_status":"closed","template":"","meta":{"_seopress_robots_primary_cat":"","_seopress_titles_title":"","_seopress_titles_desc":"","_seopress_robots_index":"","ocean_post_layout":"full-screen","ocean_both_sidebars_style":"","ocean_both_sidebars_content_width":0,"ocean_both_sidebars_sidebars_width":0,"ocean_sidebar":"0","ocean_second_sidebar":"0","ocean_disable_margins":"enable","ocean_add_body_class":"","ocean_shortcode_before_top_bar":"","ocean_shortcode_after_top_bar":"","ocean_shortcode_before_header":"","ocean_shortcode_after_header":"","ocean_has_shortcode":"","ocean_shortcode_after_title":"","ocean_shortcode_before_footer_widgets":"","ocean_shortcode_after_footer_widgets":"","ocean_shortcode_before_footer_bottom":"","ocean_shortcode_after_footer_bottom":"","ocean_display_top_bar":"default","ocean_display_header":"default","ocean_header_style":"transparent","ocean_center_header_left_menu":"0","ocean_custom_header_template":"0","ocean_custom_logo":0,"ocean_custom_retina_logo":0,"ocean_custom_logo_max_width":0,"ocean_custom_logo_tablet_max_width":0,"ocean_custom_logo_mobile_max_width":0,"ocean_custom_logo_max_height":0,"ocean_custom_logo_tablet_max_height":0,"ocean_custom_logo_mobile_max_height":0,"ocean_header_custom_menu":"0","ocean_menu_typo_font_family":"0","ocean_menu_typo_font_subset":"","ocean_menu_typo_font_size":0,"ocean_menu_typo_font_size_tablet":0,"ocean_menu_typo_font_size_mobile":0,"ocean_menu_typo_font_size_unit":"px","ocean_menu_typo_font_weight":"","ocean_menu_typo_font_weight_tablet":"","ocean_menu_typo_font_weight_mobile":"","ocean_menu_typo_transform":"","ocean_menu_typo_transform_tablet":"","ocean_menu_typo_transform_mobile":"","ocean_menu_typo_line_height":0,"ocean_menu_typo_line_height_tablet":0,"ocean_menu_typo_line_height_mobile":0,"ocean_menu_typo_line_height_unit":"","ocean_menu_typo_spacing":0,"ocean_menu_typo_spacing_tablet":0,"ocean_menu_typo_spacing_mobile":0,"ocean_menu_typo_spacing_unit":"","ocean_menu_link_color":"","ocean_menu_link_color_hover":"","ocean_menu_link_color_active":"","ocean_menu_link_background":"","ocean_menu_link_hover_background":"","ocean_menu_link_active_background":"","ocean_menu_social_links_bg":"","ocean_menu_social_hover_links_bg":"","ocean_menu_social_links_color":"","ocean_menu_social_hover_links_color":"","ocean_disable_title":"on","ocean_disable_heading":"default","ocean_post_title":"","ocean_post_subheading":"","ocean_post_title_style":"","ocean_post_title_background_color":"","ocean_post_title_background":0,"ocean_post_title_bg_image_position":"","ocean_post_title_bg_image_attachment":"","ocean_post_title_bg_image_repeat":"","ocean_post_title_bg_image_size":"","ocean_post_title_height":0,"ocean_post_title_bg_overlay":0.5,"ocean_post_title_bg_overlay_color":"","ocean_disable_breadcrumbs":"default","ocean_breadcrumbs_color":"","ocean_breadcrumbs_separator_color":"","ocean_breadcrumbs_links_color":"","ocean_breadcrumbs_links_hover_color":"","ocean_display_footer_widgets":"default","ocean_display_footer_bottom":"default","ocean_custom_footer_template":"0","footnotes":""},"class_list":["post-1295","page","type-page","status-publish","hentry","entry"],"_links":{"self":[{"href":"https:\/\/vakbit.com\/sv\/wp-json\/wp\/v2\/pages\/1295","targetHints":{"allow":["GET"]}}],"collection":[{"href":"https:\/\/vakbit.com\/sv\/wp-json\/wp\/v2\/pages"}],"about":[{"href":"https:\/\/vakbit.com\/sv\/wp-json\/wp\/v2\/types\/page"}],"author":[{"embeddable":true,"href":"https:\/\/vakbit.com\/sv\/wp-json\/wp\/v2\/users\/1"}],"replies":[{"embeddable":true,"href":"https:\/\/vakbit.com\/sv\/wp-json\/wp\/v2\/comments?post=1295"}],"version-history":[{"count":10,"href":"https:\/\/vakbit.com\/sv\/wp-json\/wp\/v2\/pages\/1295\/revisions"}],"predecessor-version":[{"id":1532,"href":"https:\/\/vakbit.com\/sv\/wp-json\/wp\/v2\/pages\/1295\/revisions\/1532"}],"wp:attachment":[{"href":"https:\/\/vakbit.com\/sv\/wp-json\/wp\/v2\/media?parent=1295"}],"curies":[{"name":"wp","href":"https:\/\/api.w.org\/{rel}","templated":true}]}}