{"id":1282,"date":"2025-03-27T15:33:00","date_gmt":"2025-03-27T15:33:00","guid":{"rendered":"https:\/\/vakbit.com\/?page_id=1282"},"modified":"2025-12-23T22:00:01","modified_gmt":"2025-12-23T22:00:01","slug":"politika-zasebnosti","status":"publish","type":"page","link":"https:\/\/vakbit.com\/tr\/politika-zasebnosti\/","title":{"rendered":"Politika zasebnosti"},"content":{"rendered":"<div data-elementor-type=\"wp-page\" data-elementor-id=\"1282\" class=\"elementor elementor-1282\" data-elementor-post-type=\"page\">\n\t\t\t\t\t\t<section class=\"elementor-section elementor-top-section elementor-element elementor-element-23cd4f0 elementor-section-boxed elementor-section-height-default elementor-section-height-default\" data-id=\"23cd4f0\" data-element_type=\"section\" id=\"about\" data-settings=\"{&quot;background_background&quot;:&quot;gradient&quot;}\">\n\t\t\t\t\t\t<div class=\"elementor-container elementor-column-gap-default\">\n\t\t\t\t\t<div class=\"elementor-column elementor-col-100 elementor-top-column elementor-element elementor-element-9f48ae0\" data-id=\"9f48ae0\" data-element_type=\"column\">\n\t\t\t<div class=\"elementor-widget-wrap elementor-element-populated\">\n\t\t\t\t\t\t<div class=\"elementor-element elementor-element-6d7bb30 elementor-widget elementor-widget-heading\" data-id=\"6d7bb30\" data-element_type=\"widget\" data-widget_type=\"heading.default\">\n\t\t\t\t<div class=\"elementor-widget-container\">\n\t\t\t\t\t<h2 class=\"elementor-heading-title elementor-size-default\">Gizlilik Politikas\u0131<\/h2>\t\t\t\t<\/div>\n\t\t\t\t<\/div>\n\t\t\t\t<div class=\"elementor-element elementor-element-0c8563b elementor-widget elementor-widget-text-editor\" data-id=\"0c8563b\" data-element_type=\"widget\" data-widget_type=\"text-editor.default\">\n\t\t\t\t<div class=\"elementor-widget-container\">\n\t\t\t\t\t\t\t\t\t<p>NEYE \u0130HT\u0130YACIMIZ VAR<br \/>Gizlilik politikam\u0131z verilerin kullan\u0131m\u0131 ve saklanmas\u0131n\u0131 d\u00fczenler. Gizlilik politikam\u0131z\u0131 Gizlilik Bildirimi sayfas\u0131nda g\u00f6r\u00fcnt\u00fcleyebilirsiniz (a\u015fa\u011f\u0131daki eke bak\u0131n\u0131z). \u015eirket, i\u015fledi\u011fi ki\u015fisel verilerin denetleyicisidir (veri sahibi: siz, al\u0131c\u0131, ziyaret\u00e7i vb.). A\u015fa\u011f\u0131daki ki\u015fisel veri t\u00fcrlerini topluyoruz:<\/p><p>E-posta adresi;<br \/>Ad ve soyad, adres, e-posta adresi ve telefon numaras\u0131;<br \/>Kredi veya banka kart\u0131 bilgileri, PayPal ve di\u011fer \u00f6deme y\u00f6ntemleri gibi \u00f6deme y\u00f6ntemi ayr\u0131nt\u0131lar\u0131;<br \/>Ki\u015fisel verilerin do\u011frulu\u011funu teyit eden ki\u015fisel belgelerin kopyalar\u0131;<br \/>\u00c7erezler;<br \/>Google Analytics, Yandex ve Cloudflare ziyaret takibi;<br \/>Sosyal medya gruplar\u0131ndaki ki\u015fisel profillere ba\u011flant\u0131lar.<br \/>Her bir ki\u015fisel veri t\u00fcr\u00fcn\u00fc ihtiyaca g\u00f6re ve ayr\u0131 ayr\u0131 r\u0131za ile toplamaktay\u0131z.<\/p><p>NEDEN \u0130HT\u0130YACIMIZ VAR<br \/>A\u015fa\u011f\u0131daki hizmetler i\u00e7in ki\u015fisel verilerinize ihtiyac\u0131m\u0131z var:<\/p><p>E-postalar\u0131n\u0131za veya ileti\u015fim formlar\u0131 arac\u0131l\u0131\u011f\u0131yla g\u00f6nderilen mesajlara yan\u0131t vermek i\u00e7in e-posta adresi;<br \/>Teklifler ve e-b\u00fcltenler g\u00f6ndermek i\u00e7in e-posta adresi;<br \/>Rezervasyonlar\u0131, sorular\u0131 kabul etmek ve teklif g\u00f6ndermek veya di\u011fer taleplerinizi yerine getirmekle ba\u011flant\u0131l\u0131 olarak ad ve soyad, adres, e-posta adresi ve telefon numaras\u0131;<br \/>Hediye kartlar\u0131, kuponlar veya teklifimizle ilgili hizmet ve \u00fcr\u00fcnleri sat\u0131n almak i\u00e7in ad ve soyad, adres, e-posta adresi ve telefon numaras\u0131;<br \/>\u00d6deme y\u00f6ntemi ayr\u0131nt\u0131lar\u0131 ve hizmetlerin yerine getirilmesi i\u00e7in ki\u015fisel belgelerin kopyalar\u0131;<br \/>Otomatik pazarlama i\u00e7in e-posta adresi (rezervasyon onay\u0131, kay\u0131tlar i\u00e7in te\u015fekk\u00fcr vb.);<br \/>Web sitelerinin i\u015fleyi\u015fi i\u00e7in \u00e7erezler;<br \/>Bizimle bir ba\u011flant\u0131y\u0131 onaylayan ki\u015fisel profillere sahip sosyal gruplar arac\u0131l\u0131\u011f\u0131yla ileti\u015fim;<br \/>\u00d6nceden izninizi alarak zaman zaman \u00f6d\u00fcll\u00fc oyunlar veya di\u011fer promosyon kampanyalar\u0131 i\u00e7in ad ve soyad, adres, e-posta adresi ve telefon numaras\u0131;<br \/>\u0130\u00e7eri\u011fi iyile\u015ftirmek i\u00e7in kullanaca\u011f\u0131m\u0131z ziyaret izleme ve dahili analizler i\u00e7in Google Analytics veya Yandex Direct ve Cloudflare'den al\u0131nan toplu veriler.<br \/>KI\u0307\u015eI\u0307SEL VERI\u0307LERLE NE YAPIYORUZ<br \/>Veri bar\u0131nd\u0131rma ve depolama, Avrupa Birli\u011fi'nde (Almanya) bulunan https:\/\/easytask.si\/ taraf\u0131ndan sa\u011flanmaktad\u0131r.<\/p><p>Yasalar gerektirmedik\u00e7e hi\u00e7bir \u00fc\u00e7\u00fcnc\u00fc taraf\u0131n verilerinize eri\u015fimi yoktur.<\/p><p>NE KADAR S\u00dcRE SAKLAYACA\u011eIZ<br \/>Web sitemizde, sosyal hizmetlere ve di\u011fer \"payla\u015f\u0131m\" sa\u011flay\u0131c\u0131lar\u0131na ba\u011flant\u0131lar i\u00e7in kal\u0131c\u0131 \u00e7erezlerin yan\u0131 s\u0131ra web sitemizdeki favori i\u00e7eri\u011finize tekrar tekrar eri\u015fmenize yard\u0131mc\u0131 olan \u00e7erezler kullan\u0131yoruz.<\/p><p>HAKLARINIZ NELERDIR<br \/>Hakk\u0131n\u0131zda tuttu\u011fumuz ki\u015fisel verilerin yanl\u0131\u015f veya eksik oldu\u011funu d\u00fc\u015f\u00fcn\u00fcyorsan\u0131z, bu verileri g\u00f6zden ge\u00e7irmeyi, d\u00fczeltmeyi veya silmeyi talep etme se\u00e7ene\u011finiz vard\u0131r. L\u00fctfen (Veri Eri\u015fim Talep Formu) arac\u0131l\u0131\u011f\u0131yla bizimle ileti\u015fime ge\u00e7in. Ki\u015fisel verilerinizi nas\u0131l i\u015fledi\u011fimiz hakk\u0131nda \u015fikayette bulunmak isterseniz, l\u00fctfen \u015firketteki Veri Koruma G\u00f6revlisi veya Veri Koruma \u0130rtibat Ki\u015fisi (DPC) ile ileti\u015fime ge\u00e7in.<\/p><p>DPC'miz daha sonra \u015fikayetinizi inceleyecek ve sonucu size bildirecektir. Ki\u015fisel verilerinizin hala yasalara uygun olarak i\u015flenmedi\u011fini d\u00fc\u015f\u00fcn\u00fcyorsan\u0131z, Bilgi Komiseri ile ileti\u015fime ge\u00e7ebilir ve onlara \u015fikayette bulunabilirsiniz. Gizlilik Bildirimi sayfas\u0131nda bulunan \u00f6zel formu kullanarak gizlilikle ilgili politikalara ve belgelere eri\u015fim talep edebilirsiniz.<\/p><p>\u0130lgili belgeler:<\/p><p>Ki\u015fisel Verilerin Korunmas\u0131 Politikas\u0131<br \/>Ki\u015fisel Veri Saklama Politikas\u0131 (e-posta yoluyla veya \u015fahsen talep \u00fczerine)<br \/>Ki\u015fisel Veri Saklama Plan\u0131 (e-posta ile veya \u015fahsen talep \u00fczerine)<br \/>Gizlilik Bildirimi<br \/>\u015eartlar ve Ko\u015fullar<br \/>Onay Formu<br \/>Onay Geri \u00c7ekme Formu<\/p><p><br \/>Belge s\u00fcr\u00fcm\u00fc: 1.0<\/p>\t\t\t\t\t\t\t\t<\/div>\n\t\t\t\t<\/div>\n\t\t\t\t\t<\/div>\n\t\t<\/div>\n\t\t\t\t\t<\/div>\n\t\t<\/section>\n\t\t\t\t<\/div>","protected":false},"excerpt":{"rendered":"<p>Privacy Policy WHAT WE NEEDOur privacy policy governs the use and storage of data. You can view our privacy policy on the Privacy Notice page (see attachment below). The company is the controller of the personal data it processes (data subject: you, the buyer, visitor, etc.). We collect the following types of personal data: Email [&hellip;]<\/p>","protected":false},"author":1,"featured_media":0,"parent":0,"menu_order":0,"comment_status":"closed","ping_status":"closed","template":"","meta":{"_seopress_robots_primary_cat":"","_seopress_titles_title":"","_seopress_titles_desc":"","_seopress_robots_index":"","ocean_post_layout":"full-screen","ocean_both_sidebars_style":"","ocean_both_sidebars_content_width":0,"ocean_both_sidebars_sidebars_width":0,"ocean_sidebar":"0","ocean_second_sidebar":"0","ocean_disable_margins":"enable","ocean_add_body_class":"","ocean_shortcode_before_top_bar":"","ocean_shortcode_after_top_bar":"","ocean_shortcode_before_header":"","ocean_shortcode_after_header":"","ocean_has_shortcode":"","ocean_shortcode_after_title":"","ocean_shortcode_before_footer_widgets":"","ocean_shortcode_after_footer_widgets":"","ocean_shortcode_before_footer_bottom":"","ocean_shortcode_after_footer_bottom":"","ocean_display_top_bar":"default","ocean_display_header":"default","ocean_header_style":"transparent","ocean_center_header_left_menu":"0","ocean_custom_header_template":"0","ocean_custom_logo":0,"ocean_custom_retina_logo":0,"ocean_custom_logo_max_width":0,"ocean_custom_logo_tablet_max_width":0,"ocean_custom_logo_mobile_max_width":0,"ocean_custom_logo_max_height":0,"ocean_custom_logo_tablet_max_height":0,"ocean_custom_logo_mobile_max_height":0,"ocean_header_custom_menu":"0","ocean_menu_typo_font_family":"0","ocean_menu_typo_font_subset":"","ocean_menu_typo_font_size":0,"ocean_menu_typo_font_size_tablet":0,"ocean_menu_typo_font_size_mobile":0,"ocean_menu_typo_font_size_unit":"px","ocean_menu_typo_font_weight":"","ocean_menu_typo_font_weight_tablet":"","ocean_menu_typo_font_weight_mobile":"","ocean_menu_typo_transform":"","ocean_menu_typo_transform_tablet":"","ocean_menu_typo_transform_mobile":"","ocean_menu_typo_line_height":0,"ocean_menu_typo_line_height_tablet":0,"ocean_menu_typo_line_height_mobile":0,"ocean_menu_typo_line_height_unit":"","ocean_menu_typo_spacing":0,"ocean_menu_typo_spacing_tablet":0,"ocean_menu_typo_spacing_mobile":0,"ocean_menu_typo_spacing_unit":"","ocean_menu_link_color":"","ocean_menu_link_color_hover":"","ocean_menu_link_color_active":"","ocean_menu_link_background":"","ocean_menu_link_hover_background":"","ocean_menu_link_active_background":"","ocean_menu_social_links_bg":"","ocean_menu_social_hover_links_bg":"","ocean_menu_social_links_color":"","ocean_menu_social_hover_links_color":"","ocean_disable_title":"on","ocean_disable_heading":"default","ocean_post_title":"","ocean_post_subheading":"","ocean_post_title_style":"","ocean_post_title_background_color":"","ocean_post_title_background":0,"ocean_post_title_bg_image_position":"","ocean_post_title_bg_image_attachment":"","ocean_post_title_bg_image_repeat":"","ocean_post_title_bg_image_size":"","ocean_post_title_height":0,"ocean_post_title_bg_overlay":0.5,"ocean_post_title_bg_overlay_color":"","ocean_disable_breadcrumbs":"default","ocean_breadcrumbs_color":"","ocean_breadcrumbs_separator_color":"","ocean_breadcrumbs_links_color":"","ocean_breadcrumbs_links_hover_color":"","ocean_display_footer_widgets":"default","ocean_display_footer_bottom":"default","ocean_custom_footer_template":"0","footnotes":""},"class_list":["post-1282","page","type-page","status-publish","hentry","entry"],"_links":{"self":[{"href":"https:\/\/vakbit.com\/tr\/wp-json\/wp\/v2\/pages\/1282","targetHints":{"allow":["GET"]}}],"collection":[{"href":"https:\/\/vakbit.com\/tr\/wp-json\/wp\/v2\/pages"}],"about":[{"href":"https:\/\/vakbit.com\/tr\/wp-json\/wp\/v2\/types\/page"}],"author":[{"embeddable":true,"href":"https:\/\/vakbit.com\/tr\/wp-json\/wp\/v2\/users\/1"}],"replies":[{"embeddable":true,"href":"https:\/\/vakbit.com\/tr\/wp-json\/wp\/v2\/comments?post=1282"}],"version-history":[{"count":7,"href":"https:\/\/vakbit.com\/tr\/wp-json\/wp\/v2\/pages\/1282\/revisions"}],"predecessor-version":[{"id":1525,"href":"https:\/\/vakbit.com\/tr\/wp-json\/wp\/v2\/pages\/1282\/revisions\/1525"}],"wp:attachment":[{"href":"https:\/\/vakbit.com\/tr\/wp-json\/wp\/v2\/media?parent=1282"}],"curies":[{"name":"wp","href":"https:\/\/api.w.org\/{rel}","templated":true}]}}