{"id":1295,"date":"2025-03-27T16:02:25","date_gmt":"2025-03-27T16:02:25","guid":{"rendered":"https:\/\/vakbit.com\/?page_id=1295"},"modified":"2025-12-23T22:08:26","modified_gmt":"2025-12-23T22:08:26","slug":"splosni-pogoji","status":"publish","type":"page","link":"https:\/\/vakbit.com\/tr\/splosni-pogoji\/","title":{"rendered":"Splo\u0161ni pogoji"},"content":{"rendered":"<div data-elementor-type=\"wp-page\" data-elementor-id=\"1295\" class=\"elementor elementor-1295\" data-elementor-post-type=\"page\">\n\t\t\t\t\t\t<section class=\"elementor-section elementor-top-section elementor-element elementor-element-23cd4f0 elementor-section-boxed elementor-section-height-default elementor-section-height-default\" data-id=\"23cd4f0\" data-element_type=\"section\" id=\"about\" data-settings=\"{&quot;background_background&quot;:&quot;gradient&quot;}\">\n\t\t\t\t\t\t<div class=\"elementor-container elementor-column-gap-default\">\n\t\t\t\t\t<div class=\"elementor-column elementor-col-100 elementor-top-column elementor-element elementor-element-9f48ae0\" data-id=\"9f48ae0\" data-element_type=\"column\">\n\t\t\t<div class=\"elementor-widget-wrap elementor-element-populated\">\n\t\t\t\t\t\t<div class=\"elementor-element elementor-element-6d7bb30 elementor-widget elementor-widget-heading\" data-id=\"6d7bb30\" data-element_type=\"widget\" data-widget_type=\"heading.default\">\n\t\t\t\t<div class=\"elementor-widget-container\">\n\t\t\t\t\t<h2 class=\"elementor-heading-title elementor-size-default\">Genel H\u00fck\u00fcm ve Ko\u015fullar<\/h2>\t\t\t\t<\/div>\n\t\t\t\t<\/div>\n\t\t\t\t<div class=\"elementor-element elementor-element-0c8563b elementor-widget elementor-widget-text-editor\" data-id=\"0c8563b\" data-element_type=\"widget\" data-widget_type=\"text-editor.default\">\n\t\t\t\t<div class=\"elementor-widget-container\">\n\t\t\t\t\t\t\t\t\t<p>Bu \u015fartlar, https:\/\/vakbit.com\/ adresinde bulunan Vakbit web sitesinin ve t\u00fcm alt alan adlar\u0131n\u0131n kullan\u0131m\u0131na ili\u015fkin kural ve d\u00fczenlemeleri a\u00e7\u0131klamaktad\u0131r. Bu web sitesine eri\u015ferek, bu \u015fartlar\u0131 kabul etti\u011finizi varsay\u0131yoruz. Bu sayfada belirtilen t\u00fcm h\u00fck\u00fcm ve ko\u015fullar\u0131 kabul etmiyorsan\u0131z, https:\/\/vakbit.com\/ adresini kullanmaya devam etmeyin.<\/p><p>A\u015fa\u011f\u0131daki terminoloji bu H\u00fck\u00fcm ve Ko\u015fullar, Gizlilik Bildirimi ve Feragat Bildirimi ve t\u00fcm S\u00f6zle\u015fmeler i\u00e7in ge\u00e7erlidir: \"Siz\" ve \"Sizin\", bu web sitesinde oturum a\u00e7an ve \u015eirketin H\u00fck\u00fcm ve Ko\u015fullar\u0131na uyan ki\u015fi olan sizi ifade eder. \"\u015eirket,\" \"Kendimiz,\" \"Biz,\" \"Bizim,\" ve \"Bize\" \u015firketimizi ifade eder. \"Taraf\", \"Taraflar\" veya \"Biz\" hem m\u00fc\u015fteriyi hem de kendimizi ifade eder. T\u00fcm terimler, Slovenya'n\u0131n y\u00fcr\u00fcrl\u00fckteki yasalar\u0131na uygun ve tabi olarak belirtilen hizmetlerin sa\u011flanmas\u0131nda m\u00fc\u015fterinin ihtiya\u00e7lar\u0131n\u0131 kar\u015f\u0131lamak amac\u0131yla m\u00fc\u015fteriye en uygun \u015fekilde yard\u0131m s\u00fcrecimizi \u00fcstlenmek i\u00e7in gerekli \u00f6demenin teklifini, kabul\u00fcn\u00fc ve de\u011ferlendirilmesini ifade eder. Yukar\u0131daki terminolojinin veya di\u011fer kelimelerin tekil, \u00e7o\u011ful, b\u00fcy\u00fck harf ve\/veya he\/he olarak kullan\u0131m\u0131 birbirinin yerine kullan\u0131labilir olarak kabul edilir ve bu nedenle ayn\u0131 anlama gelir.<\/p><p>\u00c7erezler<\/p><p>Web sitesi \u00e7erez kullanmaktad\u0131r. https:\/\/vakbit.com adresine eri\u015ferek, Vakbit'in politikas\u0131na ve web sitesindeki gizlilik politikas\u0131na uygun olarak \u00e7erezlerin kullan\u0131lmas\u0131n\u0131 kabul etmi\u015f olursunuz. \u00c7o\u011fu interaktif web sitesi, her ziyarette kullan\u0131c\u0131 bilgilerini toplamak i\u00e7in \u00e7erezleri kullan\u0131r. Belirli alanlar\u0131n i\u015flevselli\u011fini sa\u011flamak ve ziyaret\u00e7ilerin web sitemizi kullanmas\u0131n\u0131 kolayla\u015ft\u0131rmak i\u00e7in web sitemizde \u00e7erezler kullan\u0131yoruz. Baz\u0131 ba\u011fl\u0131 kurulu\u015flar\u0131m\u0131z\/reklam ortaklar\u0131m\u0131z da \u00fc\u00e7\u00fcnc\u00fc taraf \u00e7erezleri kullanabilir.<\/p><p>Lisans<\/p><p>Aksi belirtilmedik\u00e7e, Vakbit ve\/veya web sitesi lisans verenleri, https:\/\/vakbit.com\/ adresindeki t\u00fcm materyallerin fikri m\u00fclkiyet haklar\u0131n\u0131n sahibidir. T\u00fcm fikri m\u00fclkiyet haklar\u0131 sakl\u0131d\u0131r. Bu h\u00fck\u00fcm ve ko\u015fullarda belirtilen k\u0131s\u0131tlamalara tabi olarak, kendi ki\u015fisel kullan\u0131m\u0131n\u0131z i\u00e7in https:\/\/vakbit.com\/ adresinden eri\u015febilirsiniz.<\/p><p>Olmayabilir:<\/p><p>https:\/\/vakbit.com\/brez adresindeki materyalleri izinsiz yay\u0131nlamak.<br \/>https:\/\/vakbit.com\/brez adresindeki materyalleri izinsiz olarak satmak, kiralamak veya alt lisans\u0131n\u0131 vermek.<br \/>https:\/\/vakbit.com\/brez adresindeki materyalleri izinsiz olarak \u00e7o\u011faltmak, kopyalamak veya kopyalamak.<br \/>https:\/\/vakbit.com\/brez adresindeki i\u00e7eri\u011fi izinsiz olarak yeniden da\u011f\u0131tmak.<\/p><p>Bu anla\u015fma, bu anla\u015fman\u0131n tarihinde veya web sitemize hemen ula\u015f\u0131ld\u0131\u011f\u0131nda y\u00fcr\u00fcrl\u00fc\u011fe girecektir.<\/p><p>Bu web sitesinin baz\u0131 b\u00f6l\u00fcmleri, kullan\u0131c\u0131lara web sitesinin belirli alanlar\u0131nda g\u00f6r\u00fc\u015f ve bilgi yay\u0131nlama ve payla\u015fma f\u0131rsat\u0131 sunmaktad\u0131r. Vakbit, web sitesinde yer almadan \u00f6nce yorumlar\u0131 filtrelemez, d\u00fczenlemez, yay\u0131nlamaz veya g\u00f6zden ge\u00e7irmez. Yorumlar Vakbit'in, temsilcilerinin ve\/veya i\u015ftiraklerinin g\u00f6r\u00fc\u015f ve d\u00fc\u015f\u00fcncelerini yans\u0131tmaz. Yorumlar, g\u00f6r\u00fc\u015flerini g\u00f6nderen ki\u015finin g\u00f6r\u00fc\u015f ve d\u00fc\u015f\u00fcncelerini yans\u0131t\u0131r. Y\u00fcr\u00fcrl\u00fckteki yasalar\u0131n izin verdi\u011fi \u00f6l\u00e7\u00fcde, Vakbit, yorumlardan veya yorumlar\u0131n bu web sitesinde herhangi bir \u015fekilde kullan\u0131lmas\u0131 ve\/veya yay\u0131nlanmas\u0131 ve\/veya g\u00f6r\u00fcnmesi sonucunda ortaya \u00e7\u0131kan ve\/veya maruz kal\u0131nan herhangi bir y\u00fck\u00fcml\u00fcl\u00fck, zarar veya masraftan sorumlu de\u011fildir.<\/p><p>Vakbit, t\u00fcm yorumlar\u0131 izleme ve uygunsuz, sald\u0131rgan veya bu h\u00fck\u00fcm ve ko\u015fullar\u0131 ihlal etti\u011fi d\u00fc\u015f\u00fcn\u00fclen yorumlar\u0131 kald\u0131rma hakk\u0131n\u0131 sakl\u0131 tutar.<\/p><p>\u015eunlar\u0131 garanti ve beyan edersiniz:<\/p><p>web sitemize yorum g\u00f6nderme hakk\u0131na sahipsiniz ve bunu yapmak i\u00e7in gerekli izinlere ve onaylara sahipsiniz;<br \/>yorumlar, \u00fc\u00e7\u00fcnc\u00fc taraflarin teli\u0307f hakki, patent veya ti\u0307cari\u0307 marka kisitlamalari dahi\u0307l olmak \u00fczere hi\u0307\u00e7bi\u0307r fi\u0307kri\u0307 m\u00fclki\u0307yet hakkini i\u0307hlal etmemektedi\u0307r;<br \/>yorumlar, \u00f6zel hayatin gi\u0307zli\u0307li\u0307\u011fi\u0307ni\u0307 i\u0307hlal eden herhangi\u0307 bi\u0307r karalayici, i\u0307fti\u0307ra atici, saldirgan, uygunsuz veya ba\u015fka bi\u0307r \u015feki\u0307lde yasa di\u015fi materyal i\u0307\u00e7ermemektedi\u0307r;<br \/>yorumlar, sati\u015f i\u0307stemek veya te\u015fvi\u0307k etmek ya da ti\u0307cari\u0307 veya yasa di\u015fi faali\u0307yetler sunmak i\u0307\u00e7i\u0307n kullanilmayacaktir.<\/p><p>Bir yorum g\u00f6ndererek, Vakbit'e yorumlar\u0131n\u0131z\u0131 herhangi bir bi\u00e7imde, ortamda veya formatta kullanmak, \u00e7o\u011faltmak, de\u011fi\u015ftirmek ve ba\u015fkalar\u0131na kullanma, \u00e7o\u011faltma ve de\u011fi\u015ftirme yetkisi vermek i\u00e7in m\u00fcnhas\u0131r olmayan bir lisans vermi\u015f olursunuz.<\/p><p>\u00a0<\/p><p><br \/>\u0130\u00e7eri\u011fimize k\u00f6pr\u00fcler<\/p><p>A\u015fa\u011f\u0131daki kurulu\u015flar \u00f6nceden yaz\u0131l\u0131 izin almaks\u0131z\u0131n web sitemize ba\u011flant\u0131 verebilirler:<\/p><p>devlet kurumlar\u0131;<br \/>arama motorlar\u0131;<br \/>Haberler;<br \/>halka a\u00e7\u0131k di\u011fer \u015firketlerin web sitelerine k\u00f6pr\u00fc olu\u015fturduklar\u0131 \u015fekilde web sitemize ba\u011flant\u0131 verebilecek \u00e7evrimi\u00e7i dizin da\u011f\u0131t\u0131c\u0131lar\u0131; ve<br \/>kar amac\u0131 g\u00fctmeyen kurulu\u015flar, hay\u0131r ama\u00e7l\u0131 al\u0131\u015fveri\u015f merkezleri ve hay\u0131r ama\u00e7l\u0131 ba\u011f\u0131\u015f toplama gruplar\u0131 hari\u00e7 olmak \u00fczere, sistem genelinde akredite edilmi\u015f i\u015fletmeler web sitemize k\u00f6pr\u00fc olu\u015fturamaz.<\/p><p>Bu kurulu\u015flar, ba\u011flant\u0131 verildi\u011fi s\u00fcrece ana sayfam\u0131za, yay\u0131nlar\u0131m\u0131za veya di\u011fer web sitesi bilgilerimize ba\u011flant\u0131 verebilirler: (a) herhangi bir \u015fekilde yan\u0131lt\u0131c\u0131 olmad\u0131\u011f\u0131; (b) ba\u011flant\u0131 veren taraf\u0131n ve \u00fcr\u00fcnlerinin ve\/veya hizmetlerinin sponsorlu\u011funu, onay\u0131n\u0131 veya onay\u0131n\u0131 yanl\u0131\u015f bir \u015fekilde ima etmedi\u011fi; ve (c) ba\u011flant\u0131 veren taraf\u0131n sitesinin ba\u011flam\u0131na uydu\u011fu s\u00fcrece.<\/p><p>A\u015fa\u011f\u0131daki kurulu\u015f t\u00fcrlerinden gelen di\u011fer ba\u011flant\u0131 taleplerini de\u011ferlendirebilir ve onaylayabiliriz:<\/p><p>genel olarak bilinen t\u00fcketici ve\/veya ticari bilgi kaynaklar\u0131;<br \/>dot.com topluluklar\u0131<br \/>dernekler veya hay\u0131r kurumlar\u0131n\u0131 temsil eden di\u011fer gruplar;<br \/>\u00e7evrimi\u00e7i dizin da\u011f\u0131t\u0131c\u0131lar\u0131;<br \/>internet portallar\u0131;<br \/>muhasebe, hukuk ve dan\u0131\u015fmanl\u0131k firmalar\u0131; ve<br \/>e\u011fitim kurumlar\u0131 ve ticaret birlikleri.<\/p><p>Bu kurulu\u015flardan gelen ba\u011flant\u0131 taleplerini a\u015fa\u011f\u0131daki hususlar\u0131 tespit etmemiz halinde onaylar\u0131z: (a) ba\u011flant\u0131n\u0131n kendimizi veya akredite i\u015fletmelerimizi olumsuz g\u00f6stermeyece\u011fi; (b) kurulu\u015fun bizimle herhangi bir olumsuz kayd\u0131 olmad\u0131\u011f\u0131; (c) k\u00f6pr\u00fcn\u00fcn g\u00f6r\u00fcn\u00fcrl\u00fc\u011f\u00fcn\u00fcn bize sa\u011flayaca\u011f\u0131 faydan\u0131n Vakbit'in yoklu\u011funu telafi edece\u011fi ve (d) ba\u011flant\u0131n\u0131n genel kaynak bilgileri ba\u011flam\u0131nda oldu\u011fu.<\/p><p>Bu kurulu\u015flar, ba\u011flant\u0131 verildi\u011fi s\u00fcrece ana sayfam\u0131za ba\u011flant\u0131 verebilirler: (a) herhangi bir \u015fekilde yan\u0131lt\u0131c\u0131 olmad\u0131\u011f\u0131; (b) ba\u011flant\u0131 veren taraf\u0131n ve \u00fcr\u00fcnlerinin veya hizmetlerinin sponsorlu\u011funu, onay\u0131n\u0131 veya onay\u0131n\u0131 yanl\u0131\u015f bir \u015fekilde ima etmedi\u011fi; ve (c) ba\u011flant\u0131 veren taraf\u0131n sitesinin ba\u011flam\u0131na uydu\u011fu s\u00fcrece. Yukar\u0131da listelenen kurulu\u015flardan biriyseniz ve web sitemize ba\u011flant\u0131 vermekle ilgileniyorsan\u0131z, Vakbit'e bir e-posta g\u00f6ndererek bizi bilgilendirmelisiniz.<\/p><p>L\u00fctfen ad\u0131n\u0131z\u0131, kurulu\u015funuzun ad\u0131n\u0131, ileti\u015fim bilgilerinizi ve web sitenizin URL'sini, web sitemize ba\u011flant\u0131 vermeyi d\u00fc\u015f\u00fcnd\u00fc\u011f\u00fcn\u00fcz t\u00fcm URL'lerin bir listesini ve web sitemizde ba\u011flant\u0131 vermek istedi\u011finiz URL'lerin bir listesini ekleyin. Yan\u0131t i\u00e7in l\u00fctfen 2-3 hafta bekleyin.<\/p><p>Onaylanm\u0131\u015f kurulu\u015flar web sitemize k\u00f6pr\u00fc ba\u011flant\u0131 verebilir:<\/p><p>\u015firketimizin ad\u0131n\u0131 kullanarak veya<br \/>kendisine ba\u011flant\u0131 veren tek tip bir kaynak bulucu kullanarak veya<br \/>ba\u011flant\u0131 veren taraf\u0131n web sitesindeki i\u00e7eri\u011fin ba\u011flam\u0131 ve bi\u00e7imiyle ilgili olan web sitemizin ba\u015fka herhangi bir tan\u0131m\u0131n\u0131 kullanmak.<\/p><p>Ticari marka lisans anla\u015fmas\u0131 olmad\u0131\u011f\u0131 s\u00fcrece, link i\u00e7in Vakbit logosunun veya di\u011fer i\u00e7eriklerin kullan\u0131m\u0131na izin verilmeyecektir.<\/p><p>iFrame<\/p><p>\u00d6nceden onay\u0131m\u0131z ve yaz\u0131l\u0131 iznimiz olmadan web sitemizin g\u00f6rsel sunumunu veya g\u00f6r\u00fcn\u00fcm\u00fcn\u00fc de\u011fi\u015ftirecek \u015fekilde web sitemizin etraf\u0131nda \u00e7er\u00e7eve olu\u015fturamazs\u0131n\u0131z.<\/p><p>\u0130\u00e7erik Sorumlulu\u011fu<\/p><p>Web sitenizde g\u00f6r\u00fcnen hi\u00e7bir i\u00e7erikten sorumlu de\u011filiz. Web sitenizde g\u00f6r\u00fcnen t\u00fcm iddialara kar\u015f\u0131 bizi korumay\u0131 ve savunmay\u0131 kabul edersiniz. Herhangi bir web sitesinde yanl\u0131\u015f, m\u00fcstehcen veya su\u00e7 olarak yorumlanabilecek veya herhangi bir \u00fc\u00e7\u00fcnc\u00fc taraf\u0131n haklar\u0131n\u0131 ihlal eden, ba\u015fka \u015fekilde ihlal eden veya ihlal edilmesini veya ba\u015fka \u015fekilde ihlal edilmesini savunan hi\u00e7bir ba\u011flant\u0131 g\u00f6r\u00fcnemez.<\/p><p>Haklar\u0131n Sakl\u0131 Tutulmas\u0131<\/p><p>Web sitemize olan t\u00fcm ba\u011flant\u0131lar\u0131 veya belirli bir ba\u011flant\u0131y\u0131 kald\u0131rman\u0131z\u0131 talep etme hakk\u0131m\u0131z\u0131 sakl\u0131 tutar\u0131z. Talep \u00fczerine web sitemize olan t\u00fcm ba\u011flant\u0131lar\u0131 derhal kald\u0131rmay\u0131 kabul edersiniz. Ayr\u0131ca, bu h\u00fck\u00fcm ve ko\u015fullar\u0131 ve ba\u011flant\u0131 politikas\u0131n\u0131 istedi\u011fimiz zaman de\u011fi\u015ftirme hakk\u0131m\u0131z\u0131 sakl\u0131 tutar\u0131z. Web sitemize ba\u011flant\u0131 vermeye devam ederek, bu h\u00fck\u00fcm ve ko\u015fullara ba\u011fl\u0131 kalmay\u0131 ve bunlara uymay\u0131 kabul etmi\u015f olursunuz.<\/p><p>Web sitemizden ba\u011flant\u0131lar\u0131 kald\u0131rma<\/p><p>Web sitemizde herhangi bir nedenle rahats\u0131z edici bir ba\u011flant\u0131 bulursan\u0131z, istedi\u011finiz zaman bizimle ileti\u015fime ge\u00e7mekte ve bizi bilgilendirmekte \u00f6zg\u00fcrs\u00fcn\u00fcz. Ba\u011flant\u0131lar\u0131 kald\u0131rma taleplerini de\u011ferlendirece\u011fiz ancak size do\u011frudan yan\u0131t vermek zorunda de\u011filiz. Bu web sitesindeki bilgilerin do\u011fru oldu\u011funu, eksiksizli\u011fini veya do\u011frulu\u011funu garanti etmiyoruz; web sitesinin kullan\u0131labilir kalmas\u0131n\u0131 veya web sitesindeki materyalin g\u00fcncel tutulmas\u0131n\u0131 sa\u011flamay\u0131 taahh\u00fct etmiyoruz.<\/p><p>Sorumluluk Reddi<\/p><p>Y\u00fcr\u00fcrl\u00fckteki yasalar\u0131n izin verdi\u011fi en geni\u015f \u00f6l\u00e7\u00fcde, web sitemiz ve bu web sitesinin kullan\u0131m\u0131 ile ilgili t\u00fcm beyanlar\u0131, garantileri ve ko\u015fullar\u0131 hari\u00e7 tutuyoruz. Bu feragatnamedeki hi\u00e7bir \u015fey:<\/p><p>Bu b\u00f6l\u00fcmde ve bu feragatnamenin ba\u015fka bir yerinde belirtilen sorumluluk s\u0131n\u0131rlamalar\u0131 ve yasaklar\u0131: (a) bir \u00f6nceki paragrafta ge\u00e7erlidir; ve (b) s\u00f6zle\u015fme, haks\u0131z fiil ve yasal g\u00f6rev ihlalinden kaynaklanan s\u00f6zle\u015fmeye ba\u011fl\u0131 y\u00fck\u00fcml\u00fcl\u00fckler de dahil olmak \u00fczere feragatname kapsam\u0131nda ortaya \u00e7\u0131kan t\u00fcm y\u00fck\u00fcml\u00fcl\u00fckleri y\u00f6netir.<\/p><p>Web sitesi ve web sitesindeki bilgi ve hizmetler \u00fccretsiz olarak sunuldu\u011fu s\u00fcrece, herhangi bir kay\u0131p veya hasardan sorumlu olmayaca\u011f\u0131z.<\/p><p>T\u00fcketici uyu\u015fmazl\u0131klar\u0131n\u0131n mahkeme d\u0131\u015f\u0131 \u00e7\u00f6z\u00fcm\u00fc<\/p><p>Yasal d\u00fczenlemeler uyar\u0131nca Vakbit, t\u00fcketicilerin Mahkeme D\u0131\u015f\u0131 T\u00fcketici Uyu\u015fmazl\u0131klar\u0131 \u00c7\u00f6z\u00fcm Kanunu uyar\u0131nca ba\u015flatabilecekleri t\u00fcketici uyu\u015fmazl\u0131klar\u0131n\u0131 \u00e7\u00f6zmek i\u00e7in herhangi bir mahkeme d\u0131\u015f\u0131 t\u00fcketici uyu\u015fmazl\u0131\u011f\u0131 \u00e7\u00f6z\u00fcm sa\u011flay\u0131c\u0131s\u0131n\u0131 yetkili olarak tan\u0131mamaktad\u0131r. Bir mal ve hizmet sa\u011flay\u0131c\u0131s\u0131 olarak \u015firket, web sitesinde \u00e7evrimi\u00e7i t\u00fcketici uyu\u015fmazl\u0131k \u00e7\u00f6z\u00fcm platformuna (SRPS) elektronik bir ba\u011flant\u0131 yay\u0131nlamaktad\u0131r. Bu d\u00fczenleme, T\u00fcketici Uyu\u015fmazl\u0131klar\u0131n\u0131n Mahkeme D\u0131\u015f\u0131 \u00c7\u00f6z\u00fcm\u00fcne ili\u015fkin Kanun, t\u00fcketici uyu\u015fmazl\u0131klar\u0131n\u0131n \u00e7evrimi\u00e7i \u00e7\u00f6z\u00fcm\u00fcne ili\u015fkin ve 2016\/2004 say\u0131l\u0131 T\u00fcz\u00fc\u011f\u00fc (EC) ve 200 say\u0131l\u0131 Direktifi tadil eden 524\/2013 say\u0131l\u0131 Avrupa Parlamentosu ve Konsey T\u00fcz\u00fc\u011f\u00fcnden (EU) kaynaklanmaktad\u0131r.<\/p>\t\t\t\t\t\t\t\t<\/div>\n\t\t\t\t<\/div>\n\t\t\t\t\t<\/div>\n\t\t<\/div>\n\t\t\t\t\t<\/div>\n\t\t<\/section>\n\t\t\t\t<\/div>","protected":false},"excerpt":{"rendered":"<p>General Terms and Conditions These terms describe the rules and regulations for using the Vakbit website, located at https:\/\/vakbit.com\/ and all of its subdomains. By accessing this website, we assume that you accept these terms. If you do not agree with all the terms and conditions stated on this page, do not continue to use [&hellip;]<\/p>","protected":false},"author":1,"featured_media":0,"parent":0,"menu_order":0,"comment_status":"closed","ping_status":"closed","template":"","meta":{"_seopress_robots_primary_cat":"","_seopress_titles_title":"","_seopress_titles_desc":"","_seopress_robots_index":"","ocean_post_layout":"full-screen","ocean_both_sidebars_style":"","ocean_both_sidebars_content_width":0,"ocean_both_sidebars_sidebars_width":0,"ocean_sidebar":"0","ocean_second_sidebar":"0","ocean_disable_margins":"enable","ocean_add_body_class":"","ocean_shortcode_before_top_bar":"","ocean_shortcode_after_top_bar":"","ocean_shortcode_before_header":"","ocean_shortcode_after_header":"","ocean_has_shortcode":"","ocean_shortcode_after_title":"","ocean_shortcode_before_footer_widgets":"","ocean_shortcode_after_footer_widgets":"","ocean_shortcode_before_footer_bottom":"","ocean_shortcode_after_footer_bottom":"","ocean_display_top_bar":"default","ocean_display_header":"default","ocean_header_style":"transparent","ocean_center_header_left_menu":"0","ocean_custom_header_template":"0","ocean_custom_logo":0,"ocean_custom_retina_logo":0,"ocean_custom_logo_max_width":0,"ocean_custom_logo_tablet_max_width":0,"ocean_custom_logo_mobile_max_width":0,"ocean_custom_logo_max_height":0,"ocean_custom_logo_tablet_max_height":0,"ocean_custom_logo_mobile_max_height":0,"ocean_header_custom_menu":"0","ocean_menu_typo_font_family":"0","ocean_menu_typo_font_subset":"","ocean_menu_typo_font_size":0,"ocean_menu_typo_font_size_tablet":0,"ocean_menu_typo_font_size_mobile":0,"ocean_menu_typo_font_size_unit":"px","ocean_menu_typo_font_weight":"","ocean_menu_typo_font_weight_tablet":"","ocean_menu_typo_font_weight_mobile":"","ocean_menu_typo_transform":"","ocean_menu_typo_transform_tablet":"","ocean_menu_typo_transform_mobile":"","ocean_menu_typo_line_height":0,"ocean_menu_typo_line_height_tablet":0,"ocean_menu_typo_line_height_mobile":0,"ocean_menu_typo_line_height_unit":"","ocean_menu_typo_spacing":0,"ocean_menu_typo_spacing_tablet":0,"ocean_menu_typo_spacing_mobile":0,"ocean_menu_typo_spacing_unit":"","ocean_menu_link_color":"","ocean_menu_link_color_hover":"","ocean_menu_link_color_active":"","ocean_menu_link_background":"","ocean_menu_link_hover_background":"","ocean_menu_link_active_background":"","ocean_menu_social_links_bg":"","ocean_menu_social_hover_links_bg":"","ocean_menu_social_links_color":"","ocean_menu_social_hover_links_color":"","ocean_disable_title":"on","ocean_disable_heading":"default","ocean_post_title":"","ocean_post_subheading":"","ocean_post_title_style":"","ocean_post_title_background_color":"","ocean_post_title_background":0,"ocean_post_title_bg_image_position":"","ocean_post_title_bg_image_attachment":"","ocean_post_title_bg_image_repeat":"","ocean_post_title_bg_image_size":"","ocean_post_title_height":0,"ocean_post_title_bg_overlay":0.5,"ocean_post_title_bg_overlay_color":"","ocean_disable_breadcrumbs":"default","ocean_breadcrumbs_color":"","ocean_breadcrumbs_separator_color":"","ocean_breadcrumbs_links_color":"","ocean_breadcrumbs_links_hover_color":"","ocean_display_footer_widgets":"default","ocean_display_footer_bottom":"default","ocean_custom_footer_template":"0","footnotes":""},"class_list":["post-1295","page","type-page","status-publish","hentry","entry"],"_links":{"self":[{"href":"https:\/\/vakbit.com\/tr\/wp-json\/wp\/v2\/pages\/1295","targetHints":{"allow":["GET"]}}],"collection":[{"href":"https:\/\/vakbit.com\/tr\/wp-json\/wp\/v2\/pages"}],"about":[{"href":"https:\/\/vakbit.com\/tr\/wp-json\/wp\/v2\/types\/page"}],"author":[{"embeddable":true,"href":"https:\/\/vakbit.com\/tr\/wp-json\/wp\/v2\/users\/1"}],"replies":[{"embeddable":true,"href":"https:\/\/vakbit.com\/tr\/wp-json\/wp\/v2\/comments?post=1295"}],"version-history":[{"count":10,"href":"https:\/\/vakbit.com\/tr\/wp-json\/wp\/v2\/pages\/1295\/revisions"}],"predecessor-version":[{"id":1532,"href":"https:\/\/vakbit.com\/tr\/wp-json\/wp\/v2\/pages\/1295\/revisions\/1532"}],"wp:attachment":[{"href":"https:\/\/vakbit.com\/tr\/wp-json\/wp\/v2\/media?parent=1295"}],"curies":[{"name":"wp","href":"https:\/\/api.w.org\/{rel}","templated":true}]}}